{"id":2741,"date":"2024-04-09T10:01:36","date_gmt":"2024-04-09T13:01:36","guid":{"rendered":"https:\/\/portal.uern.br\/propeg\/?page_id=2741"},"modified":"2024-10-14T08:22:00","modified_gmt":"2024-10-14T11:22:00","slug":"periodicos-em-construcao","status":"publish","type":"page","link":"https:\/\/portal.uern.br\/propeg\/periodicos-em-construcao\/","title":{"rendered":"Peri\u00f3dicos"},"content":{"rendered":"<p><a href=\"https:\/\/portal.uern.br\/propeg\/wp-content\/uploads\/2024\/09\/Resolucao-no-18-2024-CONSEPE-Dispoe-sobre-o-Portal-Periodicos-da-Uern-revoga-a-Resolucao-n\u00b0.-22-2017-Consepe-e-da-outras-providencias-1.pdf\">RESOLU\u00c7\u00c3O N\u00ba 18\/2024 &#8211; CONSEPE<\/a> &#8211; Disp\u00f5e sobre o Portal Peri\u00f3dicos da Universidade do Estado do Rio Grande do Norte, revoga a Resolu\u00e7\u00e3o n. 22\/2017 &#8211; Consepe, e d\u00e1 outras provid\u00eancias<\/p>\n","protected":false},"excerpt":{"rendered":"<p>RESOLU\u00c7\u00c3O N\u00ba 18\/2024 &#8211; CONSEPE &#8211; Disp\u00f5e sobre o Portal Peri\u00f3dicos da Universidade do Estado do Rio Grande do Norte, revoga a Resolu\u00e7\u00e3o n. 22\/2017 &#8211; Consepe, e d\u00e1 outras provid\u00eancias<\/p>\n","protected":false},"author":2,"featured_media":0,"parent":0,"menu_order":0,"comment_status":"closed","ping_status":"closed","template":"","meta":{"footnotes":""},"class_list":["post-2741","page","type-page","status-publish","hentry"],"_links":{"self":[{"href":"https:\/\/portal.uern.br\/propeg\/wp-json\/wp\/v2\/pages\/2741","targetHints":{"allow":["GET"]}}],"collection":[{"href":"https:\/\/portal.uern.br\/propeg\/wp-json\/wp\/v2\/pages"}],"about":[{"href":"https:\/\/portal.uern.br\/propeg\/wp-json\/wp\/v2\/types\/page"}],"author":[{"embeddable":true,"href":"https:\/\/portal.uern.br\/propeg\/wp-json\/wp\/v2\/users\/2"}],"replies":[{"embeddable":true,"href":"https:\/\/portal.uern.br\/propeg\/wp-json\/wp\/v2\/comments?post=2741"}],"version-history":[{"count":7,"href":"https:\/\/portal.uern.br\/propeg\/wp-json\/wp\/v2\/pages\/2741\/revisions"}],"predecessor-version":[{"id":3477,"href":"https:\/\/portal.uern.br\/propeg\/wp-json\/wp\/v2\/pages\/2741\/revisions\/3477"}],"wp:attachment":[{"href":"https:\/\/portal.uern.br\/propeg\/wp-json\/wp\/v2\/media?parent=2741"}],"curies":[{"name":"wp","href":"https:\/\/api.w.org\/{rel}","templated":true}]}}