{"id":2739,"date":"2024-04-09T10:01:10","date_gmt":"2024-04-09T13:01:10","guid":{"rendered":"https:\/\/portal.uern.br\/propeg\/?page_id=2739"},"modified":"2024-10-10T12:53:09","modified_gmt":"2024-10-10T15:53:09","slug":"laboratorios-de-pesquisa-em-construcao","status":"publish","type":"page","link":"https:\/\/portal.uern.br\/propeg\/laboratorios-de-pesquisa-em-construcao\/","title":{"rendered":"Laborat\u00f3rios de Pesquisa"},"content":{"rendered":"<p><a href=\"https:\/\/portal.uern.br\/propeg\/wp-content\/uploads\/2024\/10\/Resolucao-no-19-2024-CONSEPE-Regulamenta-funcionamento-laboratorios-pesquisa-e-centros-de-pesq.pdf\">RESOLU\u00c7\u00c3O N\u00ba 19\/2024 &#8211; CONSEPE <\/a>&#8211; Regulamenta a institucionaliza\u00e7\u00e3o, organiza\u00e7\u00e3o e funcionamento de laborat\u00f3rios de pesquisa e centros de pesquisa da Universidade do Estado do Rio Grande do Norte, revoga a Resolu\u00e7\u00e3o 18\/2017-Consepe e d\u00e1 outras provid\u00eancias.<\/p>\n<p><a href=\"https:\/\/portal.uern.br\/propeg\/wp-content\/uploads\/2024\/09\/SEI_29247989_Instrucao_Normativa_10.pdf\">INSTRU\u00c7\u00c3O NORMATIVA-SEI N\u00ba 10<\/a> &#8211; Disp\u00f5e sobre orienta\u00e7\u00f5es e procedimentos para a institucionaliza\u00e7\u00e3o dos laborat\u00f3rios e centros de pesquisa da Universidade do Estado do Rio Grande do Norte (Uern).<\/p>\n","protected":false},"excerpt":{"rendered":"<p>RESOLU\u00c7\u00c3O N\u00ba 19\/2024 &#8211; CONSEPE &#8211; Regulamenta a institucionaliza\u00e7\u00e3o, organiza\u00e7\u00e3o e funcionamento de laborat\u00f3rios de pesquisa e centros de pesquisa da Universidade do Estado do Rio Grande do Norte, revoga a Resolu\u00e7\u00e3o 18\/2017-Consepe e d\u00e1 outras provid\u00eancias. INSTRU\u00c7\u00c3O NORMATIVA-SEI N\u00ba 10 &#8211; Disp\u00f5e sobre orienta\u00e7\u00f5es e procedimentos para a institucionaliza\u00e7\u00e3o dos laborat\u00f3rios e centros de [&hellip;]<\/p>\n","protected":false},"author":2,"featured_media":0,"parent":0,"menu_order":0,"comment_status":"closed","ping_status":"closed","template":"","meta":{"footnotes":""},"class_list":["post-2739","page","type-page","status-publish","hentry"],"_links":{"self":[{"href":"https:\/\/portal.uern.br\/propeg\/wp-json\/wp\/v2\/pages\/2739","targetHints":{"allow":["GET"]}}],"collection":[{"href":"https:\/\/portal.uern.br\/propeg\/wp-json\/wp\/v2\/pages"}],"about":[{"href":"https:\/\/portal.uern.br\/propeg\/wp-json\/wp\/v2\/types\/page"}],"author":[{"embeddable":true,"href":"https:\/\/portal.uern.br\/propeg\/wp-json\/wp\/v2\/users\/2"}],"replies":[{"embeddable":true,"href":"https:\/\/portal.uern.br\/propeg\/wp-json\/wp\/v2\/comments?post=2739"}],"version-history":[{"count":8,"href":"https:\/\/portal.uern.br\/propeg\/wp-json\/wp\/v2\/pages\/2739\/revisions"}],"predecessor-version":[{"id":3469,"href":"https:\/\/portal.uern.br\/propeg\/wp-json\/wp\/v2\/pages\/2739\/revisions\/3469"}],"wp:attachment":[{"href":"https:\/\/portal.uern.br\/propeg\/wp-json\/wp\/v2\/media?parent=2739"}],"curies":[{"name":"wp","href":"https:\/\/api.w.org\/{rel}","templated":true}]}}