{"id":2735,"date":"2024-04-09T10:00:07","date_gmt":"2024-04-09T13:00:07","guid":{"rendered":"https:\/\/portal.uern.br\/propeg\/?page_id=2735"},"modified":"2024-10-14T08:23:23","modified_gmt":"2024-10-14T11:23:23","slug":"fluxo-continuo-em-construcao","status":"publish","type":"page","link":"https:\/\/portal.uern.br\/propeg\/fluxo-continuo-em-construcao\/","title":{"rendered":"Fluxo Cont\u00ednuo &#8211; Legisla\u00e7\u00e3o"},"content":{"rendered":"<p><a href=\"https:\/\/portal.uern.br\/propeg\/wp-content\/uploads\/2023\/05\/Edital-N.-23.2022.pdf\">EDITAL N\u00ba 023\/2022 &#8211; CIPI\/PROPEG\/UERN<\/a> &#8211; Institucionaliza\u00e7\u00e3o de projetos de pesquisa em fluxo cont\u00ednuo.<\/p>\n","protected":false},"excerpt":{"rendered":"<p>EDITAL N\u00ba 023\/2022 &#8211; CIPI\/PROPEG\/UERN &#8211; Institucionaliza\u00e7\u00e3o de projetos de pesquisa em fluxo cont\u00ednuo.<\/p>\n","protected":false},"author":2,"featured_media":0,"parent":0,"menu_order":0,"comment_status":"closed","ping_status":"closed","template":"","meta":{"footnotes":""},"class_list":["post-2735","page","type-page","status-publish","hentry"],"_links":{"self":[{"href":"https:\/\/portal.uern.br\/propeg\/wp-json\/wp\/v2\/pages\/2735","targetHints":{"allow":["GET"]}}],"collection":[{"href":"https:\/\/portal.uern.br\/propeg\/wp-json\/wp\/v2\/pages"}],"about":[{"href":"https:\/\/portal.uern.br\/propeg\/wp-json\/wp\/v2\/types\/page"}],"author":[{"embeddable":true,"href":"https:\/\/portal.uern.br\/propeg\/wp-json\/wp\/v2\/users\/2"}],"replies":[{"embeddable":true,"href":"https:\/\/portal.uern.br\/propeg\/wp-json\/wp\/v2\/comments?post=2735"}],"version-history":[{"count":4,"href":"https:\/\/portal.uern.br\/propeg\/wp-json\/wp\/v2\/pages\/2735\/revisions"}],"predecessor-version":[{"id":3478,"href":"https:\/\/portal.uern.br\/propeg\/wp-json\/wp\/v2\/pages\/2735\/revisions\/3478"}],"wp:attachment":[{"href":"https:\/\/portal.uern.br\/propeg\/wp-json\/wp\/v2\/media?parent=2735"}],"curies":[{"name":"wp","href":"https:\/\/api.w.org\/{rel}","templated":true}]}}