{"id":2733,"date":"2024-04-09T09:59:40","date_gmt":"2024-04-09T12:59:40","guid":{"rendered":"https:\/\/portal.uern.br\/propeg\/?page_id=2733"},"modified":"2024-04-19T14:41:31","modified_gmt":"2024-04-19T17:41:31","slug":"iniciacao-cientifica-em-construcao","status":"publish","type":"page","link":"https:\/\/portal.uern.br\/propeg\/iniciacao-cientifica-em-construcao\/","title":{"rendered":"Inicia\u00e7\u00e3o Cient\u00edfica"},"content":{"rendered":"<p><a href=\"https:\/\/portal.uern.br\/propeg\/wp-content\/uploads\/2024\/04\/15950066resolua\u00a7ao_45_2016_consepe_aprova_o_regulamento.pdf\">RESOLU\u00c7\u00c3O N\u00ba 45\/2016 &#8211; CONSEPE<\/a> &#8211; Aprova o regulamento que disp\u00f5e sobre os crit\u00e9rios referentes ao Programa Institucional de Bolsas de Inicia\u00e7\u00e3o Cient\u00edfica \u2013 PIBIC, no \u00e2mbito da Universidade do Estado do Rio Grande do Norte.<\/p>\n<p><a href=\"https:\/\/portal.uern.br\/propeg\/wp-content\/uploads\/2024\/04\/5105resolucao_n0_2021_036___consepe___aprova_criacao_do_programa_institucional_de_iniciacao_cientifica_tecnologica_e_artistica_cultural_no_ambito_da_uern-1.pdf\">RESOLU\u00c7\u00c3O N.\u00ba 036\/2021 &#8211; CONSEPE<\/a> &#8211; Aprova a cria\u00e7\u00e3o do Programa Institucional de Inicia\u00e7\u00e3o Cient\u00edfica, Tecnol\u00f3gica e Art\u00edstica-cultural, no \u00e2mbito da Universidade do Estado do Rio Grande do Norte.<\/p>\n<p><a href=\"https:\/\/portal.uern.br\/propeg\/wp-content\/uploads\/2024\/04\/5105resolucao_n_2022_88___consepe___cria_e_regulamenta_pibiti_ambito_do_prog_institucional_de_iniciacao_cientifica_tecnologica_arta_stica_cultural_uern-2.pdf\">RESOLU\u00c7\u00c3O N.\u00ba 88\/2022- CONSEPE<\/a> &#8211; Cria e regulamenta o Programa Institucional de Bolsas de Inicia\u00e7\u00e3o em Desenvolvimento Tecnol\u00f3gico e Inova\u00e7\u00e3o (PIBITI ) no \u00e2mbito do Programa Institucional de Inicia\u00e7\u00e3o Cient\u00edfica, Tecnol\u00f3gica e Art\u00edstico-Cultural da Universidade do Estado do Rio Grande do Norte.<\/p>\n<p><a href=\"https:\/\/portal.uern.br\/propeg\/wp-content\/uploads\/2024\/04\/Resolucao-No-02-2024-CONSEPE-Altera-a-Resolucao-n\u00b0-36-2021-\u2013-Consepe-acrescentando-o-PIBITI-e-PIBIC-Af-Uern-de-Bolsas-de-Iniciacao-Cientifica-e-Tecnologica-1.pdf\">RESOLU\u00c7\u00c3O N.\u00ba 02\/2024 &#8211; CONSEPE<\/a> &#8211; Altera a Resolu\u00e7\u00e3o n\u00b0 36\/2021 &#8211; Consepe, para acrescentar as modalidades Pibiti Uern e Pibic-Af Uern de Bolsas de Inicia\u00e7\u00e3o Cient\u00edfica e Tecnol\u00f3gica.<\/p>\n<p>&nbsp;<\/p>\n","protected":false},"excerpt":{"rendered":"<p>RESOLU\u00c7\u00c3O N\u00ba 45\/2016 &#8211; CONSEPE &#8211; Aprova o regulamento que disp\u00f5e sobre os crit\u00e9rios referentes ao Programa Institucional de Bolsas de Inicia\u00e7\u00e3o Cient\u00edfica \u2013 PIBIC, no \u00e2mbito da Universidade do Estado do Rio Grande do Norte. RESOLU\u00c7\u00c3O N.\u00ba 036\/2021 &#8211; CONSEPE &#8211; Aprova a cria\u00e7\u00e3o do Programa Institucional de Inicia\u00e7\u00e3o Cient\u00edfica, Tecnol\u00f3gica e Art\u00edstica-cultural, no [&hellip;]<\/p>\n","protected":false},"author":2,"featured_media":0,"parent":0,"menu_order":0,"comment_status":"closed","ping_status":"closed","template":"","meta":{"footnotes":""},"class_list":["post-2733","page","type-page","status-publish","hentry"],"_links":{"self":[{"href":"https:\/\/portal.uern.br\/propeg\/wp-json\/wp\/v2\/pages\/2733","targetHints":{"allow":["GET"]}}],"collection":[{"href":"https:\/\/portal.uern.br\/propeg\/wp-json\/wp\/v2\/pages"}],"about":[{"href":"https:\/\/portal.uern.br\/propeg\/wp-json\/wp\/v2\/types\/page"}],"author":[{"embeddable":true,"href":"https:\/\/portal.uern.br\/propeg\/wp-json\/wp\/v2\/users\/2"}],"replies":[{"embeddable":true,"href":"https:\/\/portal.uern.br\/propeg\/wp-json\/wp\/v2\/comments?post=2733"}],"version-history":[{"count":10,"href":"https:\/\/portal.uern.br\/propeg\/wp-json\/wp\/v2\/pages\/2733\/revisions"}],"predecessor-version":[{"id":2918,"href":"https:\/\/portal.uern.br\/propeg\/wp-json\/wp\/v2\/pages\/2733\/revisions\/2918"}],"wp:attachment":[{"href":"https:\/\/portal.uern.br\/propeg\/wp-json\/wp\/v2\/media?parent=2733"}],"curies":[{"name":"wp","href":"https:\/\/api.w.org\/{rel}","templated":true}]}}