{"id":2488,"date":"2023-11-27T11:24:12","date_gmt":"2023-11-27T14:24:12","guid":{"rendered":"https:\/\/portal.uern.br\/propeg\/?page_id=2488"},"modified":"2024-04-19T11:30:25","modified_gmt":"2024-04-19T14:30:25","slug":"pibic-programa-institucional-de-iniciacao-cientifica-tecnologica-e-artistica-cultural-da-uern","status":"publish","type":"page","link":"https:\/\/portal.uern.br\/propeg\/pibic-programa-institucional-de-iniciacao-cientifica-tecnologica-e-artistica-cultural-da-uern\/","title":{"rendered":"Informa\u00e7\u00f5es gerais e FAQ"},"content":{"rendered":"<h2><strong>PIBIC &#8211; UERN<\/strong><\/h2>\n<p style=\"text-align: left\">O Programa Institucional de Inicia\u00e7\u00e3o Cient\u00edfica, Tecnol\u00f3gica e Art\u00edstica-cultural da UERN se caracteriza como um programa que sistematiza o seu acesso e o gerenciamento dos processos no que concerne \u00e0 sele\u00e7\u00e3o, acompanhamento e avalia\u00e7\u00e3o dos projetos de pesquisa de inicia\u00e7\u00e3o cient\u00edfica, tecnol\u00f3gica e art\u00edstica-cultural, al\u00e9m dos coordenadores, discentes e demais envolvidos no \u00e2mbito da UERN.<\/p>\n<p><strong>OBJETIVOS<\/strong><\/p>\n<p>I. Desenvolver o interesse e a aptid\u00e3o nos discentes da gradua\u00e7\u00e3o da UERN que demonstram potencial para a inicia\u00e7\u00e3o \u00e0 investiga\u00e7\u00e3o cient\u00edfica;<br \/>\nII. Promover a intera\u00e7\u00e3o dos discentes do ensino m\u00e9dio com a pesquisa da UERN;<br \/>\nIII. Estimular o trabalho em equipe envolvendo docentes e discentes;<br \/>\nIV. Proporcionar ao discente a aprendizagem de m\u00e9todos e t\u00e9cnicas da pesquisa cient\u00edfica e tecnol\u00f3gica;<br \/>\nV. Estimular o desenvolvimento do pensamento cient\u00edfico, cr\u00edtico e pol\u00edtico;<br \/>\nVI. Consolidar a pesquisa acad\u00eamica para o desenvolvimento da UERN e do Estado;<br \/>\nVII. Fortalecer na Institui\u00e7\u00e3o as pol\u00edticas de pesquisa;<br \/>\nVIII. Estimular os docentes da UERN a engajarem os discentes da gradua\u00e7\u00e3o na inicia\u00e7\u00e3o cient\u00edfica e tecnol\u00f3gica, a fim de qualific\u00e1-los para a p\u00f3s-gradua\u00e7\u00e3o;<br \/>\nIX. Despertar o interesse dos discentes do ensino m\u00e9dio pela pesquisa, visando a motiv\u00e1-los ao ingresso \u00e0 gradua\u00e7\u00e3o.<\/p>\n<p><strong>BOLSAS<\/strong><\/p>\n<p>Na atual edi\u00e7\u00e3o 2023\/2024, o programa disponibiliza as seguintes bolsas:<\/p>\n<ul>\n<li>PIBIC CNPq: 83 &#8211; R$ 700,00<\/li>\n<li>PIBIC CNPq-AF: 30 &#8211; R$ 700,00<\/li>\n<li>PIBITI CNPq: 10 &#8211; R$ 700,00<\/li>\n<li>PIBIC UERN: 100 &#8211; R$ 700,00<\/li>\n<li>PIBITI UERN: 10 &#8211; R$ 700,00<\/li>\n<li>PIBIC-EM CNPq: 61 &#8211; R$ 300,00<\/li>\n<\/ul>\n<p>&nbsp;<\/p>\n<p><strong>FAQ<\/strong><\/p>\n<p dir=\"ltr\"><span class=\"tamanho_fonte\"><em><strong>Enquanto discente, o que tenho que fazer para participar de um Projeto de Inicia\u00e7\u00e3o Cient\u00edfica?<\/strong><\/em><\/span><\/p>\n<ul>\n<li dir=\"ltr\"><span class=\"tamanho_fonte\">Entrar em contato com um docente-orientador, para \u00a0desenvolver um plano de trabalho elaborado por este pesquisador, com t\u00edtulo de mestre ou doutor.<\/span><\/li>\n<\/ul>\n<p>&nbsp;<\/p>\n<p><em><strong>Sou bolsista e gostaria de saber como fazer para alterar meus dados banc\u00e1rios no sistema.<\/strong><\/em><\/p>\n<ul>\n<li>Se for bolsista UERN, enviar um e-mail para a pibic@uern.br com c\u00f3pia de documento que comprove os dados banc\u00e1rios solicitando a altera\u00e7\u00e3o. Se a bolsa for CNPq, o pr\u00f3prio bolsista altera na Plataforma Carlos Chagas acessando:<em><a href=\"https:\/\/wwws.cnpq.br\/sigef_imp\/owa\/servicosssl.entrada?opcao=altdadbco\">https:\/\/wwws.cnpq.br\/sigef_imp\/owa\/servicosssl.entrada?opcao=altdadbco<\/a>.<\/em><\/li>\n<\/ul>\n<p>&nbsp;<\/p>\n<p><em><strong>Quem \u00e9 bolsista PIBIC pode acumular mais algum tipo de bolsa?<\/strong><\/em><\/p>\n<ul>\n<li>Conforme os Editais PIBIC e PIBITI, o aluno bolsista n\u00e3o pode ter v\u00ednculo empregat\u00edcio, ser empres\u00e1rio, microempreendedor individual \u2013 MEI, integrar quadro societ\u00e1rio de pessoa jur\u00eddica com fins lucrativos, nem ser benefici\u00e1rio de qualquer outra <strong>bolsa ou aux\u00edlio<\/strong>, independentemente da fonte de custeio, e deve dedicar-se \u00e0s atividades acad\u00eamicas e de pesquisa.<\/li>\n<\/ul>\n<p>&nbsp;<\/p>\n<p><em><b>Qual a diferen\u00e7a entre PIBIC e PIBITI?<\/b><\/em><\/p>\n<ul>\n<li>A din\u00e2mica e procedimentos do PIBIC e do PIBITI s\u00e3o id\u00eanticos. A diferen\u00e7a est\u00e1 no conte\u00fado do projeto de pesquisa. Enquanto o PIBIC busca gerar conhecimento novo a partir de descobertas, no PIBITI se utiliza desse conhecimento pr\u00e9vio de pesquisa para desenvolver, criar ou inventar um processo, produto ou servi\u00e7o visando o mercado<b>.<\/b><\/li>\n<\/ul>\n<p>&nbsp;<\/p>\n<p><em><b>Qual o per\u00edodo de vig\u00eancia da bolsa?\u00a0<\/b><\/em><\/p>\n<ul>\n<li>As bolsas s\u00e3o concedidas pelo per\u00edodo de 12 meses. O in\u00edcio da vig\u00eancia \u00e9 01 de setembro e o t\u00e9rmino 31 de agosto\u00a0 do ano seguinte.<\/li>\n<\/ul>\n<p>&nbsp;<\/p>\n<p><em><b>Em uma nova edi\u00e7\u00e3o \u00e9 necess\u00e1rio cadastrar novamente um bolsista\/volunt\u00e1rio que j\u00e1 participou da edi\u00e7\u00e3o anterior?<\/b><\/em><br \/>\n<b><\/b><\/p>\n<ul>\n<li>Sim. A cada nova edi\u00e7\u00e3o o orientador dever\u00e1 submeter novo projeto, cadastrar seus bolsistas e\/ou volunt\u00e1rios e passar por todos os tr\u00e2mites do processo seletivo, e enviar a documenta\u00e7\u00e3o exigida para cadastrar os bolsistas\/volunt\u00e1rios.<\/li>\n<\/ul>\n<p>&nbsp;<\/p>\n<p><em><b>N\u00e3o recebi minha bolsa, o que fazer?<\/b><\/em><br \/>\n<b><\/b><\/p>\n<ul>\n<li>Primeiramente verificar com o orientador se o cadastro do respectivo bolsista foi realizado no prazo. Caso positivo, verificar se os dados banc\u00e1rios est\u00e3o corretos ou se a conta corrente est\u00e1 ativa. Geralmente as bolsas CNPq s\u00e3o pagas at\u00e9 o quinto dia \u00fatil do m\u00eas subsequente, e as bolsas UERN s\u00e3o pagas de acordo com o calend\u00e1rio de pagamento dos servidores da Institui\u00e7\u00e3o.<\/li>\n<\/ul>\n","protected":false},"excerpt":{"rendered":"<p>PIBIC &#8211; UERN O Programa Institucional de Inicia\u00e7\u00e3o Cient\u00edfica, Tecnol\u00f3gica e Art\u00edstica-cultural da UERN se caracteriza como um programa que sistematiza o seu acesso e o gerenciamento dos processos no que concerne \u00e0 sele\u00e7\u00e3o, acompanhamento e avalia\u00e7\u00e3o dos projetos de pesquisa de inicia\u00e7\u00e3o cient\u00edfica, tecnol\u00f3gica e art\u00edstica-cultural, al\u00e9m dos coordenadores, discentes e demais envolvidos no [&hellip;]<\/p>\n","protected":false},"author":12,"featured_media":0,"parent":0,"menu_order":0,"comment_status":"closed","ping_status":"closed","template":"","meta":{"footnotes":""},"class_list":["post-2488","page","type-page","status-publish","hentry"],"_links":{"self":[{"href":"https:\/\/portal.uern.br\/propeg\/wp-json\/wp\/v2\/pages\/2488","targetHints":{"allow":["GET"]}}],"collection":[{"href":"https:\/\/portal.uern.br\/propeg\/wp-json\/wp\/v2\/pages"}],"about":[{"href":"https:\/\/portal.uern.br\/propeg\/wp-json\/wp\/v2\/types\/page"}],"author":[{"embeddable":true,"href":"https:\/\/portal.uern.br\/propeg\/wp-json\/wp\/v2\/users\/12"}],"replies":[{"embeddable":true,"href":"https:\/\/portal.uern.br\/propeg\/wp-json\/wp\/v2\/comments?post=2488"}],"version-history":[{"count":12,"href":"https:\/\/portal.uern.br\/propeg\/wp-json\/wp\/v2\/pages\/2488\/revisions"}],"predecessor-version":[{"id":2838,"href":"https:\/\/portal.uern.br\/propeg\/wp-json\/wp\/v2\/pages\/2488\/revisions\/2838"}],"wp:attachment":[{"href":"https:\/\/portal.uern.br\/propeg\/wp-json\/wp\/v2\/media?parent=2488"}],"curies":[{"name":"wp","href":"https:\/\/api.w.org\/{rel}","templated":true}]}}