{"id":2399,"date":"2023-10-04T11:17:51","date_gmt":"2023-10-04T14:17:51","guid":{"rendered":"https:\/\/portal.uern.br\/propeg\/?page_id=2399"},"modified":"2025-04-25T12:14:00","modified_gmt":"2025-04-25T15:14:00","slug":"credenciamento-de-novos-periodicos-2","status":"publish","type":"page","link":"https:\/\/portal.uern.br\/propeg\/credenciamento-de-novos-periodicos-2\/","title":{"rendered":"Como institucionalizar um peri\u00f3dico cient\u00edfico"},"content":{"rendered":"<p>Para criar e institucionalizar (inclus\u00e3o no Portal de Peri\u00f3dicos da UERN)\u00a0 um novo peri\u00f3dico, o projeto editorial deve atender na \u00edntegra a <a href=\"https:\/\/portal.uern.br\/propeg\/wp-content\/uploads\/2024\/09\/Resolucao-no-18-2024-CONSEPE-Dispoe-sobre-o-Portal-Periodicos-da-Uern-revoga-a-Resolucao-n%C2%B0.-22-2017-Consepe-e-da-outras-providencias-1.pdf\">RESOLU\u00c7\u00c3O N.\u00ba 18\/2024 &#8211; CONSEPE<\/a> .<\/p>\n<p><a href=\"https:\/\/portal.uern.br\/propeg\/wp-content\/uploads\/2025\/03\/Projeto-Editorial-de-revista-Formulario-2025.docx\">Projeto Editorial de revista &#8211; Formul\u00e1rio 2025<\/a><\/p>\n<p>Em caso de d\u00favidas, entrar em contato atrav\u00e9s do e-mail: dap@uern.br ou periodicosuern@uern.br<\/p>\n","protected":false},"excerpt":{"rendered":"<p>Para criar e institucionalizar (inclus\u00e3o no Portal de Peri\u00f3dicos da UERN)\u00a0 um novo peri\u00f3dico, o projeto editorial deve atender na \u00edntegra a RESOLU\u00c7\u00c3O N.\u00ba 18\/2024 &#8211; CONSEPE . Projeto Editorial de revista &#8211; Formul\u00e1rio 2025 Em caso de d\u00favidas, entrar em contato atrav\u00e9s do e-mail: dap@uern.br ou periodicosuern@uern.br<\/p>\n","protected":false},"author":2,"featured_media":0,"parent":0,"menu_order":0,"comment_status":"closed","ping_status":"closed","template":"","meta":{"footnotes":""},"class_list":["post-2399","page","type-page","status-publish","hentry"],"_links":{"self":[{"href":"https:\/\/portal.uern.br\/propeg\/wp-json\/wp\/v2\/pages\/2399","targetHints":{"allow":["GET"]}}],"collection":[{"href":"https:\/\/portal.uern.br\/propeg\/wp-json\/wp\/v2\/pages"}],"about":[{"href":"https:\/\/portal.uern.br\/propeg\/wp-json\/wp\/v2\/types\/page"}],"author":[{"embeddable":true,"href":"https:\/\/portal.uern.br\/propeg\/wp-json\/wp\/v2\/users\/2"}],"replies":[{"embeddable":true,"href":"https:\/\/portal.uern.br\/propeg\/wp-json\/wp\/v2\/comments?post=2399"}],"version-history":[{"count":18,"href":"https:\/\/portal.uern.br\/propeg\/wp-json\/wp\/v2\/pages\/2399\/revisions"}],"predecessor-version":[{"id":3865,"href":"https:\/\/portal.uern.br\/propeg\/wp-json\/wp\/v2\/pages\/2399\/revisions\/3865"}],"wp:attachment":[{"href":"https:\/\/portal.uern.br\/propeg\/wp-json\/wp\/v2\/media?parent=2399"}],"curies":[{"name":"wp","href":"https:\/\/api.w.org\/{rel}","templated":true}]}}