{"id":2384,"date":"2023-10-04T10:45:50","date_gmt":"2023-10-04T13:45:50","guid":{"rendered":"https:\/\/portal.uern.br\/propeg\/?page_id=2384"},"modified":"2024-05-29T10:12:06","modified_gmt":"2024-05-29T13:12:06","slug":"enalab","status":"publish","type":"page","link":"https:\/\/portal.uern.br\/propeg\/enalab\/","title":{"rendered":"ENALAB"},"content":{"rendered":"<p><strong>Encontro Anual dos Laborat\u00f3rios da UERN &#8211; ENALAB &#8211; 2023<\/strong><\/p>\n<p><strong>CERTIFICADOS<\/strong><br \/>\n<a href=\"https:\/\/drive.google.com\/drive\/folders\/16IPVBjSYS8BAMSlHLBPz7jYkoLmu-a8V?usp=drive_link\">Oficina 1<\/a><br \/>\n<a href=\"https:\/\/drive.google.com\/drive\/folders\/1oWAal1HuQvshyma7Ukrc7aj_zLTypF1e?usp=drive_link\">Oficina 2<\/a><\/p>\n<p><strong>Encontro Anual dos Laborat\u00f3rios da UERN &#8211; ENALAB &#8211; 2024<\/strong><\/p>\n<p><strong>CERTIFICADOS<\/strong><br \/>\n<a href=\"https:\/\/drive.google.com\/drive\/folders\/1xz3-Dmc_W55by-AXyzSn9fdX6Xo8aJ0S?usp=sharing\">Palestra<\/a> &#8211; Capta\u00e7\u00e3o de recursos para estrutura\u00e7\u00e3o de laborat\u00f3rios de pesquisa (Prof. Dr. Lucindo Jos\u00e9 Quitans J\u00fanior)<br \/>\n<a href=\"https:\/\/drive.google.com\/drive\/folders\/1bS2jxDmqW5EP2mOBGm2DtV46NV-zNKcc?usp=sharing\">Palestra<\/a> &#8211; Desvendando o potencial das pesquisas: Programa de mentoria em patentes (Prof. Dr. H\u00e9lio Santa Rosa)<br \/>\n<a href=\"https:\/\/drive.google.com\/drive\/folders\/1dUUCU0HZ_lwHY7ogmJpZyZ8p0xphegkH?usp=sharing\">Palestra<\/a> &#8211; Como estruturar projetos para capta\u00e7\u00e3o de recursos em Ci\u00eancias Humanas e Sociais (Prof\u00aa Dr\u00ba Zoraide Pessoa)<br \/>\n<a href=\"https:\/\/drive.google.com\/drive\/folders\/16kGagj0w10A87hzmf8iBZqT-3aeC1dqt?usp=sharing\">Palestra<\/a> &#8211; Instituto Brasileiro de Informa\u00e7\u00e3o em Ci\u00eancia e Tecnologia &#8211; IBICT: Recursos e Oportunidades (Prof. Dr. Thiago Emmanuel Braga)<\/p>\n<p>&nbsp;<\/p>\n<p>&nbsp;<\/p>\n<p>&nbsp;<\/p>\n","protected":false},"excerpt":{"rendered":"<p>Encontro Anual dos Laborat\u00f3rios da UERN &#8211; ENALAB &#8211; 2023 CERTIFICADOS Oficina 1 Oficina 2 Encontro Anual dos Laborat\u00f3rios da UERN &#8211; ENALAB &#8211; 2024 CERTIFICADOS Palestra &#8211; Capta\u00e7\u00e3o de recursos para estrutura\u00e7\u00e3o de laborat\u00f3rios de pesquisa (Prof. Dr. Lucindo Jos\u00e9 Quitans J\u00fanior) Palestra &#8211; Desvendando o potencial das pesquisas: Programa de mentoria em patentes [&hellip;]<\/p>\n","protected":false},"author":2,"featured_media":0,"parent":0,"menu_order":0,"comment_status":"closed","ping_status":"closed","template":"","meta":{"footnotes":""},"class_list":["post-2384","page","type-page","status-publish","hentry"],"_links":{"self":[{"href":"https:\/\/portal.uern.br\/propeg\/wp-json\/wp\/v2\/pages\/2384","targetHints":{"allow":["GET"]}}],"collection":[{"href":"https:\/\/portal.uern.br\/propeg\/wp-json\/wp\/v2\/pages"}],"about":[{"href":"https:\/\/portal.uern.br\/propeg\/wp-json\/wp\/v2\/types\/page"}],"author":[{"embeddable":true,"href":"https:\/\/portal.uern.br\/propeg\/wp-json\/wp\/v2\/users\/2"}],"replies":[{"embeddable":true,"href":"https:\/\/portal.uern.br\/propeg\/wp-json\/wp\/v2\/comments?post=2384"}],"version-history":[{"count":9,"href":"https:\/\/portal.uern.br\/propeg\/wp-json\/wp\/v2\/pages\/2384\/revisions"}],"predecessor-version":[{"id":3098,"href":"https:\/\/portal.uern.br\/propeg\/wp-json\/wp\/v2\/pages\/2384\/revisions\/3098"}],"wp:attachment":[{"href":"https:\/\/portal.uern.br\/propeg\/wp-json\/wp\/v2\/media?parent=2384"}],"curies":[{"name":"wp","href":"https:\/\/api.w.org\/{rel}","templated":true}]}}