{"id":1446,"date":"2023-03-31T10:05:30","date_gmt":"2023-03-31T13:05:30","guid":{"rendered":"https:\/\/portal.uern.br\/propeg\/?page_id=1446"},"modified":"2025-12-19T09:23:32","modified_gmt":"2025-12-19T12:23:32","slug":"comissao-de-etica-em-experimental-animal","status":"publish","type":"page","link":"https:\/\/portal.uern.br\/propeg\/comissao-de-etica-em-experimental-animal\/","title":{"rendered":"Comiss\u00e3o de \u00c9tica em Experimental Animal"},"content":{"rendered":"<p><strong>Comiss\u00e3o de \u00c9tica em Experimental Animal (CEEA)<\/strong><\/p>\n<p>\u00c9 um colegiado interdisciplinar e independente com m\u00fanus p\u00fablico, de car\u00e1ter consultivo, deliberativo e educativo, criado para defender o bem estar animal, com o intuito de atender as necessidades f\u00edsicas, mentais, comportamentais e sanit\u00e1rias durante o desenvolvimento de aulas de gradua\u00e7\u00e3o e p\u00f3s-gradua\u00e7\u00e3o e em projetos de pesquisa que utilizem animais.<\/p>\n<ul>\n<li><a href=\"https:\/\/portal.uern.br\/wp-content\/uploads\/2022\/10\/0066resolua%C2%A7ao_50_2010_consepe_aprova_o_regimento_da_comissao_de_a%E2%80%B0tica_em_experimentaa%C2%A7ao_animal_da_uern.pdf\">Resolu\u00e7\u00e3o N\u00ba 50\/2010-CONSEPE<\/a>\u00a0\u2013\u00a0Aprova o Regimento da Comiss\u00e3o de \u00c9tica em Experimenta\u00e7\u00e3o Animal da UERN<\/li>\n<li><a href=\"https:\/\/portal.uern.br\/wp-content\/uploads\/2022\/10\/0066resolucao_n0_2014_11___consepe___aprova_a_vinculacao_institucional_da_comissao_de_etica_em_experimentacao_animal_da_uern_a_propeg.pdf\">Resolu\u00e7\u00e3o N\u00ba 11\/2014<\/a>\u00a0\u2013\u00a0Aprova a vincula\u00e7\u00e3o institucional da Comiss\u00e3o de \u00c9tica em Experimenta\u00e7\u00e3o Animal da UERN \u00e0 PROPEG<\/li>\n<\/ul>\n<p><strong>Orienta\u00e7\u00e3o para Submiss\u00e3o de Projetos de Pesquisa \u00e0 Comiss\u00e3o de \u00c9tica em Experimenta\u00e7\u00e3o Animal \u2013 CEEA\u00a0<\/strong><\/p>\n<p><strong>Para Submiss\u00e3o de Projetos de Pesquisa ao CEEA, o Pesquisador Dever\u00e1:<\/strong><\/p>\n<ul>\n<li>Enviar para o e-mail do CEEA ( ceua@uern.br ) o formul\u00e1rio e o projeto de pesquisa, ambos devidamente assinados;<\/li>\n<\/ul>\n<p>&nbsp;<\/p>\n<p><strong>Orienta\u00e7\u00e3o para responder as pend\u00eancias <\/strong><\/p>\n<p class=\"western\" align=\"justify\"><span style=\"color: #1d1d1b\"><span style=\"font-family: Times New Roman, serif\"><span style=\"font-size: large\">O pesquisador respons\u00e1vel dever\u00e1 postar uma\u00a0Carta Resposta \u00e0s pend\u00eancias, apontando a pend\u00eancia e a resposta, conforme modelo. <\/span><\/span><\/span><span style=\"color: #1d1d1b\"><span style=\"font-family: Times New Roman, serif\"><span style=\"font-size: large\">S<\/span><\/span><\/span><span style=\"color: #1d1d1b\"><span style=\"font-family: Times New Roman, serif\"><span style=\"font-size: large\">e alguma pend\u00eancia resultar em altera\u00e7\u00e3o nos documentos postados, ex. Projeto completo ou em outros documentos, os esclarecimentos que responder\u00e3o as pend\u00eancias devem estar destacadas no texto\u00a0<\/span><\/span><\/span><span style=\"color: #1d1d1b\"><span style=\"font-family: Times New Roman, serif\"><span style=\"font-size: large\"><b>(realce no texto)<\/b><\/span><\/span><\/span><span style=\"color: #1d1d1b\"><span style=\"font-family: Times New Roman, serif\"><span style=\"font-size: large\">\u00a0do referido documento\u00a0<\/span><\/span><\/span><span style=\"color: #1d1d1b\"><span style=\"font-family: Times New Roman, serif\"><span style=\"font-size: large\"><b>em amarelo<\/b><\/span><\/span><\/span><span style=\"color: #1d1d1b\"><span style=\"font-family: Times New Roman, serif\"><span style=\"font-size: large\">, para facilitar a corre\u00e7\u00e3o dos relatores, sendo necess\u00e1ria a inclus\u00e3o de um novo arquivo eletr\u00f4nico contendo o documento alterado, o qual dever\u00e1 ser nomeado seguido da palavra \u201calterado\u201d. Ex.: projeto de pesquisa \u2013 alterado.<\/span><\/span><\/span><\/p>\n<p><strong>Formul\u00e1rios\u00a0<\/strong><\/p>\n<p><strong>Os formul\u00e1rios para submiss\u00e3o de propostas de aula, projetos de pesquisa foram atualizados e dever\u00e3o serem utilizados a partir do m\u00eas de junho 2021.<\/strong><\/p>\n<p><strong>O Relat\u00f3rio final \u00e9 item obrigat\u00f3rio ap\u00f3s a finaliza\u00e7\u00e3o da atividade de aula, pesquisa ou treinamento. O n\u00e3o envio acarretar\u00e1 em\u00a0 pend\u00eancia com est\u00e1 Comiss\u00e3o, n\u00e3o sendo poss\u00edvel a avalia\u00e7\u00e3o dos pr\u00f3ximos projetos enviados pelo pesquisador que estiver com a pend\u00eancia de envio de relat\u00f3rio a esta Comiss\u00e3o.<\/strong><\/p>\n<p><strong>Demais orienta\u00e7\u00f5es de preenchimento, s\u00e3o encontrados nos pr\u00f3prios formul\u00e1rios<\/strong><\/p>\n<ul>\n<li><a href=\"https:\/\/portal.uern.br\/propeg\/wp-content\/uploads\/2023\/05\/Formulario_uso_animais_ensino2.odt\">Formul\u00e1rio para aula com utiliza\u00e7\u00e3o de animais<\/a><\/li>\n<li><a href=\"https:\/\/portal.uern.br\/propeg\/wp-content\/uploads\/2023\/05\/Formulario_uso_animais_pesquisa2.odt\">Formul\u00e1rio para pesquisa utilizando animais<\/a><\/li>\n<li><a href=\"https:\/\/portal.uern.br\/propeg\/wp-content\/uploads\/2023\/05\/Formulario_uso_animais_eutanasiados2.odt\">Formul\u00e1rio para uso de animais eutanasiados<\/a><\/li>\n<li><a href=\"https:\/\/portal.uern.br\/propeg\/wp-content\/uploads\/2023\/11\/Carta-de-anuencia.doc\">Modelo Carta de Anu\u00eancia &#8211; NOVO<\/a><\/li>\n<li><a href=\"https:\/\/portal.uern.br\/propeg\/wp-content\/uploads\/2023\/11\/Declaracao_inicio_pesquisa-CEUA-UERN.doc\">Declara\u00e7\u00e3o In\u00edcio da Pesquisa &#8211; NOVO<\/a><\/li>\n<li><a href=\"https:\/\/portal.uern.br\/propeg\/wp-content\/uploads\/2023\/11\/Carta_resposta_as_pendencias.doc\">Carta Resposta as pend\u00eancias &#8211; NOVO<\/a><\/li>\n<li><a href=\"https:\/\/portal.uern.br\/propeg\/wp-content\/uploads\/2023\/05\/Formulario_relatorio2.odt\">Relat\u00f3rio Final<\/a><\/li>\n<\/ul>\n<p><strong>Calend\u00e1rio das Reuni\u00f5es do\u00a0Comit\u00ea de \u00c9tica em Experimental Animal<\/strong><\/p>\n<p><a href=\"https:\/\/portal.uern.br\/propeg\/wp-content\/uploads\/2025\/12\/Calendario_CEUA_2026.pdf\">Calend\u00e1rio 2026<\/a><\/p>\n<p><strong>Biot\u00e9rio Central da Universidade do Estado do Rio Grande do Norte \u2013 UERN E Comiss\u00e3o de \u00c9tica em Experimenta\u00e7\u00e3o Aninal \u2013 CEUA<\/strong><\/p>\n<p><strong>Hor\u00e1rio de Funcionamento:<\/strong>\u00a0Manh\u00e3: 08:00 \u00e0s 12:00hs<\/p>\n<p><strong>Localiza\u00e7\u00e3o:<\/strong>\u00a0Faculdade de Ci\u00eancias da Sa\u00fade da UERN<\/p>\n<p><strong>Rua:<\/strong> Miguel Antonio da Silva Neto, s\/n \u2013 Pr\u00e9dio Faculdade de Medicina \u2013 T\u00e9rreo \u2013 Bairro: Aeroporto<\/p>\n<p>Mossor\u00f3\/RN CEP: 59.607-360<\/p>\n<p>Hor\u00e1rio de Atendimento presencial: 08:00 \u00e0s 12:00<\/p>\n<p><strong>Respons\u00e1vel T\u00e9cnica pelo Biot\u00e9rio:<\/strong>\u00a0Kizzy Millenn de Freitas Mendon\u00e7a Costa M\u00e9dica Veterin\u00e1rio CRMV \u2013 0389\/RN<\/p>\n<p>Animais Criados no Biot\u00e9rio: Ratos da Linhagem Wistar.<\/p>\n<p>O biot\u00e9rio mant\u00e9m os animais para serem utilizados em aulas pr\u00e1ticas e em pesquisas.<\/p>\n","protected":false},"excerpt":{"rendered":"<p>Comiss\u00e3o de \u00c9tica em Experimental Animal (CEEA) \u00c9 um colegiado interdisciplinar e independente com m\u00fanus p\u00fablico, de car\u00e1ter consultivo, deliberativo e educativo, criado para defender o bem estar animal, com o intuito de atender as necessidades f\u00edsicas, mentais, comportamentais e sanit\u00e1rias durante o desenvolvimento de aulas de gradua\u00e7\u00e3o e p\u00f3s-gradua\u00e7\u00e3o e em projetos de pesquisa [&hellip;]<\/p>\n","protected":false},"author":1,"featured_media":0,"parent":0,"menu_order":0,"comment_status":"closed","ping_status":"closed","template":"","meta":{"footnotes":""},"class_list":["post-1446","page","type-page","status-publish","hentry"],"_links":{"self":[{"href":"https:\/\/portal.uern.br\/propeg\/wp-json\/wp\/v2\/pages\/1446","targetHints":{"allow":["GET"]}}],"collection":[{"href":"https:\/\/portal.uern.br\/propeg\/wp-json\/wp\/v2\/pages"}],"about":[{"href":"https:\/\/portal.uern.br\/propeg\/wp-json\/wp\/v2\/types\/page"}],"author":[{"embeddable":true,"href":"https:\/\/portal.uern.br\/propeg\/wp-json\/wp\/v2\/users\/1"}],"replies":[{"embeddable":true,"href":"https:\/\/portal.uern.br\/propeg\/wp-json\/wp\/v2\/comments?post=1446"}],"version-history":[{"count":20,"href":"https:\/\/portal.uern.br\/propeg\/wp-json\/wp\/v2\/pages\/1446\/revisions"}],"predecessor-version":[{"id":4458,"href":"https:\/\/portal.uern.br\/propeg\/wp-json\/wp\/v2\/pages\/1446\/revisions\/4458"}],"wp:attachment":[{"href":"https:\/\/portal.uern.br\/propeg\/wp-json\/wp\/v2\/media?parent=1446"}],"curies":[{"name":"wp","href":"https:\/\/api.w.org\/{rel}","templated":true}]}}