{"id":1303,"date":"2023-03-08T08:55:47","date_gmt":"2023-03-08T11:55:47","guid":{"rendered":"https:\/\/portal.uern.br\/propeg\/?page_id=1303"},"modified":"2024-04-12T07:50:01","modified_gmt":"2024-04-12T10:50:01","slug":"propeg-em-numeros-2","status":"publish","type":"page","link":"https:\/\/portal.uern.br\/propeg\/propeg-em-numeros-2\/","title":{"rendered":"Propeg em n\u00fameros"},"content":{"rendered":"<h3><\/h3>\n<p>&nbsp;<\/p>\n<h3><a href=\"https:\/\/lookerstudio.google.com\/u\/0\/reporting\/3bd09592-e3b4-4151-8772-0efcb50813bd\/page\/S8vfD\"><span style=\"font-weight: 400\">Pesquisa<\/span><\/a><\/h3>\n<p>&nbsp;<\/p>\n<p>&nbsp;<\/p>\n<h3><a href=\"https:\/\/lookerstudio.google.com\/u\/0\/reporting\/f9f03b6d-9c25-407e-a77b-4b77f1496c77\/page\/p_x9mgdns9ad\"><span style=\"font-weight: 400\">Inova\u00e7\u00e3o<\/span><\/a><\/h3>\n<h3><\/h3>\n<h3><\/h3>\n<p>&nbsp;<\/p>\n<p>&nbsp;<\/p>\n<h3><a href=\"https:\/\/lookerstudio.google.com\/u\/0\/reporting\/b5978987-916c-4487-a2e1-371efb7bb553\/page\/S8vfD\"><span style=\"font-weight: 400\">P\u00f3s-gradua\u00e7\u00e3o<\/span><\/a><\/h3>\n","protected":false},"excerpt":{"rendered":"<p>&nbsp; Pesquisa &nbsp; &nbsp; Inova\u00e7\u00e3o &nbsp; &nbsp; P\u00f3s-gradua\u00e7\u00e3o<\/p>\n","protected":false},"author":2,"featured_media":0,"parent":0,"menu_order":0,"comment_status":"closed","ping_status":"closed","template":"","meta":{"footnotes":""},"class_list":["post-1303","page","type-page","status-publish","hentry"],"_links":{"self":[{"href":"https:\/\/portal.uern.br\/propeg\/wp-json\/wp\/v2\/pages\/1303","targetHints":{"allow":["GET"]}}],"collection":[{"href":"https:\/\/portal.uern.br\/propeg\/wp-json\/wp\/v2\/pages"}],"about":[{"href":"https:\/\/portal.uern.br\/propeg\/wp-json\/wp\/v2\/types\/page"}],"author":[{"embeddable":true,"href":"https:\/\/portal.uern.br\/propeg\/wp-json\/wp\/v2\/users\/2"}],"replies":[{"embeddable":true,"href":"https:\/\/portal.uern.br\/propeg\/wp-json\/wp\/v2\/comments?post=1303"}],"version-history":[{"count":37,"href":"https:\/\/portal.uern.br\/propeg\/wp-json\/wp\/v2\/pages\/1303\/revisions"}],"predecessor-version":[{"id":2795,"href":"https:\/\/portal.uern.br\/propeg\/wp-json\/wp\/v2\/pages\/1303\/revisions\/2795"}],"wp:attachment":[{"href":"https:\/\/portal.uern.br\/propeg\/wp-json\/wp\/v2\/media?parent=1303"}],"curies":[{"name":"wp","href":"https:\/\/api.w.org\/{rel}","templated":true}]}}