{"id":1270,"date":"2023-03-02T11:34:03","date_gmt":"2023-03-02T14:34:03","guid":{"rendered":"https:\/\/portal.uern.br\/propeg\/?page_id=1270"},"modified":"2025-07-07T13:39:40","modified_gmt":"2025-07-07T16:39:40","slug":"legislacao","status":"publish","type":"page","link":"https:\/\/portal.uern.br\/propeg\/legislacao\/","title":{"rendered":"Legisla\u00e7\u00e3o"},"content":{"rendered":"<p><strong>LEGISLA\u00c7\u00c3O INTERNA<\/strong><\/p>\n<p><a href=\"https:\/\/portal.uern.br\/propeg\/wp-content\/uploads\/2025\/02\/Resolucao-13-2016-CONSEPE-Incubadoras-1.pdf\"><strong>RESOLU\u00c7\u00c3O N.\u00ba 13\/2016 &#8211; CONSEPE<\/strong><\/a> &#8211; <strong>Cria e regulamenta o programa de Incuba\u00e7\u00e3o de Empreendimentos da Universidade do Estado do Rio Grande do Norte &#8211; UERN e disp\u00f5e sobre o funcionamento.<\/strong><\/p>\n<p><strong><a href=\"https:\/\/portal.uern.br\/propeg\/wp-content\/uploads\/2025\/01\/Resolucao-21-2018-Criacao-da-Incubadora-1.pdf\">RESOLU\u00c7\u00c3O N\u00ba 21\/2018 &#8211; CONSEPE<\/a> &#8211;\u00a0<\/strong> <strong>Homologa a cria\u00e7\u00e3o da incubadora de Empreendimentos Juazeiro.<\/strong><\/p>\n<p><a href=\"https:\/\/portal.uern.br\/propeg\/wp-content\/uploads\/2023\/07\/4724resolucao_pi_n0_2020_048_consepe.pdf\"><strong>RESOLU\u00c7\u00c3O N.\u00ba 048\/2020 &#8211; CONSEPE<\/strong> <\/a>&#8211; <strong>Disp\u00f5e sobre os direitos de propriedade intelectual da Universidade do Estado do Rio Grande do Norte e d\u00e1 outras provid\u00eancias.<\/strong><\/p>\n<p><strong><a href=\"https:\/\/portal.uern.br\/propeg\/wp-content\/uploads\/2023\/07\/Resolucao-83-2022-CONSEPE-Empresas-Juniores-2.pdf\">RESOLU\u00c7\u00c3O N\u00ba 83\/2022 &#8211; CONSEPE<\/a> <\/strong>&#8211; <strong>Que disp\u00f5e sobre a regulamenta\u00e7\u00e3o para cria\u00e7\u00e3o e organiza\u00e7\u00e3o de Empresas Juniores no \u00e2mbito da Uern.<\/strong><\/p>\n<p><a href=\"https:\/\/portal.uern.br\/propeg\/wp-content\/uploads\/2023\/07\/Resolucao-No-07-2023-CONSEPE-Dispoe-sobre-a-gestao-da-propriedade-intelectual-e-a-transferencia-de-tecnologia-no-ambito-da-Uern.pdf\"><b>RESOLU\u00c7\u00c3O N.\u00ba <\/b><b>07\/2023 &#8211; CONSEPE<\/b><\/a> &#8211;<b> Que disp\u00f5e sobre a gest\u00e3o da propriedade intelectual e a transfer\u00eancia de tecnologia no \u00e2mbito da Universidade do Estado do Rio Grande do Norte.<\/b><\/p>\n<p><a href=\"https:\/\/portal.uern.br\/propeg\/wp-content\/uploads\/2024\/05\/Resolucao-No-04-2024-CONSEPE-Regulamenta-a-Politica-de-Inovacao-da-Universidade-do-1.pdf\"><strong>RESOLU\u00c7\u00c3O N.\u00ba 04\/2024 &#8211; CONSEPE<\/strong> <\/a>&#8211; <strong>Regulamenta a Pol\u00edtica de Inova\u00e7\u00e3o da Universidade do Estado do Rio Grande do Norte &#8211; Uern.<\/strong><\/p>\n<p><strong><a href=\"https:\/\/portal.uern.br\/propeg\/wp-content\/uploads\/2025\/01\/regimento-1.pdf\">REGIMENTO DA CENTRAL DAS EMPRESAS JUNIORES<\/a> &#8211; Que disp\u00f5e sobre as normas relativas ao seu funcionamento.<\/strong><\/p>\n<p><a href=\"https:\/\/portal.uern.br\/propeg\/wp-content\/uploads\/2025\/01\/IN_12_2024_recredenciamento_de_EJ-1-1.pdf\"><strong>INSTRU\u00c7\u00c3O NORMATIVA DE RECREDENCIAMENTO E FUNCIONAMENTO DE EMPRESAS JUNIORES PELA UERN<\/strong><\/a> &#8211;\u00a0 <strong>Disp\u00f5e sobre o recredenciamento e funcionamento das empresas juniores pela UERN.<\/strong><\/p>\n<p><a href=\"https:\/\/portal.uern.br\/propeg\/wp-content\/uploads\/2025\/07\/SEI-04410101.000229_2025-56.pdf\"><strong>RESOLU\u00c7\u00c3O N\u00ba 12\/2025 &#8211; CD<\/strong> <\/a>&#8211; <strong>Disp\u00f5e sobre as cl\u00e1usulas de exclusividadee n\u00e3o exclusividade nos contratos de licenciamento e de transfer\u00eancia de tecnologia no \u00e2mbito da Uern e d\u00e1 outras provid\u00eancias.<\/strong><\/p>\n<p><strong><a href=\"https:\/\/portal.uern.br\/propeg\/wp-content\/uploads\/2025\/07\/SEI-04410025.000861_2025-50.pdf\">RESOLU\u00c7\u00c3O N\u00b0 12\/2025- CONSEPE &#8211;\u00a0<\/a> Cria e Institui o Programa Uern Jovem nas Atividades de Ensino, Pesquisa, Extens\u00e3o, Inova\u00e7\u00e3o e Empreendedorismo.<\/strong><\/p>\n<p>&nbsp;<\/p>\n<p><strong>LEGISLA\u00c7\u00c3O EXTERNA<\/strong><\/p>\n<p>&nbsp;<\/p>\n<p><a href=\"https:\/\/portal.uern.br\/propeg\/wp-content\/uploads\/2025\/04\/Lei-9279.pdf\"><span style=\"color: #0000ff\"><strong>LEI N\u00b0 9279 DE 14 DE MAIO DE 1996<\/strong> <\/span><\/a>&#8211; <strong>Regula direitos e obriga\u00e7\u00f5es relativos \u00e0 Propriedade Industrial.<\/strong><\/p>\n<p><strong><a href=\"https:\/\/portal.uern.br\/propeg\/wp-content\/uploads\/2023\/07\/5045instrua\u00a7ao_normativa_na_031_2013_inpi.pdf\">INSTRU\u00c7\u00c3O NORMATIVA N\u00ba 031\/2013<\/a> &#8211; Estabelece normas gerais de procedimentos para explicitar e cumprir dispositivos da Lei de Propriedade Industrial &#8211; Lei n\u00ba 9279, de 14 de maio de1996, no que se refere \u00e0s especifica\u00e7\u00f5es formais dos pedidos de patente.<\/strong><\/p>\n<p><a href=\"https:\/\/portal.uern.br\/propeg\/wp-content\/uploads\/2025\/01\/resolucao_093-2013__artigo_32_LPI-1.pdf\"><strong>RESOLU\u00c7\u00c3O N\u00b0 093\/2013<\/strong><\/a> &#8211; <strong>Institui as diretrizes sobre a aplicabilidade do disposto no artigo 32 da Lei 9279\/96 nos pedidos de patentes, no \u00e2mbito do INPI.\u00a0<\/strong><\/p>\n<p><span class=\"selectable-text copyable-text false\"><a href=\"https:\/\/portal.uern.br\/propeg\/wp-content\/uploads\/2025\/04\/marco-legal-da-inovacao.pdf\"><span style=\"color: #0000ff\"><strong>LEI N\u00ba 13.243, DE 11 DE JANEIRO DE 2016<\/strong> <\/span><\/a>&#8211; <strong><span style=\"color: #0000ff\">Marco Legal da Inova\u00e7\u00e3o<\/span>&#8211; Disp\u00f5e sobre est\u00edmulos ao desenvolvimento cient\u00edfico, \u00e0 pesquisa, \u00e0 capacita\u00e7\u00e3o cient\u00edfica e tecnol\u00f3gica e \u00e0 inova\u00e7\u00e3o e altera a Lei n\u00ba 10.973, de 2 de dezembro de 2004, a Lei n\u00ba 6.815, de 19 de agosto de 1980, a Lei n\u00ba 8.666, de 21 de junho de 1993, a Lei n\u00ba 12.462, de 4 de agosto de 2011, a Lei n\u00ba 8.745, de 9 de dezembro de 1993, a Lei n\u00ba 8.958, de 20 de dezembro de 1994, a Lei n\u00ba 8.010, de 29 de mar\u00e7o de 1990, a Lei n\u00ba 8.032, de 12 de abril de 1990, e a Lei n\u00ba 12.772, de 28 de dezembro de 2012, nos termos da Emenda Constitucional n\u00ba 85, de 26 de fevereiro de 2015.<\/strong><\/span><\/p>\n<p><strong><a href=\"https:\/\/portal.uern.br\/propeg\/wp-content\/uploads\/2025\/01\/Resolucao-INPI-240-2019-1.pdf\">RESOLU\u00c7\u00c3O N\u00b0 240\/2019 &#8211; INPI<\/a> <\/strong>&#8211; <strong>Disciplina a exig\u00eancia preliminar do pedido de patente de inven\u00e7\u00e3o pendente de exame sem buscas realizadas em escrit\u00f3rios de patentes de outros pa\u00edses, de organiza\u00e7\u00f5es internacionais e ou regionais.<\/strong><\/p>\n<p><a href=\"https:\/\/portal.uern.br\/propeg\/wp-content\/uploads\/2025\/01\/portaria-52-2023-1.pdf\"><strong>PORTARIA N\u00ba 52\/2023 &#8211; INPI<\/strong><\/a> &#8211; <strong>Disciplina os procedimentos relativos ao controle de pagamento das retribui\u00e7\u00f5es anuais,arquivamento dos pedidos e extin\u00e7\u00e3o das patentes, bem como a restaura\u00e7\u00e3o de pedido de patentes e de patentes, com base no disposto nos artigos 84 a 87 da lei n\u00ba 9.279\/96.\u00a0<\/strong><\/p>\n<p>&nbsp;<\/p>\n","protected":false},"excerpt":{"rendered":"<p>LEGISLA\u00c7\u00c3O INTERNA RESOLU\u00c7\u00c3O N.\u00ba 13\/2016 &#8211; CONSEPE &#8211; Cria e regulamenta o programa de Incuba\u00e7\u00e3o de Empreendimentos da Universidade do Estado do Rio Grande do Norte &#8211; UERN e disp\u00f5e sobre o funcionamento. RESOLU\u00c7\u00c3O N\u00ba 21\/2018 &#8211; CONSEPE &#8211;\u00a0 Homologa a cria\u00e7\u00e3o da incubadora de Empreendimentos Juazeiro. RESOLU\u00c7\u00c3O N.\u00ba 048\/2020 &#8211; CONSEPE &#8211; Disp\u00f5e sobre [&hellip;]<\/p>\n","protected":false},"author":2,"featured_media":0,"parent":0,"menu_order":0,"comment_status":"closed","ping_status":"closed","template":"","meta":{"footnotes":""},"class_list":["post-1270","page","type-page","status-publish","hentry"],"_links":{"self":[{"href":"https:\/\/portal.uern.br\/propeg\/wp-json\/wp\/v2\/pages\/1270","targetHints":{"allow":["GET"]}}],"collection":[{"href":"https:\/\/portal.uern.br\/propeg\/wp-json\/wp\/v2\/pages"}],"about":[{"href":"https:\/\/portal.uern.br\/propeg\/wp-json\/wp\/v2\/types\/page"}],"author":[{"embeddable":true,"href":"https:\/\/portal.uern.br\/propeg\/wp-json\/wp\/v2\/users\/2"}],"replies":[{"embeddable":true,"href":"https:\/\/portal.uern.br\/propeg\/wp-json\/wp\/v2\/comments?post=1270"}],"version-history":[{"count":57,"href":"https:\/\/portal.uern.br\/propeg\/wp-json\/wp\/v2\/pages\/1270\/revisions"}],"predecessor-version":[{"id":4047,"href":"https:\/\/portal.uern.br\/propeg\/wp-json\/wp\/v2\/pages\/1270\/revisions\/4047"}],"wp:attachment":[{"href":"https:\/\/portal.uern.br\/propeg\/wp-json\/wp\/v2\/media?parent=1270"}],"curies":[{"name":"wp","href":"https:\/\/api.w.org\/{rel}","templated":true}]}}