{"id":1182,"date":"2023-02-24T08:08:12","date_gmt":"2023-02-24T11:08:12","guid":{"rendered":"https:\/\/portal.uern.br\/propeg\/?page_id=1182"},"modified":"2024-04-18T12:52:50","modified_gmt":"2024-04-18T15:52:50","slug":"empreendedorismo","status":"publish","type":"page","link":"https:\/\/portal.uern.br\/propeg\/empreendedorismo\/","title":{"rendered":"Empreendedorismo"},"content":{"rendered":"<p>O <em>setor de empreendedorismo<\/em> da Ag\u00eancia UERN Inova \u00e9 respons\u00e1vel\u00a0 pelo suporte, \u00a0apoio e fomento a cultura empreendedora entre os estudantes, pesquisadores e a comunidade acad\u00eamica em geral. Este setor \u00e9 fundamental para transformar ideias inovadoras em neg\u00f3cios vi\u00e1veis e para estimular o desenvolvimento econ\u00f4mico e social por meio da inova\u00e7\u00e3o. As atividades principais desse setor\u00a0 incluem:<\/p>\n<ol>\n<li><strong>Apoio a Incubadoras<\/strong>: Trabalhar em conjunto com incubadoras para oferecer suporte a empreendimentos nascentes, ajudando-os a desenvolver seus neg\u00f3cios de maneira sustent\u00e1vel. Isso envolve fornecer espa\u00e7os de trabalho, mentoria, acesso a redes de contatos, e orienta\u00e7\u00f5es sobre gest\u00e3o empresarial e capta\u00e7\u00e3o de recursos.<\/li>\n<li><strong>Intera\u00e7\u00e3o com Startups<\/strong>:\u00a0 Apoiar e facilitar a cria\u00e7\u00e3o e o crescimento de startups, oferecendo acesso a expertise acad\u00eamica. O setor pode tamb\u00e9m ajudar essas empresas a se conectarem com investidores, mentores e outros empreendedores, al\u00e9m de auxiliar no licenciamento de tecnologias desenvolvidas na universidade.<\/li>\n<li><strong>Apoio a Empresas Juniores<\/strong>: Apoiar as atividades das empresas juniores, que s\u00e3o associa\u00e7\u00f5es sem fins lucrativos formadas por estudantes universit\u00e1rios destinadas a realizar projetos e servi\u00e7os para empresas e institui\u00e7\u00f5es com o objetivo de ganhar experi\u00eancia pr\u00e1tica.<\/li>\n<li><strong>Educa\u00e7\u00e3o Empreendedora<\/strong>: Organizar eventos, cursos e workshops que promovam habilidades empreendedoras, desde o desenvolvimento de ideias at\u00e9 o planejamento e execu\u00e7\u00e3o de neg\u00f3cios.<\/li>\n<li><strong>Redes de Networking e Parcerias<\/strong>: Estabelecer e manter uma rede de contato que conecte empreendedores, investidores, mentores e especialistas, facilitando o interc\u00e2mbio de conhecimento e experi\u00eancias e a cria\u00e7\u00e3o de novas oportunidades de neg\u00f3cio.<\/li>\n<\/ol>\n<p>&nbsp;<\/p>\n<p>O <em>setor de Empreendedorismo<\/em> \u00e9 crucial para incentivar a inova\u00e7\u00e3o pr\u00e1tica e aplicada, capacitando futuros empreendedores a contribuir de forma significativa para a economia e sociedade, al\u00e9m de refor\u00e7ar o papel da universidade como um motor de desenvolvimento.<\/p>\n","protected":false},"excerpt":{"rendered":"<p>O setor de empreendedorismo da Ag\u00eancia UERN Inova \u00e9 respons\u00e1vel\u00a0 pelo suporte, \u00a0apoio e fomento a cultura empreendedora entre os estudantes, pesquisadores e a comunidade acad\u00eamica em geral. Este setor \u00e9 fundamental para transformar ideias inovadoras em neg\u00f3cios vi\u00e1veis e para estimular o desenvolvimento econ\u00f4mico e social por meio da inova\u00e7\u00e3o. As atividades principais desse [&hellip;]<\/p>\n","protected":false},"author":2,"featured_media":0,"parent":0,"menu_order":0,"comment_status":"closed","ping_status":"closed","template":"","meta":{"footnotes":""},"class_list":["post-1182","page","type-page","status-publish","hentry"],"_links":{"self":[{"href":"https:\/\/portal.uern.br\/propeg\/wp-json\/wp\/v2\/pages\/1182","targetHints":{"allow":["GET"]}}],"collection":[{"href":"https:\/\/portal.uern.br\/propeg\/wp-json\/wp\/v2\/pages"}],"about":[{"href":"https:\/\/portal.uern.br\/propeg\/wp-json\/wp\/v2\/types\/page"}],"author":[{"embeddable":true,"href":"https:\/\/portal.uern.br\/propeg\/wp-json\/wp\/v2\/users\/2"}],"replies":[{"embeddable":true,"href":"https:\/\/portal.uern.br\/propeg\/wp-json\/wp\/v2\/comments?post=1182"}],"version-history":[{"count":6,"href":"https:\/\/portal.uern.br\/propeg\/wp-json\/wp\/v2\/pages\/1182\/revisions"}],"predecessor-version":[{"id":2825,"href":"https:\/\/portal.uern.br\/propeg\/wp-json\/wp\/v2\/pages\/1182\/revisions\/2825"}],"wp:attachment":[{"href":"https:\/\/portal.uern.br\/propeg\/wp-json\/wp\/v2\/media?parent=1182"}],"curies":[{"name":"wp","href":"https:\/\/api.w.org\/{rel}","templated":true}]}}