{"id":1021,"date":"2023-02-13T08:19:12","date_gmt":"2023-02-13T11:19:12","guid":{"rendered":"http:\/\/beta.apps.uern.br\/wordpress\/propeg\/?page_id=1021"},"modified":"2025-02-05T09:59:35","modified_gmt":"2025-02-05T12:59:35","slug":"encontro-anual-de-pos-graduacao","status":"publish","type":"page","link":"https:\/\/portal.uern.br\/propeg\/encontro-anual-de-pos-graduacao\/","title":{"rendered":"Encontro Anual de P\u00f3s-Gradua\u00e7\u00e3o &#8211; EAPG"},"content":{"rendered":"<p><img fetchpriority=\"high\" decoding=\"async\" class=\"wp-image-3061 aligncenter\" src=\"https:\/\/portal.uern.br\/propeg\/wp-content\/uploads\/2024\/05\/IMG_6799.png\" alt=\"\" width=\"269\" height=\"269\" srcset=\"https:\/\/portal.uern.br\/propeg\/wp-content\/uploads\/2024\/05\/IMG_6799.png 3375w, https:\/\/portal.uern.br\/propeg\/wp-content\/uploads\/2024\/05\/IMG_6799-300x300.png 300w, https:\/\/portal.uern.br\/propeg\/wp-content\/uploads\/2024\/05\/IMG_6799-1024x1024.png 1024w, https:\/\/portal.uern.br\/propeg\/wp-content\/uploads\/2024\/05\/IMG_6799-150x150.png 150w, https:\/\/portal.uern.br\/propeg\/wp-content\/uploads\/2024\/05\/IMG_6799-768x768.png 768w, https:\/\/portal.uern.br\/propeg\/wp-content\/uploads\/2024\/05\/IMG_6799-1536x1536.png 1536w, https:\/\/portal.uern.br\/propeg\/wp-content\/uploads\/2024\/05\/IMG_6799-2048x2048.png 2048w\" sizes=\"(max-width: 269px) 100vw, 269px\" \/><\/p>\n<p><strong>FINALIDADE DO ENCONTRO<\/strong><\/p>\n<p>Por interm\u00e9dio dessa a\u00e7\u00e3o, objetivamos discutir a cada ano, entre os pesquisadores, coordenadores de Programas de P\u00f3s-Gradua\u00e7\u00e3o Stricto Sensu, Cursos de Resid\u00eancias M\u00e9dica\/Multiprofissional, e Cursos Lato sensu(PPG), t\u00e9cnicos administrativos, discentes e gestores institucionais, os principais temas e quest\u00f5es que permeiam as pol\u00edticas nacionais voltadas para o fortalecimento da P\u00f3s-Gradua\u00e7\u00e3o da UERB. Entre as tem\u00e1ticas eleg\u00edveis abordamos quest\u00f5es inerentes ao planejamento estrat\u00e9gico, auto avalia\u00e7\u00e3o, acompanhamento de egressos, internacionaliza\u00e7\u00e3o, bem como a atualiza\u00e7\u00e3o de marcos regulat\u00f3rios. O evento configura-se assim, como um espa\u00e7o de aproxima\u00e7\u00e3o e troca de experi\u00eancias entre os Pr\u00f3-Reitores, Diretores e Coordenadores dos cursos em conson\u00e2ncia com as diretrizes e estrat\u00e9gias descritas no Plano Diretor Institucional (PDI\u00a0 2016-2026), o Plano de Desenvolvimento Institucional da P\u00f3s- Gradua\u00e7\u00e3o (2019-2026), plano Estrat\u00e9gico de Internacionaliza\u00e7\u00e3o (2022-2025) e a Avalia\u00e7\u00e3o Institucional da UERN.<\/p>\n<p>&nbsp;<\/p>\n<p><strong>HIST\u00d3RICO DOS EVENTOS<\/strong><\/p>\n<p>A primeira edi\u00e7\u00e3o do Encontro Anual de P\u00f3s-Gradua\u00e7\u00e3o (EAPG) ocorreu em mar\u00e7o de 2023. O evento contou com a importante participa\u00e7\u00e3o da Profa. Dra. Tania Maria Hetkowski, Pr\u00f3-reitora de Pesquisa e Ensino de P\u00f3s-Gradua\u00e7\u00e3o da Universidade do Estado da Bahia (UNEB), Coordenadores dos Programas de P\u00f3s-Gradua\u00e7\u00e3o e de v\u00e1rios representantes da gest\u00e3o superior da UERN. O evento ocorreu durante 03 (tr\u00eas) dias e teve o Planejamento Estrat\u00e9gico no \u00e2mbito da P\u00f3s-Gradua\u00e7\u00e3o, como marco em nossas discuss\u00f5es. Realizamos v\u00e1rias sess\u00f5es com apresenta\u00e7\u00e3o de amostras e socializa\u00e7\u00e3o de viv\u00eancias dos Programas de P\u00f3s-Gradua\u00e7\u00e3o local, quanto a auto avalia\u00e7\u00e3o e acompanhamento de egressos. Em paralelo as mesas de discuss\u00e3o, foram oferecidos cursos de capacita\u00e7\u00e3o aos t\u00e9cnicos e pesquisadores, quando a correta execu\u00e7\u00e3o e presta\u00e7\u00e3o de contas de recursos oriundos de conv\u00eanio e utiliza\u00e7\u00e3o do Sistema SIGAA. O evento estabeleceu o marco de 15 (quinze) anos de exist\u00eancia dos primeiros Programas de P\u00f3s-Gradua\u00e7\u00e3o e 55 anos da UERN, culminando tamb\u00e9m na publica\u00e7\u00e3o da Revista Especial em formato digital no anivers\u00e1rio da institui\u00e7\u00e3o.<\/p>\n<p>&nbsp;<\/p>\n<p><img decoding=\"async\" class=\"alignnone wp-image-3049\" src=\"https:\/\/portal.uern.br\/propeg\/wp-content\/uploads\/2024\/05\/WhatsApp-Image-2024-05-16-at-08.36.32-300x298.jpeg\" alt=\"\" width=\"246\" height=\"244\" srcset=\"https:\/\/portal.uern.br\/propeg\/wp-content\/uploads\/2024\/05\/WhatsApp-Image-2024-05-16-at-08.36.32-300x298.jpeg 300w, https:\/\/portal.uern.br\/propeg\/wp-content\/uploads\/2024\/05\/WhatsApp-Image-2024-05-16-at-08.36.32-1024x1016.jpeg 1024w, https:\/\/portal.uern.br\/propeg\/wp-content\/uploads\/2024\/05\/WhatsApp-Image-2024-05-16-at-08.36.32-150x150.jpeg 150w, https:\/\/portal.uern.br\/propeg\/wp-content\/uploads\/2024\/05\/WhatsApp-Image-2024-05-16-at-08.36.32-768x762.jpeg 768w, https:\/\/portal.uern.br\/propeg\/wp-content\/uploads\/2024\/05\/WhatsApp-Image-2024-05-16-at-08.36.32.jpeg 1080w\" sizes=\"(max-width: 246px) 100vw, 246px\" \/> <img decoding=\"async\" class=\"alignnone wp-image-3050\" src=\"https:\/\/portal.uern.br\/propeg\/wp-content\/uploads\/2024\/05\/3b7c0589-c37a-4593-87f9-a19826ec3aaf-300x296.jpg\" alt=\"\" width=\"246\" height=\"243\" srcset=\"https:\/\/portal.uern.br\/propeg\/wp-content\/uploads\/2024\/05\/3b7c0589-c37a-4593-87f9-a19826ec3aaf-300x296.jpg 300w, https:\/\/portal.uern.br\/propeg\/wp-content\/uploads\/2024\/05\/3b7c0589-c37a-4593-87f9-a19826ec3aaf-1024x1011.jpg 1024w, https:\/\/portal.uern.br\/propeg\/wp-content\/uploads\/2024\/05\/3b7c0589-c37a-4593-87f9-a19826ec3aaf-768x758.jpg 768w, https:\/\/portal.uern.br\/propeg\/wp-content\/uploads\/2024\/05\/3b7c0589-c37a-4593-87f9-a19826ec3aaf.jpg 1080w\" sizes=\"(max-width: 246px) 100vw, 246px\" \/> <img loading=\"lazy\" decoding=\"async\" class=\"alignnone wp-image-3051\" src=\"https:\/\/portal.uern.br\/propeg\/wp-content\/uploads\/2024\/05\/c6188123-d14d-4a00-b0c6-9ea8a0977022-300x297.jpg\" alt=\"\" width=\"246\" height=\"244\" srcset=\"https:\/\/portal.uern.br\/propeg\/wp-content\/uploads\/2024\/05\/c6188123-d14d-4a00-b0c6-9ea8a0977022-300x297.jpg 300w, https:\/\/portal.uern.br\/propeg\/wp-content\/uploads\/2024\/05\/c6188123-d14d-4a00-b0c6-9ea8a0977022-1024x1015.jpg 1024w, https:\/\/portal.uern.br\/propeg\/wp-content\/uploads\/2024\/05\/c6188123-d14d-4a00-b0c6-9ea8a0977022-150x150.jpg 150w, https:\/\/portal.uern.br\/propeg\/wp-content\/uploads\/2024\/05\/c6188123-d14d-4a00-b0c6-9ea8a0977022-768x761.jpg 768w, https:\/\/portal.uern.br\/propeg\/wp-content\/uploads\/2024\/05\/c6188123-d14d-4a00-b0c6-9ea8a0977022.jpg 1080w\" sizes=\"(max-width: 246px) 100vw, 246px\" \/><\/p>\n<p>&nbsp;<\/p>\n<p>A segunda edi\u00e7\u00e3o do Encontro Anual de P\u00f3s-Gradua\u00e7\u00e3o (EAPG) ocorreu em agosto de 2024. A tem\u00e1tica abordada nesse evento foi direcionada para aspectos relevantes das avalia\u00e7\u00f5es dos Programas de P\u00f3s-gradua\u00e7\u00e3o considerando um \u00faltimo ano da quadrienal, per\u00edodo em que o Sistema de Avalia\u00e7\u00e3o da CAPES, considera para conceituar e qualificar os cursos de P\u00f3s-Gradua\u00e7\u00e3o. Nessa edi\u00e7\u00e3o os debates aconteceram com intuito de fomentar as discuss\u00f5es sobre o planejamento estrat\u00e9gico para a nova quadrienal e os estudo dos indicadores de avalia\u00e7\u00e3o para a quadrienal vigente. A programa\u00e7\u00e3o contou com a participa\u00e7\u00e3o da Dra. Carol Virg\u00ednia Gois Leandro, Pr\u00f3-Reitora de Ensino de P\u00f3s-Gradua\u00e7\u00e3o da UFPE, que coordenou debates sobre internacionaliza\u00e7\u00e3o e Resid\u00eancias Tecnol\u00f3gicas. Tivemos a participa\u00e7\u00e3o da Dra. Luciana Pedrosa Leal, Diretora de PG da UFPE, discutindo sobre ferramentas e instrumentos de gest\u00e3o acad\u00eamica para o monitoramento dos cursos de p\u00f3s-gradua\u00e7\u00e3o. Nessa edi\u00e7\u00e3o ainda contamos com outras sess\u00f5es sobre a gest\u00e3o da Plataforma Sucupira e a Execu\u00e7\u00e3o de recursos provenientes de conv\u00eanios. A culmin\u00e2ncia do EAPG 2024, se deu com o relato de experi\u00eancia internacional do BRICS, com a participa\u00e7\u00e3o do Dr. Paul Manger da University of Witwatersrand South Africa.<\/p>\n<p>&nbsp;<\/p>\n<p><img loading=\"lazy\" decoding=\"async\" class=\"alignnone  wp-image-3673\" src=\"https:\/\/portal.uern.br\/propeg\/wp-content\/uploads\/2025\/02\/Abertura-EAPG-2024-1.jpeg\" alt=\"\" width=\"275\" height=\"206\" srcset=\"https:\/\/portal.uern.br\/propeg\/wp-content\/uploads\/2025\/02\/Abertura-EAPG-2024-1.jpeg 1024w, https:\/\/portal.uern.br\/propeg\/wp-content\/uploads\/2025\/02\/Abertura-EAPG-2024-1-300x225.jpeg 300w, https:\/\/portal.uern.br\/propeg\/wp-content\/uploads\/2025\/02\/Abertura-EAPG-2024-1-768x576.jpeg 768w\" sizes=\"(max-width: 275px) 100vw, 275px\" \/> <img loading=\"lazy\" decoding=\"async\" class=\"alignnone  wp-image-3674\" src=\"https:\/\/portal.uern.br\/propeg\/wp-content\/uploads\/2025\/02\/Abertura-EAPG-2024-2.jpg\" alt=\"\" width=\"311\" height=\"207\" srcset=\"https:\/\/portal.uern.br\/propeg\/wp-content\/uploads\/2025\/02\/Abertura-EAPG-2024-2.jpg 1024w, https:\/\/portal.uern.br\/propeg\/wp-content\/uploads\/2025\/02\/Abertura-EAPG-2024-2-300x200.jpg 300w, https:\/\/portal.uern.br\/propeg\/wp-content\/uploads\/2025\/02\/Abertura-EAPG-2024-2-768x512.jpg 768w\" sizes=\"(max-width: 311px) 100vw, 311px\" \/> <img loading=\"lazy\" decoding=\"async\" class=\"alignnone  wp-image-3675\" src=\"https:\/\/portal.uern.br\/propeg\/wp-content\/uploads\/2025\/02\/Abertura-EAPG-2024-3.jpg\" alt=\"\" width=\"313\" height=\"208\" srcset=\"https:\/\/portal.uern.br\/propeg\/wp-content\/uploads\/2025\/02\/Abertura-EAPG-2024-3.jpg 1024w, https:\/\/portal.uern.br\/propeg\/wp-content\/uploads\/2025\/02\/Abertura-EAPG-2024-3-300x200.jpg 300w, https:\/\/portal.uern.br\/propeg\/wp-content\/uploads\/2025\/02\/Abertura-EAPG-2024-3-768x512.jpg 768w\" sizes=\"(max-width: 313px) 100vw, 313px\" \/><\/p>\n<p>&nbsp;<\/p>\n","protected":false},"excerpt":{"rendered":"<p>FINALIDADE DO ENCONTRO Por interm\u00e9dio dessa a\u00e7\u00e3o, objetivamos discutir a cada ano, entre os pesquisadores, coordenadores de Programas de P\u00f3s-Gradua\u00e7\u00e3o Stricto Sensu, Cursos de Resid\u00eancias M\u00e9dica\/Multiprofissional, e Cursos Lato sensu(PPG), t\u00e9cnicos administrativos, discentes e gestores institucionais, os principais temas e quest\u00f5es que permeiam as pol\u00edticas nacionais voltadas para o fortalecimento da P\u00f3s-Gradua\u00e7\u00e3o da UERB. Entre [&hellip;]<\/p>\n","protected":false},"author":2,"featured_media":0,"parent":0,"menu_order":0,"comment_status":"closed","ping_status":"closed","template":"","meta":{"footnotes":""},"class_list":["post-1021","page","type-page","status-publish","hentry"],"_links":{"self":[{"href":"https:\/\/portal.uern.br\/propeg\/wp-json\/wp\/v2\/pages\/1021","targetHints":{"allow":["GET"]}}],"collection":[{"href":"https:\/\/portal.uern.br\/propeg\/wp-json\/wp\/v2\/pages"}],"about":[{"href":"https:\/\/portal.uern.br\/propeg\/wp-json\/wp\/v2\/types\/page"}],"author":[{"embeddable":true,"href":"https:\/\/portal.uern.br\/propeg\/wp-json\/wp\/v2\/users\/2"}],"replies":[{"embeddable":true,"href":"https:\/\/portal.uern.br\/propeg\/wp-json\/wp\/v2\/comments?post=1021"}],"version-history":[{"count":13,"href":"https:\/\/portal.uern.br\/propeg\/wp-json\/wp\/v2\/pages\/1021\/revisions"}],"predecessor-version":[{"id":3676,"href":"https:\/\/portal.uern.br\/propeg\/wp-json\/wp\/v2\/pages\/1021\/revisions\/3676"}],"wp:attachment":[{"href":"https:\/\/portal.uern.br\/propeg\/wp-json\/wp\/v2\/media?parent=1021"}],"curies":[{"name":"wp","href":"https:\/\/api.w.org\/{rel}","templated":true}]}}