{"id":1019,"date":"2023-02-13T08:18:34","date_gmt":"2023-02-13T11:18:34","guid":{"rendered":"http:\/\/beta.apps.uern.br\/wordpress\/propeg\/?page_id=1019"},"modified":"2025-05-14T09:54:51","modified_gmt":"2025-05-14T12:54:51","slug":"pcis-dinter-minter","status":"publish","type":"page","link":"https:\/\/portal.uern.br\/propeg\/pcis-dinter-minter\/","title":{"rendered":"Projetos de Coopera\u00e7\u00e3o entre Institui\u00e7\u00f5es (PCIs)"},"content":{"rendered":"<p><strong>Doutorado Interinstitucional em Geografia (Mar\u00e7o\/2026)<br \/>\nInstitui\u00e7\u00e3o Promotora:\u00a0<\/strong>Universidade Federal do Rio Grande do Norte &#8211; UFRN<br \/>\n<strong>Institui\u00e7\u00e3o Receptora:<\/strong>\u00a0Universidade do Estado do Rio Grande do Norte &#8211; UERN<br \/>\n<strong>Coordenador:\u00a0<\/strong>Prof. Dr. Josiel de Alencar Guedes<\/p>\n<p><a href=\"https:\/\/sucupira.capes.gov.br\/sucupira\/public\/consultas\/coleta\/programa\/viewPrograma.jsf?popup=true&amp;cd_programa=42007011008P8\" target=\"_blank\" rel=\"noopener\">Plataforma Sucupira<\/a><\/p>\n<hr \/>\n<p><b>Doutorado Interinstitucional em M\u00fasica (Mar\u00e7o\/2026)<\/b><br \/>\n<b>Institui\u00e7\u00e3o Promotora: <\/b>Universidade Federal do Estado do Rio de Janeiro (UNIRIO)<br \/>\n<strong>Institui\u00e7\u00e3o Receptora:\u00a0<\/strong>Universidade do Estado do Rio Grande do Norte &#8211; UERN<br \/>\n<strong>Coordenador:<\/strong> Renan Colombo Sim\u00f5es<\/p>\n<p><a href=\"https:\/\/sucupira.capes.gov.br\/sucupira\/public\/consultas\/coleta\/minterDinter\/viewMinterDinter.jsf?popup=true&amp;idPrograma=4974\" target=\"_blank\" rel=\"noopener\">Plataforma Sucupira<\/a><\/p>\n<hr \/>\n<p><b>Doutorado Interinstitucional em Educa\u00e7\u00e3o (Junho\/2029)<\/b><br \/>\n<b>Institui\u00e7\u00e3o Promotora: <\/b>Universidade Estadual de Maring\u00e1 (UEM)<br \/>\n<strong>Institui\u00e7\u00e3o Receptora:\u00a0<\/strong>Universidade do Estado do Rio Grande do Norte &#8211; UERN<br \/>\n<strong>Coordenadora:<\/strong> Jean Mac Cole Tavares<\/p>\n<p><a href=\"https:\/\/sucupira-legado.capes.gov.br\/sucupira\/public\/consultas\/coleta\/minterDinter\/viewMinterDinter.jsf?popup=true&amp;idPrograma=7504\" target=\"_blank\" rel=\"noopener\">Plataforma Sucupira<\/a><\/p>\n<hr \/>\n<p><strong>Cuidados Cl\u00ednicos em Enfermagem e Sa\u00fade (Finalizado)<\/strong><\/p>\n<p><strong>Institui\u00e7\u00e3o Promotora:\u00a0<\/strong>Universidade Estadual do Cear\u00e1 &#8211; UECE<br \/>\n<strong>Institui\u00e7\u00e3o Receptora:\u00a0<\/strong>Universidade do Estado do Rio Grande do Norte &#8211; UERN<br \/>\n<strong>Coordenadora:<\/strong>\u00a0Suzana Carneiro de Azevedo Fernandes<strong><br \/>\n<\/strong><\/p>\n<p><a href=\"https:\/\/sucupira.capes.gov.br\/sucupira\/public\/consultas\/coleta\/programa\/viewPrograma.jsf?popup=true&amp;cd_programa=42007011008P8\" target=\"_blank\" rel=\"noopener\">Plataforma Sucupira<\/a><\/p>\n<hr \/>\n<p><strong>Doutorado Interinstitucional em Letras \u2013 UERN\/IFSert\u00e3o (Finalizado)<\/strong><br \/>\n<strong>Institui\u00e7\u00e3o Promotora:<\/strong>\u00a0Universidade do Estado do Rio Grande do Norte \u2013 UERN<br \/>\n<strong>Institui\u00e7\u00e3o Receptora:<\/strong>\u00a0Instituto Federal de Educa\u00e7\u00e3o, Ci\u00eancia e Tecnologia do Sert\u00e3o Pernambucano \u2013 IF\/Sert\u00e3o<br \/>\n<strong>Coordenador:<\/strong> Prof. Dr. Wellington Vieira Mendes<\/p>\n<p><a href=\"https:\/\/sucupira.capes.gov.br\/sucupira\/public\/consultas\/coleta\/minterDinter\/viewMinterDinter.jsf?popup=true&amp;idPrograma=1561\" target=\"_blank\" rel=\"noopener\">Plataforma Sucupira<\/a><\/p>\n<hr \/>\n<p><strong>Doutorado Interinstitucional em Economia \u2013 UFPB\/UERN (Finalizado)<\/strong><br \/>\n<strong>Institui\u00e7\u00e3o Promotora:<\/strong>\u00a0Universidade Federal da Para\u00edba &#8211; UFPB<br \/>\n<strong>Institui\u00e7\u00e3o Receptora:<\/strong>\u00a0Universidade do Estado do Rio Grande do Norte &#8211; UERN<br \/>\n<strong>Coordenador:<\/strong>\u00a0Prof. Dr. Zezineto Mendes de Oliveira<\/p>\n<p><a href=\"https:\/\/sucupira.capes.gov.br\/sucupira\/public\/consultas\/coleta\/minterDinter\/viewMinterDinter.jsf?popup=true&amp;idPrograma=1092\" target=\"_blank\" rel=\"noopener\">Plataforma Sucupira<\/a><\/p>\n<hr \/>\n<p><strong>Doutorado Interinstitucional em Geografia \u2013 UFPE\/UERN (Finalizado)<\/strong><br \/>\n<strong>Institui\u00e7\u00e3o Promotora:<\/strong>\u00a0Universidade Federal de Pernambuco \u2013 UFPE<br \/>\n<strong>Institui\u00e7\u00e3o Receptora:<\/strong>\u00a0Universidade do Estado do Rio Grande do Norte \u2013 UERN<br \/>\n<strong>Coordenadora:<\/strong>\u00a0Prof. Dr. Silvana Praxedes de Paiva Gurgel<\/p>\n<p><a href=\"https:\/\/sucupira.capes.gov.br\/sucupira\/public\/consultas\/coleta\/minterDinter\/viewMinterDinter.jsf?popup=true&amp;idPrograma=833\" target=\"_blank\" rel=\"noopener\">Plataforma Sucupira<\/a><\/p>\n<hr \/>\n<p><strong>Doutorado Interinstitucional em Desenvolvimento Urbano \u2013 UFPE\/UERN (Finalizado)<\/strong><br \/>\n<strong>Institui\u00e7\u00e3o Promotora:<\/strong>\u00a0Universidade Federal de Pernambuco \u2013 UFPE<br \/>\n<strong>Institui\u00e7\u00e3o Receptora:<\/strong>\u00a0Universidade do Estado do Rio Grande do Norte \u2013 UERN<br \/>\n<strong>Coordenador:<\/strong>\u00a0Prof. Dr. Josu\u00e9 Alencar Bezerra<\/p>\n<p><a href=\"https:\/\/sucupira.capes.gov.br\/sucupira\/public\/consultas\/coleta\/minterDinter\/viewMinterDinter.jsf?popup=true&amp;idPrograma=1087\" target=\"_blank\" rel=\"noopener\">Plataforma Sucupira<\/a><\/p>\n<hr \/>\n<p><strong>Doutorado Interinstitucional em Direito \u2013 UFPR\/UERN (Finalizado)<\/strong><br \/>\n<strong>Institui\u00e7\u00e3o Promotora:<\/strong>\u00a0Universidade Federal do Paran\u00e1 \u2013 UFPR<br \/>\n<strong>Institui\u00e7\u00e3o Receptora:<\/strong>\u00a0Universidade do Estado do Rio Grande do Norte \u2013 UERN<br \/>\n<strong>Coordenador:\u00a0<\/strong>Prof. Dr.<strong>\u00a0<\/strong>Sergio Alexandre de Moraes Braga Junior<\/p>\n<p><a href=\"https:\/\/sucupira.capes.gov.br\/sucupira\/public\/consultas\/coleta\/minterDinter\/viewMinterDinter.jsf?popup=true&amp;idPrograma=2034\" target=\"_blank\" rel=\"noopener\">Plataforma Sucupira<\/a><\/p>\n<hr \/>\n<p><strong>Doutorado em Ci\u00eancias Cont\u00e1beis<\/strong> (Turma Complementar) <strong>(Finalizado)<\/strong><br \/>\n<strong>Institui\u00e7\u00e3o Promotora:<\/strong>\u00a0Universidade do Vale do Rio dos Sinos &#8211; Unisinos<br \/>\n<strong>Coordenador:<\/strong>\u00a0Prof. Dr. Jos\u00e9 Sueldo C\u00e2mara Ferreira<\/p>\n<p><a href=\"https:\/\/sucupira.capes.gov.br\/sucupira\/public\/consultas\/coleta\/programa\/viewPrograma.jsf?popup=true&amp;cd_programa=42007011008P8\" target=\"_blank\" rel=\"noopener\">Plataforma Sucupira<\/a><\/p>\n<p>&nbsp;<\/p>\n","protected":false},"excerpt":{"rendered":"<p>Doutorado Interinstitucional em Geografia (Mar\u00e7o\/2026) Institui\u00e7\u00e3o Promotora:\u00a0Universidade Federal do Rio Grande do Norte &#8211; UFRN Institui\u00e7\u00e3o Receptora:\u00a0Universidade do Estado do Rio Grande do Norte &#8211; UERN Coordenador:\u00a0Prof. Dr. Josiel de Alencar Guedes Plataforma Sucupira Doutorado Interinstitucional em M\u00fasica (Mar\u00e7o\/2026) Institui\u00e7\u00e3o Promotora: Universidade Federal do Estado do Rio de Janeiro (UNIRIO) Institui\u00e7\u00e3o Receptora:\u00a0Universidade do Estado do [&hellip;]<\/p>\n","protected":false},"author":2,"featured_media":0,"parent":0,"menu_order":0,"comment_status":"closed","ping_status":"closed","template":"","meta":{"footnotes":""},"class_list":["post-1019","page","type-page","status-publish","hentry"],"_links":{"self":[{"href":"https:\/\/portal.uern.br\/propeg\/wp-json\/wp\/v2\/pages\/1019","targetHints":{"allow":["GET"]}}],"collection":[{"href":"https:\/\/portal.uern.br\/propeg\/wp-json\/wp\/v2\/pages"}],"about":[{"href":"https:\/\/portal.uern.br\/propeg\/wp-json\/wp\/v2\/types\/page"}],"author":[{"embeddable":true,"href":"https:\/\/portal.uern.br\/propeg\/wp-json\/wp\/v2\/users\/2"}],"replies":[{"embeddable":true,"href":"https:\/\/portal.uern.br\/propeg\/wp-json\/wp\/v2\/comments?post=1019"}],"version-history":[{"count":16,"href":"https:\/\/portal.uern.br\/propeg\/wp-json\/wp\/v2\/pages\/1019\/revisions"}],"predecessor-version":[{"id":3896,"href":"https:\/\/portal.uern.br\/propeg\/wp-json\/wp\/v2\/pages\/1019\/revisions\/3896"}],"wp:attachment":[{"href":"https:\/\/portal.uern.br\/propeg\/wp-json\/wp\/v2\/media?parent=1019"}],"curies":[{"name":"wp","href":"https:\/\/api.w.org\/{rel}","templated":true}]}}