{"id":800,"date":"2024-08-30T09:49:48","date_gmt":"2024-08-30T12:49:48","guid":{"rendered":"https:\/\/portal.uern.br\/propeg\/uernciencia\/?page_id=800"},"modified":"2024-10-31T08:26:32","modified_gmt":"2024-10-31T11:26:32","slug":"tecnologia","status":"publish","type":"page","link":"https:\/\/portal.uern.br\/propeg\/uernciencia\/tecnologia\/","title":{"rendered":"Tecnologia"},"content":{"rendered":"\t\t<div data-elementor-type=\"wp-page\" data-elementor-id=\"800\" class=\"elementor elementor-800\" data-elementor-post-type=\"page\">\n\t\t\t\t<div class=\"elementor-element elementor-element-7e2159f e-flex e-con-boxed e-con e-parent\" data-id=\"7e2159f\" data-element_type=\"container\">\n\t\t\t\t\t<div class=\"e-con-inner\">\n\t\t\t\t<div class=\"elementor-element elementor-element-37fb5d6 elementor-widget elementor-widget-jet-listing-grid\" data-id=\"37fb5d6\" data-element_type=\"widget\" data-settings=\"{&quot;columns&quot;:&quot;3&quot;,&quot;columns_mobile&quot;:&quot;1&quot;}\" data-widget_type=\"jet-listing-grid.default\">\n\t\t\t\t<div class=\"elementor-widget-container\">\n\t\t\t\t\t<div class=\"jet-listing-grid jet-listing\"><div class=\"jet-listing-grid__items grid-col-desk-3 grid-col-tablet-3 grid-col-mobile-1 jet-listing-grid--542\" data-queried-id=\"800|WP_Post\" data-nav=\"{&quot;enabled&quot;:false,&quot;type&quot;:null,&quot;more_el&quot;:null,&quot;query&quot;:[],&quot;widget_settings&quot;:{&quot;lisitng_id&quot;:542,&quot;posts_num&quot;:6,&quot;columns&quot;:3,&quot;columns_tablet&quot;:3,&quot;columns_mobile&quot;:1,&quot;column_min_width&quot;:240,&quot;column_min_width_tablet&quot;:240,&quot;column_min_width_mobile&quot;:240,&quot;inline_columns_css&quot;:false,&quot;is_archive_template&quot;:&quot;&quot;,&quot;post_status&quot;:[&quot;publish&quot;],&quot;use_random_posts_num&quot;:&quot;&quot;,&quot;max_posts_num&quot;:9,&quot;not_found_message&quot;:&quot;No data was found&quot;,&quot;is_masonry&quot;:false,&quot;equal_columns_height&quot;:&quot;&quot;,&quot;use_load_more&quot;:&quot;&quot;,&quot;load_more_id&quot;:&quot;&quot;,&quot;load_more_type&quot;:&quot;click&quot;,&quot;load_more_offset&quot;:{&quot;unit&quot;:&quot;px&quot;,&quot;size&quot;:0,&quot;sizes&quot;:[]},&quot;use_custom_post_types&quot;:&quot;&quot;,&quot;custom_post_types&quot;:[],&quot;hide_widget_if&quot;:&quot;&quot;,&quot;carousel_enabled&quot;:&quot;&quot;,&quot;slides_to_scroll&quot;:&quot;1&quot;,&quot;arrows&quot;:&quot;true&quot;,&quot;arrow_icon&quot;:&quot;fa fa-angle-left&quot;,&quot;dots&quot;:&quot;&quot;,&quot;autoplay&quot;:&quot;true&quot;,&quot;pause_on_hover&quot;:&quot;true&quot;,&quot;autoplay_speed&quot;:5000,&quot;infinite&quot;:&quot;true&quot;,&quot;center_mode&quot;:&quot;&quot;,&quot;effect&quot;:&quot;slide&quot;,&quot;speed&quot;:500,&quot;inject_alternative_items&quot;:&quot;&quot;,&quot;injection_items&quot;:[],&quot;scroll_slider_enabled&quot;:&quot;&quot;,&quot;scroll_slider_on&quot;:[&quot;desktop&quot;,&quot;tablet&quot;,&quot;mobile&quot;],&quot;custom_query&quot;:false,&quot;custom_query_id&quot;:&quot;&quot;,&quot;_element_id&quot;:&quot;&quot;,&quot;collapse_first_last_gap&quot;:false,&quot;list_tag_selection&quot;:&quot;&quot;,&quot;list_items_wrapper_tag&quot;:&quot;div&quot;,&quot;list_item_tag&quot;:&quot;div&quot;,&quot;empty_items_wrapper_tag&quot;:&quot;div&quot;}}\" data-page=\"1\" data-pages=\"1\" data-listing-source=\"posts\" data-listing-id=\"542\" data-query-id=\"\"><div class=\"jet-listing-grid__item jet-listing-dynamic-post-918\" data-post-id=\"918\"  >\t\t<div data-elementor-type=\"jet-listing-items\" data-elementor-id=\"542\" class=\"elementor elementor-542\" data-elementor-post-type=\"jet-engine\">\n\t\t\t\t<div class=\"elementor-element elementor-element-f0a6f17 e-flex e-con-boxed e-con e-parent\" data-id=\"f0a6f17\" data-element_type=\"container\" data-settings=\"{&quot;background_background&quot;:&quot;classic&quot;}\">\n\t\t\t\t\t<div class=\"e-con-inner\">\n\t\t\t\t<div class=\"elementor-element elementor-element-f436b65 elementor-widget elementor-widget-image\" data-id=\"f436b65\" data-element_type=\"widget\" data-widget_type=\"image.default\">\n\t\t\t\t<div class=\"elementor-widget-container\">\n\t\t\t\t\t\t\t\t\t\t\t\t\t\t\t<img fetchpriority=\"high\" decoding=\"async\" width=\"418\" height=\"308\" src=\"https:\/\/portal.uern.br\/propeg\/uernciencia\/wp-content\/uploads\/sites\/5\/2025\/09\/Pesquisa-Petroleo-2.jpeg\" class=\"attachment-medium_large size-medium_large wp-image-924\" alt=\"\" srcset=\"https:\/\/portal.uern.br\/propeg\/uernciencia\/wp-content\/uploads\/sites\/5\/2025\/09\/Pesquisa-Petroleo-2.jpeg 418w, https:\/\/portal.uern.br\/propeg\/uernciencia\/wp-content\/uploads\/sites\/5\/2025\/09\/Pesquisa-Petroleo-2-300x221.jpeg 300w\" sizes=\"(max-width: 418px) 100vw, 418px\" \/>\t\t\t\t\t\t\t\t\t\t\t\t\t\t\t<\/div>\n\t\t\t\t<\/div>\n\t\t\t\t<div class=\"elementor-element elementor-element-14e001f elementor-widget elementor-widget-heading\" data-id=\"14e001f\" data-element_type=\"widget\" data-widget_type=\"heading.default\">\n\t\t\t\t<div class=\"elementor-widget-container\">\n\t\t\t\t\t<h2 class=\"elementor-heading-title elementor-size-default\"><a href=\"https:\/\/portal.uern.br\/propeg\/uernciencia\/pesquisadores-desenvolvem-metodo-que-simplifica-operacao-de-tratamento-de-agua-no-setor-petrolifero\/\">Pesquisadores desenvolvem m\u00e9todo que simplifica opera\u00e7\u00e3o de tratamento de \u00e1gua no setor petrol\u00edfero<\/a><\/h2>\t\t\t\t<\/div>\n\t\t\t\t<\/div>\n\t\t\t\t\t<\/div>\n\t\t\t\t<\/div>\n\t\t\t\t<\/div>\n\t\t<\/div><div class=\"jet-listing-grid__item jet-listing-dynamic-post-666\" data-post-id=\"666\"  >\t\t<div data-elementor-type=\"jet-listing-items\" data-elementor-id=\"542\" class=\"elementor elementor-542\" data-elementor-post-type=\"jet-engine\">\n\t\t\t\t<div class=\"elementor-element elementor-element-f0a6f17 e-flex e-con-boxed e-con e-parent\" data-id=\"f0a6f17\" data-element_type=\"container\" data-settings=\"{&quot;background_background&quot;:&quot;classic&quot;}\">\n\t\t\t\t\t<div class=\"e-con-inner\">\n\t\t\t\t<div class=\"elementor-element elementor-element-f436b65 elementor-widget elementor-widget-image\" data-id=\"f436b65\" data-element_type=\"widget\" data-widget_type=\"image.default\">\n\t\t\t\t<div class=\"elementor-widget-container\">\n\t\t\t\t\t\t\t\t\t\t\t\t\t\t\t<img decoding=\"async\" width=\"768\" height=\"512\" src=\"https:\/\/portal.uern.br\/propeg\/uernciencia\/wp-content\/uploads\/sites\/5\/2024\/10\/Roboldo-768x512.jpg\" class=\"attachment-medium_large size-medium_large wp-image-667\" alt=\"\" srcset=\"https:\/\/portal.uern.br\/propeg\/uernciencia\/wp-content\/uploads\/sites\/5\/2024\/10\/Roboldo-768x512.jpg 768w, https:\/\/portal.uern.br\/propeg\/uernciencia\/wp-content\/uploads\/sites\/5\/2024\/10\/Roboldo-300x200.jpg 300w, https:\/\/portal.uern.br\/propeg\/uernciencia\/wp-content\/uploads\/sites\/5\/2024\/10\/Roboldo-1024x683.jpg 1024w, https:\/\/portal.uern.br\/propeg\/uernciencia\/wp-content\/uploads\/sites\/5\/2024\/10\/Roboldo-1536x1024.jpg 1536w, https:\/\/portal.uern.br\/propeg\/uernciencia\/wp-content\/uploads\/sites\/5\/2024\/10\/Roboldo-2048x1365.jpg 2048w\" sizes=\"(max-width: 768px) 100vw, 768px\" \/>\t\t\t\t\t\t\t\t\t\t\t\t\t\t\t<\/div>\n\t\t\t\t<\/div>\n\t\t\t\t<div class=\"elementor-element elementor-element-14e001f elementor-widget elementor-widget-heading\" data-id=\"14e001f\" data-element_type=\"widget\" data-widget_type=\"heading.default\">\n\t\t\t\t<div class=\"elementor-widget-container\">\n\t\t\t\t\t<h2 class=\"elementor-heading-title elementor-size-default\"><a href=\"https:\/\/portal.uern.br\/propeg\/uernciencia\/robo-afetivo-tecnologia-capaz-de-auxiliar-no-desenvolvimento-humano\/\">Rob\u00f4 afetivo: tecnologia capaz de auxiliar no desenvolvimento humano<\/a><\/h2>\t\t\t\t<\/div>\n\t\t\t\t<\/div>\n\t\t\t\t\t<\/div>\n\t\t\t\t<\/div>\n\t\t\t\t<\/div>\n\t\t<\/div><\/div><\/div>\t\t\t\t<\/div>\n\t\t\t\t<\/div>\n\t\t\t\t\t<\/div>\n\t\t\t\t<\/div>\n\t\t\t\t<\/div>\n\t\t","protected":false},"excerpt":{"rendered":"","protected":false},"author":1,"featured_media":0,"parent":0,"menu_order":0,"comment_status":"closed","ping_status":"closed","template":"","meta":{"footnotes":""},"class_list":["post-800","page","type-page","status-publish","hentry"],"_links":{"self":[{"href":"https:\/\/portal.uern.br\/propeg\/uernciencia\/wp-json\/wp\/v2\/pages\/800","targetHints":{"allow":["GET"]}}],"collection":[{"href":"https:\/\/portal.uern.br\/propeg\/uernciencia\/wp-json\/wp\/v2\/pages"}],"about":[{"href":"https:\/\/portal.uern.br\/propeg\/uernciencia\/wp-json\/wp\/v2\/types\/page"}],"author":[{"embeddable":true,"href":"https:\/\/portal.uern.br\/propeg\/uernciencia\/wp-json\/wp\/v2\/users\/1"}],"replies":[{"embeddable":true,"href":"https:\/\/portal.uern.br\/propeg\/uernciencia\/wp-json\/wp\/v2\/comments?post=800"}],"version-history":[{"count":7,"href":"https:\/\/portal.uern.br\/propeg\/uernciencia\/wp-json\/wp\/v2\/pages\/800\/revisions"}],"predecessor-version":[{"id":861,"href":"https:\/\/portal.uern.br\/propeg\/uernciencia\/wp-json\/wp\/v2\/pages\/800\/revisions\/861"}],"wp:attachment":[{"href":"https:\/\/portal.uern.br\/propeg\/uernciencia\/wp-json\/wp\/v2\/media?parent=800"}],"curies":[{"name":"wp","href":"https:\/\/api.w.org\/{rel}","templated":true}]}}