{"id":795,"date":"2024-08-30T09:48:26","date_gmt":"2024-08-30T12:48:26","guid":{"rendered":"https:\/\/portal.uern.br\/propeg\/uernciencia\/?page_id=795"},"modified":"2024-10-31T08:25:10","modified_gmt":"2024-10-31T11:25:10","slug":"sociedade","status":"publish","type":"page","link":"https:\/\/portal.uern.br\/propeg\/uernciencia\/sociedade\/","title":{"rendered":"Sociedade"},"content":{"rendered":"\t\t<div data-elementor-type=\"wp-page\" data-elementor-id=\"795\" class=\"elementor elementor-795\" data-elementor-post-type=\"page\">\n\t\t\t\t<div class=\"elementor-element elementor-element-26d0747 e-flex e-con-boxed e-con e-parent\" data-id=\"26d0747\" data-element_type=\"container\">\n\t\t\t\t\t<div class=\"e-con-inner\">\n\t\t\t\t<div class=\"elementor-element elementor-element-86684c8 elementor-widget elementor-widget-jet-listing-grid\" data-id=\"86684c8\" data-element_type=\"widget\" data-settings=\"{&quot;columns&quot;:3,&quot;columns_mobile&quot;:&quot;1&quot;}\" data-widget_type=\"jet-listing-grid.default\">\n\t\t\t\t<div class=\"elementor-widget-container\">\n\t\t\t\t\t<div class=\"jet-listing-grid jet-listing\"><div class=\"jet-listing-grid__items grid-col-desk-3 grid-col-tablet-3 grid-col-mobile-1 jet-listing-grid--542\" data-queried-id=\"795|WP_Post\" data-nav=\"{&quot;enabled&quot;:false,&quot;type&quot;:null,&quot;more_el&quot;:null,&quot;query&quot;:[],&quot;widget_settings&quot;:{&quot;lisitng_id&quot;:542,&quot;posts_num&quot;:6,&quot;columns&quot;:3,&quot;columns_tablet&quot;:3,&quot;columns_mobile&quot;:1,&quot;column_min_width&quot;:240,&quot;column_min_width_tablet&quot;:240,&quot;column_min_width_mobile&quot;:240,&quot;inline_columns_css&quot;:false,&quot;is_archive_template&quot;:&quot;&quot;,&quot;post_status&quot;:[&quot;publish&quot;],&quot;use_random_posts_num&quot;:&quot;&quot;,&quot;max_posts_num&quot;:9,&quot;not_found_message&quot;:&quot;N\\u00e3o existem mat\\u00e9rias produzidas&quot;,&quot;is_masonry&quot;:false,&quot;equal_columns_height&quot;:&quot;&quot;,&quot;use_load_more&quot;:&quot;&quot;,&quot;load_more_id&quot;:&quot;&quot;,&quot;load_more_type&quot;:&quot;click&quot;,&quot;load_more_offset&quot;:{&quot;unit&quot;:&quot;px&quot;,&quot;size&quot;:0,&quot;sizes&quot;:[]},&quot;use_custom_post_types&quot;:&quot;&quot;,&quot;custom_post_types&quot;:[],&quot;hide_widget_if&quot;:&quot;&quot;,&quot;carousel_enabled&quot;:&quot;&quot;,&quot;slides_to_scroll&quot;:&quot;1&quot;,&quot;arrows&quot;:&quot;true&quot;,&quot;arrow_icon&quot;:&quot;fa fa-angle-left&quot;,&quot;dots&quot;:&quot;&quot;,&quot;autoplay&quot;:&quot;true&quot;,&quot;pause_on_hover&quot;:&quot;true&quot;,&quot;autoplay_speed&quot;:5000,&quot;infinite&quot;:&quot;true&quot;,&quot;center_mode&quot;:&quot;&quot;,&quot;effect&quot;:&quot;slide&quot;,&quot;speed&quot;:500,&quot;inject_alternative_items&quot;:&quot;&quot;,&quot;injection_items&quot;:[],&quot;scroll_slider_enabled&quot;:&quot;&quot;,&quot;scroll_slider_on&quot;:[&quot;desktop&quot;,&quot;tablet&quot;,&quot;mobile&quot;],&quot;custom_query&quot;:false,&quot;custom_query_id&quot;:&quot;&quot;,&quot;_element_id&quot;:&quot;&quot;,&quot;collapse_first_last_gap&quot;:false,&quot;list_tag_selection&quot;:&quot;&quot;,&quot;list_items_wrapper_tag&quot;:&quot;div&quot;,&quot;list_item_tag&quot;:&quot;div&quot;,&quot;empty_items_wrapper_tag&quot;:&quot;div&quot;}}\" data-page=\"1\" data-pages=\"1\" data-listing-source=\"posts\" data-listing-id=\"542\" data-query-id=\"\"><div class=\"jet-listing-grid__item jet-listing-dynamic-post-927\" data-post-id=\"927\"  >\t\t<div data-elementor-type=\"jet-listing-items\" data-elementor-id=\"542\" class=\"elementor elementor-542\" data-elementor-post-type=\"jet-engine\">\n\t\t\t\t<div class=\"elementor-element elementor-element-f0a6f17 e-flex e-con-boxed e-con e-parent\" data-id=\"f0a6f17\" data-element_type=\"container\" data-settings=\"{&quot;background_background&quot;:&quot;classic&quot;}\">\n\t\t\t\t\t<div class=\"e-con-inner\">\n\t\t\t\t<div class=\"elementor-element elementor-element-f436b65 elementor-widget elementor-widget-image\" data-id=\"f436b65\" data-element_type=\"widget\" data-widget_type=\"image.default\">\n\t\t\t\t<div class=\"elementor-widget-container\">\n\t\t\t\t\t\t\t\t\t\t\t\t\t\t\t<img fetchpriority=\"high\" decoding=\"async\" width=\"768\" height=\"470\" src=\"https:\/\/portal.uern.br\/propeg\/uernciencia\/wp-content\/uploads\/sites\/5\/2025\/10\/Praca-de-Convivencia-768x470.jpeg\" class=\"attachment-medium_large size-medium_large wp-image-928\" alt=\"\" srcset=\"https:\/\/portal.uern.br\/propeg\/uernciencia\/wp-content\/uploads\/sites\/5\/2025\/10\/Praca-de-Convivencia-768x470.jpeg 768w, https:\/\/portal.uern.br\/propeg\/uernciencia\/wp-content\/uploads\/sites\/5\/2025\/10\/Praca-de-Convivencia-300x184.jpeg 300w, https:\/\/portal.uern.br\/propeg\/uernciencia\/wp-content\/uploads\/sites\/5\/2025\/10\/Praca-de-Convivencia-1024x627.jpeg 1024w, https:\/\/portal.uern.br\/propeg\/uernciencia\/wp-content\/uploads\/sites\/5\/2025\/10\/Praca-de-Convivencia.jpeg 1080w\" sizes=\"(max-width: 768px) 100vw, 768px\" \/>\t\t\t\t\t\t\t\t\t\t\t\t\t\t\t<\/div>\n\t\t\t\t<\/div>\n\t\t\t\t<div class=\"elementor-element elementor-element-14e001f elementor-widget elementor-widget-heading\" data-id=\"14e001f\" data-element_type=\"widget\" data-widget_type=\"heading.default\">\n\t\t\t\t<div class=\"elementor-widget-container\">\n\t\t\t\t\t<h2 class=\"elementor-heading-title elementor-size-default\"><a href=\"https:\/\/portal.uern.br\/propeg\/uernciencia\/pesquisa-investiga-transformacoes-urbanas-e-efeitos-da-requalificacao-no-centro-de-mossoro\/\">Pesquisa investiga transforma\u00e7\u00f5es urbanas e efeitos da requalifica\u00e7\u00e3o no centro de Mossor\u00f3<\/a><\/h2>\t\t\t\t<\/div>\n\t\t\t\t<\/div>\n\t\t\t\t\t<\/div>\n\t\t\t\t<\/div>\n\t\t\t\t<\/div>\n\t\t<\/div><div class=\"jet-listing-grid__item jet-listing-dynamic-post-896\" data-post-id=\"896\"  >\t\t<div data-elementor-type=\"jet-listing-items\" data-elementor-id=\"542\" class=\"elementor elementor-542\" data-elementor-post-type=\"jet-engine\">\n\t\t\t\t<div class=\"elementor-element elementor-element-f0a6f17 e-flex e-con-boxed e-con e-parent\" data-id=\"f0a6f17\" data-element_type=\"container\" data-settings=\"{&quot;background_background&quot;:&quot;classic&quot;}\">\n\t\t\t\t\t<div class=\"e-con-inner\">\n\t\t\t\t<div class=\"elementor-element elementor-element-f436b65 elementor-widget elementor-widget-image\" data-id=\"f436b65\" data-element_type=\"widget\" data-widget_type=\"image.default\">\n\t\t\t\t<div class=\"elementor-widget-container\">\n\t\t\t\t\t\t\t\t\t\t\t\t\t\t\t<img decoding=\"async\" width=\"768\" height=\"512\" src=\"https:\/\/portal.uern.br\/propeg\/uernciencia\/wp-content\/uploads\/sites\/5\/2025\/07\/Rafael-Mossoroense-2025-768x512.png\" class=\"attachment-medium_large size-medium_large wp-image-897\" alt=\"\" srcset=\"https:\/\/portal.uern.br\/propeg\/uernciencia\/wp-content\/uploads\/sites\/5\/2025\/07\/Rafael-Mossoroense-2025-768x512.png 768w, https:\/\/portal.uern.br\/propeg\/uernciencia\/wp-content\/uploads\/sites\/5\/2025\/07\/Rafael-Mossoroense-2025-300x200.png 300w, https:\/\/portal.uern.br\/propeg\/uernciencia\/wp-content\/uploads\/sites\/5\/2025\/07\/Rafael-Mossoroense-2025-1024x683.png 1024w, https:\/\/portal.uern.br\/propeg\/uernciencia\/wp-content\/uploads\/sites\/5\/2025\/07\/Rafael-Mossoroense-2025-1536x1024.png 1536w, https:\/\/portal.uern.br\/propeg\/uernciencia\/wp-content\/uploads\/sites\/5\/2025\/07\/Rafael-Mossoroense-2025.png 1599w\" sizes=\"(max-width: 768px) 100vw, 768px\" \/>\t\t\t\t\t\t\t\t\t\t\t\t\t\t\t<\/div>\n\t\t\t\t<\/div>\n\t\t\t\t<div class=\"elementor-element elementor-element-14e001f elementor-widget elementor-widget-heading\" data-id=\"14e001f\" data-element_type=\"widget\" data-widget_type=\"heading.default\">\n\t\t\t\t<div class=\"elementor-widget-container\">\n\t\t\t\t\t<h2 class=\"elementor-heading-title elementor-size-default\"><a href=\"https:\/\/portal.uern.br\/propeg\/uernciencia\/projeto-procurando-rafael-encontra-faceta-de-rafael-mossoroense-da-gloria\/\">Projeto \u201cProcurando Rafael\u201d encontra faceta de Rafael Mossoroense da Gl\u00f3ria<\/a><\/h2>\t\t\t\t<\/div>\n\t\t\t\t<\/div>\n\t\t\t\t\t<\/div>\n\t\t\t\t<\/div>\n\t\t\t\t<\/div>\n\t\t<\/div><div class=\"jet-listing-grid__item jet-listing-dynamic-post-902\" data-post-id=\"902\"  >\t\t<div data-elementor-type=\"jet-listing-items\" data-elementor-id=\"542\" class=\"elementor elementor-542\" data-elementor-post-type=\"jet-engine\">\n\t\t\t\t<div class=\"elementor-element elementor-element-f0a6f17 e-flex e-con-boxed e-con e-parent\" data-id=\"f0a6f17\" data-element_type=\"container\" data-settings=\"{&quot;background_background&quot;:&quot;classic&quot;}\">\n\t\t\t\t\t<div class=\"e-con-inner\">\n\t\t\t\t<div class=\"elementor-element elementor-element-f436b65 elementor-widget elementor-widget-image\" data-id=\"f436b65\" data-element_type=\"widget\" data-widget_type=\"image.default\">\n\t\t\t\t<div class=\"elementor-widget-container\">\n\t\t\t\t\t\t\t\t\t\t\t\t\t\t\t<img decoding=\"async\" width=\"768\" height=\"432\" src=\"https:\/\/portal.uern.br\/propeg\/uernciencia\/wp-content\/uploads\/sites\/5\/2025\/08\/warao-1024x576-1-768x432.jpeg\" class=\"attachment-medium_large size-medium_large wp-image-903\" alt=\"\" srcset=\"https:\/\/portal.uern.br\/propeg\/uernciencia\/wp-content\/uploads\/sites\/5\/2025\/08\/warao-1024x576-1-768x432.jpeg 768w, https:\/\/portal.uern.br\/propeg\/uernciencia\/wp-content\/uploads\/sites\/5\/2025\/08\/warao-1024x576-1-300x169.jpeg 300w, https:\/\/portal.uern.br\/propeg\/uernciencia\/wp-content\/uploads\/sites\/5\/2025\/08\/warao-1024x576-1.jpeg 1024w\" sizes=\"(max-width: 768px) 100vw, 768px\" \/>\t\t\t\t\t\t\t\t\t\t\t\t\t\t\t<\/div>\n\t\t\t\t<\/div>\n\t\t\t\t<div class=\"elementor-element elementor-element-14e001f elementor-widget elementor-widget-heading\" data-id=\"14e001f\" data-element_type=\"widget\" data-widget_type=\"heading.default\">\n\t\t\t\t<div class=\"elementor-widget-container\">\n\t\t\t\t\t<h2 class=\"elementor-heading-title elementor-size-default\"><a href=\"https:\/\/portal.uern.br\/propeg\/uernciencia\/pesquisa-aponta-situacao-de-vulnerabilidade-dos-indigenas-warao-em-mossoro\/\">Pesquisa aponta situa\u00e7\u00e3o de vulnerabilidade dos ind\u00edgenas Warao em Mossor\u00f3<\/a><\/h2>\t\t\t\t<\/div>\n\t\t\t\t<\/div>\n\t\t\t\t\t<\/div>\n\t\t\t\t<\/div>\n\t\t\t\t<\/div>\n\t\t<\/div><div class=\"jet-listing-grid__item jet-listing-dynamic-post-891\" data-post-id=\"891\"  >\t\t<div data-elementor-type=\"jet-listing-items\" data-elementor-id=\"542\" class=\"elementor elementor-542\" data-elementor-post-type=\"jet-engine\">\n\t\t\t\t<div class=\"elementor-element elementor-element-f0a6f17 e-flex e-con-boxed e-con e-parent\" data-id=\"f0a6f17\" data-element_type=\"container\" data-settings=\"{&quot;background_background&quot;:&quot;classic&quot;}\">\n\t\t\t\t\t<div class=\"e-con-inner\">\n\t\t\t\t<div class=\"elementor-element elementor-element-f436b65 elementor-widget elementor-widget-image\" data-id=\"f436b65\" data-element_type=\"widget\" data-widget_type=\"image.default\">\n\t\t\t\t<div class=\"elementor-widget-container\">\n\t\t\t\t\t\t\t\t\t\t\t\t\t\t\t<img loading=\"lazy\" decoding=\"async\" width=\"768\" height=\"511\" src=\"https:\/\/portal.uern.br\/propeg\/uernciencia\/wp-content\/uploads\/sites\/5\/2025\/05\/Pesquisa-Redes-Sociais-1-768x511.jpeg\" class=\"attachment-medium_large size-medium_large wp-image-892\" alt=\"\" srcset=\"https:\/\/portal.uern.br\/propeg\/uernciencia\/wp-content\/uploads\/sites\/5\/2025\/05\/Pesquisa-Redes-Sociais-1-768x511.jpeg 768w, https:\/\/portal.uern.br\/propeg\/uernciencia\/wp-content\/uploads\/sites\/5\/2025\/05\/Pesquisa-Redes-Sociais-1-300x200.jpeg 300w, https:\/\/portal.uern.br\/propeg\/uernciencia\/wp-content\/uploads\/sites\/5\/2025\/05\/Pesquisa-Redes-Sociais-1-1024x682.jpeg 1024w, https:\/\/portal.uern.br\/propeg\/uernciencia\/wp-content\/uploads\/sites\/5\/2025\/05\/Pesquisa-Redes-Sociais-1.jpeg 1080w\" sizes=\"(max-width: 768px) 100vw, 768px\" \/>\t\t\t\t\t\t\t\t\t\t\t\t\t\t\t<\/div>\n\t\t\t\t<\/div>\n\t\t\t\t<div class=\"elementor-element elementor-element-14e001f elementor-widget elementor-widget-heading\" data-id=\"14e001f\" data-element_type=\"widget\" data-widget_type=\"heading.default\">\n\t\t\t\t<div class=\"elementor-widget-container\">\n\t\t\t\t\t<h2 class=\"elementor-heading-title elementor-size-default\"><a href=\"https:\/\/portal.uern.br\/propeg\/uernciencia\/estudo-avalia-impacto-das-redes-sociais-nas-eleicoes-de-2018\/\">Estudo avalia impacto das redes sociais nas elei\u00e7\u00f5es de 2018<\/a><\/h2>\t\t\t\t<\/div>\n\t\t\t\t<\/div>\n\t\t\t\t\t<\/div>\n\t\t\t\t<\/div>\n\t\t\t\t<\/div>\n\t\t<\/div><div class=\"jet-listing-grid__item jet-listing-dynamic-post-899\" data-post-id=\"899\"  >\t\t<div data-elementor-type=\"jet-listing-items\" data-elementor-id=\"542\" class=\"elementor elementor-542\" data-elementor-post-type=\"jet-engine\">\n\t\t\t\t<div class=\"elementor-element elementor-element-f0a6f17 e-flex e-con-boxed e-con e-parent\" data-id=\"f0a6f17\" data-element_type=\"container\" data-settings=\"{&quot;background_background&quot;:&quot;classic&quot;}\">\n\t\t\t\t\t<div class=\"e-con-inner\">\n\t\t\t\t<div class=\"elementor-element elementor-element-f436b65 elementor-widget elementor-widget-image\" data-id=\"f436b65\" data-element_type=\"widget\" data-widget_type=\"image.default\">\n\t\t\t\t<div class=\"elementor-widget-container\">\n\t\t\t\t\t\t\t\t\t\t\t\t\t\t\t<img loading=\"lazy\" decoding=\"async\" width=\"768\" height=\"576\" src=\"https:\/\/portal.uern.br\/propeg\/uernciencia\/wp-content\/uploads\/sites\/5\/2025\/08\/Pesquisa-Meu-Melhor-Natal-768x576.jpg\" class=\"attachment-medium_large size-medium_large wp-image-900\" alt=\"\" srcset=\"https:\/\/portal.uern.br\/propeg\/uernciencia\/wp-content\/uploads\/sites\/5\/2025\/08\/Pesquisa-Meu-Melhor-Natal-768x576.jpg 768w, https:\/\/portal.uern.br\/propeg\/uernciencia\/wp-content\/uploads\/sites\/5\/2025\/08\/Pesquisa-Meu-Melhor-Natal-300x225.jpg 300w, https:\/\/portal.uern.br\/propeg\/uernciencia\/wp-content\/uploads\/sites\/5\/2025\/08\/Pesquisa-Meu-Melhor-Natal.jpg 1024w\" sizes=\"(max-width: 768px) 100vw, 768px\" \/>\t\t\t\t\t\t\t\t\t\t\t\t\t\t\t<\/div>\n\t\t\t\t<\/div>\n\t\t\t\t<div class=\"elementor-element elementor-element-14e001f elementor-widget elementor-widget-heading\" data-id=\"14e001f\" data-element_type=\"widget\" data-widget_type=\"heading.default\">\n\t\t\t\t<div class=\"elementor-widget-container\">\n\t\t\t\t\t<h2 class=\"elementor-heading-title elementor-size-default\"><a href=\"https:\/\/portal.uern.br\/propeg\/uernciencia\/pesquisa-aponta-beneficios-do-meu-melhor-natal-na-rotina-dos-servidores-da-uern\/\">Pesquisa aponta benef\u00edcios do \u201cMeu Melhor Natal\u201d na rotina dos servidores da Uern<\/a><\/h2>\t\t\t\t<\/div>\n\t\t\t\t<\/div>\n\t\t\t\t\t<\/div>\n\t\t\t\t<\/div>\n\t\t\t\t<\/div>\n\t\t<\/div><div class=\"jet-listing-grid__item jet-listing-dynamic-post-822\" data-post-id=\"822\"  >\t\t<div data-elementor-type=\"jet-listing-items\" data-elementor-id=\"542\" class=\"elementor elementor-542\" data-elementor-post-type=\"jet-engine\">\n\t\t\t\t<div class=\"elementor-element elementor-element-f0a6f17 e-flex e-con-boxed e-con e-parent\" data-id=\"f0a6f17\" data-element_type=\"container\" data-settings=\"{&quot;background_background&quot;:&quot;classic&quot;}\">\n\t\t\t\t\t<div class=\"e-con-inner\">\n\t\t\t\t<div class=\"elementor-element elementor-element-f436b65 elementor-widget elementor-widget-image\" data-id=\"f436b65\" data-element_type=\"widget\" data-widget_type=\"image.default\">\n\t\t\t\t<div class=\"elementor-widget-container\">\n\t\t\t\t\t\t\t\t\t\t\t\t\t\t\t<img loading=\"lazy\" decoding=\"async\" width=\"768\" height=\"576\" src=\"https:\/\/portal.uern.br\/propeg\/uernciencia\/wp-content\/uploads\/sites\/5\/2024\/10\/Procurando-Rafael-768x576.jpeg\" class=\"attachment-medium_large size-medium_large wp-image-823\" alt=\"\" srcset=\"https:\/\/portal.uern.br\/propeg\/uernciencia\/wp-content\/uploads\/sites\/5\/2024\/10\/Procurando-Rafael-768x576.jpeg 768w, https:\/\/portal.uern.br\/propeg\/uernciencia\/wp-content\/uploads\/sites\/5\/2024\/10\/Procurando-Rafael-300x225.jpeg 300w, https:\/\/portal.uern.br\/propeg\/uernciencia\/wp-content\/uploads\/sites\/5\/2024\/10\/Procurando-Rafael-1024x768.jpeg 1024w, https:\/\/portal.uern.br\/propeg\/uernciencia\/wp-content\/uploads\/sites\/5\/2024\/10\/Procurando-Rafael.jpeg 1080w\" sizes=\"(max-width: 768px) 100vw, 768px\" \/>\t\t\t\t\t\t\t\t\t\t\t\t\t\t\t<\/div>\n\t\t\t\t<\/div>\n\t\t\t\t<div class=\"elementor-element elementor-element-14e001f elementor-widget elementor-widget-heading\" data-id=\"14e001f\" data-element_type=\"widget\" data-widget_type=\"heading.default\">\n\t\t\t\t<div class=\"elementor-widget-container\">\n\t\t\t\t\t<h2 class=\"elementor-heading-title elementor-size-default\"><a href=\"https:\/\/portal.uern.br\/propeg\/uernciencia\/projeto-procurando-rafael-pesquisa-sobre-o-papel-da-pessoa-negra-na-abolicao\/\">Projeto \u201cProcurando Rafael\u201d pesquisa sobre o papel da pessoa negra na aboli\u00e7\u00e3o<\/a><\/h2>\t\t\t\t<\/div>\n\t\t\t\t<\/div>\n\t\t\t\t\t<\/div>\n\t\t\t\t<\/div>\n\t\t\t\t<\/div>\n\t\t<\/div><\/div><\/div>\t\t\t\t<\/div>\n\t\t\t\t<\/div>\n\t\t\t\t\t<\/div>\n\t\t\t\t<\/div>\n\t\t\t\t<\/div>\n\t\t","protected":false},"excerpt":{"rendered":"","protected":false},"author":1,"featured_media":0,"parent":0,"menu_order":0,"comment_status":"closed","ping_status":"closed","template":"","meta":{"footnotes":""},"class_list":["post-795","page","type-page","status-publish","hentry"],"_links":{"self":[{"href":"https:\/\/portal.uern.br\/propeg\/uernciencia\/wp-json\/wp\/v2\/pages\/795","targetHints":{"allow":["GET"]}}],"collection":[{"href":"https:\/\/portal.uern.br\/propeg\/uernciencia\/wp-json\/wp\/v2\/pages"}],"about":[{"href":"https:\/\/portal.uern.br\/propeg\/uernciencia\/wp-json\/wp\/v2\/types\/page"}],"author":[{"embeddable":true,"href":"https:\/\/portal.uern.br\/propeg\/uernciencia\/wp-json\/wp\/v2\/users\/1"}],"replies":[{"embeddable":true,"href":"https:\/\/portal.uern.br\/propeg\/uernciencia\/wp-json\/wp\/v2\/comments?post=795"}],"version-history":[{"count":10,"href":"https:\/\/portal.uern.br\/propeg\/uernciencia\/wp-json\/wp\/v2\/pages\/795\/revisions"}],"predecessor-version":[{"id":858,"href":"https:\/\/portal.uern.br\/propeg\/uernciencia\/wp-json\/wp\/v2\/pages\/795\/revisions\/858"}],"wp:attachment":[{"href":"https:\/\/portal.uern.br\/propeg\/uernciencia\/wp-json\/wp\/v2\/media?parent=795"}],"curies":[{"name":"wp","href":"https:\/\/api.w.org\/{rel}","templated":true}]}}