{"id":785,"date":"2024-08-30T09:45:39","date_gmt":"2024-08-30T12:45:39","guid":{"rendered":"https:\/\/portal.uern.br\/propeg\/uernciencia\/?page_id=785"},"modified":"2024-10-31T08:22:55","modified_gmt":"2024-10-31T11:22:55","slug":"natureza","status":"publish","type":"page","link":"https:\/\/portal.uern.br\/propeg\/uernciencia\/natureza\/","title":{"rendered":"Natureza"},"content":{"rendered":"\t\t<div data-elementor-type=\"wp-page\" data-elementor-id=\"785\" class=\"elementor elementor-785\" data-elementor-post-type=\"page\">\n\t\t\t\t<div class=\"elementor-element elementor-element-5a7042d e-flex e-con-boxed e-con e-parent\" data-id=\"5a7042d\" data-element_type=\"container\">\n\t\t\t\t\t<div class=\"e-con-inner\">\n\t\t\t\t<div class=\"elementor-element elementor-element-1087f88 elementor-widget elementor-widget-jet-listing-grid\" data-id=\"1087f88\" data-element_type=\"widget\" data-settings=\"{&quot;columns&quot;:3,&quot;columns_mobile&quot;:&quot;1&quot;}\" data-widget_type=\"jet-listing-grid.default\">\n\t\t\t\t<div class=\"elementor-widget-container\">\n\t\t\t\t\t<div class=\"jet-listing-grid jet-listing\"><div class=\"jet-listing-grid__items grid-col-desk-3 grid-col-tablet-3 grid-col-mobile-1 jet-listing-grid--542\" data-queried-id=\"785|WP_Post\" data-nav=\"{&quot;enabled&quot;:false,&quot;type&quot;:null,&quot;more_el&quot;:null,&quot;query&quot;:[],&quot;widget_settings&quot;:{&quot;lisitng_id&quot;:542,&quot;posts_num&quot;:6,&quot;columns&quot;:3,&quot;columns_tablet&quot;:3,&quot;columns_mobile&quot;:1,&quot;column_min_width&quot;:240,&quot;column_min_width_tablet&quot;:240,&quot;column_min_width_mobile&quot;:240,&quot;inline_columns_css&quot;:false,&quot;is_archive_template&quot;:&quot;&quot;,&quot;post_status&quot;:[&quot;publish&quot;],&quot;use_random_posts_num&quot;:&quot;&quot;,&quot;max_posts_num&quot;:9,&quot;not_found_message&quot;:&quot;No data was found&quot;,&quot;is_masonry&quot;:false,&quot;equal_columns_height&quot;:&quot;&quot;,&quot;use_load_more&quot;:&quot;&quot;,&quot;load_more_id&quot;:&quot;&quot;,&quot;load_more_type&quot;:&quot;click&quot;,&quot;load_more_offset&quot;:{&quot;unit&quot;:&quot;px&quot;,&quot;size&quot;:0,&quot;sizes&quot;:[]},&quot;use_custom_post_types&quot;:&quot;&quot;,&quot;custom_post_types&quot;:[],&quot;hide_widget_if&quot;:&quot;&quot;,&quot;carousel_enabled&quot;:&quot;&quot;,&quot;slides_to_scroll&quot;:&quot;1&quot;,&quot;arrows&quot;:&quot;true&quot;,&quot;arrow_icon&quot;:&quot;fa fa-angle-left&quot;,&quot;dots&quot;:&quot;&quot;,&quot;autoplay&quot;:&quot;true&quot;,&quot;pause_on_hover&quot;:&quot;true&quot;,&quot;autoplay_speed&quot;:5000,&quot;infinite&quot;:&quot;true&quot;,&quot;center_mode&quot;:&quot;&quot;,&quot;effect&quot;:&quot;slide&quot;,&quot;speed&quot;:500,&quot;inject_alternative_items&quot;:&quot;&quot;,&quot;injection_items&quot;:[],&quot;scroll_slider_enabled&quot;:&quot;&quot;,&quot;scroll_slider_on&quot;:[&quot;desktop&quot;,&quot;tablet&quot;,&quot;mobile&quot;],&quot;custom_query&quot;:false,&quot;custom_query_id&quot;:&quot;&quot;,&quot;_element_id&quot;:&quot;&quot;,&quot;collapse_first_last_gap&quot;:false,&quot;list_tag_selection&quot;:&quot;&quot;,&quot;list_items_wrapper_tag&quot;:&quot;div&quot;,&quot;list_item_tag&quot;:&quot;div&quot;,&quot;empty_items_wrapper_tag&quot;:&quot;div&quot;}}\" data-page=\"1\" data-pages=\"1\" data-listing-source=\"posts\" data-listing-id=\"542\" data-query-id=\"\"><div class=\"jet-listing-grid__item jet-listing-dynamic-post-935\" data-post-id=\"935\"  >\t\t<div data-elementor-type=\"jet-listing-items\" data-elementor-id=\"542\" class=\"elementor elementor-542\" data-elementor-post-type=\"jet-engine\">\n\t\t\t\t<div class=\"elementor-element elementor-element-f0a6f17 e-flex e-con-boxed e-con e-parent\" data-id=\"f0a6f17\" data-element_type=\"container\" data-settings=\"{&quot;background_background&quot;:&quot;classic&quot;}\">\n\t\t\t\t\t<div class=\"e-con-inner\">\n\t\t\t\t<div class=\"elementor-element elementor-element-f436b65 elementor-widget elementor-widget-image\" data-id=\"f436b65\" data-element_type=\"widget\" data-widget_type=\"image.default\">\n\t\t\t\t<div class=\"elementor-widget-container\">\n\t\t\t\t\t\t\t\t\t\t\t\t\t\t\t<img fetchpriority=\"high\" decoding=\"async\" width=\"768\" height=\"576\" src=\"https:\/\/portal.uern.br\/propeg\/uernciencia\/wp-content\/uploads\/sites\/5\/2026\/02\/foto-tibau-1-768x576.jpg\" class=\"attachment-medium_large size-medium_large wp-image-936\" alt=\"\" srcset=\"https:\/\/portal.uern.br\/propeg\/uernciencia\/wp-content\/uploads\/sites\/5\/2026\/02\/foto-tibau-1-768x576.jpg 768w, https:\/\/portal.uern.br\/propeg\/uernciencia\/wp-content\/uploads\/sites\/5\/2026\/02\/foto-tibau-1-300x225.jpg 300w, https:\/\/portal.uern.br\/propeg\/uernciencia\/wp-content\/uploads\/sites\/5\/2026\/02\/foto-tibau-1-1024x768.jpg 1024w, https:\/\/portal.uern.br\/propeg\/uernciencia\/wp-content\/uploads\/sites\/5\/2026\/02\/foto-tibau-1-1536x1152.jpg 1536w, https:\/\/portal.uern.br\/propeg\/uernciencia\/wp-content\/uploads\/sites\/5\/2026\/02\/foto-tibau-1.jpg 1600w\" sizes=\"(max-width: 768px) 100vw, 768px\" \/>\t\t\t\t\t\t\t\t\t\t\t\t\t\t\t<\/div>\n\t\t\t\t<\/div>\n\t\t\t\t<div class=\"elementor-element elementor-element-14e001f elementor-widget elementor-widget-heading\" data-id=\"14e001f\" data-element_type=\"widget\" data-widget_type=\"heading.default\">\n\t\t\t\t<div class=\"elementor-widget-container\">\n\t\t\t\t\t<h2 class=\"elementor-heading-title elementor-size-default\"><a href=\"https:\/\/portal.uern.br\/propeg\/uernciencia\/avanco-do-mar-ameaca-empreendimentos-em-tibau-revela-pesquisa-da-uern\/\">Avan\u00e7o do mar amea\u00e7a empreendimentos em Tibau, revela pesquisa da Uern<\/a><\/h2>\t\t\t\t<\/div>\n\t\t\t\t<\/div>\n\t\t\t\t\t<\/div>\n\t\t\t\t<\/div>\n\t\t\t\t<\/div>\n\t\t<\/div><div class=\"jet-listing-grid__item jet-listing-dynamic-post-905\" data-post-id=\"905\"  >\t\t<div data-elementor-type=\"jet-listing-items\" data-elementor-id=\"542\" class=\"elementor elementor-542\" data-elementor-post-type=\"jet-engine\">\n\t\t\t\t<div class=\"elementor-element elementor-element-f0a6f17 e-flex e-con-boxed e-con e-parent\" data-id=\"f0a6f17\" data-element_type=\"container\" data-settings=\"{&quot;background_background&quot;:&quot;classic&quot;}\">\n\t\t\t\t\t<div class=\"e-con-inner\">\n\t\t\t\t<div class=\"elementor-element elementor-element-f436b65 elementor-widget elementor-widget-image\" data-id=\"f436b65\" data-element_type=\"widget\" data-widget_type=\"image.default\">\n\t\t\t\t<div class=\"elementor-widget-container\">\n\t\t\t\t\t\t\t\t\t\t\t\t\t\t\t<img decoding=\"async\" width=\"768\" height=\"576\" src=\"https:\/\/portal.uern.br\/propeg\/uernciencia\/wp-content\/uploads\/sites\/5\/2025\/08\/Pesquisadores-da-Uern-realizam-pesquisa-sobre-os-impactos-do-Projeto-de-Integracao-do-Rio-Sao-Francisco-nos-rios-intermitentes-do-semiarido-1024x768-1-768x576.jpg\" class=\"attachment-medium_large size-medium_large wp-image-906\" alt=\"\" srcset=\"https:\/\/portal.uern.br\/propeg\/uernciencia\/wp-content\/uploads\/sites\/5\/2025\/08\/Pesquisadores-da-Uern-realizam-pesquisa-sobre-os-impactos-do-Projeto-de-Integracao-do-Rio-Sao-Francisco-nos-rios-intermitentes-do-semiarido-1024x768-1-768x576.jpg 768w, https:\/\/portal.uern.br\/propeg\/uernciencia\/wp-content\/uploads\/sites\/5\/2025\/08\/Pesquisadores-da-Uern-realizam-pesquisa-sobre-os-impactos-do-Projeto-de-Integracao-do-Rio-Sao-Francisco-nos-rios-intermitentes-do-semiarido-1024x768-1-300x225.jpg 300w, https:\/\/portal.uern.br\/propeg\/uernciencia\/wp-content\/uploads\/sites\/5\/2025\/08\/Pesquisadores-da-Uern-realizam-pesquisa-sobre-os-impactos-do-Projeto-de-Integracao-do-Rio-Sao-Francisco-nos-rios-intermitentes-do-semiarido-1024x768-1.jpg 1024w\" sizes=\"(max-width: 768px) 100vw, 768px\" \/>\t\t\t\t\t\t\t\t\t\t\t\t\t\t\t<\/div>\n\t\t\t\t<\/div>\n\t\t\t\t<div class=\"elementor-element elementor-element-14e001f elementor-widget elementor-widget-heading\" data-id=\"14e001f\" data-element_type=\"widget\" data-widget_type=\"heading.default\">\n\t\t\t\t<div class=\"elementor-widget-container\">\n\t\t\t\t\t<h2 class=\"elementor-heading-title elementor-size-default\"><a href=\"https:\/\/portal.uern.br\/propeg\/uernciencia\/pesquisa-avalia-os-impactos-do-projeto-de-integracao-do-rio-sao-francisco-nos-rios-intermitentes-do-semiarido\/\">Pesquisa avalia os impactos do Projeto de Integra\u00e7\u00e3o do Rio S\u00e3o Francisco nos rios intermitentes do semi\u00e1rido<\/a><\/h2>\t\t\t\t<\/div>\n\t\t\t\t<\/div>\n\t\t\t\t\t<\/div>\n\t\t\t\t<\/div>\n\t\t\t\t<\/div>\n\t\t<\/div><div class=\"jet-listing-grid__item jet-listing-dynamic-post-675\" data-post-id=\"675\"  >\t\t<div data-elementor-type=\"jet-listing-items\" data-elementor-id=\"542\" class=\"elementor elementor-542\" data-elementor-post-type=\"jet-engine\">\n\t\t\t\t<div class=\"elementor-element elementor-element-f0a6f17 e-flex e-con-boxed e-con e-parent\" data-id=\"f0a6f17\" data-element_type=\"container\" data-settings=\"{&quot;background_background&quot;:&quot;classic&quot;}\">\n\t\t\t\t\t<div class=\"e-con-inner\">\n\t\t\t\t<div class=\"elementor-element elementor-element-f436b65 elementor-widget elementor-widget-image\" data-id=\"f436b65\" data-element_type=\"widget\" data-widget_type=\"image.default\">\n\t\t\t\t<div class=\"elementor-widget-container\">\n\t\t\t\t\t\t\t\t\t\t\t\t\t\t\t<img decoding=\"async\" width=\"768\" height=\"509\" src=\"https:\/\/portal.uern.br\/propeg\/uernciencia\/wp-content\/uploads\/sites\/5\/2024\/10\/Agua-768x509.jpg\" class=\"attachment-medium_large size-medium_large wp-image-818\" alt=\"\" srcset=\"https:\/\/portal.uern.br\/propeg\/uernciencia\/wp-content\/uploads\/sites\/5\/2024\/10\/Agua-768x509.jpg 768w, https:\/\/portal.uern.br\/propeg\/uernciencia\/wp-content\/uploads\/sites\/5\/2024\/10\/Agua-300x199.jpg 300w, https:\/\/portal.uern.br\/propeg\/uernciencia\/wp-content\/uploads\/sites\/5\/2024\/10\/Agua-1024x678.jpg 1024w, https:\/\/portal.uern.br\/propeg\/uernciencia\/wp-content\/uploads\/sites\/5\/2024\/10\/Agua-1536x1017.jpg 1536w, https:\/\/portal.uern.br\/propeg\/uernciencia\/wp-content\/uploads\/sites\/5\/2024\/10\/Agua-2048x1356.jpg 2048w\" sizes=\"(max-width: 768px) 100vw, 768px\" \/>\t\t\t\t\t\t\t\t\t\t\t\t\t\t\t<\/div>\n\t\t\t\t<\/div>\n\t\t\t\t<div class=\"elementor-element elementor-element-14e001f elementor-widget elementor-widget-heading\" data-id=\"14e001f\" data-element_type=\"widget\" data-widget_type=\"heading.default\">\n\t\t\t\t<div class=\"elementor-widget-container\">\n\t\t\t\t\t<h2 class=\"elementor-heading-title elementor-size-default\"><a href=\"https:\/\/portal.uern.br\/propeg\/uernciencia\/tecnologia-eletroquimica-aliada-no-processo-de-descontaminacao-de-aguas-e-esgotos\/\">Tecnologia eletroqu\u00edmica aliada no processo de descontamina\u00e7\u00e3o de \u00e1guas e esgotos<\/a><\/h2>\t\t\t\t<\/div>\n\t\t\t\t<\/div>\n\t\t\t\t\t<\/div>\n\t\t\t\t<\/div>\n\t\t\t\t<\/div>\n\t\t<\/div><\/div><\/div>\t\t\t\t<\/div>\n\t\t\t\t<\/div>\n\t\t\t\t\t<\/div>\n\t\t\t\t<\/div>\n\t\t\t\t<\/div>\n\t\t","protected":false},"excerpt":{"rendered":"","protected":false},"author":1,"featured_media":0,"parent":0,"menu_order":0,"comment_status":"closed","ping_status":"closed","template":"","meta":{"footnotes":""},"class_list":["post-785","page","type-page","status-publish","hentry"],"_links":{"self":[{"href":"https:\/\/portal.uern.br\/propeg\/uernciencia\/wp-json\/wp\/v2\/pages\/785","targetHints":{"allow":["GET"]}}],"collection":[{"href":"https:\/\/portal.uern.br\/propeg\/uernciencia\/wp-json\/wp\/v2\/pages"}],"about":[{"href":"https:\/\/portal.uern.br\/propeg\/uernciencia\/wp-json\/wp\/v2\/types\/page"}],"author":[{"embeddable":true,"href":"https:\/\/portal.uern.br\/propeg\/uernciencia\/wp-json\/wp\/v2\/users\/1"}],"replies":[{"embeddable":true,"href":"https:\/\/portal.uern.br\/propeg\/uernciencia\/wp-json\/wp\/v2\/comments?post=785"}],"version-history":[{"count":7,"href":"https:\/\/portal.uern.br\/propeg\/uernciencia\/wp-json\/wp\/v2\/pages\/785\/revisions"}],"predecessor-version":[{"id":852,"href":"https:\/\/portal.uern.br\/propeg\/uernciencia\/wp-json\/wp\/v2\/pages\/785\/revisions\/852"}],"wp:attachment":[{"href":"https:\/\/portal.uern.br\/propeg\/uernciencia\/wp-json\/wp\/v2\/media?parent=785"}],"curies":[{"name":"wp","href":"https:\/\/api.w.org\/{rel}","templated":true}]}}