{"id":616,"date":"2024-10-08T08:43:12","date_gmt":"2024-10-08T11:43:12","guid":{"rendered":"https:\/\/portal.uern.br\/propeg\/uernciencia\/?page_id=616"},"modified":"2024-10-31T09:31:37","modified_gmt":"2024-10-31T12:31:37","slug":"nosso-time","status":"publish","type":"page","link":"https:\/\/portal.uern.br\/propeg\/uernciencia\/nosso-time\/","title":{"rendered":"Nosso time"},"content":{"rendered":"<p>Profa. Dra. Cic\u00edlia Raquel Maia Leite<br \/>\nReitora da Uern<\/p>\n<p>Prof. Dr. Francisco Dantas de Medeiros Neto<br \/>\nVice-reitor da Uern<\/p>\n<p>Prof\u00aa. Dr\u00aa. Ellany Gurgel Cosme do Nascimento (Propeg)<br \/>\nPr\u00f3-Reitora de Pesquisa e P\u00f3s-Gradua\u00e7\u00e3o<\/p>\n<p>Prof. Dr. Cl\u00e1udio Lopes de Vasconcelos (Propeg)<br \/>\nPr\u00f3-Reitor Adjunto de Pesquisa e P\u00f3s-Gradua\u00e7\u00e3o<\/p>\n<p>Prof. Dr. Kleberson de Oliveira Porpino (Propeg)<br \/>\nDiretor de Pesquisa<\/p>\n<p>TNM. Ma. Priscilla Felipe de Sousa (Propeg)<br \/>\nDiretora da Ag\u00eancia Uern Inova<\/p>\n<p>Iuska Kaliany Freire de Oliveira<br \/>\nDiretora da Ag\u00eancia de Comunica\u00e7\u00e3o da Uern<\/p>\n<p>Adriana Morais Alves (Agecom)<br \/>\nEditora da Plataforma Uern Ci\u00eancia<\/p>\n<p>Argolante Lopes<br \/>\nProjeto Web<\/p>\n<p>Redes da Propeg<br \/>\nInstagram: @propeguern<\/p>\n","protected":false},"excerpt":{"rendered":"<p>Profa. Dra. Cic\u00edlia Raquel Maia Leite Reitora da Uern Prof. Dr. Francisco Dantas de Medeiros Neto Vice-reitor da Uern Prof\u00aa. Dr\u00aa. Ellany Gurgel Cosme do Nascimento (Propeg) Pr\u00f3-Reitora de Pesquisa e P\u00f3s-Gradua\u00e7\u00e3o Prof. Dr. Cl\u00e1udio Lopes de Vasconcelos (Propeg) Pr\u00f3-Reitor Adjunto de Pesquisa e P\u00f3s-Gradua\u00e7\u00e3o Prof. Dr. Kleberson de Oliveira Porpino (Propeg) Diretor de Pesquisa [&hellip;]<\/p>\n","protected":false},"author":1,"featured_media":0,"parent":0,"menu_order":0,"comment_status":"closed","ping_status":"closed","template":"","meta":{"footnotes":""},"class_list":["post-616","page","type-page","status-publish","hentry"],"_links":{"self":[{"href":"https:\/\/portal.uern.br\/propeg\/uernciencia\/wp-json\/wp\/v2\/pages\/616","targetHints":{"allow":["GET"]}}],"collection":[{"href":"https:\/\/portal.uern.br\/propeg\/uernciencia\/wp-json\/wp\/v2\/pages"}],"about":[{"href":"https:\/\/portal.uern.br\/propeg\/uernciencia\/wp-json\/wp\/v2\/types\/page"}],"author":[{"embeddable":true,"href":"https:\/\/portal.uern.br\/propeg\/uernciencia\/wp-json\/wp\/v2\/users\/1"}],"replies":[{"embeddable":true,"href":"https:\/\/portal.uern.br\/propeg\/uernciencia\/wp-json\/wp\/v2\/comments?post=616"}],"version-history":[{"count":3,"href":"https:\/\/portal.uern.br\/propeg\/uernciencia\/wp-json\/wp\/v2\/pages\/616\/revisions"}],"predecessor-version":[{"id":872,"href":"https:\/\/portal.uern.br\/propeg\/uernciencia\/wp-json\/wp\/v2\/pages\/616\/revisions\/872"}],"wp:attachment":[{"href":"https:\/\/portal.uern.br\/propeg\/uernciencia\/wp-json\/wp\/v2\/media?parent=616"}],"curies":[{"name":"wp","href":"https:\/\/api.w.org\/{rel}","templated":true}]}}