{"id":614,"date":"2024-10-08T08:41:22","date_gmt":"2024-10-08T11:41:22","guid":{"rendered":"https:\/\/portal.uern.br\/propeg\/uernciencia\/?page_id=614"},"modified":"2024-10-31T09:25:39","modified_gmt":"2024-10-31T12:25:39","slug":"quem-somos","status":"publish","type":"page","link":"https:\/\/portal.uern.br\/propeg\/uernciencia\/quem-somos\/","title":{"rendered":"Quem Somos"},"content":{"rendered":"<p>Quando se pensa em pesquisas e produ\u00e7\u00e3o cient\u00edfica \u00e9 comum o pensamento remeter a imagens de ester\u00f3tipos de pesquisadores, com seus jalecos, trabalhando em laborat\u00f3rios isolados e distantes da realidade cotidiana. Mas a pesquisa cient\u00edfica est\u00e1 longe de ser isso. A ci\u00eancia est\u00e1 presente o tempo todo presente no cotidiano, desde as coisas mais simples a ideias inovadoras e revolucion\u00e1rias, e surge principalmente, da curiosidade humana com o funcionamento das coisas.<\/p>\n<p>O Uern Ci\u00eancia \u00e9 uma plataforma de divulga\u00e7\u00e3o cient\u00edfica da Universidade do Estado do Rio Grande do Norte (Uern), que visa dar destaque \u00e0s pesquisas desenvolvidas por docentes, t\u00e9cnicos administrativos e estudantes no \u00e2mbito da Institui\u00e7\u00e3o.<\/p>\n<p>A proposta \u00e9 apresentar a produ\u00e7\u00e3o cient\u00edfica da Uern de uma maneira mais acess\u00edvel, capaz de alcan\u00e7ar os mais diversos p\u00fablicos. Inova\u00e7\u00f5es nas \u00e1reas da sa\u00fade, tecnologia, sociedade, neurologia, f\u00edsica, educa\u00e7\u00e3o, empreendedorismos s\u00e3o desenvolvidas nos muros da Universidade. A ideia \u00e9 extrapolar esses muros para que a sociedade possa conhecer o que a Uern tem de melhor na \u00e1rea da pesquisa e inova\u00e7\u00e3o.<\/p>\n<p>A plataforma \u00e9 uma iniciativa da Pr\u00f3-reitoria de Pesquisa e P\u00f3s-gradua\u00e7\u00e3o, em parceria com a Ag\u00eancia de Comunica\u00e7\u00e3o da Uern, e tem o objetivo de ser bastante interativo, com conte\u00fados de textos, fotos e v\u00eddeos. A ideia \u00e9 despertar o interesse da sociedade, em especial dos jovens, pela pesquisa e pelas ci\u00eancias.<\/p>\n","protected":false},"excerpt":{"rendered":"<p>Quando se pensa em pesquisas e produ\u00e7\u00e3o cient\u00edfica \u00e9 comum o pensamento remeter a imagens de ester\u00f3tipos de pesquisadores, com seus jalecos, trabalhando em laborat\u00f3rios isolados e distantes da realidade cotidiana. Mas a pesquisa cient\u00edfica est\u00e1 longe de ser isso. A ci\u00eancia est\u00e1 presente o tempo todo presente no cotidiano, desde as coisas mais simples [&hellip;]<\/p>\n","protected":false},"author":1,"featured_media":0,"parent":0,"menu_order":0,"comment_status":"closed","ping_status":"closed","template":"","meta":{"footnotes":""},"class_list":["post-614","page","type-page","status-publish","hentry"],"_links":{"self":[{"href":"https:\/\/portal.uern.br\/propeg\/uernciencia\/wp-json\/wp\/v2\/pages\/614","targetHints":{"allow":["GET"]}}],"collection":[{"href":"https:\/\/portal.uern.br\/propeg\/uernciencia\/wp-json\/wp\/v2\/pages"}],"about":[{"href":"https:\/\/portal.uern.br\/propeg\/uernciencia\/wp-json\/wp\/v2\/types\/page"}],"author":[{"embeddable":true,"href":"https:\/\/portal.uern.br\/propeg\/uernciencia\/wp-json\/wp\/v2\/users\/1"}],"replies":[{"embeddable":true,"href":"https:\/\/portal.uern.br\/propeg\/uernciencia\/wp-json\/wp\/v2\/comments?post=614"}],"version-history":[{"count":2,"href":"https:\/\/portal.uern.br\/propeg\/uernciencia\/wp-json\/wp\/v2\/pages\/614\/revisions"}],"predecessor-version":[{"id":870,"href":"https:\/\/portal.uern.br\/propeg\/uernciencia\/wp-json\/wp\/v2\/pages\/614\/revisions\/870"}],"wp:attachment":[{"href":"https:\/\/portal.uern.br\/propeg\/uernciencia\/wp-json\/wp\/v2\/media?parent=614"}],"curies":[{"name":"wp","href":"https:\/\/api.w.org\/{rel}","templated":true}]}}