{"id":326,"date":"2024-07-04T16:09:55","date_gmt":"2024-07-04T19:09:55","guid":{"rendered":"https:\/\/portal.uern.br\/propeg\/rede-ter\/?page_id=326"},"modified":"2026-03-30T20:20:29","modified_gmt":"2026-03-30T23:20:29","slug":"calendario-de-reunioes-ordinarias","status":"publish","type":"page","link":"https:\/\/portal.uern.br\/propeg\/rede-ter\/calendario-de-reunioes-ordinarias\/","title":{"rendered":"CALEND\u00c1RIO DE REUNI\u00d5ES ORDIN\u00c1RIAS"},"content":{"rendered":"<p style=\"font-weight: 400\">As reuni\u00f5es ordin\u00e1rias da Rede-TER ocorrem todas as \u00faltimas quintas-feiras do m\u00eas em ambiente virtual.<\/p>\n<p>Para al\u00e9m das pautas administrativas, s\u00e3o debatidos os atuais temas de pesquisa de seus membros em suas respectivas universidades, institui\u00e7\u00f5es e\/ou grupos de pesquisa.<\/p>\n<p>&nbsp;<\/p>\n<p style=\"font-weight: 400\"><strong>&gt;&gt; 2026<br \/>\n<\/strong><\/p>\n<p>2\u00aa. 26\/02\/2026 Prof. Dr. Marcelo Marcelo Pustilnik (UFSM)<br \/>\nTema: Compartilhamento de experi\u00eancias da Estadia de Pesquisa no Chile via Projeto de pesquisa &#8220;Forma\u00e7\u00e3o e qualifica\u00e7\u00e3o de recursos humanos: Rede-TER em di\u00e1logos integrados de coopera\u00e7\u00e3o internacional para o desenvolvimento e inova\u00e7\u00e3o do eixo Sul-Sul&#8221;\u00a0 aprovado e financiado pelo MCTI\/CNPQ<\/p>\n<p>1\u00aa. 26\/02\/2026 Prof. Dr. Guilherme Lopes da Cunha (Escola Superior de Defesa -ESD- do Minist\u00e9rio da Defesa do Brasil)<br \/>\nTema: Vari\u00e1veis da rivalidade China-Estados Unidos: a criosfera e os cabos submarinos&#8221;<\/p>\n<p style=\"font-weight: 400\"><strong>&gt;&gt; 2025<br \/>\n<\/strong><\/p>\n<p>9\u00aa. 27\/11\/2025 Prof. Dr. Francisco do O\u2019 de Lima J\u00fanior (URCA)<br \/>\nTema: <a href=\"http:\/\/portal.uern.br\/propeg\/rede-ter\/wp-content\/uploads\/sites\/6\/2025\/11\/Terras-Secas-\u2013-impactos-sociais-e-economicos-nos-territorios-brasileiros-e-na-America-Latina.pdf\" target=\"_blank\" rel=\"noopener\"><strong>Terras secas: impactos sociais e econ\u00f4micos das mudan\u00e7as clim\u00e1ticas nos territ\u00f3rios brasileiros e da Am\u00e9rica Latina\u201d (Debate realizado na COP \u2013 30)<\/strong><\/a><\/p>\n<p>8\u00aa. 30\/10\/2025 Profa. Dra. Nat\u00e1lia Felix (UERN)<br \/>\nTema: <a href=\"http:\/\/portal.uern.br\/propeg\/rede-ter\/wp-content\/uploads\/sites\/6\/2025\/12\/letramento_racial_rede-ter.pdf\" target=\"_blank\" rel=\"noopener\"><strong>Reflex\u00f5es sobre letramento racial nos territ\u00f3rios da sa\u00fade<\/strong><\/a><\/p>\n<p>7\u00aa. 25\/09\/2025 Prof. Dr. Jos\u00e9 Cezinaldo Rocha Bessa (UERN)<br \/>\nTema: <a href=\"http:\/\/portal.uern.br\/propeg\/rede-ter\/wp-content\/uploads\/sites\/6\/2025\/11\/Entre-dificuldades_aprendizados-e-desafios-na-editoria-cientifica-da-DL.pdf\" target=\"_blank\" rel=\"noopener\"><strong>Entre dificuldades, aprendizados e desafios na editoria cient\u00edfica: a experi\u00eancia da revista Di\u00e1logo das Letras<\/strong><\/a><\/p>\n<p>6\u00aa. 28\/08\/2025 Profa. Dra. C\u00edcera Alves Agostinho de S\u00e1 (UECE)<br \/>\nTema: <strong>Extens\u00e3o universit\u00e1ria \u201cContribui\u00e7\u00f5es do Ciclo de Ensino e Aprendizagem para o trabalho com a Produ\u00e7\u00e3o Textual no Ensino M\u00e9dio: uma abordagem sist\u00eamico-funcional\u201d<\/strong><\/p>\n<p>5\u00aa. 31\/07\/2025 Profa. Dra. Simone Cabral Marinho dos Santos (UERN)<br \/>\nTema: <strong>Repert\u00f3rio de Leitura: Gayatri Spivak em \u201cPode o subalterno falar?<\/strong><\/p>\n<p>4\u00aa. 26\/06\/2025 Prof. Dr. Marcelo Pustilnik Vieira (UFSM)<br \/>\nTema: <strong>Sistemas Perversos<\/strong><\/p>\n<p>29\/05\/2025 &#8211; <a href=\"https:\/\/ainpgp.org\/fiped\/xv-fiped-serra-talhada-pe\/\" target=\"_blank\" rel=\"noopener\">XV FIPED (Serra Talhada\/PE)<\/a><\/p>\n<p>3\u00aa. 25\/04\/2025 Profa. Dra. Larissa da Silva Ferreira Alves (UERN)<br \/>\nTema: <a href=\"http:\/\/portal.uern.br\/propeg\/rede-ter\/wp-content\/uploads\/sites\/6\/2025\/11\/Terras-Secas-\u2013-impactos-sociais-e-economicos-nos-territorios-brasileiros-e-na-America-Latina.pdf\" target=\"_blank\" rel=\"noopener\"><strong>O conceito de Territ\u00f3rio<\/strong><\/a><\/p>\n<p>2\u00aa. 27\/03\/2025 Profa. Dra. Edmar Peixoto<br \/>\nTema: <strong>Extens\u00e3o universit\u00e1ria e os impactos na forma\u00e7\u00e3o escritora da comunidade<\/strong><\/p>\n<p>1\u00aa. 27\/02\/2025 Organizadores(as) da obra tema da reuni\u00e3o<br \/>\nTema: <strong>Lan\u00e7amentos<\/strong> do Caderno de Resumo do IV Encontro da Rede Internacional Interdisciplinar de Pesquisadores em Desenvolvimento de Territ\u00f3rios \u2013 REDE-TER e dos E-BOOKs Pesquisa, ensino e inova\u00e7\u00e3o no desenvolvimento nos territ\u00f3rios do eixo Sul-Sul \u2013 VOLUME 1\/ Pol\u00edticas p\u00fablicas, mercado de trabalho e desenvolvimento social em territ\u00f3rios do eixo Sul-Sul \u2013 VOLUME 2<\/p>\n<p style=\"font-weight: 400\"><strong><br \/>\n&gt;&gt;2024<\/strong><\/p>\n<p>9\u00aa. 28\/11\/2024 Profa. Dra. Francicl\u00e9zia de Sousa Barreto Silva<br \/>\nTema: <strong>Din\u00e2micas de desigualdade na captura de incentivos \u00e0 inova\u00e7\u00e3o: rela\u00e7\u00f5es entre unidades produtivas de confec\u00e7\u00f5es no agreste de Pernambuco<\/strong><\/p>\n<p>8\u00aa. 31\/10\/2024 Paulo Miguel Gon\u00e7alves Fernandes<br \/>\nTema: <strong>Governo aberto e a participa\u00e7\u00e3o cidad\u00e3<\/strong><\/p>\n<p>7\u00aa. 26\/09\/2024 Prof. Dr. Francisco Willams Campos Lima<br \/>\nTema: <strong>A Forma\u00e7\u00e3o do Professor de Ensino Religioso em Territ\u00f3rios Amaz\u00f4nicos<\/strong><\/p>\n<p>6\u00aa. 29\/08\/2024 Profa. Lenilda Soraia dos Reis Rodrigues Duarte Brito (Universidade de Santiago\/Cabo Verde)<br \/>\nTema: <strong>Intelig\u00eancia artificial e educa\u00e7\u00e3o: experi\u00eancia de aplicativo educacional em Cabo Verde<\/strong><\/p>\n<p style=\"font-weight: 400\">5\u00aa. 25\/07\/2024 Prof. Dr. Ciro Leandro Costa da Fons\u00eaca (UERN\/Brasil)<br \/>\nTema: <a href=\"http:\/\/portal.uern.br\/propeg\/rede-ter\/wp-content\/uploads\/sites\/6\/2024\/07\/Apresentacao-Rede-Ter_ciro.pdf\" target=\"_blank\" rel=\"noopener\"><strong>Mem\u00f3ria e identidade afro-brasileira dos mestres de cultura popular do Alto Oeste Potiguar<\/strong><\/a><\/p>\n<p style=\"font-weight: 400\">4\u00aa. 23\/05\/2024 Profa. Dra. Larissa da Silva Ferreira Alves (UERN\/Brasil)<br \/>\nTema: <strong><a href=\"http:\/\/portal.uern.br\/propeg\/rede-ter\/wp-content\/uploads\/sites\/6\/2024\/07\/SEMIARIDO_PLANEJ_ABORDAGEM_TERRITORIAL_DESENVOLVIMENTO.pdf\" target=\"_blank\" rel=\"noopener\">Gest\u00e3o e pol\u00edticas p\u00fablicas de ordenamento f\u00edsico-territorial do Semi\u00e1rido Brasileiro<\/a><\/strong><\/p>\n<p style=\"font-weight: 400\">3\u00aa. 25\/04\/2024\u00a0Profa. Dra. Suraya Gomes Novais Shimano &#8211; Docente da Universidade Federal do Tri\u00e2ngulo Mineiro (UFTM) e Presidente da RIEU<br \/>\nTema: <strong>Apresenta\u00e7\u00e3o da Rede Internacional de Extens\u00e3o Universit\u00e1ria (RIEU\/Brasil)<\/strong><\/p>\n<p style=\"font-weight: 400\">2\u00aa. 04\/04\/2024 Profa. Dra. N\u00e1dia Farias dos Santos (IFRN\/Brasil)<br \/>\nTema: <strong><a href=\"http:\/\/portal.uern.br\/propeg\/rede-ter\/wp-content\/uploads\/sites\/6\/2024\/07\/Nadia-Farias_pres_Rede_Ter_2.pdf\" target=\"_blank\" rel=\"noopener\">Sankofa: saberes e pr\u00e1ticas de professores pedagogos para a educa\u00e7\u00e3o das rela\u00e7\u00f5es \u00e9tnico-raciais em cursos de licenciatura em Qu\u00edmica do IFRN (Brasil)<\/a><\/strong><\/p>\n<p style=\"font-weight: 400\">1\u00aa. 29\/02\/2024\u00a0Prof. Dr. Jorge Luis de Oliveira Pinto Filho (UFERSA\/Brasil)<br \/>\nTema:\u00a0<strong><a href=\"http:\/\/www.uern.br\/controledepaginas\/\/arquivos\/0000palestra_rede_ter_jorge.pdf\">Pol\u00edtica P\u00fablicas Ambientais do Brasil<\/a><\/strong><\/p>\n<p><strong><br \/>\n&gt;&gt;2023<\/strong><\/p>\n<p style=\"font-weight: 400\">9\u00aa. 30\/11\/2023 Ana Paula da Silva Raiva (Universidade P\u00fangu\u00e8 \/ Mo\u00e7ambique)<br \/>\nTema:\u00a0<strong><a href=\"http:\/\/www.uern.br\/controledepaginas\/calendario_reunioes_de-ter\/arquivos\/7081plataforma_miro_e_jogos_digitais.pptx_rede_ter.pdf\">Plataforma Miro e Jogos Digitais: Uma Possibilidade Pedag\u00f3gica Para Desenvolvimento de Trabalho Colaborativo na Forma\u00e7\u00e3o Docente em Mo\u00e7ambique<\/a><\/strong><\/p>\n<p style=\"font-weight: 400\">8\u00aa. 26\/10\/2023 \u00a0Lu\u00eds Filipe Martins Rodrigues (Universidade de Santiago \/ Cabo Verde)<br \/>\nTema:\u00a0<strong>Subalterniza\u00e7\u00e3o da L\u00edngua Materna em Cabo Verde: consequ\u00eancias educativas, sociais e identit\u00e1rias<\/strong><\/p>\n<p style=\"font-weight: 400\">7\u00aa. 28\/09\/2023\u00a0Maria Francisca Ribeiro Correa (SEMEC, FADECAM\/UFPA)<br \/>\nTema:\u00a0<strong>Entre o Rio e a Mata: um olhar decolonial sobre as imagens e representa\u00e7\u00f5es das inf\u00e2ncias de crian\u00e7as ribeirinhas e suas implica\u00e7\u00f5es na pr\u00e1tica escolar nas Ilhas de Abaetetuba-Pa<\/strong><\/p>\n<p style=\"font-weight: 400\">6\u00aa. 31\/08\/2023\u00a0Estela Ayala-Villegas (UAHC\/Chile)<br \/>\nTema:\u00a0<strong>Experiencias y desaf\u00edos de mentores principiantes. El caso chileno<\/strong><\/p>\n<p style=\"font-weight: 400\">5\u00aa. 27\/07\/2023 Josu\u00e9 Alencar Bezerra (DGE\/PLANDITES\/UERN)<br \/>\nTema:\u00a0<strong><a href=\"http:\/\/www.uern.br\/controledepaginas\/calendario_reunioes_de-ter\/arquivos\/7081urbanidaderural_josueredeter.pdf\">Urbanidade no rural: novos aspectos da urbaniza\u00e7\u00e3o do territ\u00f3rio<\/a><\/strong><\/p>\n<p style=\"font-weight: 400\">4\u00aa. 29\/06\/2023 Marcelo Pustilnik (UFSM)<br \/>\nTema: <strong>Metaverso: Um novo territ\u00f3rio ou mais um processo de desterritorializa\u00e7\u00e3o?<\/strong><\/p>\n<p style=\"font-weight: 400\">3\u00aa. 25\/05\/2023 Maria Francisca ribeiro Correa (SEMEC, FADECAM\/UFPA)<\/p>\n<p style=\"font-weight: 400\">Tema: Entre o Rio e a Mata: um olhar decolonial sobre as imagens e representa\u00e7\u00f5es das inf\u00e2ncias de crian\u00e7as ribeirinhas e suas implica\u00e7\u00f5es na pr\u00e1tica escolar nas Ilhas de Abaetetuba-Pa. [ADIADO]<\/p>\n<p style=\"font-weight: 400\">2\u00aa. 27\/04\/2023 Vladimir Nassone Pedro Raiva \u2013 (Universidade P\u00fangu\u00e8 &#8211; Mo\u00e7ambique) Estrangeiro convidado<br \/>\nTema:\u00a0<strong><a href=\"http:\/\/www.uern.br\/controledepaginas\/calendario_reunioes_de-ter\/arquivos\/7081a_constituia%C2%A7a%C2%A3o_da_identidade_educaa%C2%A7a%C2%A3o_em_moa%C2%A7ambique.pdf\">A constitui\u00e7\u00e3o da identidade e da educa\u00e7\u00e3o em Mo\u00e7ambique<\/a><\/strong><\/p>\n<p style=\"font-weight: 400\">1\u00aa. 30\/03\/2023 Wagna Maquis Cardoso de Melo Gon\u00e7alves (UFERSA\/PLANDITES)<br \/>\nTema:\u00a0<strong><a href=\"http:\/\/www.uern.br\/controledepaginas\/calendario_reunioes_de-ter\/arquivos\/7081apresentacao_wagna_rede_ter_30_03_23.pdf\">Juventude e mercado de trabalho no Brasil e \u00c1frica do Sul (2000 a 2015)<\/a><\/strong><\/p>\n<p>&nbsp;<\/p>\n<p><strong>&gt;&gt;2022<\/strong><\/p>\n<p>7\u00aa. 24\/11\/2022<br \/>\nTema:<\/p>\n<p>6\u00aa. 29\/09\/2022 Lu\u00eds Filipe Martins Rodrigues<br \/>\nTema:\u00a0<strong><a href=\"http:\/\/www.uern.br\/controledepaginas\/calendario_reunioes_de-ter\/arquivos\/7081apresentaa%C2%A7a%C2%A3o_rede_ter_luis_rodrigues.pdf\">Potencialidades e desafios do EaD no ensino superior em territ\u00f3rios perif\u00e9ricos &#8211; Cabo Verde<\/a><\/strong><\/p>\n<p>5\u00aa. 25\/08\/2022\u00a0<a href=\"http:\/\/www.uern.br\/controledepaginas\/calendario_reunioes_de-ter\/arquivos\/7081tamplate_rede_ter_3_evento_mocambique.pdf\"><em><strong>III ENCONTRO DA REDE-TER na cidade de Maputo, Mo\u00e7ambique<\/strong><\/em><\/a><\/p>\n<p>4\u00aa. 28\/07\/2022 Sandra Meza Fern\u00e1ndez<br \/>\nTema:\u00a0<a href=\"http:\/\/www.uern.br\/controledepaginas\/calendario_reunioes_de-ter\/arquivos\/7081rede_ter_apresentaccaos.meza_28.07.2022.pdf\"><strong>Posibilidades educativas de la semi\u00f3tica de la navegaci\u00f3n web en el contexto STEAM<\/strong><\/a><\/p>\n<p>3\u00aa. 30\/06\/2022 Agassiel de Medeiros Alves<br \/>\nTema:\u00a0<a href=\"http:\/\/www.uern.br\/controledepaginas\/calendario_reunioes_de-ter\/arquivos\/7081agassiel_energia_e_sustentabilidade.pdf\"><strong>Energia e sustentabilidade: realidades e perspectivas do s\u00e9culo XXI<\/strong><\/a><\/p>\n<p>2\u00aa. 28\/04\/2022 Marcelo Pustilnik de Almeida Vieira<br \/>\nTema:\u00a0<strong>O ensino de ci\u00eancias numa perspectiva do Sul<\/strong><\/p>\n<p>1\u00aa. 31\/03\/2022 Afonso Welliton de Sousa,\u00a0Maria B\u00e1rbara da Costa Cardoso e\u00a0Maria do Socorro Vasconcelos Pereira<br \/>\nTema:\u00a0<a href=\"http:\/\/www.uern.br\/controledepaginas\/calendario_reunioes_de-ter\/arquivos\/7081apresentaa%C2%A7a%C2%A3o_rede_ter_2.pdf\"><strong>Munic\u00edpios amaz\u00f4nicos territ\u00f3rio das cidades, das \u00e1guas e das estradas: controle social e ensino m\u00e9dio<\/strong><\/a><\/p>\n<p>&nbsp;<\/p>\n<p><strong>&gt;&gt;2021<\/strong><\/p>\n<p>5\u00aa. 26\/11\/2021 Simone Cabral Marinho dos Santos e\u00a0Lu\u00eds Tom\u00e1s Domingos<br \/>\nTema:\u00a0<a href=\"http:\/\/www.uern.br\/controledepaginas\/calendario_reunioes_de-ter\/arquivos\/7081condenados_da_terra_fanon.pdf\"><strong>\u201cOs condenados da Terra\u201d &#8211; Obra de Frantz Fanon<\/strong><\/a><\/p>\n<p>4\u00aa. 27\/08\/2021 Janeson Vidal de Oliveira<br \/>\nTema:\u00a0<a href=\"http:\/\/www.uern.br\/controledepaginas\/calendario_reunioes_de-ter\/arquivos\/7081escritos_perifericos_rede_ter.pdf\"><strong>Escritos perif\u00e9ricos: ensaio sobre a voz dos credores do direito ao desenvolvimento<\/strong><\/a><\/p>\n<p>3\u00aa. 30\/07\/2021 Sara Taciana Firmino Bezerra e\u00a0Valdir Heitor Barzotto<br \/>\nTema:\u00a0<a href=\"http:\/\/www.uern.br\/controledepaginas\/calendario_reunioes_de-ter\/arquivos\/7081rede_ter_na_promoa%C2%A7a%C2%A3o_da_internacionalizaa%C2%A7a%C2%A3o_(2021).pdf\"><strong>Rede-TER na promo\u00e7\u00e3o da internacionaliza\u00e7\u00e3o<\/strong><\/a><\/p>\n<p>2\u00aa. 25\/06\/2021 Lu\u00eds Miguel Dias Caetano<br \/>\nTema:\u00a0<a href=\"http:\/\/www.uern.br\/controledepaginas\/calendario_reunioes_de-ter\/arquivos\/7081rede_ter_desen_macaronesia_luiz_miguel_dias.pdf\"><strong>Desenvolvimento regional na Uni\u00e3o europeia<\/strong><\/a><\/p>\n<p>1\u00aa. 30\/04\/2021 Larissa da Silva Ferreira Alves e Ant\u00f4nio Gaspar Domingos<br \/>\nTema:\u00a0<a href=\"http:\/\/www.uern.br\/controledepaginas\/calendario_reunioes_de-ter\/arquivos\/7081seguranca_alimentar_hidrica_brasil_angola.pdf\"><strong>Seguran\u00e7a alimentar e h\u00eddrica: experi\u00eancias Angola-Brasil<\/strong><\/a><\/p>\n","protected":false},"excerpt":{"rendered":"<p>As reuni\u00f5es ordin\u00e1rias da Rede-TER ocorrem todas as \u00faltimas quintas-feiras do m\u00eas em ambiente virtual. Para al\u00e9m das pautas administrativas, s\u00e3o debatidos os atuais temas de pesquisa de seus membros em suas respectivas universidades, institui\u00e7\u00f5es e\/ou grupos de pesquisa. &nbsp; &gt;&gt; 2026 2\u00aa. 26\/02\/2026 Prof. Dr. Marcelo Marcelo Pustilnik (UFSM) Tema: Compartilhamento de experi\u00eancias da [&hellip;]<\/p>\n","protected":false},"author":1,"featured_media":0,"parent":0,"menu_order":0,"comment_status":"closed","ping_status":"closed","template":"","meta":{"footnotes":""},"class_list":["post-326","page","type-page","status-publish","hentry"],"_links":{"self":[{"href":"https:\/\/portal.uern.br\/propeg\/rede-ter\/wp-json\/wp\/v2\/pages\/326","targetHints":{"allow":["GET"]}}],"collection":[{"href":"https:\/\/portal.uern.br\/propeg\/rede-ter\/wp-json\/wp\/v2\/pages"}],"about":[{"href":"https:\/\/portal.uern.br\/propeg\/rede-ter\/wp-json\/wp\/v2\/types\/page"}],"author":[{"embeddable":true,"href":"https:\/\/portal.uern.br\/propeg\/rede-ter\/wp-json\/wp\/v2\/users\/1"}],"replies":[{"embeddable":true,"href":"https:\/\/portal.uern.br\/propeg\/rede-ter\/wp-json\/wp\/v2\/comments?post=326"}],"version-history":[{"count":18,"href":"https:\/\/portal.uern.br\/propeg\/rede-ter\/wp-json\/wp\/v2\/pages\/326\/revisions"}],"predecessor-version":[{"id":594,"href":"https:\/\/portal.uern.br\/propeg\/rede-ter\/wp-json\/wp\/v2\/pages\/326\/revisions\/594"}],"wp:attachment":[{"href":"https:\/\/portal.uern.br\/propeg\/rede-ter\/wp-json\/wp\/v2\/media?parent=326"}],"curies":[{"name":"wp","href":"https:\/\/api.w.org\/{rel}","templated":true}]}}