{"id":322,"date":"2024-07-04T16:07:37","date_gmt":"2024-07-04T19:07:37","guid":{"rendered":"https:\/\/portal.uern.br\/propeg\/rede-ter\/?page_id=322"},"modified":"2026-03-30T20:02:56","modified_gmt":"2026-03-30T23:02:56","slug":"producoes","status":"publish","type":"page","link":"https:\/\/portal.uern.br\/propeg\/rede-ter\/producoes\/","title":{"rendered":"PRODU\u00c7\u00d5ES"},"content":{"rendered":"<p><strong>PRODU\u00c7\u00d5ES DA EDITORA DA REDE-TER<\/strong><\/p>\n<p>&gt;&gt;2025<\/p>\n<ul>\n<li>Caderno de resumos da Feira Estadual de Ci\u00eancia, Inova\u00e7\u00e3o e Tecnologia do RN: FECITERN [<a href=\"http:\/\/portal.uern.br\/propeg\/rede-ter\/wp-content\/uploads\/sites\/6\/2026\/03\/CADERNO_RESUMOS_FECITERN_2025_.pdf\" target=\"_blank\" rel=\"noopener\">ISBN: 978-65-87381-55-8<\/a>]<\/li>\n<li>Caderno de Resumos da 14\u00aa e 15\u00aa Feiras de ci\u00eancias do Alto Oeste Potiguar [<a href=\"http:\/\/portal.uern.br\/propeg\/rede-ter\/wp-content\/uploads\/sites\/6\/2025\/11\/Livro_Resumos_Feira_Ciencias_2-25.pdf\" target=\"_blank\" rel=\"noopener\">ISBN: 978-65-87381-53-41<\/a>]<\/li>\n<li>CADERNO DE RESUMOS DO VI ENCONTRO DE EGRESSOS DO PPGE (EEPPGE) E III SIMP\u00d3SIO DE METODOLOGIAS E PR\u00c1TICAS DE ENSINO (SMEPE) [<a href=\"http:\/\/portal.uern.br\/propeg\/rede-ter\/wp-content\/uploads\/sites\/6\/2025\/12\/CADERNO_RESUMOS_EEPPGE_09.12.2025.pdf\" target=\"_blank\" rel=\"noopener\">ISBN: 978-65-87381-54-1<\/a>]<\/li>\n<li>II SIMP\u00d3SIO INOVAGEST [<a href=\"http:\/\/portal.uern.br\/propeg\/rede-ter\/wp-content\/uploads\/sites\/6\/2025\/12\/Ebook-II-Seminario-Inovagest.pdf\" target=\"_blank\" rel=\"noopener\">ISBN: 978-65-87381-52-7<\/a>]<\/li>\n<li>BRASIL DE DENTRO: desafios e possibilidades do desenvolvimento no Semi\u00e1rido brasileiro [<a href=\"http:\/\/portal.uern.br\/propeg\/rede-ter\/wp-content\/uploads\/sites\/6\/2026\/03\/E-BOOK_ERESPP_2025.pdf\" target=\"_blank\" rel=\"noopener\">ISBN: 978-65-87381-51-0<\/a>]<\/li>\n<li>CADERNO DE RESUMOS DO IV ERESPP-SEMI\u00c1RIDO [<a href=\"http:\/\/portal.uern.br\/propeg\/rede-ter\/wp-content\/uploads\/sites\/6\/2025\/11\/Caderno-de-Resumos-IV-ERESPP-2025.pdf\" target=\"_blank\" rel=\"noopener\">ISBN: 978-65-87381-50-3<\/a>]<\/li>\n<li>I SIMP\u00d3SIO INOVAGEST [<a href=\"http:\/\/portal.uern.br\/propeg\/rede-ter\/wp-content\/uploads\/sites\/6\/2025\/12\/E-book-I-Seminario-Inovagest.pdf\" target=\"_blank\" rel=\"noopener\">ISBN: 978-65-87381-49-7<\/a>]<\/li>\n<\/ul>\n<p>&nbsp;<\/p>\n<p>&gt;&gt;2024<\/p>\n<ul>\n<li>Pesquisa, ensino e inova\u00e7\u00e3o no desenvolvimento nos territ\u00f3rios do eixo Sul-Sul &#8211; VOLUME 1 [<a href=\"http:\/\/portal.uern.br\/propeg\/rede-ter\/wp-content\/uploads\/sites\/6\/2024\/12\/LIVRO-REDE-TER-2024.-v.-1.pdf\" target=\"_blank\" rel=\"noopener\">ISBN: 978-65-87381-42-8<\/a>]<\/li>\n<li>Pol\u00edticas p\u00fablicas, mercado de trabalho e desenvolvimento social em territ\u00f3rios do eixo Sul-Sul &#8211; VOLUME 2 [<a href=\"http:\/\/portal.uern.br\/propeg\/rede-ter\/wp-content\/uploads\/sites\/6\/2024\/12\/LIVRO-REDE-TER-2024.-v.-2.pdf\" target=\"_blank\" rel=\"noopener\">ISBN: 978-65-87381-43-5<\/a>]<\/li>\n<li>Caderno de Resumo do IV Encontro da Rede Internacional Interdisciplinar de Pesquisadores em Desenvolvimento de Territ\u00f3rios \u2013 REDE-TER [<a href=\"http:\/\/portal.uern.br\/propeg\/rede-ter\/wp-content\/uploads\/sites\/6\/2024\/10\/CADERNO-DE-RESUMOS-IV-ENCONTRO-REDE-TER-2024.pdf\" target=\"_blank\" rel=\"noopener\">ISBN: 978-65-87381-41-1<\/a>]<\/li>\n<li>Relat\u00f3rio de autoavalia\u00e7\u00e3o e planejamento do PLANDITES\/UERN 2024 [ISBN: <a href=\"http:\/\/portal.uern.br\/propeg\/rede-ter\/wp-content\/uploads\/sites\/6\/2025\/12\/AUTOAVALIAC\u0327A\u0303O-E-PLANEJAMENTO-ESTRATEGICO-PLANDITES-2024-1.pdf\" target=\"_blank\" rel=\"noopener\">978-65-87381-48-0<\/a>]<\/li>\n<li>Suscetibilidade \u00e0 Desertifica\u00e7\u00e3o na Bacia Hidrogr\u00e1fica do Rio Apodi-Mossor\u00f3 [<a href=\"http:\/\/portal.uern.br\/propeg\/rede-ter\/wp-content\/uploads\/sites\/6\/2024\/10\/Livro_2_digital_susctebilidade-a-desertificacao-bhram_2024.pdf\" target=\"_blank\" rel=\"noopener\">ISBN: 978-65-87381-40-4<\/a>]<\/li>\n<li>Anais do IV Semin\u00e1rio Internacional de Tecnologia e Ensino (SEMITE) [<a title=\"semite_2024_publicar\" href=\"http:\/\/www.uern.br\/controledepaginas\/producoes-rede-ter\/arquivos\/6515anais_semite_final_2024_publicar.pdf\" target=\"_blank\" rel=\"noopener\">ISBN: 978-65-87381-35-0<\/a>]<\/li>\n<li>Geo-grafias do RN em debate: entre crises, redefini\u00e7\u00f5es e olhares sobre o porvir: XXVII Encontro Estadual de Geografia do Rio Grande do Norte [<a href=\"http:\/\/portal.uern.br\/propeg\/rede-ter\/wp-content\/uploads\/sites\/6\/2025\/12\/ebook-Geo-grafias_RN_2024.pdf\" target=\"_blank\" rel=\"noopener\">ISBN: 978-65-87381-36-7<\/a>]<\/li>\n<li>Literatura e cr\u00edtica em perspectiva [<a href=\"http:\/\/portal.uern.br\/propeg\/rede-ter\/wp-content\/uploads\/sites\/6\/2025\/12\/LIVRO-01.pdf\" target=\"_blank\" rel=\"noopener\">ISBN: 978-65-87381-44-2<\/a>]<\/li>\n<li>Literatura, ensino e forma\u00e7\u00e3o do leitor [<a href=\"http:\/\/portal.uern.br\/propeg\/rede-ter\/wp-content\/uploads\/sites\/6\/2025\/12\/LIVRO-2.pdf\" target=\"_blank\" rel=\"noopener\">ISBN: 978-65-87381-47-3<\/a>]<\/li>\n<li>L\u00ednguas e ensino: descri\u00e7\u00e3o, an\u00e1lise e pr\u00e1ticas [<a href=\"http:\/\/portal.uern.br\/propeg\/rede-ter\/wp-content\/uploads\/sites\/6\/2025\/12\/LIVRO-4.pdf\" target=\"_blank\" rel=\"noopener\">ISBN: 978-65-87381-46-6<\/a>]<\/li>\n<li>Texto, discurso e produ\u00e7\u00e3o de sentidos em uma sociedade conectada [<a href=\"http:\/\/portal.uern.br\/propeg\/rede-ter\/wp-content\/uploads\/sites\/6\/2025\/12\/LIVRO-3.pdf\" target=\"_blank\" rel=\"noopener\">ISBN: 978-65-87381-45-9<\/a>]<\/li>\n<\/ul>\n<p>&nbsp;<\/p>\n<p>&gt;&gt;2023<\/p>\n<ul>\n<li>Cidadania, saberes e pr\u00e1ticas no semi\u00e1rido: di\u00e1logos interdisciplinares [<a title=\"livro_saberes\" href=\"http:\/\/www.uern.br\/controledepaginas\/producoes-rede-ter\/arquivos\/6515livro_rede_ter_2023.pdf\" target=\"_blank\" rel=\"noopener\">ISBN 978-65-87381-34-<\/a>3]<\/li>\n<li>Caderno de resumos do IV\u00a0Encontro de Egressos do Programa de P\u00f3s-Gradua\u00e7\u00e3o em Ensino Caderno de resumos do IV Encontro de Egressos do Programa de P\u00f3s-Gradua\u00e7\u00e3o em Ensino (IV EEPPGE) PPGE\/CAPF\/UERN [<a title=\"caderno_resumos_iv_egressos_ppge\" href=\"http:\/\/www.uern.br\/controledepaginas\/producoes-rede-ter\/arquivos\/6515caderno_de_resumos_egressos_ppge_versao_2024.pdf\" target=\"_blank\" rel=\"noopener\">ISBN: 978-65-87381-33-6<\/a>]<\/li>\n<li>Desenvolvimento regional e a h\u00e9lice tr\u00edplice: a atua\u00e7\u00e3o das institui\u00e7\u00f5es de ensino superior de Pau dos Ferros (RN) em ci\u00eancia, tecnologia e inova\u00e7\u00e3o (CT&amp;I) (2012-2019) [<a title=\"dr_helice_triplice\" href=\"http:\/\/www.uern.br\/controledepaginas\/producoes-rede-ter\/arquivos\/6515e_book_desenvolvimento_regional_e_a_helice_triplice_ok.pdf\" target=\"_blank\" rel=\"noopener\">ISBN: 978-65-87381-32-9<\/a>]<\/li>\n<li>Capitalismo como gest\u00e3o do mal-estar oper\u00e1rio \u2013 E-book do semin\u00e1rio de economia do trabalho da URCA (II SEMET-URCA) [<a title=\"ebook_2023_semet\" href=\"http:\/\/www.uern.br\/controledepaginas\/producoes-rede-ter\/arquivos\/651510_08_2023_ebook_2_semet_urca.pdf\" target=\"_blank\" rel=\"noopener\">ISBN 978-65-87381-31-2<\/a>]<\/li>\n<li>Anais do Semin\u00e1rio de economia do trabalho da URCA (II SEMET-URCA) &#8211; Capitalismo como gest\u00e3o do mal-estar oper\u00e1rio\u201d [<a title=\"anais_2023_semet\" href=\"http:\/\/www.uern.br\/controledepaginas\/producoes-rede-ter\/arquivos\/651510_08_2023_anais_ii_semet.pdf\" target=\"_blank\" rel=\"noopener\">ISBN 978-6587381-30-5<\/a>]<\/li>\n<li>E-BOOK &#8211; III Encontro da Rede-TER &#8211; Atividades investigativas, estrat\u00e9gias de ensino, a\u00e7\u00f5es de extens\u00e3o e relatos de experi\u00eancia em territ\u00f3rios do Sul [<a title=\"e-book_rede-ter-2023\" href=\"http:\/\/www.uern.br\/controledepaginas\/producoes-rede-ter\/arquivos\/6515ebook_rede_ter_(versa%C6%92o_final)_atual.pdf\" target=\"_blank\" rel=\"noopener\">ISBN: 978-65-87381-29-9<\/a>]<\/li>\n<li>Caderno de resumos &#8211; III ENCONTRO DE EGRESSOS DO PPGE (III EPPGE) &amp; II SIMP\u00d3SIO DE METODOLOGIAS E PR\u00c1TICAS DE ENSINO (II SMEPE) [<a title=\"caderno_resumos_ppge_2023\" href=\"http:\/\/www.uern.br\/controledepaginas\/producoes-rede-ter\/arquivos\/6515caderno_de_resumos_ppge.pdf\" target=\"_blank\" rel=\"noopener\">ISBN: 978-65-87381-22-0<\/a>]<\/li>\n<li>Relat\u00f3rio de autoavalia\u00e7\u00e3o e planejamento estrat\u00e9gico do PLANDITES\/UERN 2023 [<a href=\"http:\/\/portal.uern.br\/propeg\/rede-ter\/wp-content\/uploads\/sites\/6\/2025\/12\/AUTOAV_PLANEJ_ESTRATEGICO_PLANDITES_18.03.2023.pdf\" target=\"_blank\" rel=\"noopener\">ISBN: 978-65-87381-23-7<\/a>]<\/li>\n<li>O trabalho em perspectiva: teoria econ\u00f4mica, reestrutura\u00e7\u00e3o produtiva e sindicalismo [<a title=\"trabalho_perspe_novo\" href=\"http:\/\/www.uern.br\/controledepaginas\/producoes-rede-ter\/arquivos\/6515ebook_o_trabalho_em_perspectiva.pdf\" target=\"_blank\" rel=\"noopener\">ISBN: 978-65-87381-26-8<\/a>]<\/li>\n<li>Produtos educativos e metodologias de ensino &#8211; Vol. 6 [<a title=\"produtos_educ_vol_6\" href=\"http:\/\/www.uern.br\/controledepaginas\/\/arquivos\/0000produtos_educativos_vol.6.pdf\" target=\"_blank\" rel=\"noopener\">ISBN: 978-65-87381-25-1<\/a>]<\/li>\n<li>Compostagem de ch\u00e3o [<a title=\"compostagem_\" href=\"http:\/\/www.uern.br\/controledepaginas\/producoes-rede-ter\/arquivos\/6515cartilha_compostagem_de_cha%C2%A3o_projeto_ciclo_.pdf\" target=\"_blank\" rel=\"noopener\">ISBN: 978-65-87381-28-2<\/a>]<\/li>\n<\/ul>\n<p>&nbsp;<\/p>\n<p>&gt;&gt;2022<\/p>\n<ul>\n<li>Anais do III Encontro da Rede Internacional Interdisciplinar de Pesquisadores em Desenvolvimento de Territ\u00f3rios (REDE-TER) [<a title=\"anais_2022_rede-ter_ultimo\" href=\"http:\/\/www.uern.br\/controledepaginas\/producoes-rede-ter\/arquivos\/6515anais_rede_ter_2023_ultimo.pdf\" target=\"_blank\" rel=\"noopener\">ISBN: 978-65-87381-24-4<\/a>]<\/li>\n<li>Produtos educativos e metodologias de ensino &#8211; Vol. 5 [<a title=\"produtos_educ_5\" href=\"http:\/\/www.uern.br\/controledepaginas\/producoes-rede-ter\/arquivos\/65154398cartilha_volume_5_editoraaa%E2%82%AC%C2%A1a%C3%A6%E2%80%99o_final_(atual).pdf\" target=\"_blank\" rel=\"noopener\">ISBN: 978-65-87381-16-9<\/a>]<\/li>\n<li>O ensino de L\u00ednguas &amp; Literaturas: an\u00e1lises lingu\u00edstico-liter\u00e1rias e pr\u00e1ticas de letramento [<a title=\"sinallen_01\" href=\"http:\/\/www.uern.br\/controledepaginas\/producoes-rede-ter\/arquivos\/6515ebook_sinallen_(1).pdf\" target=\"_blank\" rel=\"noopener\">ISBN: 978-65-87381-17-6<\/a>]<\/li>\n<li>CADERNO DE RESUMOS do IV Congresso de Pesquisa e Extens\u00e3o em Ci\u00eancias Sociais, Humanas e da Sa\u00fade \u2013 IV CONPECS [<a title=\"compecs_ok\" href=\"http:\/\/www.uern.br\/controledepaginas\/producoes-rede-ter\/arquivos\/6515caderno_de_resumos_iv_conpecs_ok.pdf\" target=\"_blank\" rel=\"noopener\">ISBN: 978-65-87381-20-6<\/a>]<\/li>\n<li>Estrat\u00e9gias Pedag\u00f3gicas para os anos iniciais do Ensino Fundamental [<a title=\"cartilha_estrategias_ensino_fund\" href=\"http:\/\/www.uern.br\/controledepaginas\/producoes-rede-ter\/arquivos\/6515cartilha_estrategias_pedagogicas_2022.pdf\" target=\"_blank\" rel=\"noopener\">ISBN: 978-65-87381-21-3<\/a>]<\/li>\n<\/ul>\n<p>&nbsp;<\/p>\n<p>&gt;&gt;2021<\/p>\n<ul>\n<li>Anais do IV Semin\u00e1rio de Pesquisa: d <span class=\"fontstyle0\">Anais do IV Semin\u00e1rio de Pesquisa: a sa\u00fade <\/span><span class=\"fontstyle0\">e os sentidos da equidade <\/span>[<a href=\"http:\/\/portal.uern.br\/propeg\/rede-ter\/wp-content\/uploads\/sites\/6\/2025\/12\/ANAIS-SEMP-IV.pdf\" target=\"_blank\" rel=\"noopener\">ISBN: 978-65-87381-14-5<\/a>]<\/li>\n<li>Caderno de Resumos do II Simp\u00f3sio de Metodologias e Pr\u00e1ticas de Ensino \u2013 SMEPE II Encontro de Egressos do PPGE \u2013 EEPPGE [<a title=\"caderno_resumos_ii\" href=\"http:\/\/www.uern.br\/controledepaginas\/producoes-rede-ter\/arquivos\/65156579anais_do_ii_eppge_2021_versaa%C2%A3o_final.pdf\" target=\"_blank\" rel=\"noopener\">ISBN: 978-65-87381-09-1<\/a>]<\/li>\n<li>PRODUTOS EDUCATIVOS E METODOLOGIAS DE ENSINO &#8211; VOLUME 4 [<a title=\"PRODUTOS-EDUCATIVOS-VOL.4\" href=\"http:\/\/www.uern.br\/controledepaginas\/producoes-rede-ter\/arquivos\/6515produtos_educativos_volume.4.pdf\" target=\"_blank\" rel=\"noopener\">ISBN: 978-65-87381-10-7<\/a>]<\/li>\n<li>ANAIS DO I ENCONTRO DE MEM\u00d3RIAS DO GEPPE: 15 ANOS DE HIST\u00d3RIA [<a title=\"ANAIS_1_ENCONTRO_MEMORIAS_GEPPE\" href=\"http:\/\/www.uern.br\/controledepaginas\/producoes-rede-ter\/arquivos\/6515anais_1_encontro_memorias_geppe.pdf\" target=\"_blank\" rel=\"noopener\">ISBN: 978-65-87381-11-4<\/a>]<\/li>\n<li>O cordel, o repente e a cultura nordestina [<a title=\"cordel_repente\" href=\"http:\/\/www.uern.br\/controledepaginas\/producoes-rede-ter\/arquivos\/6515cordel_repente_cultura_nordestina.pdf\" target=\"_blank\" rel=\"noopener\">ISBN: 978-65-87381-12-1<\/a>]<\/li>\n<li>Caderno de Resumos do II Encontro de Egressos do PPGE \u2013 EPPGE [<a title=\"ANAIS_II_ENCONTRO_PPGE\" href=\"http:\/\/www.uern.br\/controledepaginas\/producoes-rede-ter\/arquivos\/6515anais_do_ii_eppge_2021_versa%C2%A3o_final.pdf\" target=\"_blank\" rel=\"noopener\">ISBN: 978-65-87381-13-8<\/a>]<\/li>\n<li>ANAIS DA XIX SEMANA UNIVERSIT\u00c1RIA DO CAMPUS AVAN\u00c7ADO DE PAU DOS FERROS (CAPF): di\u00e1logos e experi\u00eancias da educa\u00e7\u00e3o\u00a0 b\u00e1sica ao ensino superior no contexto da pandemia da COVID-19 [<a title=\"anais_xix_seuni_capf\" href=\"http:\/\/www.uern.br\/controledepaginas\/producoes-rede-ter\/arquivos\/6515anais_finalizado_xix_semana_universitaria.pdf\" target=\"_blank\" rel=\"noopener\">ISBN: 978-65-87381-15-2<\/a>]<\/li>\n<\/ul>\n<p>&nbsp;<\/p>\n<p>&gt;&gt;2020<\/p>\n<ul>\n<li>Cap\u00edtulos de Geografia do Rio Grande do Norte &#8211; Volume 1 [<a title=\"CAPITULOS-GEOGRAFIA-RN-VOL.1\" href=\"http:\/\/www.uern.br\/controledepaginas\/producoes-rede-ter\/arquivos\/6515capitulos_geografia_rn_vol._1_ed._2_2020.pdf\" target=\"_blank\" rel=\"noopener\">ISBN: 978-65-87381-02-2<\/a>]<\/li>\n<li>Cap\u00edtulos de Geografia do Rio Grande do Norte &#8211; Volume 2 [<a title=\"CAPITULOS-GEOGRAFIA-RN-VOL.2\" href=\"http:\/\/www.uern.br\/controledepaginas\/producoes-rede-ter\/arquivos\/6515capitulos_geografia_rn_vol._2_ed._2_2020.pdf\" target=\"_blank\" rel=\"noopener\">ISBN: 978-65-87381-01-5<\/a>]<\/li>\n<li>Cap\u00edtulos de Geografia do Rio Grande do Norte &#8211; Volume 3 [<a title=\"CAPITULOS-GEOGRAFIA-RN-VOL.3\" href=\"http:\/\/www.uern.br\/controledepaginas\/producoes-rede-ter\/arquivos\/6515capitulos_geografia_rn_vol._3_ed._1_2020.pdf\" target=\"_blank\" rel=\"noopener\">ISBN: 978-65-87381-00-8<\/a>]<\/li>\n<li>Projeto de autoavalia\u00e7\u00e3o do programa de p\u00f3s-gradua\u00e7\u00e3o em planejamento e din\u00e2micas territoriais no semi\u00e1rido (PLANDITES\/UERN) [<a title=\"autoav_plandites\" href=\"http:\/\/www.uern.br\/controledepaginas\/producoes-rede-ter\/arquivos\/6515projeto_padrao_ppgs_parceiros_plandites_2020.pdf\" target=\"_blank\" rel=\"noopener\">ISBN: 978-65-87381-03-9<\/a>]<\/li>\n<li>Produ\u00e7\u00e3o mais limpa em empreendimentos do Semi\u00e1rido: estudos de caso no com\u00e9rcio e em presta\u00e7\u00e3o de servi\u00e7os em Pau dos Ferros, Rio Grande do Norte [<a title=\"PRODUCAO_MAIS_LIMPA_COMERCIO\" href=\"http:\/\/www.uern.br\/controledepaginas\/producoes-rede-ter\/arquivos\/6515producao_mais_limpa_comercio.pdf\" target=\"_blank\" rel=\"noopener\">ISBN: 978-65-87381-04-6<\/a>]<\/li>\n<li>Produ\u00e7\u00e3o mais limpa em empreendimentos do Semi\u00e1rido: estudos de caso na ind\u00fastria de transforma\u00e7\u00e3o e outros segmentos em Pau dos Ferros, Rio Grande do Norte [<a title=\"PRODUCAO_MAIS_LIMPA_INDUSTRIA\" href=\"http:\/\/www.uern.br\/controledepaginas\/producoes-rede-ter\/arquivos\/6515producao_mais_limpa_industria.pdf\" target=\"_blank\" rel=\"noopener\">ISBN: 978-65-87381-05-3<\/a>]<\/li>\n<li>PRODUTOS EDUCATIVOS E METODOLOGIAS DE ENSINO &#8211; VOLUME 3 [<a title=\"PRODUTOS-EDUCATIVOS-VOL.3\" href=\"http:\/\/www.uern.br\/controledepaginas\/producoes-rede-ter\/arquivos\/6515produtos_educativos_volume.3.pdf\" target=\"_blank\" rel=\"noopener\">ISBN: 978-65-87381-06-0<\/a>]<\/li>\n<li>Anais do III Semin\u00e1rio de Pesquisa: o novo protagonismo da pesquisa na universidade [<a title=\"ANAIS_3_SEMINARIO_GRUPESCE\" href=\"http:\/\/www.uern.br\/controledepaginas\/producoes-rede-ter\/arquivos\/6515anais_iii_seminario_pesquisa_grupesce.pdf\" target=\"_blank\" rel=\"noopener\">ISBN: 978-65-87381-07-7<\/a>]<\/li>\n<li>A retextualiza\u00e7\u00e3o em sala de aula: caminhos e descobertas [<a title=\"retextualizacao\" href=\"http:\/\/www.uern.br\/controledepaginas\/producoes-rede-ter\/arquivos\/6515retextualizacao_compactado.pdf\" target=\"_blank\" rel=\"noopener\">ISBN: 978-65-87381-08-4<\/a>]<\/li>\n<li>Caderno de Resumos do I Simp\u00f3sio de Metodologias e Pr\u00e1ticas de Ensino \u2013 SMEPE I Encontro de Egressos do PPGE \u2013 EEPPGE [<a title=\"CADERNO-RESUMOS-1-SMEPE\" href=\"http:\/\/www.uern.br\/controledepaginas\/producoes-rede-ter\/arquivos\/65153353caderno_de_resumo_do_i_smepe_e_i_eeppge.pdf\" target=\"_blank\" rel=\"noopener\">ISBN: 978-65-87381-09-1<\/a>]<\/li>\n<li>Caderno de resumos da Feira de Ci\u00eancias do Oeste Potiguar: edi\u00e7\u00f5es VI, VII, VIII e IX \u2013 2016, 2017, 2018, 2019 [<a title=\"CADERNOS_RESUMOS_FEIRA_CIENCIAS_2016_2019\" href=\"http:\/\/www.uern.br\/controledepaginas\/producoes-rede-ter\/arquivos\/6515cadernos_de_resumos_2016_2019_final.pdf\" target=\"_blank\" rel=\"noopener\">ISBN:\u00a0 978-65-80815-05-0<\/a>]<\/li>\n<\/ul>\n<p>&nbsp;<\/p>\n<p>&gt;&gt;2019<\/p>\n<ul>\n<li>Anais do III Simp\u00f3sio Internacional Educa\u00e7\u00e3o, Diversidade, L\u00edngua e Cultura: teorias e pr\u00e1ticas de defini\u00e7\u00e3o dos territ\u00f3rios perif\u00e9ricos e do I Encontro da Rede-TER [<a title=\"ANAIS_1_ENCONTRO_REDE-TER_2019\" href=\"http:\/\/www.uern.br\/controledepaginas\/producoes-rede-ter\/arquivos\/6515anais_1_evento_rede_ter_2019.pdf\" target=\"_blank\" rel=\"noopener\">ISBN: 978-65-80815-00-5<\/a>]<\/li>\n<\/ul>\n<ul>\n<li>Cadernos de resumos do III Semin\u00e1rio Internacional Educa\u00e7\u00e3o, Diversidade, L\u00edngua e Cultura: teorias e pr\u00e1ticas de defini\u00e7\u00e3o dos territ\u00f3rios perif\u00e9ricos e do I Encontro da RedeTER [<a title=\"CADERNO_RESUMOS_1_ENCONTRO_REDE_TER\" href=\"http:\/\/www.uern.br\/controledepaginas\/producoes-rede-ter\/arquivos\/6515caderno_resumos_1_evento_rede_ter.pdf\" target=\"_blank\" rel=\"noopener\">ISBN: 978-65-80815-01-2<\/a>]<\/li>\n<\/ul>\n","protected":false},"excerpt":{"rendered":"<p>PRODU\u00c7\u00d5ES DA EDITORA DA REDE-TER &gt;&gt;2025 Caderno de resumos da Feira Estadual de Ci\u00eancia, Inova\u00e7\u00e3o e Tecnologia do RN: FECITERN [ISBN: 978-65-87381-55-8] Caderno de Resumos da 14\u00aa e 15\u00aa Feiras de ci\u00eancias do Alto Oeste Potiguar [ISBN: 978-65-87381-53-41] CADERNO DE RESUMOS DO VI ENCONTRO DE EGRESSOS DO PPGE (EEPPGE) E III SIMP\u00d3SIO DE METODOLOGIAS E [&hellip;]<\/p>\n","protected":false},"author":1,"featured_media":0,"parent":0,"menu_order":0,"comment_status":"closed","ping_status":"closed","template":"","meta":{"footnotes":""},"class_list":["post-322","page","type-page","status-publish","hentry"],"_links":{"self":[{"href":"https:\/\/portal.uern.br\/propeg\/rede-ter\/wp-json\/wp\/v2\/pages\/322","targetHints":{"allow":["GET"]}}],"collection":[{"href":"https:\/\/portal.uern.br\/propeg\/rede-ter\/wp-json\/wp\/v2\/pages"}],"about":[{"href":"https:\/\/portal.uern.br\/propeg\/rede-ter\/wp-json\/wp\/v2\/types\/page"}],"author":[{"embeddable":true,"href":"https:\/\/portal.uern.br\/propeg\/rede-ter\/wp-json\/wp\/v2\/users\/1"}],"replies":[{"embeddable":true,"href":"https:\/\/portal.uern.br\/propeg\/rede-ter\/wp-json\/wp\/v2\/comments?post=322"}],"version-history":[{"count":24,"href":"https:\/\/portal.uern.br\/propeg\/rede-ter\/wp-json\/wp\/v2\/pages\/322\/revisions"}],"predecessor-version":[{"id":590,"href":"https:\/\/portal.uern.br\/propeg\/rede-ter\/wp-json\/wp\/v2\/pages\/322\/revisions\/590"}],"wp:attachment":[{"href":"https:\/\/portal.uern.br\/propeg\/rede-ter\/wp-json\/wp\/v2\/media?parent=322"}],"curies":[{"name":"wp","href":"https:\/\/api.w.org\/{rel}","templated":true}]}}