{"id":319,"date":"2024-07-04T16:06:18","date_gmt":"2024-07-04T19:06:18","guid":{"rendered":"https:\/\/portal.uern.br\/propeg\/rede-ter\/?page_id=319"},"modified":"2025-01-17T09:26:26","modified_gmt":"2025-01-17T12:26:26","slug":"editora-da-rede-ter","status":"publish","type":"page","link":"https:\/\/portal.uern.br\/propeg\/rede-ter\/editora-da-rede-ter\/","title":{"rendered":"EDITORA DA REDE-TER"},"content":{"rendered":"<h2>EDITORA DA REDE-TER<\/h2>\n<p><strong>A EDITORA DA REDE-TER<\/strong><\/p>\n<p>A Rede-TER disponibiliza de Editora cadastrada na C\u00e2mara Brasileira de Livres (CBL) e atualmente tem comit\u00ea editorial permanente, composta pelos seguints docentes:<\/p>\n<p>&nbsp;<\/p>\n<p><strong>DIRETRIZES GERAIS PARA PUBLICA\u00c7\u00c3O PELA EDITORA REDE-TER<\/strong><\/p>\n<ol>\n<li>DO OBJETIVO E DA ABRANG\u00caNCIA<\/li>\n<\/ol>\n<p><strong>\u00a0<\/strong>Publicar conte\u00fados originais e relevantes, exclusivamente em formato digital, voltados para a dissemina\u00e7\u00e3o de conhecimento nas \u00e1reas de pesquisa, extens\u00e3o e ensino, alinhados aos objetivos e ao escopo da REDE-TER.<\/p>\n<p>Abranger publica\u00e7\u00f5es de livros, anais de eventos e produ\u00e7\u00e3o t\u00e9cnica, focando em conte\u00fados que promovam avan\u00e7os na pesquisa, no ensino e da extens\u00e3o nos eixos da REDE-TER, a saber:<\/p>\n<p>-Eixo 1: Pol\u00edticas p\u00fablicas para o desenvolvimento de territ\u00f3rios;<\/p>\n<p>-Eixo 2: Produ\u00e7\u00e3o e circula\u00e7\u00e3o de bens simb\u00f3licos e educacionais vinculados a territ\u00f3rios<\/p>\n<p>-Eixo 3: Populariza\u00e7\u00e3o da ci\u00eancia e tecnologia na educa\u00e7\u00e3o presencial e \u00e0 dist\u00e2ncia<\/p>\n<p>-Eixo 4: Mecanismos de interven\u00e7\u00e3o para territ\u00f3rios fora dos eixos de desenvolvimento<\/p>\n<p>-Eixo 5: Forma\u00e7\u00e3o e capacita\u00e7\u00e3o para aproveitamento e melhorias dos recursos end\u00f3genos das comunidades e territ\u00f3rios<\/p>\n<p>-Eixo 6: Aproveitamento dos recursos lingu\u00edstico-culturais locais para desenvolvimento de territ\u00f3rios.<\/p>\n<p>Para saber mais detalhes sobre cada eixo e objetivos da REDE-TER, consultar a p\u00e1gina no seguinte endere\u00e7o: <a href=\"https:\/\/portal.uern.br\/propeg\/rede-ter\/eixos-prioritarios-de-investigacao\/\">https:\/\/portal.uern.br\/propeg\/rede-ter\/eixos-prioritarios-de-investigacao\/<\/a><\/p>\n<ol start=\"2\">\n<li>DAS CONDI\u00c7\u00d5ES PRELIMINARES<\/li>\n<\/ol>\n<p>2.1 As obras propostas devem ser in\u00e9ditas e n\u00e3o podem ter car\u00e1ter de segunda edi\u00e7\u00e3o, amplia\u00e7\u00e3o ou atualiza\u00e7\u00e3o de obra j\u00e1 lan\u00e7ada.<\/p>\n<p>2.2 O (s) autor (es) ou organizador (es) proponentes devem ter, no m\u00ednimo, o t\u00edtulo de Mestre.<\/p>\n<p>3. DA INSCRI\u00c7\u00c3O<\/p>\n<p><strong>\u00a0<\/strong>3.1 Preencher o formul\u00e1rio de Inscri\u00e7\u00e3o (ANEXO I);<\/p>\n<p>3.2 Documento necess\u00e1rio para a homologa\u00e7\u00e3o da inscri\u00e7\u00e3o da proposta:<\/p>\n<p>3.2.1 Declara\u00e7\u00e3o (Anexo II) assinada pelo autor(a) ou organizador(a), confirmando a inscri\u00e7\u00e3o de sua obra; aceitando sua ades\u00e3o \u00e0 pol\u00edtica editorial da REDE-TER; e, concordando em se comprometer a pagar a taxa de ISBN que deve ser solicitado pela editora da REDE-TER.<\/p>\n<p>3.3 Os textos devem ser redigidos em l\u00edngua portuguesa, observando a corre\u00e7\u00e3o lingu\u00edstico-textual e o acordo ortogr\u00e1fico vigente. \u00c9 poss\u00edvel incluir cap\u00edtulos em ingl\u00eas ou nos idiomas das outras institui\u00e7\u00f5es universit\u00e1rias internacionais participantes da obra.<\/p>\n<p>3.4 Material acad\u00eamico necess\u00e1rio e sua formata\u00e7\u00e3o:<\/p>\n<p>3.4. 1 Arquivo em WORD da obra proposta COMPLETA COM IDENTIFICA\u00c7\u00c3O de autor(s) e colaboradores(as);<\/p>\n<p>3.4.2 Arquivo em WORD da obra proposta COMPLETA SEM IDENTIFICA\u00c7\u00c3O de autor(s) e colaboradores(as);<\/p>\n<p>3.4.3 As obras propostas devem ser apresentadas em formato docx, papel A4, espa\u00e7amento entre as linhas de 1,5, margens de 3cm superior e esquerda e 2 cm inferior e direita, Garamond, fonte 12 no texto, fonte 10 em cita\u00e7\u00f5es de mais de 3 linhas, em notas de rodap\u00e9, em legendas de tabelas, quadros e imagens.<\/p>\n<p>3.4.4 As refer\u00eancias devem seguir as normas da ABNT;<\/p>\n<p>3.5 As propostas devem ser encaminhadas para o e-mail da REDE-TER: <u><a href=\"mailto:rede-ter@uern.br\">rede-ter@uern.br<\/a><\/u><\/p>\n<p>3.6 O descumprimento total ou parcial do que exige no t\u00f3pico 3 implica na desclassifica\u00e7\u00e3o da proposta.<\/p>\n<ol start=\"4\">\n<li>DOS CRIT\u00c9RIOS DE AVALIA\u00c7\u00c3O<\/li>\n<\/ol>\n<p><strong>\u00a0<\/strong>4.1 A sele\u00e7\u00e3o das obras ser\u00e1 feita por avaliadores, por, pelo menos, um parecerista, seja membro da REDE-TER, seja um consultor <em>ad hoc<\/em>, que emitir\u00e1 um parecer APROVADO, APROVADO COM RESSALVAS OU REPROVANDO.<\/p>\n<p>4.2 S\u00e3o crit\u00e9rios da sele\u00e7\u00e3o:<\/p>\n<p>4.2.1 Pertin\u00eancia da obra em rela\u00e7\u00e3o ao objetivo geral (Item 1)<\/p>\n<p>4.2.2 Originalidade<\/p>\n<p>4.2.3 Potencial para uso acad\u00eamico<\/p>\n<p>4.2.4 Qualidade e corre\u00e7\u00e3o da escrita<\/p>\n<p>4.2.5 Qualidade, organiza\u00e7\u00e3o e padroniza\u00e7\u00e3o das legendas e informa\u00e7\u00f5es das imagens, tabelas, quadros e gr\u00e1ficos;<\/p>\n<p>4.2.6. Em caso de aprova\u00e7\u00e3o da Obra, o(a) autor(a) e\/ou organizador(a) ser\u00e1 informado por e-mail para pagamento de ISBN, junto \u00e0 C\u00e2mara Brasileira do Livro (CBL), como tamb\u00e9m para tomada de provid\u00eancias quanto a ficha catalogr\u00e1fica.<\/p>\n<p>4.2.7 A Produ\u00e7\u00e3o bibliogr\u00e1fica de autoria da REDE-TER n\u00e3o precisar\u00e1 de aprova\u00e7\u00e3o pr\u00e9via.<\/p>\n<ol start=\"5\">\n<li>DA PUBLICA\u00c7\u00c3O<\/li>\n<\/ol>\n<p><strong>\u00a0<\/strong>5.1. E de responsabilidade do(a) autor(a) e\/ou organizador(a) a revis\u00e3o, diagrama\u00e7\u00e3o e edi\u00e7\u00e3o da obra<\/p>\n<p>5.2. A obra ser\u00e1 publicada no site da REDE-TER <a href=\"https:\/\/portal.uern.br\/propeg\/rede-ter\/producoes\/\">https:\/\/portal.uern.br\/propeg\/rede-ter\/producoes\/<\/a><\/p>\n<ol start=\"6\">\n<li>DAS DISPOSI\u00c7\u00d5ES GERAIS<\/li>\n<\/ol>\n<p>6.1 A submiss\u00e3o de propostas para participar do processo de avalia\u00e7\u00e3o representa a concord\u00e2ncia, por parte do(a) autor(a) e\/ou organizador(a), com todos os itens descritos nas diretrizes da REDE-TER, sem nenhuma ressalva.<\/p>\n<p>6.2 N\u00e3o caber\u00e1 recurso \u00e0s decis\u00f5es de m\u00e9rito tomadas pelo(s) avaliador(es).<\/p>\n<p>6.3 \u00c9 de responsabilidade dos autores submeterem propostas de obras j\u00e1 revisadas de portugu\u00eas e t\u00e9cnica e diagramadas, incluindo capas e contracapas.<\/p>\n<p>6.4 Para garantir a livre dissemina\u00e7\u00e3o e o uso acad\u00eamico dos materiais, todos os autores devem ceder os direitos autorais \u00e0 editora para fins de publica\u00e7\u00e3o e distribui\u00e7\u00e3o.<\/p>\n<p>6.5 \u00c9 de responsabilidade dos autores ou organizadores da obra o pagamento do ISBN, conforme taxas praticadas pela C\u00e2mara Brasileira do livro. O ISBN deve ser solicitado pela editora da REDE-TER.<\/p>\n<p>6.6 A ficha catalogr\u00e1fica deve ser solicitada pelos autores ou organizadores junto \u00e0 bibliotecas universit\u00e1rias ou de outra institui\u00e7\u00e3o.<\/p>\n<p>6.7 As opini\u00f5es expressas nas obras s\u00e3o de inteira responsabilidade do (s) autor (es) e n\u00e3o refletem necessariamente a opini\u00e3o da Editora REDE-TER<\/p>\n<p>6.8 A editora da REDE-TER n\u00e3o se responsabiliza por elementos de conte\u00fado e de forma gerados por ferramentas de intelig\u00eancia artificial.<\/p>\n<p>6.9. O n\u00e3o cumprimento de qualquer instru\u00e7\u00e3o das diretrizes implica em desclassifica\u00e7\u00e3o da proposta.<\/p>\n<p>6.10. Quaisquer d\u00favidas devem ser dirimidas pelo e-mail <u><a href=\"mailto:rede-ter@uern.br\">rede-ter@uern.br<\/a> <\/u><\/p>\n<p>6.11 Os casos omissos ser\u00e3o resolvidos no \u00e2mbito da REDE-TER.<\/p>\n<p>Pau dos Ferros, 28 de novembro de 2024.<\/p>\n<ul>\n<li>Segue aqui as <a href=\"http:\/\/portal.uern.br\/propeg\/rede-ter\/wp-content\/uploads\/sites\/6\/2025\/01\/DIRETRIZES_GERAIS_PUBLICACAO_EDITORA_REDE-TER.pdf\" target=\"_blank\" rel=\"noopener\">normativas e anexos para solitica\u00e7\u00e3o de publica\u00e7\u00e3o<\/a>.<\/li>\n<\/ul>\n<p>&nbsp;<\/p>\n<p>&nbsp;<\/p>\n<p><strong>CONSELHO EDITORIAL PERMANENTE DA REDE\u2013TER<\/strong><\/p>\n<p>1. Prof. Dr. Afonso Welliton de S. Nascimento &#8211; Universidade Federal do Par\u00e1 (UFPA) \u2013Brasil afonsows27@gmail.com<\/p>\n<p>2. Prof. Dr. Alexandre Augusto Cals e Souza &#8211; Universidade Federal do Par\u00e1 (UFPA) \u2013Brasil alexandre@ufpa.br<\/p>\n<p>3. Prof. Dr. Ant\u00f4nio Gaspar Domingos &#8211; Instituto Polit\u00e9cnico de Cuanza Sul \u2013Angola chinot63@yahoo.com.br<\/p>\n<p>4. Prof. Me. Emanuel Alexandrino Silva Semedo &#8211; Universidade de Santiago \u2013 Cabo Verde emanuel.semedo@us.edu.cv<\/p>\n<p>5. Prof. Dr. Francisco do O\u2019 de Lima J\u00fanior &#8211; Universidade Regional do Cariri (URCA) \u2013 Brasil lima.junior@urca.br<\/p>\n<p>6. Prof. Dr. Gilton Sampaio de Souza &#8211; Universidade do Estado do Rio Grande do Norte (UERN) \u2013 Brasil giltonssouza@gmail.com<\/p>\n<p>7. Prof. Dr. Jos\u00e9 Cezinaldo Rocha Bessa &#8211; Universidade do Estado do Rio Grande do Norte (UERN) \u2013 Brasil cezinaldobessa@uern.br<\/p>\n<p>8. Prof. Dr. Josu\u00e9 Alencar Bezerra &#8211; Universidade do Estado do Rio Grande do Norte (UERN) \u2013 Brasil josuebezerra@uern.br<\/p>\n<p>9. Profa. Dra. Larissa da Silva Ferreira Alves &#8211; Universidade do Estado do Rio Grande do Norte (UERN) \u2013 Brasil larissaferreira@uern.br<\/p>\n<p>10. Prof. Me. Luis Filipe Martins Rodrigues &#8211; Universidade de Santiago \u2013Cabo Verde luis.rodrigues@us.edu.cv<\/p>\n<p>11. Prof. Dr. Lu\u00eds Tom\u00e1s Domingos &#8211; Universidade da Integra\u00e7\u00e3o Internacional da Lusofonia Afro\u2013Brasileira (UNILAB) \u2013Brasil luis.tomas@unilab.edu.br<\/p>\n<p>12. Prof. Dr. Marcelo Pustilnik Almeida Vieira &#8211; Universidade Federal de Santa Maria (UFSM) \u2013Brasil marcelo.pustilnik@ufsm.br<\/p>\n<p>13. Profa. Dra. Maria do Socorro Maia Fernandes Barbosa &#8211; Universidade do Estado do Rio Grande do Norte (UERN) \u2013 Brasil socorromaia@uern.br<\/p>\n<p>14. Profa. Dra. Maria Los\u00e2ngela Martins de Sousa &#8211; Universidade do Estado do Rio Grande do Norte (UERN) \u2013 Brasil mariasousa@uern.br<\/p>\n<p>15. Profa. Dra. Maria L\u00facia Pessoa Sampaio &#8211; Universidade do Estado do Rio Grande do Norte (UERN) \u2013 Brasil luciapessoa@uern.br<\/p>\n<p>16. Profa. Dra. Ros\u00e2ngela Alves dos Santos Bernardino &#8211; Universidade do Estado do Rio Grande do Norte (UERN) \u2013 Brasil rosangelabernardino@uern.br<\/p>\n<p>17. Profa. Dra. Sandra Meza Fern\u00e1ndez &#8211; Universidade do Chile \u2013 Chile smeza@uchile.cl<\/p>\n<p>18. Profa. Dra. Sara Taciana Firmino Bezerra &#8211; Universidade do Estado do Rio Grande do Norte (UERN) \u2013 Brasil sarataciana@uern.br<\/p>\n<p>19. Profa. Dra. Simone Cabral Marinho dos Santos &#8211; Universidade do Estado do Rio Grande do Norte (UERN) \u2013 Brasil simone.cms@hotmail.com<\/p>\n<p>20. Prof. Dr. Valdir Heitor Barzotto &#8211; Universidade de S\u00e3o Paulo (USP) \u2013Brasil barzotto@usp.br<\/p>\n","protected":false},"excerpt":{"rendered":"<p>EDITORA DA REDE-TER A EDITORA DA REDE-TER A Rede-TER disponibiliza de Editora cadastrada na C\u00e2mara Brasileira de Livres (CBL) e atualmente tem comit\u00ea editorial permanente, composta pelos seguints docentes: &nbsp; DIRETRIZES GERAIS PARA PUBLICA\u00c7\u00c3O PELA EDITORA REDE-TER DO OBJETIVO E DA ABRANG\u00caNCIA \u00a0Publicar conte\u00fados originais e relevantes, exclusivamente em formato digital, voltados para a dissemina\u00e7\u00e3o [&hellip;]<\/p>\n","protected":false},"author":1,"featured_media":0,"parent":0,"menu_order":0,"comment_status":"closed","ping_status":"closed","template":"","meta":{"footnotes":""},"class_list":["post-319","page","type-page","status-publish","hentry"],"_links":{"self":[{"href":"https:\/\/portal.uern.br\/propeg\/rede-ter\/wp-json\/wp\/v2\/pages\/319","targetHints":{"allow":["GET"]}}],"collection":[{"href":"https:\/\/portal.uern.br\/propeg\/rede-ter\/wp-json\/wp\/v2\/pages"}],"about":[{"href":"https:\/\/portal.uern.br\/propeg\/rede-ter\/wp-json\/wp\/v2\/types\/page"}],"author":[{"embeddable":true,"href":"https:\/\/portal.uern.br\/propeg\/rede-ter\/wp-json\/wp\/v2\/users\/1"}],"replies":[{"embeddable":true,"href":"https:\/\/portal.uern.br\/propeg\/rede-ter\/wp-json\/wp\/v2\/comments?post=319"}],"version-history":[{"count":5,"href":"https:\/\/portal.uern.br\/propeg\/rede-ter\/wp-json\/wp\/v2\/pages\/319\/revisions"}],"predecessor-version":[{"id":534,"href":"https:\/\/portal.uern.br\/propeg\/rede-ter\/wp-json\/wp\/v2\/pages\/319\/revisions\/534"}],"wp:attachment":[{"href":"https:\/\/portal.uern.br\/propeg\/rede-ter\/wp-json\/wp\/v2\/media?parent=319"}],"curies":[{"name":"wp","href":"https:\/\/api.w.org\/{rel}","templated":true}]}}