{"id":315,"date":"2024-07-04T16:03:47","date_gmt":"2024-07-04T19:03:47","guid":{"rendered":"https:\/\/portal.uern.br\/propeg\/rede-ter\/?page_id=315"},"modified":"2026-03-30T20:13:20","modified_gmt":"2026-03-30T23:13:20","slug":"editais","status":"publish","type":"page","link":"https:\/\/portal.uern.br\/propeg\/rede-ter\/editais\/","title":{"rendered":"EDITAIS"},"content":{"rendered":"<p><strong>PROJETOS APROVADOS EM EDITAIS DE AG\u00caNCIAS DE FOMENTO<\/strong><\/p>\n<ul>\n<li><strong>T\u00edtulo do projeto aprovado<\/strong>: Forma\u00e7\u00e3o e qualifica\u00e7\u00e3o de recursos humanos: Rede-TER em di\u00e1logos integrados de coopera\u00e7\u00e3o internacional para o desenvolvimento e inova\u00e7\u00e3o do eixo Sul-Sul<br \/>\n<strong>Edital<\/strong>: CHAMADA P\u00daBLICA MCTI\/CNPQ N\u00ba 16\/2024 &#8211; Faixa 1: Projeto em coopera\u00e7\u00e3o<br \/>\n<strong>Valor financiado<\/strong>: R$ 263.087,28<br \/>\n<strong>Vig\u00eancia<\/strong>: 2025-2027<\/li>\n<\/ul>\n<p>&nbsp;<\/p>\n<p><strong>EDITAIS DA REDE-TER<\/strong><\/p>\n<p><strong>1\u00ba CONCURSO DE PROJETOS DE ENSINO, PESQUISA E EXTENS\u00c3O &#8211; 2021<br \/>\n<\/strong><\/p>\n<ul>\n<li><a title=\"EDITAL_004_2021_CONCURSO_PROJETOS_REDE-TER\" href=\"http:\/\/www.uern.br\/controledepaginas\/editais-rede-ter\/arquivos\/6507edital_004_2020_rede_ter_concurso_projetos_resultado_final_15.11.2021.pdf\" target=\"_blank\" rel=\"noopener\">EDITAL 004\/2021 \u2013 Rede-TER \u2013 Divulga\u00e7\u00e3o do resultado final do 1\u00ba Concurso de projetos de Ensino, Pesquisa e Extens\u00e3o da Rede-TER 2021<\/a><\/li>\n<li><a title=\"EDITAO_003_2021_REDE-TER\" href=\"http:\/\/www.uern.br\/controledepaginas\/editais-rede-ter\/arquivos\/6507edital_003_2020_rede_ter_concurso_projetos_resultado_analise_projeto_11.11.2021.pdf\" target=\"_blank\" rel=\"noopener\">EDITAL 003\/2021 \u2013 Rede-TER \u2013 Divulga\u00e7\u00e3o do resultado de an\u00e1lise dos projetos no 1\u00ba Concurso de projetos de Ensino, Pesquisa e Extens\u00e3o da Rede -TER\u00a02021<\/a><\/li>\n<li><a title=\"EDITAL 002\/2021 \u2013 Rede-TER \u2013 Divulga\u00e7\u00e3o dos candidatos inscritos no 1\u00ba Concurso de projetos de Ensino, Pesquisa e Extens\u00e3o da Rede -TER 2021\" href=\"http:\/\/www.uern.br\/controledepaginas\/editais-rede-ter\/arquivos\/6507edital_002_2020_rede_ter_concurso_projetos_homologacao_inscricoes_04.10.2021.pdf\" target=\"_blank\" rel=\"noopener\">EDITAL 002\/2021 \u2013 Rede-TER \u2013 Divulga\u00e7\u00e3o dos candidatos inscritos no 1\u00ba Concurso de projetos de Ensino, Pesquisa e Extens\u00e3o da Rede-TER\u00a02021<\/a><\/li>\n<li><a title=\"EDITAL 001-EDITAL 001\/2021 \u2013 Rede-TER 1\u00ba CONCURSO DE PROJETOS DE ENSINO, PESQUISA E EXTENS\u00c3O 2021\" href=\"http:\/\/www.uern.br\/controledepaginas\/editais-rede-ter\/arquivos\/6507edital_001_2020_rede_ter_concurso_projetos_20.01.2021.pdf\" target=\"_blank\" rel=\"noopener\">EDITAL 001\/2021 \u2013 Rede-TER<strong>\u00a0&#8211;\u00a0<\/strong>1\u00ba CONCURSO DE PROJETOS DE ENSINO, PESQUISA E EXTENS\u00c3O 2021<\/a><\/li>\n<\/ul>\n","protected":false},"excerpt":{"rendered":"<p>PROJETOS APROVADOS EM EDITAIS DE AG\u00caNCIAS DE FOMENTO T\u00edtulo do projeto aprovado: Forma\u00e7\u00e3o e qualifica\u00e7\u00e3o de recursos humanos: Rede-TER em di\u00e1logos integrados de coopera\u00e7\u00e3o internacional para o desenvolvimento e inova\u00e7\u00e3o do eixo Sul-Sul Edital: CHAMADA P\u00daBLICA MCTI\/CNPQ N\u00ba 16\/2024 &#8211; Faixa 1: Projeto em coopera\u00e7\u00e3o Valor financiado: R$ 263.087,28 Vig\u00eancia: 2025-2027 &nbsp; EDITAIS DA REDE-TER [&hellip;]<\/p>\n","protected":false},"author":1,"featured_media":0,"parent":0,"menu_order":0,"comment_status":"closed","ping_status":"closed","template":"","meta":{"footnotes":""},"class_list":["post-315","page","type-page","status-publish","hentry"],"_links":{"self":[{"href":"https:\/\/portal.uern.br\/propeg\/rede-ter\/wp-json\/wp\/v2\/pages\/315","targetHints":{"allow":["GET"]}}],"collection":[{"href":"https:\/\/portal.uern.br\/propeg\/rede-ter\/wp-json\/wp\/v2\/pages"}],"about":[{"href":"https:\/\/portal.uern.br\/propeg\/rede-ter\/wp-json\/wp\/v2\/types\/page"}],"author":[{"embeddable":true,"href":"https:\/\/portal.uern.br\/propeg\/rede-ter\/wp-json\/wp\/v2\/users\/1"}],"replies":[{"embeddable":true,"href":"https:\/\/portal.uern.br\/propeg\/rede-ter\/wp-json\/wp\/v2\/comments?post=315"}],"version-history":[{"count":3,"href":"https:\/\/portal.uern.br\/propeg\/rede-ter\/wp-json\/wp\/v2\/pages\/315\/revisions"}],"predecessor-version":[{"id":593,"href":"https:\/\/portal.uern.br\/propeg\/rede-ter\/wp-json\/wp\/v2\/pages\/315\/revisions\/593"}],"wp:attachment":[{"href":"https:\/\/portal.uern.br\/propeg\/rede-ter\/wp-json\/wp\/v2\/media?parent=315"}],"curies":[{"name":"wp","href":"https:\/\/api.w.org\/{rel}","templated":true}]}}