{"id":311,"date":"2024-07-04T16:01:09","date_gmt":"2024-07-04T19:01:09","guid":{"rendered":"https:\/\/portal.uern.br\/propeg\/rede-ter\/?page_id=311"},"modified":"2025-11-28T21:14:06","modified_gmt":"2025-11-29T00:14:06","slug":"membros","status":"publish","type":"page","link":"https:\/\/portal.uern.br\/propeg\/rede-ter\/membros\/","title":{"rendered":"MEMBROS"},"content":{"rendered":"<p style=\"font-weight: 400\"><strong>Membros idealizadores e fundadores da Rede-TER<\/strong>:<\/p>\n<p>&#8211;<em><strong>Emanuel Alexandrino Silva Semedo<\/strong><\/em><br \/>\n(Universidade de Santiago \u2013 Cabo Verde);<br \/>\n&#8211;<em><strong>Gilton Sampaio de Souza<\/strong><\/em><br \/>\n(Universidade do Estado do Rio Grande do Norte-UERN \u2013 Brasil);<br \/>\n&#8211;<em><strong>Jos\u00e9 Cezinaldo Rocha Bessa<\/strong><\/em><br \/>\n(Universidade do Estado do Rio Grande do Norte-UERN \u2013 Brasil);<br \/>\n&#8211;<em><strong>Larissa da Silva Ferreira Alves<\/strong><\/em><br \/>\n(Universidade do Estado do Rio Grande do Norte-UERN \u2013 Brasil);<br \/>\n&#8211;<em><strong>Simone Cabral Marinho dos Santos<\/strong><\/em><br \/>\n(Universidade do Estado do Rio Grande do Norte-UERN \u2013 Brasil).<\/p>\n<p><strong>Membros atuais da Rede-TER<\/strong>:<\/p>\n<ol style=\"font-weight: 400\">\n<li>Afonso Welliton de Sousa Nascimento (Universidade Federal do Par\u00e1-UFPA \u2013 Brasil)<\/li>\n<li>Agassiel de Medeiros Alves (Universidade do Estado do Rio Grande do Norte-UERN \u2013 Brasil)<\/li>\n<li>Albano Oliveira Nunes (Secretaria da Educa\u00e7\u00e3o do Governo do Estado do Cear\u00e1)<\/li>\n<li>Alexandre Augusto Cals e Souza (Universidade Federal do Par\u00e1-UFPA \u2013 Brasil)<\/li>\n<li>Ana Paula da Silva Raiva (Universidade P\u00fangue-Chimoio \u2013 Mo\u00e7ambique)<\/li>\n<li>Ant\u00f4nio Gaspar Domingos (Instituto Polit\u00e9cnico de Cuanza Sul \u2013 Angola)<\/li>\n<li>C\u00edcera Alves Agostinho de S\u00e1 (Secretaria da Educa\u00e7\u00e3o do Governo do Estado do Cear\u00e1)<\/li>\n<li>Edmar Peixoto de Lima\u00a0(Universidade do Estado do Rio Grande do Norte-UERN \u2013 Brasil)<\/li>\n<li>Estela Ayala (Universidad Academia de Humanismo Cristiano\u00a0\u2013 Chile)<\/li>\n<li>Emanuel Alexandrino Silva Semedo (Universidade de Santiago \u2013 Cabo Verde)<\/li>\n<li>Fernando Mitano (Universidade L\u00fario-UniLurio &#8211; Nampula, Mo\u00e7ambique)<\/li>\n<li>Francicl\u00e9zia de Sousa Barreto Silva (Universidade do Estado do Rio Grande do Norte-UERN \u2013 Brasil)<\/li>\n<li>Francisco do O\u2019 de Lima J\u00fanior (Universidade Regional do Cariri-URCA \u2013 Brasil)<\/li>\n<li>Francisco Willams Campos Lima (Universidade do Estado do Par\u00e1-UEPA \u2013 Brasil)<\/li>\n<li>Gilton Sampaio de Souza (Universidade do Estado do Rio Grande do Norte-UERN \u2013 Brasil)<\/li>\n<li>Guilherme Lopes da Cunha (Minist\u00e9rio da Defesa \u2013 Brasil)<\/li>\n<li>Jailson Jos\u00e9 dos Santos Letras (Universidade do Estado do Rio Grande do Norte-UERN \u2013 Brasil)<\/li>\n<li>Jairo Bezerra Silva (Universidade Estadual da Para\u00edba-UEPB \u2013 Brasil)<\/li>\n<li>Janeson Vidal de Oliveira (Universidade do Estado do Rio Grande do Norte-UERN \u2013 Brasil)<\/li>\n<li>Jorge Lu\u00eds de Oliveira Pinto Filho (Universidade Federal Rural do Semi\u00e1rido-UFERSA \u2013 Brasil)<\/li>\n<li>Jos\u00e9 Cezinaldo Rocha Bessa (Universidade do Estado do Rio Grande do Norte-UERN \u2013 Brasil)<\/li>\n<li>Josu\u00e9 Alencar Bezerra (Universidade do Estado do Rio Grande do Norte-UERN \u2013 Brasil)<\/li>\n<li>J\u00falio Magido Velho Muara (Instituto Superior de Ci\u00eancias de Sa\u00fade-ISCISA &#8211; Mo\u00e7ambique)<\/li>\n<li>Larissa da Silva Ferreira Alves (Universidade do Estado do Rio Grande do Norte-UERN \u2013 Brasil)<\/li>\n<li>Lenilda Soraia dos Reis Rodrigues Duarte Brito (Universidade de Santiago\/Cabo Verde)<\/li>\n<li>Lu\u00eds Filipe Martins Rodrigues (Universidade de Santiago-US \u2013 Cabo Verde)<\/li>\n<li>Lu\u00eds Miguel Dias Caetano (Universidade da Integra\u00e7\u00e3o Internacional da Lusofonia Afro-Brasileira-UNILAB \u2013 Brasil)<\/li>\n<li>Lu\u00eds Tom\u00e1s Domingos (Universidade da Integra\u00e7\u00e3o Internacional da Lusofonia Afro-Brasileira-UNILAB)<\/li>\n<li>Marcelo Pustilnik de Almeida Vieira (Universidade Federal de Santa Maria-UFSM \u2013 Brasil)<\/li>\n<li>Maria B\u00e1rbara da Costa Cardoso (Secretaria de Estado de Educa\u00e7\u00e3o do Par\u00e1 &#8211; SEDUC\/PA)<\/li>\n<li>Maria da Concei\u00e7\u00e3o Costa (Universidade do Estado do Rio Grande do Norte-UERN \u2013 Brasil)<\/li>\n<li>Maria Francisca Ribeiro Correa (Secretaria de Estado de Educa\u00e7\u00e3o do Par\u00e1 &#8211; SEDUC\/PA \u2013 Brasil)<\/li>\n<li>Maria do Socorro Vasconcelos Pereira (Secretaria de Estado de Educa\u00e7\u00e3o do Par\u00e1 &#8211; SEDUC\/PA)<\/li>\n<li>Maria Eridan da Silva Santos (Universidade do Estado do Rio Grande do Norte-UERN \u2013 Brasil)<\/li>\n<li>Miguel Henrique da Cunha Filho (Universidade do Estado do Rio Grande do Norte-UERN \u2013 Brasil)<\/li>\n<li>Natalia Amorim Ramos Felix (Universidade do Estado do Rio Grande do Norte-UERN \u2013 Brasil)<\/li>\n<li>N\u00e1dia Farias dos Santos (Instituto Federal de Educa\u00e7\u00e3o, Ci\u00eancia e Tecnologia do Rio Grande do Norte-IFRN \u2013 Brasil)<\/li>\n<li>Paulo Miguel Gon\u00e7alves Fernandes (Minist\u00e9rio da Moderniza\u00e7\u00e3o do Estado e da Administra\u00e7\u00e3o P\u00fablica \u2013 Cabo Verde )<\/li>\n<li>Ronie Cl\u00e9ber de Souza\u00a0 (Universidade do Estado do Rio Grande do Norte-UERN \u2013 Brasil)<\/li>\n<li>Sandra Meza Fern\u00e1ndez (Universidade do Chile \u2013 Chile)<\/li>\n<li>Sara Taciana Firmino Bezerra (Universidade do Estado do Rio Grande do Norte-UERN \u2013 Brasil)<\/li>\n<li>Simone Cabral Marinho dos Santos (Universidade do Estado do Rio Grande do Norte-UERN \u2013 Brasil)<\/li>\n<li>Valdir Heitor Barzotto (Universidade de S\u00e3o Paulo-USP \u2013 Brasil)<\/li>\n<li>Vladimir Nassone Pedro Raiva (Universidade P\u00fangue-Chimoio \u2013 Mo\u00e7ambique)<\/li>\n<li>Wagna Maquis Cardoso de Melo Gon\u00e7alves\u00a0(Universidade Federal Rural do Semi\u00e1rido-UFERSA \u2013 Brasil)<\/li>\n<\/ol>\n<p>&nbsp;<\/p>\n<p style=\"font-weight: 400\"><strong>Como ingressar na Rede-TER?<\/strong><\/p>\n<p>Podem ingressar na Rede-TER\u00a0pesquisadores\u00a0que demonstrem interesse com a tem\u00e1tica de investiga\u00e7\u00e3o da rede,\u00a0mediante solicita\u00e7\u00e3o formal do interessado,\u00a0acompanhado de um\u00a0parecer favor\u00e1vel de um membro j\u00e1 integrante da rede.<\/p>\n<p>A Rede ter\u00e1 um n\u00famero ilimitado de associados, os quais n\u00e3o respondem\u00a0subsidiariamente pelas obriga\u00e7\u00f5es assumidas e contra\u00eddas pela entidade.<\/p>\n<p>A exclus\u00e3o\u00a0de um membro\u00a0ser\u00e1 aplicada\u00a0pela Diretoria,aprovada em Assembleia,\u00a0nas seguintes situa\u00e7\u00f5es:<\/p>\n<ol>\n<li>Quando o membro fizer solicita\u00e7\u00e3o;<\/li>\n<li>Quando o\u00a0membro infringir qualquer disposi\u00e7\u00e3o legal ou estatut\u00e1ria, depois de ter sido notificado por escrito.<\/li>\n<\/ol>\n","protected":false},"excerpt":{"rendered":"<p>Membros idealizadores e fundadores da Rede-TER: &#8211;Emanuel Alexandrino Silva Semedo (Universidade de Santiago \u2013 Cabo Verde); &#8211;Gilton Sampaio de Souza (Universidade do Estado do Rio Grande do Norte-UERN \u2013 Brasil); &#8211;Jos\u00e9 Cezinaldo Rocha Bessa (Universidade do Estado do Rio Grande do Norte-UERN \u2013 Brasil); &#8211;Larissa da Silva Ferreira Alves (Universidade do Estado do Rio Grande [&hellip;]<\/p>\n","protected":false},"author":1,"featured_media":0,"parent":0,"menu_order":0,"comment_status":"closed","ping_status":"closed","template":"","meta":{"footnotes":""},"class_list":["post-311","page","type-page","status-publish","hentry"],"_links":{"self":[{"href":"https:\/\/portal.uern.br\/propeg\/rede-ter\/wp-json\/wp\/v2\/pages\/311","targetHints":{"allow":["GET"]}}],"collection":[{"href":"https:\/\/portal.uern.br\/propeg\/rede-ter\/wp-json\/wp\/v2\/pages"}],"about":[{"href":"https:\/\/portal.uern.br\/propeg\/rede-ter\/wp-json\/wp\/v2\/types\/page"}],"author":[{"embeddable":true,"href":"https:\/\/portal.uern.br\/propeg\/rede-ter\/wp-json\/wp\/v2\/users\/1"}],"replies":[{"embeddable":true,"href":"https:\/\/portal.uern.br\/propeg\/rede-ter\/wp-json\/wp\/v2\/comments?post=311"}],"version-history":[{"count":8,"href":"https:\/\/portal.uern.br\/propeg\/rede-ter\/wp-json\/wp\/v2\/pages\/311\/revisions"}],"predecessor-version":[{"id":545,"href":"https:\/\/portal.uern.br\/propeg\/rede-ter\/wp-json\/wp\/v2\/pages\/311\/revisions\/545"}],"wp:attachment":[{"href":"https:\/\/portal.uern.br\/propeg\/rede-ter\/wp-json\/wp\/v2\/media?parent=311"}],"curies":[{"name":"wp","href":"https:\/\/api.w.org\/{rel}","templated":true}]}}