{"id":309,"date":"2024-07-04T16:00:23","date_gmt":"2024-07-04T19:00:23","guid":{"rendered":"https:\/\/portal.uern.br\/propeg\/rede-ter\/?page_id=309"},"modified":"2024-07-04T16:00:23","modified_gmt":"2024-07-04T19:00:23","slug":"estrategias-de-fluxo","status":"publish","type":"page","link":"https:\/\/portal.uern.br\/propeg\/rede-ter\/estrategias-de-fluxo\/","title":{"rendered":"ESTRAT\u00c9GIAS DE FLUXO"},"content":{"rendered":"<p>I \u2013 Participa\u00e7\u00e3o em projetos e grupos de pesquisa que est\u00e3o vinculados, para fins de compartilhamento de produ\u00e7\u00e3o cient\u00edfica e de interc\u00e2mbio entre pesquisadores e estudantes brasileiros e estrangeiros;<\/p>\n<p>II \u2013 Participa\u00e7\u00e3o em interc\u00e2mbio em editais de fomento para financiamento de pesquisa, ensino e extens\u00e3o;<\/p>\n<p>III \u2013 Promo\u00e7\u00e3o de miss\u00f5es de ensino e de estudos entre pesquisadores e estudantes membros da Rede-Ter para aplica\u00e7\u00e3o, troca e compartilhamento de experi\u00eancias de ensino, pesquisa e extens\u00e3o;<\/p>\n<p>IV &#8211; Participa\u00e7\u00e3o em interc\u00e2mbios como ministrantes de disciplinas, semin\u00e1rios, oficinas, palestras etc. nas IES e\/ou institutos de pesquisa aos quais os membros da rede est\u00e3o vinculados;<\/p>\n<p>V \u2013 Atua\u00e7\u00e3o como orientadores e coorientadores (a depender das normas institucionais) de estudantes de gradua\u00e7\u00e3o, especializa\u00e7\u00e3o, mestrado e doutorado nas IES e\/ou institutos de pesquisa que est\u00e3o vinculados;<\/p>\n<p>VI \u2013 Cria\u00e7\u00e3o de site e e-mail da Rede-TER para contatos, divulga\u00e7\u00e3o de a\u00e7\u00f5es, informa\u00e7\u00f5es de pesquisas e \u00e1reas de interesse dos membros, a fim de fomentar o interc\u00e2mbio entre pesquisadores;<\/p>\n<p>VII \u2013 Cria\u00e7\u00e3o de cursos de curta dura\u00e7\u00e3o destinados ao p\u00fablico residente em \u00e1reas fora dos eixos de desenvolvimento;<\/p>\n<p>VIII &#8211; Participa\u00e7\u00e3o em bancas de defesas de trabalhos de conclus\u00e3o de cursos de gradua\u00e7\u00e3o e especializa\u00e7\u00e3o, de disserta\u00e7\u00f5es e de teses nos programas de p\u00f3s-gradua\u00e7\u00e3o lato e stricto sensu os quais est\u00e3o vinculados;<\/p>\n","protected":false},"excerpt":{"rendered":"<p>I \u2013 Participa\u00e7\u00e3o em projetos e grupos de pesquisa que est\u00e3o vinculados, para fins de compartilhamento de produ\u00e7\u00e3o cient\u00edfica e de interc\u00e2mbio entre pesquisadores e estudantes brasileiros e estrangeiros; II \u2013 Participa\u00e7\u00e3o em interc\u00e2mbio em editais de fomento para financiamento de pesquisa, ensino e extens\u00e3o; III \u2013 Promo\u00e7\u00e3o de miss\u00f5es de ensino e de estudos [&hellip;]<\/p>\n","protected":false},"author":1,"featured_media":0,"parent":0,"menu_order":0,"comment_status":"closed","ping_status":"closed","template":"","meta":{"footnotes":""},"class_list":["post-309","page","type-page","status-publish","hentry"],"_links":{"self":[{"href":"https:\/\/portal.uern.br\/propeg\/rede-ter\/wp-json\/wp\/v2\/pages\/309","targetHints":{"allow":["GET"]}}],"collection":[{"href":"https:\/\/portal.uern.br\/propeg\/rede-ter\/wp-json\/wp\/v2\/pages"}],"about":[{"href":"https:\/\/portal.uern.br\/propeg\/rede-ter\/wp-json\/wp\/v2\/types\/page"}],"author":[{"embeddable":true,"href":"https:\/\/portal.uern.br\/propeg\/rede-ter\/wp-json\/wp\/v2\/users\/1"}],"replies":[{"embeddable":true,"href":"https:\/\/portal.uern.br\/propeg\/rede-ter\/wp-json\/wp\/v2\/comments?post=309"}],"version-history":[{"count":1,"href":"https:\/\/portal.uern.br\/propeg\/rede-ter\/wp-json\/wp\/v2\/pages\/309\/revisions"}],"predecessor-version":[{"id":310,"href":"https:\/\/portal.uern.br\/propeg\/rede-ter\/wp-json\/wp\/v2\/pages\/309\/revisions\/310"}],"wp:attachment":[{"href":"https:\/\/portal.uern.br\/propeg\/rede-ter\/wp-json\/wp\/v2\/media?parent=309"}],"curies":[{"name":"wp","href":"https:\/\/api.w.org\/{rel}","templated":true}]}}