{"id":307,"date":"2024-07-04T15:59:28","date_gmt":"2024-07-04T18:59:28","guid":{"rendered":"https:\/\/portal.uern.br\/propeg\/rede-ter\/?page_id=307"},"modified":"2026-03-30T20:04:38","modified_gmt":"2026-03-30T23:04:38","slug":"as-acoes-de-intervencao","status":"publish","type":"page","link":"https:\/\/portal.uern.br\/propeg\/rede-ter\/as-acoes-de-intervencao\/","title":{"rendered":"A\u00c7\u00d5ES DE INTERVEN\u00c7\u00c3O"},"content":{"rendered":"<p>I &#8211; Mobiliza\u00e7\u00e3o de recursos p\u00fablicos e privados destinados a garantir a realiza\u00e7\u00e3o de atividades de ensino, de pesquisa e de extens\u00e3o da Rede -TER, visando ao desenvolvimento das localidades perif\u00e9ricas;<\/p>\n<p>II &#8211; Pactua\u00e7\u00e3o de temas centrais ao desenvolvimento dos territ\u00f3rios em foco para subsidiar protocolos de coopera\u00e7\u00e3o e\/ou similares;<\/p>\n<p>III &#8211; Realiza\u00e7\u00e3o de parcerias em atividades espec\u00edficas, como protocolos de coopera\u00e7\u00e3o entre IES e\/ou institutos de pesquisa e\/ou acordos de coopera\u00e7\u00e3o entre pesquisadores e\/ou IES e\/ou na\u00e7\u00f5es e\/ou de conv\u00eanios entre IES, grupos de pesquisadores, al\u00e9m da busca pela efetiva\u00e7\u00e3o de conv\u00eanios e acordos internacionais que possam subsidiar o desenvolvimento da miss\u00e3o da Rede -TER;<\/p>\n<p>IV &#8211; Promo\u00e7\u00e3o de interc\u00e2mbio e de outras formas de mobilidade, para a pesquisa de estudantes de gradua\u00e7\u00e3o, p\u00f3s-gradua\u00e7\u00e3o, t\u00e9cnicos e pesquisadores;<\/p>\n<p>V- Cria\u00e7\u00e3o de programas de inicia\u00e7\u00e3o cient\u00edfica nos v\u00e1rios subsistemas de ensino, direcionados \u00e0s escolas situadas em territ\u00f3rios perif\u00e9ricos;<\/p>\n<p>VI \u2013 Cria\u00e7\u00e3o, em conjunto, de cursos de curta dura\u00e7\u00e3o de educa\u00e7\u00e3o \u00e0 dist\u00e2ncia para beneficiar as popula\u00e7\u00f5es perif\u00e9ricas;<\/p>\n","protected":false},"excerpt":{"rendered":"<p>I &#8211; Mobiliza\u00e7\u00e3o de recursos p\u00fablicos e privados destinados a garantir a realiza\u00e7\u00e3o de atividades de ensino, de pesquisa e de extens\u00e3o da Rede -TER, visando ao desenvolvimento das localidades perif\u00e9ricas; II &#8211; Pactua\u00e7\u00e3o de temas centrais ao desenvolvimento dos territ\u00f3rios em foco para subsidiar protocolos de coopera\u00e7\u00e3o e\/ou similares; III &#8211; Realiza\u00e7\u00e3o de parcerias [&hellip;]<\/p>\n","protected":false},"author":1,"featured_media":0,"parent":0,"menu_order":0,"comment_status":"closed","ping_status":"closed","template":"","meta":{"footnotes":""},"class_list":["post-307","page","type-page","status-publish","hentry"],"_links":{"self":[{"href":"https:\/\/portal.uern.br\/propeg\/rede-ter\/wp-json\/wp\/v2\/pages\/307","targetHints":{"allow":["GET"]}}],"collection":[{"href":"https:\/\/portal.uern.br\/propeg\/rede-ter\/wp-json\/wp\/v2\/pages"}],"about":[{"href":"https:\/\/portal.uern.br\/propeg\/rede-ter\/wp-json\/wp\/v2\/types\/page"}],"author":[{"embeddable":true,"href":"https:\/\/portal.uern.br\/propeg\/rede-ter\/wp-json\/wp\/v2\/users\/1"}],"replies":[{"embeddable":true,"href":"https:\/\/portal.uern.br\/propeg\/rede-ter\/wp-json\/wp\/v2\/comments?post=307"}],"version-history":[{"count":2,"href":"https:\/\/portal.uern.br\/propeg\/rede-ter\/wp-json\/wp\/v2\/pages\/307\/revisions"}],"predecessor-version":[{"id":591,"href":"https:\/\/portal.uern.br\/propeg\/rede-ter\/wp-json\/wp\/v2\/pages\/307\/revisions\/591"}],"wp:attachment":[{"href":"https:\/\/portal.uern.br\/propeg\/rede-ter\/wp-json\/wp\/v2\/media?parent=307"}],"curies":[{"name":"wp","href":"https:\/\/api.w.org\/{rel}","templated":true}]}}