{"id":301,"date":"2024-07-04T15:55:52","date_gmt":"2024-07-04T18:55:52","guid":{"rendered":"https:\/\/portal.uern.br\/propeg\/rede-ter\/?page_id=301"},"modified":"2024-07-04T16:12:44","modified_gmt":"2024-07-04T19:12:44","slug":"missao","status":"publish","type":"page","link":"https:\/\/portal.uern.br\/propeg\/rede-ter\/missao\/","title":{"rendered":"MISS\u00c3O"},"content":{"rendered":"<p>Produzir ci\u00eancia de forma integrada e interdisciplinar, e levar conhecimento e forma\u00e7\u00e3o de recursos humanos qualificados para as \u00e1reas fora dos eixos que, historicamente, tiveram concentra\u00e7\u00e3o de oportunidades.<\/p>\n","protected":false},"excerpt":{"rendered":"<p>Produzir ci\u00eancia de forma integrada e interdisciplinar, e levar conhecimento e forma\u00e7\u00e3o de recursos humanos qualificados para as \u00e1reas fora dos eixos que, historicamente, tiveram concentra\u00e7\u00e3o de oportunidades.<\/p>\n","protected":false},"author":1,"featured_media":0,"parent":0,"menu_order":0,"comment_status":"closed","ping_status":"closed","template":"","meta":{"footnotes":""},"class_list":["post-301","page","type-page","status-publish","hentry"],"_links":{"self":[{"href":"https:\/\/portal.uern.br\/propeg\/rede-ter\/wp-json\/wp\/v2\/pages\/301","targetHints":{"allow":["GET"]}}],"collection":[{"href":"https:\/\/portal.uern.br\/propeg\/rede-ter\/wp-json\/wp\/v2\/pages"}],"about":[{"href":"https:\/\/portal.uern.br\/propeg\/rede-ter\/wp-json\/wp\/v2\/types\/page"}],"author":[{"embeddable":true,"href":"https:\/\/portal.uern.br\/propeg\/rede-ter\/wp-json\/wp\/v2\/users\/1"}],"replies":[{"embeddable":true,"href":"https:\/\/portal.uern.br\/propeg\/rede-ter\/wp-json\/wp\/v2\/comments?post=301"}],"version-history":[{"count":2,"href":"https:\/\/portal.uern.br\/propeg\/rede-ter\/wp-json\/wp\/v2\/pages\/301\/revisions"}],"predecessor-version":[{"id":332,"href":"https:\/\/portal.uern.br\/propeg\/rede-ter\/wp-json\/wp\/v2\/pages\/301\/revisions\/332"}],"wp:attachment":[{"href":"https:\/\/portal.uern.br\/propeg\/rede-ter\/wp-json\/wp\/v2\/media?parent=301"}],"curies":[{"name":"wp","href":"https:\/\/api.w.org\/{rel}","templated":true}]}}