{"id":815,"date":"2025-03-20T11:08:57","date_gmt":"2025-03-20T14:08:57","guid":{"rendered":"https:\/\/portal.uern.br\/propeg\/ppgss\/?page_id=815"},"modified":"2025-03-31T12:13:58","modified_gmt":"2025-03-31T15:13:58","slug":"proext-pg","status":"publish","type":"page","link":"https:\/\/portal.uern.br\/propeg\/ppgss\/proext-pg\/","title":{"rendered":"PROEXT-PG"},"content":{"rendered":"<h4>EDITAL DE SELE\u00c7\u00c3O &#8211; PROGRAMA DE BOLSAS DE EXTENS\u00c3O &#8211; PROSOL\/PROEXT-PG\/CAPES<\/h4>\n<p align=\"justify\">A Coordena\u00e7\u00e3o do PROSOL &#8211; Programa Integrado de Cidadania e Sustentabilidade no Semi\u00e1rido do Oeste Potiguar, no uso de suas atribui\u00e7\u00f5es, torna p\u00fablico o presente edital do Programa de Bolsas de Extens\u00e3o, destinado \u00e0 sele\u00e7\u00e3o de discentes para atua\u00e7\u00e3o nas a\u00e7\u00f5es de extens\u00e3o vinculadas aos projetos aprovados no \u00e2mbito do PROSOL.<\/p>\n<p align=\"justify\"><a href=\"https:\/\/drive.google.com\/file\/d\/1EkqamgQkxJa2i2c2LHPWd2O48hC2TNfs\/view?usp=sharing\">&#8211; EDITAL N\u00b0 01\/2025 \u2013 PROSOL\/PROEXT-PG\/CAPES e UERN<\/a><\/p>\n<p align=\"justify\">&#8211; <a href=\"https:\/\/drive.google.com\/file\/d\/1QcuE9oFQfUEcyrz_u16suxaia6Zxjx33\/view?usp=sharing\">RESULTADO PARCIAL DO EDITAL N\u00b0 01\/2025 \u2013 PROSOL\/PROEXT-PG\/CAPES e UERN<\/a><\/p>\n","protected":false},"excerpt":{"rendered":"<p>EDITAL DE SELE\u00c7\u00c3O &#8211; PROGRAMA DE BOLSAS DE EXTENS\u00c3O &#8211; PROSOL\/PROEXT-PG\/CAPES A Coordena\u00e7\u00e3o do PROSOL &#8211; Programa Integrado de Cidadania e Sustentabilidade no Semi\u00e1rido do Oeste Potiguar, no uso de suas atribui\u00e7\u00f5es, torna p\u00fablico o presente edital do Programa de Bolsas de Extens\u00e3o, destinado \u00e0 sele\u00e7\u00e3o de discentes para atua\u00e7\u00e3o nas a\u00e7\u00f5es de extens\u00e3o vinculadas [&hellip;]<\/p>\n","protected":false},"author":17,"featured_media":0,"parent":0,"menu_order":0,"comment_status":"closed","ping_status":"closed","template":"","meta":{"footnotes":""},"class_list":["post-815","page","type-page","status-publish","hentry"],"_links":{"self":[{"href":"https:\/\/portal.uern.br\/propeg\/ppgss\/wp-json\/wp\/v2\/pages\/815","targetHints":{"allow":["GET"]}}],"collection":[{"href":"https:\/\/portal.uern.br\/propeg\/ppgss\/wp-json\/wp\/v2\/pages"}],"about":[{"href":"https:\/\/portal.uern.br\/propeg\/ppgss\/wp-json\/wp\/v2\/types\/page"}],"author":[{"embeddable":true,"href":"https:\/\/portal.uern.br\/propeg\/ppgss\/wp-json\/wp\/v2\/users\/17"}],"replies":[{"embeddable":true,"href":"https:\/\/portal.uern.br\/propeg\/ppgss\/wp-json\/wp\/v2\/comments?post=815"}],"version-history":[{"count":3,"href":"https:\/\/portal.uern.br\/propeg\/ppgss\/wp-json\/wp\/v2\/pages\/815\/revisions"}],"predecessor-version":[{"id":819,"href":"https:\/\/portal.uern.br\/propeg\/ppgss\/wp-json\/wp\/v2\/pages\/815\/revisions\/819"}],"wp:attachment":[{"href":"https:\/\/portal.uern.br\/propeg\/ppgss\/wp-json\/wp\/v2\/media?parent=815"}],"curies":[{"name":"wp","href":"https:\/\/api.w.org\/{rel}","templated":true}]}}