{"id":792,"date":"2025-03-03T13:25:30","date_gmt":"2025-03-03T16:25:30","guid":{"rendered":"https:\/\/portal.uern.br\/propeg\/ppgss\/?page_id=792"},"modified":"2025-03-03T13:25:30","modified_gmt":"2025-03-03T16:25:30","slug":"contatos","status":"publish","type":"page","link":"https:\/\/portal.uern.br\/propeg\/ppgss\/contatos\/","title":{"rendered":"Contatos"},"content":{"rendered":"<p><strong>PROGRAMA DE P\u00d3S-GRADUA\u00c7\u00c3O EM SA\u00daDE E SOCIEDADE \u2013 PPGSS<\/strong><br \/>\n<strong>MESTRADO EM SA\u00daDE E SOCIEDADE &#8211; MASS<\/strong><\/p>\n<hr \/>\n<p><strong>Endere\u00e7o da Secretaria:<\/strong>\u00a0Faculdade de Ci\u00eancias da Sa\u00fade &#8211; FACS\/UERN, localizada na Rua Miguel Ant\u00f4nio da Silva Neto, s\/n, Aeroporto.<br \/>\nCEP: 59607-360 &#8211; Mossor\u00f3-RN<\/p>\n<p>.<\/p>\n<hr \/>\n<p><strong>E-mails:<\/strong><\/p>\n<p>saudesociedade@mestrado.uern.br<\/p>\n<p>selecaoppgss@mestrado.uern.br<\/p>\n<p>.<\/p>\n<hr \/>\n<p><strong>Coordenadora:\u00a0<\/strong>Prof.\u00aa Dr.\u00aa\u00a0Ivana Alice Teixeira Fonseca<\/p>\n<p><strong>E-mail:<\/strong>\u00a0ivanateixeira@uern.br<\/p>\n<p>.<\/p>\n<hr \/>\n<p><strong>Vice Coordenador:<\/strong>\u00a0EM VAC\u00c2NCIA<\/p>\n<p>.<\/p>\n<hr \/>\n<p><strong>Secret\u00e1ria:\u00a0<\/strong>Luzia A. M. de Carvalho<\/p>\n<p><strong>E-mail:<\/strong>\u00a0luziamendes@uern.br<\/p>\n<p>.<\/p>\n<p>&nbsp;<\/p>\n","protected":false},"excerpt":{"rendered":"<p>PROGRAMA DE P\u00d3S-GRADUA\u00c7\u00c3O EM SA\u00daDE E SOCIEDADE \u2013 PPGSS MESTRADO EM SA\u00daDE E SOCIEDADE &#8211; MASS Endere\u00e7o da Secretaria:\u00a0Faculdade de Ci\u00eancias da Sa\u00fade &#8211; FACS\/UERN, localizada na Rua Miguel Ant\u00f4nio da Silva Neto, s\/n, Aeroporto. CEP: 59607-360 &#8211; Mossor\u00f3-RN . E-mails: saudesociedade@mestrado.uern.br selecaoppgss@mestrado.uern.br . Coordenadora:\u00a0Prof.\u00aa Dr.\u00aa\u00a0Ivana Alice Teixeira Fonseca E-mail:\u00a0ivanateixeira@uern.br . Vice Coordenador:\u00a0EM VAC\u00c2NCIA . [&hellip;]<\/p>\n","protected":false},"author":17,"featured_media":0,"parent":0,"menu_order":0,"comment_status":"closed","ping_status":"closed","template":"","meta":{"footnotes":""},"class_list":["post-792","page","type-page","status-publish","hentry"],"_links":{"self":[{"href":"https:\/\/portal.uern.br\/propeg\/ppgss\/wp-json\/wp\/v2\/pages\/792","targetHints":{"allow":["GET"]}}],"collection":[{"href":"https:\/\/portal.uern.br\/propeg\/ppgss\/wp-json\/wp\/v2\/pages"}],"about":[{"href":"https:\/\/portal.uern.br\/propeg\/ppgss\/wp-json\/wp\/v2\/types\/page"}],"author":[{"embeddable":true,"href":"https:\/\/portal.uern.br\/propeg\/ppgss\/wp-json\/wp\/v2\/users\/17"}],"replies":[{"embeddable":true,"href":"https:\/\/portal.uern.br\/propeg\/ppgss\/wp-json\/wp\/v2\/comments?post=792"}],"version-history":[{"count":1,"href":"https:\/\/portal.uern.br\/propeg\/ppgss\/wp-json\/wp\/v2\/pages\/792\/revisions"}],"predecessor-version":[{"id":793,"href":"https:\/\/portal.uern.br\/propeg\/ppgss\/wp-json\/wp\/v2\/pages\/792\/revisions\/793"}],"wp:attachment":[{"href":"https:\/\/portal.uern.br\/propeg\/ppgss\/wp-json\/wp\/v2\/media?parent=792"}],"curies":[{"name":"wp","href":"https:\/\/api.w.org\/{rel}","templated":true}]}}