{"id":772,"date":"2025-03-03T12:27:56","date_gmt":"2025-03-03T15:27:56","guid":{"rendered":"https:\/\/portal.uern.br\/propeg\/ppgss\/?page_id=772"},"modified":"2025-03-03T12:27:56","modified_gmt":"2025-03-03T15:27:56","slug":"selecao-de-bolsistas-de-pos-doutorado","status":"publish","type":"page","link":"https:\/\/portal.uern.br\/propeg\/ppgss\/selecao-de-bolsistas-de-pos-doutorado\/","title":{"rendered":"Sele\u00e7\u00e3o de bolsistas de P\u00f3s-Doutorado"},"content":{"rendered":"<h4><strong>Processo Seletivo para candidatos\/as ao\u00a0<\/strong><strong>Programa de Desenvolvimento da P\u00f3s-Gradua\u00e7\u00e3o (PDPG) P\u00f3s-Doutorado Estrat\u00e9gico<\/strong><strong>\u00a0(ENCERRADO)<\/strong><\/h4>\n<p>A Coordena\u00e7\u00e3o do Programa de P\u00f3s-Gradua\u00e7\u00e3o em Sa\u00fade e Sociedade (PPGSS) da Universidade do Estado do Rio Grande do Norte (UERN) torna p\u00fablico, pelo presente Edital,<strong>\u00a0o Processo Seletivo para candidatos\/as ao\u00a0<\/strong><strong>Programa de Desenvolvimento da P\u00f3s-Gradua\u00e7\u00e3o (PDPG) P\u00f3s-Doutorado Estrat\u00e9gico (EDITAL 16\/2022 &#8211; CAPES).<\/strong><\/p>\n<p>&#8211;\u00a0<a title=\"Edital\" href=\"http:\/\/www.uern.br\/controledepaginas\/ppgss-bolsistas-pnpd\/arquivos\/5408edital_002_2023_ppgss_uern_selecao_de_bolsista_pdpg_estrategico_2023.pdf\" target=\"_blank\" rel=\"noopener\">Edital 002\/2023 &#8211; PPGSS-UERN &#8211; Sele\u00e7\u00e3o de Bolsista PDPG estrat\u00e9gico 2023<\/a>\u00a0(Publicado em 10\/01\/2023)<\/p>\n<p>&#8211;\u00a0<a title=\"ANEXO I\" href=\"http:\/\/www.uern.br\/controledepaginas\/ppgss-bolsistas-pnpd\/arquivos\/5408anexo_i_plano_de_trabalho_1_pdpg_estrategico_2023.zip\" target=\"_blank\" rel=\"noopener\">ANEXO I &#8211; PLANO DE TRABALHO 1 &#8211; PDPG estrat\u00e9gico 2023<\/a>\u00a0(Publicado em 10\/01\/2023)<\/p>\n<p>&#8211;\u00a0<a title=\"ANEXO II\" href=\"http:\/\/www.uern.br\/controledepaginas\/ppgss-bolsistas-pnpd\/arquivos\/5408anexo_ii_plano_de_trabalho_2_pdpg_estrategico_2023.zip\" target=\"_blank\" rel=\"noopener\">ANEXO II &#8211; PLANO DE TRABALHO 2 &#8211; PDPG estrat\u00e9gico 2023<\/a>\u00a0(Publicado em 10\/01\/2023)<\/p>\n<p>&#8211;\u00a0<a title=\"ANEXO III\" href=\"http:\/\/www.uern.br\/controledepaginas\/ppgss-bolsistas-pnpd\/arquivos\/5408anexo_iii_formulario_de_inscricao_analise_de_curriculo_pdpg_estrategico_2023.zip\" target=\"_blank\" rel=\"noopener\">ANEXO III &#8211; FORMUL\u00c1RIO DE INSCRI\u00c7\u00c3O &#8211; AN\u00c1LISE DE CURR\u00cdCULO &#8211; PDPG estrat\u00e9gico 2023<\/a>\u00a0(Publicado em 10\/01\/2023)<\/p>\n<p>&#8211;\u00a0<a title=\"ANEXO IV\" href=\"http:\/\/www.uern.br\/controledepaginas\/ppgss-bolsistas-pnpd\/arquivos\/5408anexo_iv_pontuacao_da_producao_cientifica_pdpg_estrategico_2023.zip\" target=\"_blank\" rel=\"noopener\">ANEXO IV &#8211; PONTUA\u00c7\u00c3O DA PRODU\u00c7\u00c3O CIENT\u00cdFICA &#8211; PDPG estrat\u00e9gico 2023<\/a>\u00a0(Publicado em 10\/01\/2023)<\/p>\n<p>&#8211;\u00a0<a title=\"Aditivo 01\" href=\"http:\/\/www.uern.br\/controledepaginas\/ppgss-bolsistas-pnpd\/arquivos\/5408aditivo_01_ao_edital_002_2023_ppgss_pdpg_estrategico_2023.pdf\" target=\"_blank\" rel=\"noopener\">Aditivo 01 ao Edital 002-2023 &#8211; PPGSS &#8211; PDPG estrat\u00e9gico 2023<\/a>\u00a0(Publicado em 25\/01\/2023)<\/p>\n<p>&#8211;\u00a0<a title=\"Aditivo 02\" href=\"http:\/\/www.uern.br\/controledepaginas\/ppgss-bolsistas-pnpd\/arquivos\/5408aditivo_02_ao_edital_002_2023_ppgss_pdpg_estrategico_2023_.pdf\" target=\"_blank\" rel=\"noopener\">Aditivo 02 ao Edital 002-2023 &#8211; PPGSS &#8211; PDPG estrat\u00e9gico 2023<\/a>\u00a0(Publicado em 02\/02\/2023)<\/p>\n<p>&#8211;\u00a0<a title=\"Homologa\u00e7\u00e3o preliminar\" href=\"http:\/\/www.uern.br\/controledepaginas\/ppgss-bolsistas-pnpd\/arquivos\/5408homologacao_preliminar_das_inscricoes_pdpg_estrategico_2023.pdf\" target=\"_blank\" rel=\"noopener\">Homologa\u00e7\u00e3o Preliminar das Inscri\u00e7\u00f5es &#8211; PDPG estrat\u00e9gico 2023<\/a>\u00a0(Publicado em 02\/02\/2023)<\/p>\n<p>&#8211;\u00a0<a title=\"Homologa\u00e7\u00e3o final\" href=\"http:\/\/www.uern.br\/controledepaginas\/ppgss-bolsistas-pnpd\/arquivos\/5408homologacao_final_das_inscricoes_pdpg_estrategico_2023.pdf\" target=\"_blank\" rel=\"noopener\">Homologa\u00e7\u00e3o Final das Inscri\u00e7\u00f5es &#8211; PDPG estrat\u00e9gico 2023<\/a>\u00a0(Publicado em 07\/02\/2023)<\/p>\n<p>&#8211;\u00a0<a title=\"Resultado Preliminar\" href=\"http:\/\/www.uern.br\/controledepaginas\/ppgss-bolsistas-pnpd\/arquivos\/5408resultado_preliminar_do_edital_002_2023_ppgss_pdpg_estrategico_2023.pdf\" target=\"_blank\" rel=\"noopener\">Resultado Preliminar do Edital 002-2023 &#8211; PPGSS &#8211; PDPG estrategico 2023<\/a>\u00a0(Publicado em 10\/02\/2023)<\/p>\n<p>&#8211;\u00a0<a title=\"Resultado final\" href=\"http:\/\/www.uern.br\/controledepaginas\/ppgss-bolsistas-pnpd\/arquivos\/5408resultado_final_do_edital_002_2023_ppgss_pdpg_estrategico_2023.pdf\" target=\"_blank\" rel=\"noopener\">Resultado Final do Edital 002-2023 &#8211; PPGSS &#8211; PDPG estrategico 2023<\/a>\u00a0(Publicado em 14\/02\/2023)<\/p>\n<p><strong>AVISO: Caso n\u00e3o consiga baixar o arquivo automaticamente, clique com o bot\u00e3o contr\u00e1rio do mouse em cima do link, copie e cole em uma nova aba no seu navegador de internet.<\/strong><\/p>\n<p><strong>.<\/strong><\/p>\n<hr \/>\n<h4><strong>Processo Seletivo para candidatos a cadastro de reserva do Programa Nacional de P\u00f3s-Doutorado (PNPD) (ENCERRADO)<br \/>\n<\/strong><\/h4>\n<p>A Coordena\u00e7\u00e3o do Programa de P\u00f3s-Gradua\u00e7\u00e3o em Sa\u00fade e Sociedade (PPGSS) da Universidade do Estado do Rio Grande do Norte (UERN) torna p\u00fablico, pelo presente Edital,<strong>\u00a0o Processo\u00a0<\/strong><strong>Seletivo para candidatos a cadastro de reserva do Programa Nacional de P\u00f3s-Doutorado (PNPD)<\/strong>.<\/p>\n<p>&#8211;\u00a0<a title=\"Edital\" href=\"https:\/\/www.uern.br\/controledepaginas\/ppgss-selecao-bolsistas\/arquivos\/3291edital_002_2019_ppgss_uern_selecao_de_bolsista_pnpd_2019.pdf\" target=\"_blank\" rel=\"noopener\">Edital 002-2019 &#8211; PPGSS-UERN &#8211; Sele\u00e7\u00e3o de PNPD 2019<\/a>\u00a0(Publicado em 11\/06\/2019)<\/p>\n<p>&#8211;\u00a0<a title=\"ANEXO I \" href=\"https:\/\/www.uern.br\/controledepaginas\/ppgss-selecao-bolsistas\/arquivos\/3291anexo_i_formulario_de_inscricao_analise_de_curriculo_bolsista_pnpd_2019_ppgss.zip\" target=\"_blank\" rel=\"noopener\">ANEXO I &#8211; Formul\u00e1rio de Inscri\u00e7\u00e3o\/An\u00e1lise de Curr\u00edculo &#8211; Sele\u00e7\u00e3o de PNPD 2019<\/a>\u00a0(Publicado em 11\/06\/2019)<\/p>\n<p>&#8211;\u00a0<a title=\"ANEXO II\" href=\"https:\/\/www.uern.br\/controledepaginas\/ppgss-selecao-bolsistas\/arquivos\/3291anexo_ii_criterios_para_analise_de_curriculo_pnpd_2019_ppgss.pdf\" target=\"_blank\" rel=\"noopener\">ANEXO II &#8211; Crit\u00e9rios para An\u00e1lise de Curr\u00edculo &#8211; Sele\u00e7\u00e3o de PNPD 2019<\/a>\u00a0(Publicado em 11\/06\/2019)<\/p>\n<p>&#8211;\u00a0<a title=\"Homologa\u00e7\u00e3o Preliminar das Inscri\u00e7\u00f5es\" href=\"https:\/\/www.uern.br\/controledepaginas\/ppgss-selecao-bolsistas\/arquivos\/3291homologacao_preliminar_das_inscricoes_selecao_de_bolsista_pnpd_2019_ppgss.pdf\" target=\"_blank\" rel=\"noopener\">Homologa\u00e7\u00e3o Preliminar das Inscri\u00e7\u00f5es &#8211; Selecao de Bolsista PNPD 2019 PPGSS<\/a>\u00a0(Publicado em 21\/06\/2019)<\/p>\n<p>&#8211;\u00a0<a title=\"Homologa\u00e7\u00e3o final das Inscri\u00e7\u00f5es\" href=\"https:\/\/www.uern.br\/controledepaginas\/ppgss-selecao-bolsistas\/arquivos\/3291homologacao_final_das_inscricoes_selecao_de_bolsista_pnpd_2019_ppgss.pdf\" target=\"_blank\" rel=\"noopener\">Homologa\u00e7\u00e3o Final das Inscri\u00e7\u00f5es &#8211; Selecao de Bolsista PNPD 2019 PPGSS<\/a>\u00a0(Publicado em 25\/06\/2019)<\/p>\n<p>&#8211;\u00a0<a title=\"Resultado Preliminar\" href=\"https:\/\/www.uern.br\/controledepaginas\/ppgss-selecao-bolsistas\/arquivos\/3291resultado_preliminar_do_edital_002_2019_ppgss_selecao_bolsista_pnpd_2019_ppgss.pdf\" target=\"_blank\" rel=\"noopener\">Resultado preliminar do Edital 002\/2019 &#8211; PPGSS &#8211; Sele\u00e7\u00e3o Bolsista PNPD 2019 PPGSS<\/a>\u00a0(Publicado em 27\/06\/2019)<\/p>\n<p>&#8211;\u00a0<a title=\"Resultado Final\" href=\"https:\/\/www.uern.br\/controledepaginas\/ppgss-selecao-bolsistas\/arquivos\/3291resultado_final_do_edital_002_2019_ppgss_selecao_bolsista_pnpd_2019_ppgss.pdf\" target=\"_blank\" rel=\"noopener\">Resultado Final do Edital 002\/2019 &#8211; PPGSS &#8211; Sele\u00e7\u00e3o Bolsista PNPD 2019 PPGSS<\/a>\u00a0(Publicado em 02\/07\/2019)<\/p>\n<p>.<\/p>\n<hr \/>\n<h4>Processo Seletivo para candidatos a bolsista do Programa Nacional de P\u00f3s-Doutorado (PNPD) 2017 (ENCERRADO)<\/h4>\n<p>A Coordena\u00e7\u00e3o do Programa de P\u00f3s-Gradua\u00e7\u00e3o em Sa\u00fade e Sociedade (PPGSS) da Universidade do Estado do Rio Grande do Norte (UERN) torna p\u00fablico,<strong>\u00a0o Processo\u00a0<\/strong><strong>Seletivo para candidatos a bolsista do Programa Nacional de P\u00f3s-Doutorado (PNPD)<\/strong>.<\/p>\n<p>&#8211;\u00a0<a title=\"Edital PNPD 2017 - PPGSS-UERN\" href=\"https:\/\/www.uern.br\/controledepaginas\/ppgss-apresentacao\/arquivos\/0808edital_pnpd_2017_ppgss_uern.pdf\" target=\"_blank\" rel=\"noopener\">Edital 002-2017 &#8211; SELE\u00c7\u00c3O DE BOLSISTA PNPD 2017 &#8211; PPGSS-UERN<\/a>\u00a0(Publicado em 20\/02\/2017)<\/p>\n<p>&#8211;\u00a0<a title=\"ANEXO I - FORMUL\u00c1RIO DE INSCRI\u00c7\u00c3O - AN\u00c1LISE DE CURR\u00cdCULO - BOLSISTA PNPD 2017 PPGSS\" href=\"https:\/\/www.uern.br\/controledepaginas\/ppgss-apresentacao\/arquivos\/0808anexo_i_formulario_de_inscricao_analise_de_curriculo_bolsista_pnpd_2017_ppgss.zip\" target=\"_blank\" rel=\"noopener\">ANEXO I &#8211; FORMUL\u00c1RIO DE INSCRI\u00c7\u00c3O &#8211; AN\u00c1LISE DE CURR\u00cdCULO &#8211; BOLSISTA PNPD 2017 PPGSS<\/a>\u00a0(Publicado em 20\/02\/2017)<\/p>\n<p>&#8211;\u00a0<a title=\"ANEXO II - CRIT\u00c9RIOS PARA AN\u00c1LISE DE CURR\u00cdCULO - PNPD 2017 PPGSS\" href=\"https:\/\/www.uern.br\/controledepaginas\/ppgss-apresentacao\/arquivos\/0808anexo_ii_criterios_para_analise_de_curriculo_pnpd_2017_ppgss.pdf\" target=\"_blank\" rel=\"noopener\">ANEXO II &#8211; CRIT\u00c9RIOS PARA AN\u00c1LISE DE CURR\u00cdCULO &#8211; PNPD 2017 PPGSS<\/a>\u00a0(Publicado em 20\/02\/2017)<\/p>\n<p>&#8211;\u00a0<a title=\"Homologa\u00e7\u00e3o das Inscri\u00e7\u00f5es do Edital 002-2017 - PNPD 2017\" href=\"https:\/\/www.uern.br\/controledepaginas\/ppgss-apresentacao\/arquivos\/0808homologacao_das_inscricoes_do_edital_002_2017_pnpd_2017.pdf\" target=\"_blank\" rel=\"noopener\">Homologa\u00e7\u00e3o das Inscri\u00e7\u00f5es do Edital 002-2017 &#8211; PNPD 2017<\/a>\u00a0(Publicado em 13\/03\/2017)<\/p>\n<p>&#8211;\u00a0<a title=\"Homologa\u00e7\u00e3o Final das Inscri\u00e7\u00f5es do Edital 002-2017 - PNPD 2017\" href=\"https:\/\/www.uern.br\/controledepaginas\/ppgss-apresentacao\/arquivos\/0808homologacao_final_das_inscricoes_do_edital_002_2017_pnpd_2017.pdf\" target=\"_blank\" rel=\"noopener\">Homologa\u00e7\u00e3o Final das Inscri\u00e7\u00f5es do Edital 002-2017 &#8211; PNPD 2017<\/a>\u00a0(Publicado em 16\/03\/2017)<\/p>\n<p>&#8211;\u00a0<a title=\"Resultado parcial do Edital 002-2017 - PPGSS - Sele\u00e7\u00e3o Bolsista PNPD\" href=\"https:\/\/www.uern.br\/controledepaginas\/ppgss-apresentacao\/arquivos\/0808resultado_parcial_do_edital_002_2017_ppgss_selecao_bolsista_pnpd.pdf\" target=\"_blank\" rel=\"noopener\">Resultado parcial do Edital 002-2017 &#8211; PPGSS &#8211; Sele\u00e7\u00e3o Bolsista PNPD<\/a>\u00a0(Publicado em 17\/03\/2017)<\/p>\n<p>&#8211;\u00a0<a title=\"Resultado final do EDITAL N\u00ba 002 \/ 2017 \u2013 PPGSS\/UERN\" href=\"https:\/\/www.uern.br\/controledepaginas\/ppgss-apresentacao\/arquivos\/0808resultado_final_do_edital_002_2017_ppgss_selecao_bolsista_pnpd.pdf\" target=\"_blank\" rel=\"noopener\">Resultado final do EDITAL N\u00ba 002 \/ 2017 \u2013 PPGSS\/UERN<\/a>\u00a0(Publicado em 22\/03\/2017)<\/p>\n<hr \/>\n<h4><strong>Sele\u00e7\u00e3o para Bolsista do Programa Nacional de P\u00f3s-Doutorado (PNPD) 2016 (ENCERRADO)<br \/>\n<\/strong><\/h4>\n<p>A Coordena\u00e7\u00e3o do Programa de P\u00f3s-Gradua\u00e7\u00e3o em Sa\u00fade e Sociedade (PPGSS) da Universidade do Estado do Rio Grande do Norte (UERN) torna p\u00fablico, o Processo Seletivo para candidatos a bolsista do Programa Nacional de P\u00f3s-Doutorado (PNPD).<\/p>\n<p>&#8211;\u00a0<a title=\"Edital 004-2016 - PPGSS - Sele\u00e7\u00e3o de Bolsista PNPD 2016\" href=\"https:\/\/www.uern.br\/controledepaginas\/ppgss-apresentacao\/arquivos\/0808edital_004_2016_ppgss_selecao_de_bolsista_pnpd_2016.pdf\" target=\"_blank\" rel=\"noopener\">EDITAL N\u00ba 004 \/ 2016 \u2013 PPGSS\/UERN &#8211; Sele\u00e7\u00e3o Bolsista PNPD 2016<\/a>\u00a0(Publicado em 09\/08\/2016)<\/p>\n<p>&#8211;\u00a0<a title=\"ANEXO I - Formul\u00e1rio de Inscri\u00e7\u00e3o - An\u00e1lise de Curr\u00edculo - Bolsista PNPD 2016\" href=\"https:\/\/www.uern.br\/controledepaginas\/ppgss-apresentacao\/arquivos\/0808anexo_i_formulario_de_inscricao_analise_de_curriculo_bolsista_pnpd_2016.zip\" target=\"_blank\" rel=\"noopener\">ANEXO I &#8211; Formul\u00e1rio de Inscri\u00e7\u00e3o \/ An\u00e1lise de Curr\u00edculo &#8211; BOLSISTA PNPD 2016<\/a>\u00a0(Publicado em 09\/08\/2016)<\/p>\n<p>&#8211;\u00a0<a title=\"ANEXO II - Crit\u00e9rios para An\u00e1lise de Curr\u00edculo - PNPD  2016\" href=\"https:\/\/www.uern.br\/controledepaginas\/ppgss-apresentacao\/arquivos\/0808anexo_ii_criterios_para_analise_de_curriculo_pnpd__2016.pdf\" target=\"_blank\" rel=\"noopener\">ANEXO II &#8211; Crit\u00e9rios para An\u00e1lise de Curr\u00edculo &#8211; BOLSISTA PNPD 2016<\/a>\u00a0(Publicado em 09\/08\/2016)<\/p>\n<p>&#8211;\u00a0<a title=\"Homologa\u00e7\u00e3o das Inscri\u00e7\u00f5es do Edital 004-2016 - PPGSS - Sele\u00e7\u00e3o Bolsista PNPD\" href=\"https:\/\/www.uern.br\/controledepaginas\/ppgss-apresentacao\/arquivos\/0808homologacao_das_inscricoes_do_edital_004_2016_ppgss_selecao_bolsista_pnpd.pdf\" target=\"_blank\" rel=\"noopener\">Homologa\u00e7\u00e3o das Inscri\u00e7\u00f5es do Edital n\u00ba 004\/2016 &#8211; PPGSS &#8211; Sele\u00e7\u00e3o Bolsista PNPD 2016<\/a>\u00a0(Publicado em 19\/08\/2016)<\/p>\n<p>&#8211;\u00a0<a title=\"Homologa\u00e7\u00e3o final das Inscri\u00e7\u00f5es do Edital 004-2016 - PPGSS - Sele\u00e7\u00e3o Bolsista PNPD\" href=\"https:\/\/www.uern.br\/controledepaginas\/ppgss-apresentacao\/arquivos\/0808homologacao_final_das_inscricoes_do_edital_004_2016_ppgss_selecao_bolsista_pnpd.pdf\" target=\"_blank\" rel=\"noopener\">Homologa\u00e7\u00e3o Final das Inscri\u00e7\u00f5es do Edital n\u00ba 004\/2016 &#8211; PPGSS &#8211; Sele\u00e7\u00e3o Bolsista PNPD 2016<\/a>\u00a0(Publicado em 23\/08\/2016)<\/p>\n<p>&#8211;\u00a0<a title=\"Resultado Parcial do Edital 004-2016 - PPGSS - Selecao Bolsista PNPD 2016\" href=\"https:\/\/www.uern.br\/controledepaginas\/ppgss-apresentacao\/arquivos\/0808resultado_parcial_do_edital_004_2016_ppgss_selecao_bolsista_pnpd_2016.pdf\" target=\"_blank\" rel=\"noopener\">Resultado Parcial do Edital 004\/2016 &#8211; PPGSS &#8211; Selecao Bolsista PNPD 2016<\/a>\u00a0(Publicado em 26\/08\/2016)<\/p>\n<p>&#8211;\u00a0<a title=\"Resposta ao recurso ao Resultado Parcial do EDITAL N\u00ba 004 \/ 2016 \u2013 PPGSS \/ UERN\" href=\"https:\/\/www.uern.br\/controledepaginas\/ppgss-apresentacao\/arquivos\/0808resposta_ao_recurso_ao_resultado_parcial_selecao_bolsista_pnpd_2016.pdf\" target=\"_blank\" rel=\"noopener\">Resposta ao Recurso ao Resultado Parcial do Edital 004\/2016 &#8211; PPGSS &#8211; Sele\u00e7\u00e3o Bolsista PNPD 2016<\/a>\u00a0(Publicado em 30\/08\/2016)<\/p>\n<p>&#8211;\u00a0<a title=\"Resultado Final do Edital 004\/2016 - PPGSS - Sele\u00e7\u00e3o Bolsista PNPD 2016\" href=\"https:\/\/www.uern.br\/controledepaginas\/ppgss-apresentacao\/arquivos\/0808resultado_final_do_processo_seletivo_bolsista_pnpd_2016.pdf\" target=\"_blank\" rel=\"noopener\">Resultado Final do Edital 004\/2016 &#8211; PPGSS &#8211; Sele\u00e7\u00e3o Bolsista PNPD 2016<\/a>\u00a0(Publicado em 30\/08\/2016)<\/p>\n<hr \/>\n<h4>Sele\u00e7\u00e3o para Bolsista do Programa Nacional de P\u00f3s-Doutorado &#8211; PNPD 2015 (ENCERRADO)<strong><br \/>\n<\/strong><\/h4>\n<p>A Coordena\u00e7\u00e3o do Programa de P\u00f3s-Gradua\u00e7\u00e3o em Sa\u00fade e Sociedade (PPGSS) da Universidade do Estado do Rio Grande do Norte (UERN) torna p\u00fablico, pelo presente Edital, o Processo Seletivo para candidatos a bolsista do Programa Nacional de P\u00f3s-Doutorado (PNPD).<\/p>\n<p><a title=\"Edital 019-2015 - PPGSS - Sele\u00e7\u00e3o Bolsista PNPD\" href=\"https:\/\/www.uern.br\/controledepaginas\/ppgss-apresentacao\/arquivos\/0808edital_019_2015_ppgss_selea\u00a7a\u00a3o_bolsista_pnpd.pdf\" target=\"_blank\" rel=\"noopener\">EDITAL N\u00ba 019 \/ 2015 \u2013 PPGSS\/UERN &#8211; Sele\u00e7\u00e3o Bolsista PNPD 2015<\/a>\u00a0(Publicado em 21\/09\/2015)<\/p>\n<p><a title=\"ANEXO I - FORMUL\u00c1RIO DE INSCRI\u00c7\u00c3O - BOLSISTA PNPD 2015\" href=\"https:\/\/www.uern.br\/controledepaginas\/ppgss-apresentacao\/arquivos\/0808anexo_i_formulario_de_inscricao_bolsista_pnpd_2015.zip\" target=\"_blank\" rel=\"noopener\">ANEXO I &#8211; Formul\u00e1rio de Inscri\u00e7\u00e3o &#8211; BOLSISTA PNPD 2015<\/a>\u00a0(Publicado em 21\/09\/2015)<\/p>\n<p><a title=\"ANEXO II - Crit\u00e9rios para An\u00e1lise de Curr\u00edculo - PNPD 2015\" href=\"https:\/\/www.uern.br\/controledepaginas\/ppgss-apresentacao\/arquivos\/0808anexo_ii_criterios_para_analise_de_curriculo_pnpd_2015.pdf\" target=\"_blank\" rel=\"noopener\">ANEXO II &#8211; Crit\u00e9rios para An\u00e1lise de Curr\u00edculo &#8211; BOLSISTA PNPD 2015<\/a>\u00a0(Publicado em 21\/09\/2015)<\/p>\n<p><a title=\"Homologa\u00e7\u00e3o das Inscri\u00e7\u00f5es do Edital 019-2015 - PPGSS - Sele\u00e7\u00e3o Bolsista PNPD\" href=\"https:\/\/www.uern.br\/controledepaginas\/ppgss-selecao-bolsistas\/arquivos\/3291homologaa\u00a7a\u00a3o_das_inscria\u00a7a\u00b5es_do_edital_019_2015_ppgss_selea\u00a7a\u00a3o_bolsista_pnpd.pdf\" target=\"_blank\" rel=\"noopener\">Homologa\u00e7\u00e3o das Inscri\u00e7\u00f5es do Edital 019-2015 &#8211; PPGSS &#8211; Sele\u00e7\u00e3o Bolsista PNPD<\/a>\u00a0(Publicado em 28\/09\/2015)<\/p>\n<p><a title=\"Homologa\u00e7\u00e3o final das Inscri\u00e7\u00f5es do Edital 019-2015 - PPGSS - Sele\u00e7\u00e3o Bolsista PNPD\" href=\"https:\/\/www.uern.br\/controledepaginas\/ppgss-selecao-bolsistas\/arquivos\/3291homologaa\u00a7a\u00a3o_final_das_inscria\u00a7a\u00b5es_do_edital_019_2015_ppgss_selea\u00a7a\u00a3o_bolsista_pnpd.pdf\" target=\"_blank\" rel=\"noopener\">Homologa\u00e7\u00e3o final das Inscri\u00e7\u00f5es do Edital 019-2015 &#8211; PPGSS &#8211; Sele\u00e7\u00e3o Bolsista PNPD<\/a>\u00a0(Publicado em 29\/09\/2015)<\/p>\n<p><a title=\"Resultado Parcial do Edital 019-2015 - Bolsista PNPD\" href=\"https:\/\/www.uern.br\/controledepaginas\/ppgss-apresentacao\/arquivos\/0808resultado_parcial_selea\u00a7a\u00a3o_de_bolsista_pnpd.pdf\" target=\"_blank\" rel=\"noopener\">Resultado Parcial do Edital 019 \/ 2015 &#8211; PPGSS &#8211; Sele\u00e7\u00e3o Bolsista PNPD<\/a>\u00a0(Publicado em 02\/10\/2015)<\/p>\n<p><a title=\"Homologa\u00e7\u00e3o final do resultado do Edital 019-2015 - PPGSS - Sele\u00e7\u00e3o Bolsista PNPD\" href=\"https:\/\/www.uern.br\/controledepaginas\/ppgss-apresentacao\/arquivos\/0808homologaa\u00a7a\u00a3o_final_do_resultado_do_edital_019_2015_ppgss_selea\u00a7a\u00a3o_bolsista_pnpd.pdf\" target=\"_blank\" rel=\"noopener\">Homologa\u00e7\u00e3o final do resultado do Edital 019-2015 &#8211; PPGSS &#8211; Sele\u00e7\u00e3o Bolsista PNPD<\/a>\u00a0(Publicado em 06\/10\/2015)<\/p>\n<hr \/>\n","protected":false},"excerpt":{"rendered":"<p>Processo Seletivo para candidatos\/as ao\u00a0Programa de Desenvolvimento da P\u00f3s-Gradua\u00e7\u00e3o (PDPG) P\u00f3s-Doutorado Estrat\u00e9gico\u00a0(ENCERRADO) A Coordena\u00e7\u00e3o do Programa de P\u00f3s-Gradua\u00e7\u00e3o em Sa\u00fade e Sociedade (PPGSS) da Universidade do Estado do Rio Grande do Norte (UERN) torna p\u00fablico, pelo presente Edital,\u00a0o Processo Seletivo para candidatos\/as ao\u00a0Programa de Desenvolvimento da P\u00f3s-Gradua\u00e7\u00e3o (PDPG) P\u00f3s-Doutorado Estrat\u00e9gico (EDITAL 16\/2022 &#8211; CAPES). &#8211;\u00a0Edital [&hellip;]<\/p>\n","protected":false},"author":17,"featured_media":0,"parent":0,"menu_order":0,"comment_status":"closed","ping_status":"closed","template":"","meta":{"footnotes":""},"class_list":["post-772","page","type-page","status-publish","hentry"],"_links":{"self":[{"href":"https:\/\/portal.uern.br\/propeg\/ppgss\/wp-json\/wp\/v2\/pages\/772","targetHints":{"allow":["GET"]}}],"collection":[{"href":"https:\/\/portal.uern.br\/propeg\/ppgss\/wp-json\/wp\/v2\/pages"}],"about":[{"href":"https:\/\/portal.uern.br\/propeg\/ppgss\/wp-json\/wp\/v2\/types\/page"}],"author":[{"embeddable":true,"href":"https:\/\/portal.uern.br\/propeg\/ppgss\/wp-json\/wp\/v2\/users\/17"}],"replies":[{"embeddable":true,"href":"https:\/\/portal.uern.br\/propeg\/ppgss\/wp-json\/wp\/v2\/comments?post=772"}],"version-history":[{"count":1,"href":"https:\/\/portal.uern.br\/propeg\/ppgss\/wp-json\/wp\/v2\/pages\/772\/revisions"}],"predecessor-version":[{"id":773,"href":"https:\/\/portal.uern.br\/propeg\/ppgss\/wp-json\/wp\/v2\/pages\/772\/revisions\/773"}],"wp:attachment":[{"href":"https:\/\/portal.uern.br\/propeg\/ppgss\/wp-json\/wp\/v2\/media?parent=772"}],"curies":[{"name":"wp","href":"https:\/\/api.w.org\/{rel}","templated":true}]}}