{"id":764,"date":"2025-03-03T11:11:58","date_gmt":"2025-03-03T14:11:58","guid":{"rendered":"https:\/\/portal.uern.br\/propeg\/ppgss\/?page_id=764"},"modified":"2025-03-03T11:11:58","modified_gmt":"2025-03-03T14:11:58","slug":"credenciamento-docente","status":"publish","type":"page","link":"https:\/\/portal.uern.br\/propeg\/ppgss\/credenciamento-docente\/","title":{"rendered":"Credenciamento Docente"},"content":{"rendered":"<h4><strong>DOCUMENTOS IMPORTANTES AOS DOCENTES E INTERESSADOS EM FAZER PARTE DO CORPO DOCENTE DO PPGSS:<\/strong><\/h4>\n<ul>\n<li>CRIT\u00c9RIOS M\u00cdNIMOS PARA CREDENCIAMENTO DE PROFESSORES ORIENTADORES DO PPGSS\/UERN\u00a0<a title=\"Crit\u00e9rios - Credenciamento e Recredenciamento de professores no PPGSS\" href=\"https:\/\/www.uern.br\/controledepaginas\/ppgss-docentes\/arquivos\/2855crit._para_cred._e_recred._de_orientadores_do_ppgss.pdf\" target=\"_blank\" rel=\"noopener\">(clique aqui)<\/a><\/li>\n<li>CRIT\u00c9RIOS PARA DEFINI\u00c7\u00c3O DO N\u00daMERO M\u00c1XIMO DE ORIENTANDOS POR ORIENTADOR DO PPGSS\u00a0<a title=\"N\u00daMERO M\u00c1XIMO DE ORIENTANDOS POR ORIENTADOR DO PPGSS \" href=\"https:\/\/www.uern.br\/controledepaginas\/ppgss-docentes\/arquivos\/2855crit._p_def._do_nam._de_orientandos_por_orient._do_ppgss.pdf\" target=\"_blank\" rel=\"noopener\">(clique aqui)<\/a><\/li>\n<\/ul>\n<hr \/>\n<h4><strong>Processo de Credenciamento e Recredenciamento Docente para atua\u00e7\u00e3o no Programa de P\u00f3s-Gradua\u00e7\u00e3o em Sa\u00fade e Sociedade (PPGSS)\u00a0<\/strong><strong>com in\u00edcio em<\/strong><strong>\u00a0<\/strong><strong>2025 (ENCERRADO)<\/strong><\/h4>\n<p>A Comiss\u00e3o de Sele\u00e7\u00e3o do Programa de P\u00f3s-Gradua\u00e7\u00e3o em Sa\u00fade e Sociedade \u2013 PPGSS da Universidade do Estado do Rio Grande do Norte \u2013 UERN, torna p\u00fablico, pelo presente Edital, o\u00a0<strong>Processo de Credenciamento e Recredenciamento Docente para atua\u00e7\u00e3o no Programa de P\u00f3s-Gradua\u00e7\u00e3o em Sa\u00fade e Sociedade (PPGSS) com in\u00edcio em 2025<\/strong>.<\/p>\n<p>&#8211;\u00a0<a title=\"Edital\" href=\"https:\/\/drive.google.com\/file\/d\/1pPG-edE_C94QJnK8F4BjRaPeZjeSaxrv\/view?usp=sharing\" target=\"_blank\" rel=\"noopener\">Edital 003-2024 &#8211; PPGSS &#8211; Credenciamento e Recredenciamento 2025<\/a>\u00a0(Publicado em 07\/08\/2024)<\/p>\n<p>&#8211;\u00a0ANEXO I &#8211; Formul\u00e1rio para Credenciamento &#8211; Recredenciamento Docente 2025\u00a0(<a title=\"ANEXO I\" href=\"https:\/\/drive.google.com\/file\/d\/1mu6NjWjslSQbp-f3FOvuEG_GaP4jWCuW\/view?usp=sharing\" target=\"_blank\" rel=\"noopener\">baixar em zip<\/a>)<\/p>\n<p>&#8211;\u00a0ANEXO II &#8211; Carta de anu\u00eancia da Institui\u00e7\u00e3o &#8211; Credenciamento &#8211; Recredenciamento Docente 2025 (<a title=\"ANEXO II\" href=\"https:\/\/drive.google.com\/file\/d\/1IQnxPYr7JvvsgfPmRJMSYWk3gNTWl_xR\/view?usp=sharing\" target=\"_blank\" rel=\"noopener\">baixar em zip<\/a>)<\/p>\n<p>&#8211;\u00a0ANEXO III &#8211; Declara\u00e7\u00e3o de compromisso &#8211; Credenciamento &#8211; Recredenciamento Docente 2025 (<a title=\"ANEXO III\" href=\"https:\/\/drive.google.com\/file\/d\/1ZBBo6cf63Tdq4Eo0bN6A1fPh1b5Vyu7F\/view?usp=sharing\" target=\"_blank\" rel=\"noopener\">baixar em zip<\/a>)<\/p>\n<p>&#8211; Homologa\u00e7\u00e3o preliminar das inscri\u00e7\u00f5es &#8211; Credenciamento &#8211; Recredenciamento Docente 2025 (<a title=\"Homologa\u00e7\u00e3o preliminar\" href=\"https:\/\/drive.google.com\/file\/d\/1pmkjrMM6Qc4CDcWqbdv8J3FhxbP2BoLH\/view?usp=sharing\" target=\"_blank\" rel=\"noopener\">baixar<\/a>)<\/p>\n<p>&#8211; Homologa\u00e7\u00e3o final das inscri\u00e7\u00f5es &#8211; Credenciamento &#8211; Recredenciamento Docente 2025 (<a title=\"Homologa\u00e7\u00e3o final\" href=\"https:\/\/drive.google.com\/file\/d\/1wJVyFqcMpLrbPH3mWb13ryQiDQlH50-c\/view?usp=sharing\" target=\"_blank\" rel=\"noopener\">baixar<\/a>)<\/p>\n<p>&#8211; Resultado Preliminar &#8211; Credenciamento e Recredenciamento 2025 (<a title=\"Resulltado preliminar\" href=\"https:\/\/drive.google.com\/file\/d\/1pL20x9ndqISSrPV-zguNrFxt6SRJ8Jlo\/view?usp=sharing\" target=\"_blank\" rel=\"noopener\">baixar<\/a>)<\/p>\n<p>&#8211; Resultado Final &#8211; Credenciamento e Recredenciamento 2025\u00a0(<a title=\"Resultado final\" href=\"https:\/\/drive.google.com\/file\/d\/189J5p3aVaW0AWyNeO2vsCR1yZkg_EcKv\/view?usp=sharing\" target=\"_blank\" rel=\"noopener\">baixar<\/a>)<\/p>\n<hr \/>\n<h4><strong>Processo de Credenciamento e Recredenciamento Docente para atua\u00e7\u00e3o no Programa de P\u00f3s-Gradua\u00e7\u00e3o em Sa\u00fade e Sociedade (PPGSS) para o quadri\u00eanio 2021-2024 (ENCERRADO)<br \/>\n<\/strong><\/h4>\n<p>A Coordena\u00e7\u00e3o do Programa de P\u00f3s-Gradua\u00e7\u00e3o em Sa\u00fade e Sociedade \u2013 PPGSS da Universidade do Estado do Rio Grande do Norte \u2013 UERN, torna p\u00fablico, pelo presente Edital, o\u00a0<strong>Processo de Credenciamento e Recredenciamento Docente para atua\u00e7\u00e3o no Programa de P\u00f3s-Gradua\u00e7\u00e3o em Sa\u00fade e Sociedade (PPGSS) para o quadri\u00eanio\u00a0<\/strong><strong>2021-2024<\/strong>.<\/p>\n<p>&#8211;\u00a0<a title=\"Edital\" href=\"https:\/\/www.uern.br\/controledepaginas\/ppgss-credenciamento-docente\/arquivos\/4224edital_004_2020_ppgss_credenciamento_e_recredenciamento_2020.pdf\" target=\"_blank\" rel=\"noopener\">Edital 004\/2020 &#8211; PPGSS &#8211; Credenciamento e Recredenciamento 2020<\/a>\u00a0(Publicado em 04\/06\/2020)<\/p>\n<p>&#8211;\u00a0<a title=\"ANEXO I\" href=\"https:\/\/www.uern.br\/controledepaginas\/ppgss-credenciamento-docente\/arquivos\/4224anexo_i_formulario_para_credenciamento_recredenciamento_docente_2021_2024_.zip\" target=\"_blank\" rel=\"noopener\">ANEXO I &#8211; Formul\u00e1rio para Credenciamento &#8211; Recredenciamento Docente 2021-2024<\/a>\u00a0(Publicado em 04\/06\/2020)<\/p>\n<p>&#8211;\u00a0<a title=\"ANEXO II\" href=\"https:\/\/www.uern.br\/controledepaginas\/ppgss-credenciamento-docente\/arquivos\/4224anexo_ii_carta_de_anuencia_da_instituicao_credenciamento_recredenciamento_docente_2021_2024.zip\" target=\"_blank\" rel=\"noopener\">ANEXO II &#8211; Carta de anu\u00eancia da Institui\u00e7\u00e3o &#8211; Credenciamento &#8211; Recredenciamento Docente 2021-2024<\/a>\u00a0(Publicado em 04\/06\/2020)<\/p>\n<p>&#8211;\u00a0<a title=\"ANEXO III\" href=\"https:\/\/www.uern.br\/controledepaginas\/ppgss-credenciamento-docente\/arquivos\/4224anexo_iii_declaracao_de_compromisso_credenciamento_recredenciamento_docente_2021_2024.zip\" target=\"_blank\" rel=\"noopener\">ANEXO III &#8211; Declara\u00e7\u00e3o de compromisso &#8211; Credenciamento &#8211; Recredenciamento Docente 2021-2024<\/a>\u00a0(Publicado em 04\/06\/2020)<\/p>\n<p>&#8211;\u00a0<a title=\"Homologa\u00e7\u00e3o Preliminar das Inscri\u00e7\u00f5es\" href=\"https:\/\/www.uern.br\/controledepaginas\/ppgss-credenciamento-docente\/arquivos\/4224homologacao_preliminar_das_inscricoes_credenciamento_e_recredenciamento_2020_.pdf\" target=\"_blank\" rel=\"noopener\">Homologa\u00e7\u00e3o Preliminar das inscri\u00e7\u00f5es &#8211; Credenciamento e Recredenciamento 2021-2024<\/a>\u00a0(Publicado em 14\/07\/2020)<\/p>\n<p>&#8211;\u00a0<a title=\"Resposta aos recursos\" href=\"https:\/\/www.uern.br\/controledepaginas\/ppgss-credenciamento-docente\/arquivos\/4224resposta_aos_recursos_ao_indeferimento_das_inscricoes_recredenciamento_docente_2021_2024.pdf\" target=\"_blank\" rel=\"noopener\">Resposta aos Recursos ao Indeferimento das Inscri\u00e7\u00f5es &#8211; Credenciamento e Recredenciamento 2021-2024<\/a>\u00a0(Publicado em 17\/07\/2020)<\/p>\n<p>&#8211;\u00a0<a title=\"Homologa\u00e7\u00e3o Final das Inscri\u00e7\u00f5es\" href=\"https:\/\/www.uern.br\/controledepaginas\/ppgss-credenciamento-docente\/arquivos\/4224homologacao_final_das_inscricoes_credenciamento_e_recredenciamento_2021_2024.pdf\" target=\"_blank\" rel=\"noopener\">Homologa\u00e7\u00e3o final das inscri\u00e7\u00f5es &#8211; Credenciamento e Recredenciamento 2021-2024<\/a>\u00a0(Publicado em 17\/07\/2020)<\/p>\n<p>&#8211;\u00a0<a title=\"Resultado Preliminar\" href=\"https:\/\/www.uern.br\/controledepaginas\/ppgss-credenciamento-docente\/arquivos\/4224resultado_preliminar_credenciamento_e_recredenciamento_2021_2024_assinado_.pdf\" target=\"_blank\" rel=\"noopener\">Resultado Preliminar &#8211; Credenciamento e Recredenciamento 2021-2024<\/a>\u00a0(Publicado em 23\/07\/2020)<\/p>\n<p>&#8211;\u00a0<a title=\"Resposta aos recursos\" href=\"https:\/\/www.uern.br\/controledepaginas\/ppgss-credenciamento-docente\/arquivos\/4224resposta_aos_recursos_ao_resultado_preliminar_credenciamento_e_recredenciamento_2021_2024.pdf\" target=\"_blank\" rel=\"noopener\">Resposta aos recursos ao Resultado Preliminar &#8211; Credenciamento e Recredenciamento 2021-2024<\/a>\u00a0(Publicado em 28\/07\/2020)<\/p>\n<p>&#8211;\u00a0<a title=\"Resultado Final\" href=\"https:\/\/www.uern.br\/controledepaginas\/ppgss-credenciamento-docente\/arquivos\/4224resultado_final_credenciamento_e_recredenciamento_2021_2024_assinado.pdf\" target=\"_blank\" rel=\"noopener\">Resultado Final &#8211; Credenciamento e Recredenciamento 2021-2024<\/a>\u00a0(Publicado em 28\/07\/2020)<\/p>\n<hr \/>\n<h4>Credenciamento Docente 2019 (ENCERRADO EM 23\/07\/2019)<\/h4>\n<p>A Coordena\u00e7\u00e3o do Programa de P\u00f3s-Gradua\u00e7\u00e3o em Sa\u00fade e Sociedade \u2013 PPGSS da Universidade do Estado do Rio Grande do Norte \u2013 UERN, torna p\u00fablico, pelo presente Edital, o\u00a0<strong>Processo de Credenciamento Docente para atua\u00e7\u00e3o no Programa de P\u00f3s-Gradua\u00e7\u00e3o em Sa\u00fade e Sociedade (PPGSS)<\/strong>.<\/p>\n<p>.<\/p>\n<p>&#8211;\u00a0<a title=\"Edital\" href=\"https:\/\/www.uern.br\/controledepaginas\/ppgss-sele\u00e7\u00f5es\/arquivos\/2878edital_003_2019_ppgss_credenciamento_docente_2019.pdf\" target=\"_blank\" rel=\"noopener\">Edital 003\/2019 &#8211; PPGSS &#8211; Credenciamento Docente PPGSS 2019<\/a>\u00a0(Publicado em 14\/06\/2019)<\/p>\n<p>&#8211;\u00a0<a title=\"ANEXO I\" href=\"https:\/\/www.uern.br\/controledepaginas\/ppgss-sele\u00e7\u00f5es\/arquivos\/2878anexo_i_formulario_para_credenciamento_docente_ppgss_2019.zip\" target=\"_blank\" rel=\"noopener\">ANEXO I &#8211; Formul\u00e1rio para Credenciamento Docente PPGSS 2019<\/a>\u00a0(Publicado em 14\/06\/2019)<\/p>\n<p>&#8211;\u00a0<a title=\"Homologa\u00e7\u00e3o Preliminar das Inscri\u00e7\u00f5es\" href=\"https:\/\/www.uern.br\/controledepaginas\/ppgss-credenciamento-docente\/arquivos\/4224homologacao_preliminar_das_inscricoes_credenciamento_docente_2019_.pdf\" target=\"_blank\" rel=\"noopener\">Homologa\u00e7\u00e3o Preliminar das Inscri\u00e7\u00f5es &#8211; Credenciamento Docente 2019<\/a>\u00a0(Publicado em 15\/07\/2019)<\/p>\n<p>&#8211;\u00a0<a title=\"Homologa\u00e7\u00e3o Final das Inscri\u00e7\u00f5es\" href=\"https:\/\/www.uern.br\/controledepaginas\/ppgss-credenciamento-docente\/arquivos\/4224homologacao_final_das_inscricoes_credenciamento_docente_2019_.pdf\" target=\"_blank\" rel=\"noopener\">Homologa\u00e7\u00e3o Final das Inscri\u00e7\u00f5es &#8211; Credenciamento Docente 2019<\/a>\u00a0(Publicado em 18\/07\/2019)<\/p>\n<p>&#8211;\u00a0<a title=\"Resultado Preliminar\" href=\"https:\/\/www.uern.br\/controledepaginas\/ppgss-credenciamento-docente\/arquivos\/4224resultado_preliminar_do_edital_003_2019_credenciamento_docente_2019.pdf\" target=\"_blank\" rel=\"noopener\">Resultado Preliminar &#8211; Credenciamento Docente 2019<\/a>\u00a0(Publicado em 19\/07\/2019)<\/p>\n<p>&#8211;\u00a0<a title=\"Resultado Final\" href=\"https:\/\/www.uern.br\/controledepaginas\/ppgss-credenciamento-docente\/arquivos\/4224resultado_final_do_edital_003_2019_credenciamento_docente_2019.pdf\" target=\"_blank\" rel=\"noopener\">Resultado Final &#8211; Credenciamento Docente 2019<\/a>\u00a0(Publicado em 23\/07\/2019)<\/p>\n<p>.<\/p>\n<p>.<\/p>\n<hr \/>\n<h4>Credenciamento Docente (ENCERRADO)<\/h4>\n<p>A Coordena\u00e7\u00e3o do Programa de P\u00f3s-Gradua\u00e7\u00e3o em Sa\u00fade e Sociedade \u2013 PPGSS da Universidade do Estado do Rio Grande do Norte \u2013 UERN, torna p\u00fablico, pelo presente Edital, o\u00a0<strong>Processo de Credenciamento Docente para atua\u00e7\u00e3o no Programa de P\u00f3sGradua\u00e7\u00e3o em Sa\u00fade e Sociedade (PPGSS)<\/strong>.<\/p>\n<p>&#8211;\u00a0<a title=\"Edital 002\/2018 - PPGSS - Credenciamento de novos Docentes 2018\" href=\"https:\/\/www.uern.br\/controledepaginas\/ppgss-apresentacao\/arquivos\/0808edital_002_2018_ppgss_credenciamento_de_novos_docentes_2018.pdf\" target=\"_blank\" rel=\"noopener\">Edital 002\/2018 &#8211; PPGSS &#8211; Credenciamento de novos Docentes 2018<\/a>\u00a0(Publicado em 17\/05\/2018)<\/p>\n<p>&#8211;\u00a0<a title=\"ANEXO I - Formul\u00e1rio para Credenciamento Docente - PPGSS \u2013 2018\" href=\"https:\/\/www.uern.br\/controledepaginas\/ppgss-apresentacao\/arquivos\/0808anexo_i_formulario_para_credenciamento_docente_ppgss_2018.zip\" target=\"_blank\" rel=\"noopener\">ANEXO I &#8211; Formul\u00e1rio para Credenciamento Docente &#8211; PPGSS \u2013 2018<\/a>\u00a0(Publicado em 17\/05\/2018)<\/p>\n<p>&#8211;\u00a0<a title=\"Homologa\u00e7\u00e3o das Inscri\u00e7\u00f5es do Edital 002-2018 - Credenciamento 2018\" href=\"https:\/\/www.uern.br\/controledepaginas\/ppgss-apresentacao\/arquivos\/0808homologacao_das_inscricoes_do_edital_002_2018_credenciamento_2018.pdf\" target=\"_blank\" rel=\"noopener\">Homologa\u00e7\u00e3o das Inscri\u00e7\u00f5es do Edital 002\/2018 &#8211; Credenciamento 2018<\/a>\u00a0(Publicado em 04\/06\/2018)<\/p>\n<p>&#8211;\u00a0<a title=\"Homologa\u00e7\u00e3o Final das Inscri\u00e7\u00f5es do Edital 002-2018 - Credenciamento 2018\" href=\"https:\/\/www.uern.br\/controledepaginas\/ppgss-apresentacao\/arquivos\/0808homologacao_final_das_inscricoes_do_edital_002_2018_credenciamento_2018_.pdf\" target=\"_blank\" rel=\"noopener\">Homologa\u00e7\u00e3o Final das Inscri\u00e7\u00f5es do Edital 002\/2018 &#8211; Credenciamento 2018<\/a>\u00a0(Publicado em 07\/06\/2018)<\/p>\n<p>&#8211;\u00a0<a title=\"Resultado Parcial do Edital 002-2018 - Credenciamento 2018\" href=\"https:\/\/www.uern.br\/controledepaginas\/ppgss-apresentacao\/arquivos\/0808resultado_parcial_do_edital_002_2018_credenciamento_2018.pdf\" target=\"_blank\" rel=\"noopener\">Resultado Parcial do Edital 002 \/ 2018 &#8211; Credenciamento 2018<\/a>\u00a0(Publicado \u00e0s 17h20min do dia 13\/06\/2018)<\/p>\n<p>&#8211;\u00a0<a title=\"Resultado Final do Edital 002 \/ 2018 - PPGSS - Credenciamento 2018\" href=\"https:\/\/www.uern.br\/controledepaginas\/ppgss-apresentacao\/arquivos\/0808resultado_final_do_edital_002_2018_ppgss_credenciamento_2018.pdf\" target=\"_blank\" rel=\"noopener\">Resultado Final do Edital 002 \/ 2018 &#8211; Credenciamento 2018<\/a>\u00a0(Publicado em 18\/06\/2018)<\/p>\n<p>.<\/p>\n<hr \/>\n<h4>Credenciamento e Recredenciamento Docente (ENCERRADO)<\/h4>\n<p>A Coordena\u00e7\u00e3o do Programa de P\u00f3s-Gradua\u00e7\u00e3o em Sa\u00fade e Sociedade \u2013 PPGSS da Universidade do Estado do Rio Grande do Norte \u2013 UERN, torna p\u00fablico, pelo presente Edital, o\u00a0<strong>Processo de Credenciamento e Recredenciamento Docente para atua\u00e7\u00e3o no Programa de P\u00f3s-Gradua\u00e7\u00e3o em Sa\u00fade e Sociedade (PPGSS)<\/strong><\/p>\n<p>&#8211;\u00a0<a title=\"Edital 005 \/ 2017 - PPGSS - Credenciamento e  Recredenciamento Docente - PPGSS \" href=\"https:\/\/www.uern.br\/controledepaginas\/ppgss-apresentacao\/arquivos\/0808edital_005_2017_ppgss_credenciamento_e__recredenciamento_2017.pdf\" target=\"_blank\" rel=\"noopener\">Edital 005 \/ 2017 &#8211; PPGSS &#8211; Credenciamento e\u00a0 Recredenciamento Docente &#8211; PPGSS<\/a>\u00a0(Publicado em 26\/04\/2017)<\/p>\n<p>&#8211;\u00a0<a title=\"- ANEXO I - Formul\u00e1rio para Credenciamento - Recredenciamento Docente - PPGSS \" href=\"https:\/\/www.uern.br\/controledepaginas\/ppgss-apresentacao\/arquivos\/0808anexo_i_formulario_para_credenciamento_recredenciamento_docente_ppgss.zip\" target=\"_blank\" rel=\"noopener\">ANEXO I &#8211; Formul\u00e1rio para Credenciamento e Recredenciamento Docente &#8211; PPGSS<\/a>\u00a0(Publicado em 26\/04\/2017)<\/p>\n<p>&#8211;\u00a0<a title=\"Homologa\u00e7\u00e3o das Inscri\u00e7\u00f5es do Edital 005-2017 - Credenciamento e  Recredenciamento 2017\" href=\"https:\/\/www.uern.br\/controledepaginas\/ppgss-apresentacao\/arquivos\/0808homologacao_das_inscricoes_do_edital_005_2017_credenciamento_e__recredenciamento_2017.pdf\" target=\"_blank\" rel=\"noopener\">Homologa\u00e7\u00e3o das Inscri\u00e7\u00f5es do Edital 005 \/ 2017 &#8211; Credenciamento e\u00a0 Recredenciamento Docente &#8211; PPGSS<\/a>\u00a0(Publicado em 16\/05\/2017)<\/p>\n<p>&#8211;\u00a0<a title=\"Homologa\u00e7\u00e3o Final das Inscri\u00e7\u00f5es do Edital 005-2017 - Credenciamento e  Recredenciamento 2017\" href=\"https:\/\/www.uern.br\/controledepaginas\/ppgss-apresentacao\/arquivos\/0808homologacao_final_das_inscricoes_do_edital_005_2017_credenciamento_e__recredenciamento_2017.pdf\" target=\"_blank\" rel=\"noopener\">Homologa\u00e7\u00e3o Final das Inscri\u00e7\u00f5es do Edital 005 \/ 2017 &#8211; Credenciamento e\u00a0 Recredenciamento Docente &#8211; PPGSS<\/a>\u00a0(Publicado em 18\/05\/2017)<\/p>\n<p>&#8211;\u00a0<a title=\"Resultado Parcial - Credenciamento e Recredenciamento Docente 2017 - PPGSS\" href=\"https:\/\/www.uern.br\/controledepaginas\/ppgss-apresentacao\/arquivos\/0808resultado_parcial_credenciamento_e_recredenciamento_docente_2017_ppgss.pdf\" target=\"_blank\" rel=\"noopener\">Resultado Parcial &#8211; Credenciamento e Recredenciamento Docente 2017 &#8211; PPGSS<\/a>\u00a0(Publicado em 12\/06\/2017)<\/p>\n<p>&#8211;\u00a0<a title=\"Resultado Final do Edital 005-2017 - Credenciamento e  Recredenciamento 2017\" href=\"https:\/\/www.uern.br\/controledepaginas\/ppgss-apresentacao\/arquivos\/0808resultado_final_do_edital_005_2017_credenciamento_e__recredenciamento_2017.pdf\" target=\"_blank\" rel=\"noopener\">Resultado Final &#8211; Credenciamento e\u00a0 Recredenciamento Docente 2017 &#8211; PPGSS<\/a>\u00a0(Publicado em 14\/06\/2017)<\/p>\n<p>.<\/p>\n","protected":false},"excerpt":{"rendered":"<p>DOCUMENTOS IMPORTANTES AOS DOCENTES E INTERESSADOS EM FAZER PARTE DO CORPO DOCENTE DO PPGSS: CRIT\u00c9RIOS M\u00cdNIMOS PARA CREDENCIAMENTO DE PROFESSORES ORIENTADORES DO PPGSS\/UERN\u00a0(clique aqui) CRIT\u00c9RIOS PARA DEFINI\u00c7\u00c3O DO N\u00daMERO M\u00c1XIMO DE ORIENTANDOS POR ORIENTADOR DO PPGSS\u00a0(clique aqui) Processo de Credenciamento e Recredenciamento Docente para atua\u00e7\u00e3o no Programa de P\u00f3s-Gradua\u00e7\u00e3o em Sa\u00fade e Sociedade (PPGSS)\u00a0com in\u00edcio [&hellip;]<\/p>\n","protected":false},"author":17,"featured_media":0,"parent":0,"menu_order":0,"comment_status":"closed","ping_status":"closed","template":"","meta":{"footnotes":""},"class_list":["post-764","page","type-page","status-publish","hentry"],"_links":{"self":[{"href":"https:\/\/portal.uern.br\/propeg\/ppgss\/wp-json\/wp\/v2\/pages\/764","targetHints":{"allow":["GET"]}}],"collection":[{"href":"https:\/\/portal.uern.br\/propeg\/ppgss\/wp-json\/wp\/v2\/pages"}],"about":[{"href":"https:\/\/portal.uern.br\/propeg\/ppgss\/wp-json\/wp\/v2\/types\/page"}],"author":[{"embeddable":true,"href":"https:\/\/portal.uern.br\/propeg\/ppgss\/wp-json\/wp\/v2\/users\/17"}],"replies":[{"embeddable":true,"href":"https:\/\/portal.uern.br\/propeg\/ppgss\/wp-json\/wp\/v2\/comments?post=764"}],"version-history":[{"count":1,"href":"https:\/\/portal.uern.br\/propeg\/ppgss\/wp-json\/wp\/v2\/pages\/764\/revisions"}],"predecessor-version":[{"id":765,"href":"https:\/\/portal.uern.br\/propeg\/ppgss\/wp-json\/wp\/v2\/pages\/764\/revisions\/765"}],"wp:attachment":[{"href":"https:\/\/portal.uern.br\/propeg\/ppgss\/wp-json\/wp\/v2\/media?parent=764"}],"curies":[{"name":"wp","href":"https:\/\/api.w.org\/{rel}","templated":true}]}}