{"id":755,"date":"2025-03-03T10:59:27","date_gmt":"2025-03-03T13:59:27","guid":{"rendered":"https:\/\/portal.uern.br\/propeg\/ppgss\/?page_id=755"},"modified":"2026-02-19T15:53:04","modified_gmt":"2026-02-19T18:53:04","slug":"pgccs-2025","status":"publish","type":"page","link":"https:\/\/portal.uern.br\/propeg\/ppgss\/programas-das-disciplinas\/pgccs-2025\/","title":{"rendered":"PGCC&#8217;s 2025"},"content":{"rendered":"<p>&nbsp;<\/p>\n<table width=\"643\" cellspacing=\"0\" cellpadding=\"2\">\n<tbody>\n<tr>\n<td width=\"385\">\n<h4>DISCIPLINAS OFERTADAS EM 2025<\/h4>\n<\/td>\n<td width=\"150\">\n<h4 style=\"text-align: center\">SEMESTRE<\/h4>\n<\/td>\n<td width=\"97\">\n<h4 style=\"text-align: center\">PGCC<\/h4>\n<\/td>\n<\/tr>\n<tr>\n<td width=\"385\">BIOESTAT\u00cdSTICA I (Optativa &#8211; 45h)<\/td>\n<td width=\"150\">\n<p style=\"text-align: center\">2025.1<\/p>\n<\/td>\n<td style=\"text-align: center\" width=\"97\"><a href=\"https:\/\/drive.google.com\/file\/d\/1LR62mAHTfurPK1DR4616_H-sAQojxQuy\/view?usp=sharing\">clique aqui para baixar<\/a><\/td>\n<\/tr>\n<tr>\n<td width=\"385\">FUNDAMENTOS DE NEUROCI\u00caNCIAS (Optativa &#8211; 60h)<\/td>\n<td width=\"150\">\n<p style=\"text-align: center\">2025.1<\/p>\n<\/td>\n<td style=\"text-align: center\" width=\"97\"><a href=\"https:\/\/drive.google.com\/file\/d\/1ZrUuJBxQfpi2-2ZPc_gPFOEv3sa0WoGD\/view?usp=sharing\">clique aqui para baixar<\/a><\/td>\n<\/tr>\n<tr>\n<td width=\"385\">PESQUISA EM SA\u00daDE (Obrigat\u00f3ria &#8211; 45h)<\/td>\n<td width=\"150\">\n<p style=\"text-align: center\">2025.1<\/p>\n<\/td>\n<td style=\"text-align: center\" width=\"97\"><a href=\"https:\/\/drive.google.com\/file\/d\/1nCXUmJPVcwhPhLFXdyMzoGmVHgk83f-m\/view?usp=sharing\">clique aqui para baixar<\/a><\/td>\n<\/tr>\n<tr>\n<td width=\"385\">REDA\u00c7\u00c3O DO TRABALHO CIENT\u00cdFICO (Obrigat\u00f3ria &#8211; 45h)<\/td>\n<td width=\"150\">\n<p style=\"text-align: center\">2025.1<\/p>\n<\/td>\n<td style=\"text-align: center\" width=\"97\"><a href=\"https:\/\/drive.google.com\/file\/d\/14g6bCrE6eKAuudgJur5cyMbX97PWXa2O\/view?usp=sharing\">clique aqui para baixar<\/a><\/td>\n<\/tr>\n<tr>\n<td width=\"385\">T\u00d3PICOS ESPECIAIS EM PESQUISA EM SA\u00daDE I &#8211; <strong>Semin\u00e1rios do laborat\u00f3rio de Bioqu\u00edmica e Biologia Molecular<\/strong> (Optativa &#8211; 30h)<\/td>\n<td width=\"150\">\n<p style=\"text-align: center\">2025.1<\/p>\n<\/td>\n<td style=\"text-align: center\" width=\"97\"><a href=\"https:\/\/drive.google.com\/file\/d\/1Ehd4JClourAje1DufGHAJ7POs3X2ZF9q\/view?usp=sharing\">clique aqui para baixar<\/a><\/td>\n<\/tr>\n<tr>\n<td width=\"385\">T\u00d3PICOS ESPECIAIS EM PESQUISA EM SA\u00daDE I &#8211; <strong>Tecnologias Aplicadas \u00e0 Sa\u00fade<\/strong> (Optativa &#8211; 30h)<\/td>\n<td width=\"150\">\n<p style=\"text-align: center\">2025.1<\/p>\n<\/td>\n<td style=\"text-align: center\" width=\"97\"><a href=\"https:\/\/drive.google.com\/file\/d\/1881S0kOfrfnfRdF6ul3SQaVrpxp9zOb4\/view?usp=sharing\">clique aqui para baixar<\/a><\/td>\n<\/tr>\n<tr>\n<td style=\"text-align: center\" width=\"385\">\n<p style=\"text-align: left\">T\u00d3PICOS ESPECIAIS EM PESQUISA EM SA\u00daDE II &#8211; <strong>Imunologia<\/strong> (Optativa &#8211; 45h)<\/p>\n<\/td>\n<td style=\"text-align: center\" width=\"150\">2025.1<\/td>\n<td width=\"97\">\n<p style=\"text-align: center\"><a href=\"https:\/\/drive.google.com\/file\/d\/1Q3g5tzNnirCHlh18Bnhtj-cBVkKivJ2v\/view?usp=sharing\">clique aqui para baixar<\/a><\/p>\n<\/td>\n<\/tr>\n<tr>\n<td width=\"385\">\n<p align=\"left\">Comunica\u00e7\u00e3o Celular no Sistema Nervoso (Optativa &#8211; 30h)<\/p>\n<\/td>\n<td width=\"150\">\n<p style=\"text-align: center\">2025.2<\/p>\n<\/td>\n<td style=\"text-align: center\" width=\"97\"><a href=\"https:\/\/drive.google.com\/file\/d\/1383nwVM7xfhgX6t9cxcdnITRnKYVMFIw\/view?usp=sharing\">clique aqui para baixar<\/a><\/td>\n<\/tr>\n<tr>\n<td width=\"385\">\n<p align=\"left\">Metodologia de Ensino para a \u00c1rea da Sa\u00fade (Obrigat\u00f3ria &#8211; 45h)<\/p>\n<\/td>\n<td width=\"150\">\n<p style=\"text-align: center\">2025.2<\/p>\n<\/td>\n<td width=\"97\">\n<p style=\"text-align: center\"><a href=\"https:\/\/drive.google.com\/file\/d\/1MRjYwU8lZ4FtHcWavIUvWZxueNOil_zg\/view?usp=sharing\">clique aqui para baixar<\/a><\/p>\n<\/td>\n<\/tr>\n<tr>\n<td width=\"385\">\n<p align=\"left\">Metodologia de Estudos Qualitativos (Optativa &#8211; 60h)<\/p>\n<\/td>\n<td width=\"150\">\n<p style=\"text-align: center\">2025.2<\/p>\n<\/td>\n<td width=\"97\">\n<p style=\"text-align: center\"><a href=\"https:\/\/drive.google.com\/file\/d\/1ZrEtOFVfXiTpnVSBMYemGvml1AmVdeAs\/view?usp=sharing\">clique aqui para baixar<\/a><\/p>\n<\/td>\n<\/tr>\n<tr>\n<td style=\"text-align: center\" width=\"385\">\n<p align=\"left\">T\u00d3PICOS ESPECIAIS EM PESQUISA EM SA\u00daDE I &#8211; <strong>Semin\u00e1rios do laborat\u00f3rio de Bioqu\u00edmica e Biologia Molecular<\/strong> (Optativa &#8211; 30h)<\/p>\n<\/td>\n<td style=\"text-align: center\" width=\"150\">2025.2<\/td>\n<td width=\"97\">\n<p style=\"text-align: center\">clique aqui para baixar<\/p>\n<\/td>\n<\/tr>\n<tr>\n<td width=\"385\">\n<p align=\"left\">T\u00d3PICOS ESPECIAIS EM PESQUISA EM SA\u00daDE I \u2013 <strong>Respostas metab\u00f3licas e hormonais agudas e cr\u00f4nicas ao exerc\u00edcio f\u00edsico<\/strong>\u00a0(Optativa \u2013 30h)<\/p>\n<\/td>\n<td width=\"150\">\n<p style=\"text-align: center\">2025.2<\/p>\n<\/td>\n<td style=\"text-align: center\" width=\"97\"><a href=\"https:\/\/drive.google.com\/file\/d\/1S0LRxy_C4NQdUOynytbRAlUA7OLJI3sa\/view?usp=sharing\">clique aqui para baixar<\/a><\/td>\n<\/tr>\n<tr>\n<td style=\"text-align: center\" width=\"385\">\n<p align=\"left\">T\u00d3PICOS ESPECIAIS EM PESQUISA EM SA\u00daDE I &#8211; <strong>Ensino em Odontologia<\/strong> (Optativa \u2013 30h)<\/p>\n<\/td>\n<td style=\"text-align: center\" width=\"150\">2025.2<\/td>\n<td width=\"97\">\n<p style=\"text-align: center\"><a href=\"https:\/\/drive.google.com\/file\/d\/1mpAYu9X-Dbr9IEaYcB4g7ar6OQ8EGzm4\/view?usp=sharing\">clique aqui para baixar<\/a><\/p>\n<\/td>\n<\/tr>\n<\/tbody>\n<\/table>\n<p>&nbsp;<\/p>\n","protected":false},"excerpt":{"rendered":"<p>&nbsp; DISCIPLINAS OFERTADAS EM 2025 SEMESTRE PGCC BIOESTAT\u00cdSTICA I (Optativa &#8211; 45h) 2025.1 clique aqui para baixar FUNDAMENTOS DE NEUROCI\u00caNCIAS (Optativa &#8211; 60h) 2025.1 clique aqui para baixar PESQUISA EM SA\u00daDE (Obrigat\u00f3ria &#8211; 45h) 2025.1 clique aqui para baixar REDA\u00c7\u00c3O DO TRABALHO CIENT\u00cdFICO (Obrigat\u00f3ria &#8211; 45h) 2025.1 clique aqui para baixar T\u00d3PICOS ESPECIAIS EM PESQUISA [&hellip;]<\/p>\n","protected":false},"author":17,"featured_media":0,"parent":741,"menu_order":0,"comment_status":"closed","ping_status":"closed","template":"","meta":{"footnotes":""},"class_list":["post-755","page","type-page","status-publish","hentry"],"_links":{"self":[{"href":"https:\/\/portal.uern.br\/propeg\/ppgss\/wp-json\/wp\/v2\/pages\/755","targetHints":{"allow":["GET"]}}],"collection":[{"href":"https:\/\/portal.uern.br\/propeg\/ppgss\/wp-json\/wp\/v2\/pages"}],"about":[{"href":"https:\/\/portal.uern.br\/propeg\/ppgss\/wp-json\/wp\/v2\/types\/page"}],"author":[{"embeddable":true,"href":"https:\/\/portal.uern.br\/propeg\/ppgss\/wp-json\/wp\/v2\/users\/17"}],"replies":[{"embeddable":true,"href":"https:\/\/portal.uern.br\/propeg\/ppgss\/wp-json\/wp\/v2\/comments?post=755"}],"version-history":[{"count":9,"href":"https:\/\/portal.uern.br\/propeg\/ppgss\/wp-json\/wp\/v2\/pages\/755\/revisions"}],"predecessor-version":[{"id":853,"href":"https:\/\/portal.uern.br\/propeg\/ppgss\/wp-json\/wp\/v2\/pages\/755\/revisions\/853"}],"up":[{"embeddable":true,"href":"https:\/\/portal.uern.br\/propeg\/ppgss\/wp-json\/wp\/v2\/pages\/741"}],"wp:attachment":[{"href":"https:\/\/portal.uern.br\/propeg\/ppgss\/wp-json\/wp\/v2\/media?parent=755"}],"curies":[{"name":"wp","href":"https:\/\/api.w.org\/{rel}","templated":true}]}}