{"id":753,"date":"2025-03-03T10:49:28","date_gmt":"2025-03-03T13:49:28","guid":{"rendered":"https:\/\/portal.uern.br\/propeg\/ppgss\/?page_id=753"},"modified":"2025-03-03T11:06:49","modified_gmt":"2025-03-03T14:06:49","slug":"pgccs-2024","status":"publish","type":"page","link":"https:\/\/portal.uern.br\/propeg\/ppgss\/pgccs-2024\/","title":{"rendered":"PGCC&#8217;s 2024"},"content":{"rendered":"<table width=\"643\" cellspacing=\"0\" cellpadding=\"2\">\n<tbody>\n<tr>\n<td width=\"443\">\n<h4>DISCIPLINAS OFERTADAS EM 2024<\/h4>\n<\/td>\n<td width=\"84\">\n<h4>SEMESTRE<\/h4>\n<\/td>\n<td width=\"101\">\n<h4>PGCC<\/h4>\n<\/td>\n<\/tr>\n<tr>\n<td width=\"443\">Bioestat\u00edstica I<\/td>\n<td width=\"84\">2024.1<\/td>\n<td width=\"101\"><a href=\"http:\/\/www.uern.br\/controledepaginas\/ppgss-pgccs-2024\/arquivos\/7402pgcc_2024.1_bioestatistica_i.pdf\" target=\"_blank\" rel=\"noopener\">clique aqui para baixar<\/a><\/td>\n<\/tr>\n<tr>\n<td width=\"443\">Fundamentos de Neuroci\u00eancias<\/td>\n<td width=\"84\">2024.1<\/td>\n<td width=\"101\"><a href=\"http:\/\/www.uern.br\/controledepaginas\/ppgss-pgccs-2024\/arquivos\/7402pgcc_2024.1_fundamentos_de_neurociencias.pdf\" target=\"_blank\" rel=\"noopener\">clique aqui para baixar<\/a><\/td>\n<\/tr>\n<tr>\n<td width=\"443\">Pesquisa em Sa\u00fade<\/td>\n<td width=\"84\">2024.1<\/td>\n<td width=\"101\"><a href=\"http:\/\/www.uern.br\/controledepaginas\/ppgss-pgccs-2024\/arquivos\/7402pgcc_2024.1_pesquisa_em_saude.pdf\" target=\"_blank\" rel=\"noopener\">clique aqui para baixar<\/a><\/td>\n<\/tr>\n<tr>\n<td width=\"443\">Reda\u00e7\u00e3o do Trabalho Cientifico<\/td>\n<td width=\"84\">2024.1<\/td>\n<td width=\"101\"><a href=\"http:\/\/www.uern.br\/controledepaginas\/ppgss-pgccs-2024\/arquivos\/7402pgcc_2024.1_redacao_do_trabalho_cientifico.pdf\" target=\"_blank\" rel=\"noopener\">clique aqui para baixar<\/a><\/td>\n<\/tr>\n<tr>\n<td width=\"443\">T\u00f3picos Especiais em Pesquisa em Sa\u00fade I &#8211;\u00a0Semin\u00e1rios do laborat\u00f3rio de Bioqu\u00edmica e Biologia Molecular<\/td>\n<td width=\"84\">2024.1<\/td>\n<td width=\"101\"><a href=\"http:\/\/www.uern.br\/controledepaginas\/ppgss-pgccs-2024\/arquivos\/7402pgcc_2024.1_topicos_i_seminarios_do_laboratorio_de_bioquimica_e_biologia_molecular.pdf\" target=\"_blank\" rel=\"noopener\">clique aqui para baixar<\/a><\/td>\n<\/tr>\n<tr>\n<td width=\"443\">T\u00f3picos Especiais em\u00a0<span lang=\"pt-BR\">P<\/span>esquisa em Sa\u00fade I &#8211; Pr\u00e1ticas em sa\u00fade baseadas em evid\u00eancias<\/td>\n<td width=\"84\">2024.1<\/td>\n<td width=\"101\"><a href=\"http:\/\/www.uern.br\/controledepaginas\/ppgss-pgccs-2024\/arquivos\/7402pgcc_2024_topicos_i_pesquisa_em_saude_praticas_baseadas_em_evidencias.pdf\" target=\"_blank\" rel=\"noopener\">clique aqui para baixar<\/a><\/td>\n<\/tr>\n<tr>\n<td width=\"443\">Comunica\u00e7\u00e3o Celular no Sistema Nervoso<\/td>\n<td width=\"84\">2024.2<\/td>\n<td width=\"101\"><a href=\"https:\/\/drive.google.com\/file\/d\/1NvSN5McRaWN1GJa_Van8Um-Rwbum2SAW\/view?usp=sharing\">clique aqui para baixar<\/a><\/td>\n<\/tr>\n<tr>\n<td width=\"443\">Metodologia de Ensino para a \u00c1rea da Sa\u00fade<\/td>\n<td width=\"84\">2024.2<\/td>\n<td width=\"101\"><a href=\"https:\/\/drive.google.com\/file\/d\/1DiqpmYYRWyvbRTMc_vkM1iAbj_0de399\/view?usp=sharing\">clique aqui para baixar<\/a><\/td>\n<\/tr>\n<tr>\n<td width=\"443\">T\u00f3picos Especiais em Pesquisa em Sa\u00fade II &#8211; Imunologia<\/td>\n<td width=\"84\">2024.2<\/td>\n<td width=\"101\"><a href=\"https:\/\/drive.google.com\/file\/d\/14mw0BxsrSsmrCPF64_cgLKpGpeoWg_9t\/view?usp=sharing\">clique aqui para baixar<\/a><\/td>\n<\/tr>\n<\/tbody>\n<\/table>\n","protected":false},"excerpt":{"rendered":"<p>DISCIPLINAS OFERTADAS EM 2024 SEMESTRE PGCC Bioestat\u00edstica I 2024.1 clique aqui para baixar Fundamentos de Neuroci\u00eancias 2024.1 clique aqui para baixar Pesquisa em Sa\u00fade 2024.1 clique aqui para baixar Reda\u00e7\u00e3o do Trabalho Cientifico 2024.1 clique aqui para baixar T\u00f3picos Especiais em Pesquisa em Sa\u00fade I &#8211;\u00a0Semin\u00e1rios do laborat\u00f3rio de Bioqu\u00edmica e Biologia Molecular 2024.1 clique [&hellip;]<\/p>\n","protected":false},"author":17,"featured_media":0,"parent":0,"menu_order":0,"comment_status":"closed","ping_status":"closed","template":"","meta":{"footnotes":""},"class_list":["post-753","page","type-page","status-publish","hentry"],"_links":{"self":[{"href":"https:\/\/portal.uern.br\/propeg\/ppgss\/wp-json\/wp\/v2\/pages\/753","targetHints":{"allow":["GET"]}}],"collection":[{"href":"https:\/\/portal.uern.br\/propeg\/ppgss\/wp-json\/wp\/v2\/pages"}],"about":[{"href":"https:\/\/portal.uern.br\/propeg\/ppgss\/wp-json\/wp\/v2\/types\/page"}],"author":[{"embeddable":true,"href":"https:\/\/portal.uern.br\/propeg\/ppgss\/wp-json\/wp\/v2\/users\/17"}],"replies":[{"embeddable":true,"href":"https:\/\/portal.uern.br\/propeg\/ppgss\/wp-json\/wp\/v2\/comments?post=753"}],"version-history":[{"count":3,"href":"https:\/\/portal.uern.br\/propeg\/ppgss\/wp-json\/wp\/v2\/pages\/753\/revisions"}],"predecessor-version":[{"id":761,"href":"https:\/\/portal.uern.br\/propeg\/ppgss\/wp-json\/wp\/v2\/pages\/753\/revisions\/761"}],"wp:attachment":[{"href":"https:\/\/portal.uern.br\/propeg\/ppgss\/wp-json\/wp\/v2\/media?parent=753"}],"curies":[{"name":"wp","href":"https:\/\/api.w.org\/{rel}","templated":true}]}}