{"id":751,"date":"2025-03-03T10:35:52","date_gmt":"2025-03-03T13:35:52","guid":{"rendered":"https:\/\/portal.uern.br\/propeg\/ppgss\/?page_id=751"},"modified":"2025-03-03T10:35:52","modified_gmt":"2025-03-03T13:35:52","slug":"pgccs-2023","status":"publish","type":"page","link":"https:\/\/portal.uern.br\/propeg\/ppgss\/pgccs-2023\/","title":{"rendered":"PGCC&#8217;s 2023"},"content":{"rendered":"<table cellspacing=\"0\" cellpadding=\"0\">\n<tbody>\n<tr>\n<td>\n<h4>DISCIPLINAS OFERTADAS EM 2023<\/h4>\n<\/td>\n<td>\n<h4>SEMESTRE<\/h4>\n<\/td>\n<td>\n<h4>PGCC<\/h4>\n<\/td>\n<\/tr>\n<tr>\n<td>Fundamentos de Neuroci\u00eancias<\/td>\n<td>2023.1<\/td>\n<td><a title=\"PGCC\" href=\"http:\/\/www.uern.br\/controledepaginas\/ppgss-pgccs-2023\/arquivos\/7365pgcc_2023.1_fundamentos_de_neurociencias.pdf\" target=\"_blank\" rel=\"noopener\">clique aqui para baixar<\/a><\/td>\n<\/tr>\n<tr>\n<td>Pesquisa em Sa\u00fade<\/td>\n<td>2023.1<\/td>\n<td><a title=\"PGCC\" href=\"http:\/\/www.uern.br\/controledepaginas\/ppgss-pgccs-2023\/arquivos\/7365pgcc_2023.1_pesquisa_em_saude.pdf\" target=\"_blank\" rel=\"noopener\">clique aqui para baixar<\/a><\/td>\n<\/tr>\n<tr>\n<td>Reda\u00e7\u00e3o do Trabalho Cientifico<\/td>\n<td>2023.1<\/td>\n<td><a title=\"PGCC\" href=\"http:\/\/www.uern.br\/controledepaginas\/ppgss-pgccs-2023\/arquivos\/7365pgcc_2023.1_redacao_do_trabalho_cientifico.pdf\" target=\"_blank\" rel=\"noopener\">clique aqui para baixar<\/a><\/td>\n<\/tr>\n<tr>\n<td>T\u00f3picos Especiais em Pesquisa em Sa\u00fade II &#8211; Imunologia<\/td>\n<td>2023.1<\/td>\n<td><a title=\"PGCC\" href=\"http:\/\/www.uern.br\/controledepaginas\/ppgss-pgccs-2023\/arquivos\/7365pgcc_2023.1_topicos_especiais_em_pesquisa_em_saude_ii_imunologia.pdf\" target=\"_blank\" rel=\"noopener\">clique aqui para baixar<\/a><\/td>\n<\/tr>\n<tr>\n<td>Comunica\u00e7\u00e3o Celular no Sistema Nervoso<\/td>\n<td>2023.2<\/td>\n<td><a title=\"PGCC\" href=\"http:\/\/www.uern.br\/controledepaginas\/ppgss-pgccs-2023\/arquivos\/7365pgcc_2023.2_comunicacao_celular_no_sistema_nervoso.pdf\" target=\"_blank\" rel=\"noopener\">clique aqui para baixar<\/a><\/td>\n<\/tr>\n<tr>\n<td>Metodologia de Ensino para a \u00c1rea da Sa\u00fade<\/td>\n<td>2023.2<\/td>\n<td><a title=\"PGCC\" href=\"http:\/\/www.uern.br\/controledepaginas\/ppgss-pgccs-2023\/arquivos\/7365pgcc_2023.2_metodologia_de_ensino_para_a_area_da_saude.pdf\" target=\"_blank\" rel=\"noopener\">clique aqui para baixar<\/a><\/td>\n<\/tr>\n<tr>\n<td>Metodologia de Estudos Qualitativos<\/td>\n<td>2023.2<\/td>\n<td><a title=\"PGCC\" href=\"http:\/\/www.uern.br\/controledepaginas\/ppgss-pgccs-2023\/arquivos\/7365pgcc_2023.2_metodologia_de_estudos_qualitativos.pdf\" target=\"_blank\" rel=\"noopener\">clique aqui para baixar<\/a><\/td>\n<\/tr>\n<tr>\n<td>T\u00f3picos Especiais em Pesquisa em Sa\u00fade II &#8211; Ensino em Odontologia<\/td>\n<td>2023.2<\/td>\n<td><a title=\"PGCC\" href=\"http:\/\/www.uern.br\/controledepaginas\/ppgss-pgccs-2023\/arquivos\/7365pgcc_2023.2_topicos_ii_ensino_em_odontolgia.pdf\" target=\"_blank\" rel=\"noopener\">clique aqui para baixar<\/a><\/td>\n<\/tr>\n<tr>\n<td>T\u00f3picos Especiais em pesquisa em Sa\u00fade I &#8211; Respostas metab\u00f3licas e hormonais agudas e cr\u00f4nicas ao exerc\u00edcio f\u00edsico<\/td>\n<td>2023.2<\/td>\n<td><a title=\"PGCC\" href=\"http:\/\/www.uern.br\/controledepaginas\/ppgss-pgccs-2023\/arquivos\/7365pgcc_2023.2_topicos_i_respostas_metabolicas_e_hormonais.pdf\" target=\"_blank\" rel=\"noopener\">clique aqui para baixar<\/a><\/td>\n<\/tr>\n<\/tbody>\n<\/table>\n<p>&nbsp;<\/p>\n","protected":false},"excerpt":{"rendered":"<p>DISCIPLINAS OFERTADAS EM 2023 SEMESTRE PGCC Fundamentos de Neuroci\u00eancias 2023.1 clique aqui para baixar Pesquisa em Sa\u00fade 2023.1 clique aqui para baixar Reda\u00e7\u00e3o do Trabalho Cientifico 2023.1 clique aqui para baixar T\u00f3picos Especiais em Pesquisa em Sa\u00fade II &#8211; Imunologia 2023.1 clique aqui para baixar Comunica\u00e7\u00e3o Celular no Sistema Nervoso 2023.2 clique aqui para baixar [&hellip;]<\/p>\n","protected":false},"author":17,"featured_media":0,"parent":0,"menu_order":0,"comment_status":"closed","ping_status":"closed","template":"","meta":{"footnotes":""},"class_list":["post-751","page","type-page","status-publish","hentry"],"_links":{"self":[{"href":"https:\/\/portal.uern.br\/propeg\/ppgss\/wp-json\/wp\/v2\/pages\/751","targetHints":{"allow":["GET"]}}],"collection":[{"href":"https:\/\/portal.uern.br\/propeg\/ppgss\/wp-json\/wp\/v2\/pages"}],"about":[{"href":"https:\/\/portal.uern.br\/propeg\/ppgss\/wp-json\/wp\/v2\/types\/page"}],"author":[{"embeddable":true,"href":"https:\/\/portal.uern.br\/propeg\/ppgss\/wp-json\/wp\/v2\/users\/17"}],"replies":[{"embeddable":true,"href":"https:\/\/portal.uern.br\/propeg\/ppgss\/wp-json\/wp\/v2\/comments?post=751"}],"version-history":[{"count":1,"href":"https:\/\/portal.uern.br\/propeg\/ppgss\/wp-json\/wp\/v2\/pages\/751\/revisions"}],"predecessor-version":[{"id":752,"href":"https:\/\/portal.uern.br\/propeg\/ppgss\/wp-json\/wp\/v2\/pages\/751\/revisions\/752"}],"wp:attachment":[{"href":"https:\/\/portal.uern.br\/propeg\/ppgss\/wp-json\/wp\/v2\/media?parent=751"}],"curies":[{"name":"wp","href":"https:\/\/api.w.org\/{rel}","templated":true}]}}