{"id":745,"date":"2025-03-03T10:32:09","date_gmt":"2025-03-03T13:32:09","guid":{"rendered":"https:\/\/portal.uern.br\/propeg\/ppgss\/?page_id=745"},"modified":"2025-03-03T10:32:09","modified_gmt":"2025-03-03T13:32:09","slug":"pgccs-2022","status":"publish","type":"page","link":"https:\/\/portal.uern.br\/propeg\/ppgss\/pgccs-2022\/","title":{"rendered":"PGCC&#8217;s 2022"},"content":{"rendered":"<table cellspacing=\"0\" cellpadding=\"0\">\n<tbody>\n<tr>\n<td>\n<h4>DISCIPLINAS OFERTADAS EM 2022<\/h4>\n<\/td>\n<td>\n<h4>SEMESTRE<\/h4>\n<\/td>\n<td>\n<h4>PGCC<\/h4>\n<\/td>\n<\/tr>\n<tr>\n<td>Bioestat\u00edstica I<\/td>\n<td>2022.1<\/td>\n<td><a title=\"PGCC\" href=\"http:\/\/www.uern.br\/controledepaginas\/ppgss-pgcc-2022\/arquivos\/6651pgcc_2022.1_bioestatistica_i.pdf\" target=\"_blank\" rel=\"noopener\">clique aqui para baixar<\/a><\/td>\n<\/tr>\n<tr>\n<td>Metodologia de Ensino na \u00c1rea da Sa\u00fade<\/td>\n<td>2022.1<\/td>\n<td><a title=\"PGCC\" href=\"http:\/\/www.uern.br\/controledepaginas\/ppgss-pgcc-2022\/arquivos\/6651pgcc_2022.1_metodologia_de_ensino_para_a_area_da_saude.pdf\" target=\"_blank\" rel=\"noopener\">clique aqui para baixar<\/a><\/td>\n<\/tr>\n<tr>\n<td>Pesquisa em Sa\u00fade<\/td>\n<td>2022.1<\/td>\n<td><a title=\"PGCC\" href=\"http:\/\/www.uern.br\/controledepaginas\/ppgss-pgcc-2022\/arquivos\/6651pgcc_2022.1_pesquisa_em_saude_.pdf\" target=\"_blank\" rel=\"noopener\">clique aqui para baixar<\/a><\/td>\n<\/tr>\n<tr>\n<td>Reda\u00e7\u00e3o do Trabalho Cient\u00edfico<\/td>\n<td>2022.1<\/td>\n<td><a title=\"PGCC\" href=\"http:\/\/www.uern.br\/controledepaginas\/ppgss-pgcc-2022\/arquivos\/6651pgcc_2022.1_redacao_do_trabalho_cientifico.pdf\" target=\"_blank\" rel=\"noopener\">clique aqui para baixar<\/a><\/td>\n<\/tr>\n<tr>\n<td>T\u00f3picos Especiais em pesquisa em Sa\u00fade I &#8211;\u00a0Pr\u00e1ticas baseadas em evid\u00eancias<\/td>\n<td>2022.1<\/td>\n<td><a title=\"PGCC\" href=\"http:\/\/www.uern.br\/controledepaginas\/ppgss-pgcc-2022\/arquivos\/6651pgcc_2022.1_tepsi_praticas_em_saude_baseadas_em_evidencias.pdf\" target=\"_blank\" rel=\"noopener\">clique aqui para baixar<\/a><\/td>\n<\/tr>\n<tr>\n<td>Comunica\u00e7\u00e3o Celular no Sistema Nervoso<\/td>\n<td>2022.2<\/td>\n<td><a title=\"PGCC\" href=\"http:\/\/www.uern.br\/controledepaginas\/ppgss-pgcc-2022\/arquivos\/6651pgcc_2022.2_comunicacao_celular_no_sistema_nervoso.pdf\" target=\"_blank\" rel=\"noopener\">clique aqui para baixar<\/a><\/td>\n<\/tr>\n<tr>\n<td>Metodologia de Estudos Qualitativos<\/td>\n<td>2022.2<\/td>\n<td><a title=\"PGCC\" href=\"http:\/\/www.uern.br\/controledepaginas\/ppgss-selecao-aluno-especial\/arquivos\/3289pgcc_2022.2_metodologia_de_estudos_qualitativos.pdf\" target=\"_blank\" rel=\"noopener\">clique aqui para baixar<\/a><\/td>\n<\/tr>\n<tr>\n<td>Princ\u00edpios de Biologia Molecular<\/td>\n<td>2022.2<\/td>\n<td><a title=\"PGCC\" href=\"http:\/\/www.uern.br\/controledepaginas\/ppgss-pgcc-2022\/arquivos\/6651pgcc_2022.2_principios_de_biologia_molecular.pdf\" target=\"_blank\" rel=\"noopener\">clique aqui para baixar<\/a><\/td>\n<\/tr>\n<tr>\n<td>T\u00f3picos Especiais em Pesquisa em Sa\u00fade I \u2013\u00a0Doen\u00e7a de Chagas<\/td>\n<td>2022.2<\/td>\n<td>clique aqui para baixar<\/td>\n<\/tr>\n<tr>\n<td>T\u00f3picos Especiais em Pesquisa em Sa\u00fade I \u2013\u00a0Tecnologias em Sa\u00fade<\/td>\n<td>2022.2<\/td>\n<td><a title=\"PGCC\" href=\"http:\/\/www.uern.br\/controledepaginas\/ppgss-pgcc-2022\/arquivos\/6651pgcc_2022.2_tepsi_tecnologias_em_saude.pdf\" target=\"_blank\" rel=\"noopener\">clique aqui para baixar<\/a><\/td>\n<\/tr>\n<tr>\n<td><span lang=\"pt-PT\">T\u00f3picos Especiais em Pesquisa em Sa\u00fade II &#8211;\u00a0Ensino em Odontologia<\/span><\/td>\n<td>2022.2<\/td>\n<td><a title=\"PGCC\" href=\"http:\/\/www.uern.br\/controledepaginas\/ppgss-pgcc-2022\/arquivos\/6651pgcc_2022.2_tepsii_ensino_em_odontologia.pdf\" target=\"_blank\" rel=\"noopener\">clique aqui para baixar<\/a><\/td>\n<\/tr>\n<tr>\n<td>T\u00f3picos Especiais em pesquisa em Sa\u00fade II\u00a0&#8211;\u00a0Respostas metab\u00f3licas e hormonais agudas e cr\u00f4nicas ao exerc\u00edcio f\u00edsico<\/td>\n<td>2022.2<\/td>\n<td><a title=\"PGCC\" href=\"http:\/\/www.uern.br\/controledepaginas\/ppgss-pgcc-2022\/arquivos\/6651pgcc_2022.2_tepsii_respostas_metabolicas.pdf\" target=\"_blank\" rel=\"noopener\">clique aqui para baixar<\/a><\/td>\n<\/tr>\n<\/tbody>\n<\/table>\n<p>&nbsp;<\/p>\n","protected":false},"excerpt":{"rendered":"<p>DISCIPLINAS OFERTADAS EM 2022 SEMESTRE PGCC Bioestat\u00edstica I 2022.1 clique aqui para baixar Metodologia de Ensino na \u00c1rea da Sa\u00fade 2022.1 clique aqui para baixar Pesquisa em Sa\u00fade 2022.1 clique aqui para baixar Reda\u00e7\u00e3o do Trabalho Cient\u00edfico 2022.1 clique aqui para baixar T\u00f3picos Especiais em pesquisa em Sa\u00fade I &#8211;\u00a0Pr\u00e1ticas baseadas em evid\u00eancias 2022.1 clique [&hellip;]<\/p>\n","protected":false},"author":17,"featured_media":0,"parent":0,"menu_order":0,"comment_status":"closed","ping_status":"closed","template":"","meta":{"footnotes":""},"class_list":["post-745","page","type-page","status-publish","hentry"],"_links":{"self":[{"href":"https:\/\/portal.uern.br\/propeg\/ppgss\/wp-json\/wp\/v2\/pages\/745","targetHints":{"allow":["GET"]}}],"collection":[{"href":"https:\/\/portal.uern.br\/propeg\/ppgss\/wp-json\/wp\/v2\/pages"}],"about":[{"href":"https:\/\/portal.uern.br\/propeg\/ppgss\/wp-json\/wp\/v2\/types\/page"}],"author":[{"embeddable":true,"href":"https:\/\/portal.uern.br\/propeg\/ppgss\/wp-json\/wp\/v2\/users\/17"}],"replies":[{"embeddable":true,"href":"https:\/\/portal.uern.br\/propeg\/ppgss\/wp-json\/wp\/v2\/comments?post=745"}],"version-history":[{"count":1,"href":"https:\/\/portal.uern.br\/propeg\/ppgss\/wp-json\/wp\/v2\/pages\/745\/revisions"}],"predecessor-version":[{"id":746,"href":"https:\/\/portal.uern.br\/propeg\/ppgss\/wp-json\/wp\/v2\/pages\/745\/revisions\/746"}],"wp:attachment":[{"href":"https:\/\/portal.uern.br\/propeg\/ppgss\/wp-json\/wp\/v2\/media?parent=745"}],"curies":[{"name":"wp","href":"https:\/\/api.w.org\/{rel}","templated":true}]}}