{"id":743,"date":"2025-03-03T10:31:25","date_gmt":"2025-03-03T13:31:25","guid":{"rendered":"https:\/\/portal.uern.br\/propeg\/ppgss\/?page_id=743"},"modified":"2025-03-03T10:34:20","modified_gmt":"2025-03-03T13:34:20","slug":"pgccs-2021","status":"publish","type":"page","link":"https:\/\/portal.uern.br\/propeg\/ppgss\/pgccs-2021\/","title":{"rendered":"PGCC&#8217;s 2021"},"content":{"rendered":"<table cellspacing=\"0\" cellpadding=\"0\">\n<colgroup>\n<col width=\"569\" \/>\n<col span=\"2\" width=\"105\" \/><\/colgroup>\n<tbody>\n<tr>\n<td>\n<h4>DISCIPLINAS OFERTADAS EM 2021<\/h4>\n<\/td>\n<td>\n<h4>SEMESTRE<\/h4>\n<\/td>\n<td>\n<h4>PGCC<\/h4>\n<\/td>\n<\/tr>\n<tr>\n<td>Bioestat\u00edstica I<\/td>\n<td>2021.1<\/td>\n<td><a title=\"PGCC\" href=\"http:\/\/www.uern.br\/controledepaginas\/ppgss-pgcc-2021\/arquivos\/6364pgcc_2021.1_bioestatistica_i.pdf\" target=\"_blank\" rel=\"noopener\">clique aqui para baixar<\/a><\/td>\n<\/tr>\n<tr>\n<td>Fundamentos de Neuroci\u00eancias<\/td>\n<td>2021.1<\/td>\n<td><a title=\"PGCC\" href=\"http:\/\/www.uern.br\/controledepaginas\/ppgss-pgcc-2021\/arquivos\/6364pgcc_2021.1_fundamentos_de_neurociencias.pdf\" target=\"_blank\" rel=\"noopener\">clique aqui para baixar<\/a><\/td>\n<\/tr>\n<tr>\n<td>Metodologia de Ensino na \u00c1rea da Sa\u00fade<\/td>\n<td>2021.1<\/td>\n<td><a title=\"PGCC\" href=\"http:\/\/www.uern.br\/controledepaginas\/ppgss-pgcc-2021\/arquivos\/6364pgcc_2021.1_metodologia_de_ensino_para_a_area_da_saude.pdf\" target=\"_blank\" rel=\"noopener\">clique aqui para baixar<\/a><\/td>\n<\/tr>\n<tr>\n<td>Pesquisa em Sa\u00fade<\/td>\n<td>2021.1<\/td>\n<td><a title=\"PGCC\" href=\"http:\/\/www.uern.br\/controledepaginas\/ppgss-pgcc-2021\/arquivos\/6364pgcc_2021.1_pesquisa_em_saude.pdf\" target=\"_blank\" rel=\"noopener\">clique aqui para baixar<\/a><\/td>\n<\/tr>\n<tr>\n<td>Reda\u00e7\u00e3o do Trabalho Cient\u00edfico<\/td>\n<td>2021.1<\/td>\n<td><a title=\"PGCC\" href=\"http:\/\/www.uern.br\/controledepaginas\/ppgss-pgcc-2021\/arquivos\/6364pgcc_2021.1_redacao_do_trabalho_cientifico.pdf\" target=\"_blank\" rel=\"noopener\">clique aqui para baixar<\/a><\/td>\n<\/tr>\n<tr>\n<td>T\u00f3picos Especiais em Pesquisa em Sa\u00fade II &#8211; Neuropatologia<\/td>\n<td>2021.1<\/td>\n<td><a title=\"PGCC\" href=\"http:\/\/www.uern.br\/controledepaginas\/ppgss-pgcc-2021\/arquivos\/6364pgcc_2021.1_topicos_ii_neuropatologia.pdf\" target=\"_blank\" rel=\"noopener\">clique aqui para baixar<\/a><\/td>\n<\/tr>\n<tr>\n<td>Bioestat\u00edstica II<\/td>\n<td>2021.2<\/td>\n<td><a title=\"PGCC\" href=\"http:\/\/www.uern.br\/controledepaginas\/ppgss-pgcc-2021\/arquivos\/6364pgcc_2021.2_bioestatistica_ii.pdf\" target=\"_blank\" rel=\"noopener\">clique aqui para baixar<\/a><\/td>\n<\/tr>\n<tr>\n<td>Comunica\u00e7\u00e3o celular no sistema nervoso<\/td>\n<td>2021.2<\/td>\n<td><a title=\"PGCC\" href=\"http:\/\/www.uern.br\/controledepaginas\/ppgss-pgcc-2021\/arquivos\/6364pgcc_2021.2_comunicacao_celular_no_sistema_nervoso.pdf\" target=\"_blank\" rel=\"noopener\">clique aqui para baixar<\/a><\/td>\n<\/tr>\n<tr>\n<td>Metodologia de Estudos Qualitativos<\/td>\n<td>2021.2<\/td>\n<td><a title=\"PGCC\" href=\"http:\/\/www.uern.br\/controledepaginas\/ppgss-pgcc-2021\/arquivos\/6364pgcc_2021.2_metodologia_de_estudos_qualitativos.pdf\" target=\"_blank\" rel=\"noopener\">clique aqui para baixar<\/a><\/td>\n<\/tr>\n<tr>\n<td>Pacientes com Necessidades Especiais<\/td>\n<td>2021.2<\/td>\n<td><a title=\"PGCC\" href=\"http:\/\/www.uern.br\/controledepaginas\/ppgss-pgcc-2021\/arquivos\/6364pgcc_2021.2_pacientes_com_necessidades_especiais.pdf\" target=\"_blank\" rel=\"noopener\">clique aqui para baixar<\/a><\/td>\n<\/tr>\n<tr>\n<td>T\u00f3picos especiais em Pesquisa em Sa\u00fade I &#8211; Constru\u00e7\u00e3o do Conhecimento<\/td>\n<td>2021.2<\/td>\n<td><a title=\"PGCC\" href=\"http:\/\/www.uern.br\/controledepaginas\/ppgss-pgcc-2021\/arquivos\/6364pgcc_2021.2_topicos_i_construcao_do_conhecimento.pdf\" target=\"_blank\" rel=\"noopener\">clique aqui para baixar<\/a><\/td>\n<\/tr>\n<tr>\n<td>T\u00f3picos Especiais em Pesquisa em Sa\u00fade I \u2013 Perio-Implantodontia<\/td>\n<td>2021.2<\/td>\n<td><a title=\"PGCC\" href=\"http:\/\/www.uern.br\/controledepaginas\/ppgss-pgcc-2021\/arquivos\/6364pgcc_2021.2_topicos_i_perio_implantodontia.pdf\" target=\"_blank\" rel=\"noopener\">clique aqui para baixar<\/a><\/td>\n<\/tr>\n<tr>\n<td>T\u00f3picos Especiais em Pesquisa em Sa\u00fade I \u2013 T\u00e9cnicas em Neuroci\u00eancias<\/td>\n<td>2021.2<\/td>\n<td><a title=\"PGCC\" href=\"http:\/\/www.uern.br\/controledepaginas\/ppgss-pgcc-2021\/arquivos\/6364pgcc_2021.2_topicos_i_tecnicas_em_neurociencias.pdf\" target=\"_blank\" rel=\"noopener\">clique aqui para baixar<\/a><\/td>\n<\/tr>\n<tr>\n<td>T\u00f3picos Especiais em Pesquisa em Sa\u00fade I \u2013 Tecnologias em Sa\u00fade<\/td>\n<td>2021.2<\/td>\n<td><a title=\"PGCC\" href=\"http:\/\/www.uern.br\/controledepaginas\/ppgss-pgcc-2021\/arquivos\/6364pgcc_2021.2_topicos_i_tecnologias_em_saude.pdf\" target=\"_blank\" rel=\"noopener\">clique aqui para baixar<\/a><\/td>\n<\/tr>\n<tr>\n<td>T\u00f3picos Especiais em Pesquisa em Sa\u00fade II &#8211; Ensino em Odontologia<\/td>\n<td>2021.2<\/td>\n<td><a title=\"PGCC\" href=\"http:\/\/www.uern.br\/controledepaginas\/ppgss-pgcc-2021\/arquivos\/6364pgcc_2021.2_topicos_ii_ensino_em_odontologia.pdf\" target=\"_blank\" rel=\"noopener\">clique aqui para baixar<\/a><\/td>\n<\/tr>\n<tr>\n<td>T\u00f3picos Especiais em Pesquisa em Sa\u00fade II &#8211; Fisiologia do Exerc\u00edcio<\/td>\n<td>2021.2<\/td>\n<td><a title=\"PGCC\" href=\"http:\/\/www.uern.br\/controledepaginas\/ppgss-pgcc-2021\/arquivos\/6364pgcc_2021.2_topicos_ii_fisiologia_do_exercicio.pdf\" target=\"_blank\" rel=\"noopener\">clique aqui para baixar<\/a><\/td>\n<\/tr>\n<\/tbody>\n<\/table>\n<p>&nbsp;<\/p>\n","protected":false},"excerpt":{"rendered":"<p>DISCIPLINAS OFERTADAS EM 2021 SEMESTRE PGCC Bioestat\u00edstica I 2021.1 clique aqui para baixar Fundamentos de Neuroci\u00eancias 2021.1 clique aqui para baixar Metodologia de Ensino na \u00c1rea da Sa\u00fade 2021.1 clique aqui para baixar Pesquisa em Sa\u00fade 2021.1 clique aqui para baixar Reda\u00e7\u00e3o do Trabalho Cient\u00edfico 2021.1 clique aqui para baixar T\u00f3picos Especiais em Pesquisa em [&hellip;]<\/p>\n","protected":false},"author":17,"featured_media":0,"parent":0,"menu_order":0,"comment_status":"closed","ping_status":"closed","template":"","meta":{"footnotes":""},"class_list":["post-743","page","type-page","status-publish","hentry"],"_links":{"self":[{"href":"https:\/\/portal.uern.br\/propeg\/ppgss\/wp-json\/wp\/v2\/pages\/743","targetHints":{"allow":["GET"]}}],"collection":[{"href":"https:\/\/portal.uern.br\/propeg\/ppgss\/wp-json\/wp\/v2\/pages"}],"about":[{"href":"https:\/\/portal.uern.br\/propeg\/ppgss\/wp-json\/wp\/v2\/types\/page"}],"author":[{"embeddable":true,"href":"https:\/\/portal.uern.br\/propeg\/ppgss\/wp-json\/wp\/v2\/users\/17"}],"replies":[{"embeddable":true,"href":"https:\/\/portal.uern.br\/propeg\/ppgss\/wp-json\/wp\/v2\/comments?post=743"}],"version-history":[{"count":2,"href":"https:\/\/portal.uern.br\/propeg\/ppgss\/wp-json\/wp\/v2\/pages\/743\/revisions"}],"predecessor-version":[{"id":750,"href":"https:\/\/portal.uern.br\/propeg\/ppgss\/wp-json\/wp\/v2\/pages\/743\/revisions\/750"}],"wp:attachment":[{"href":"https:\/\/portal.uern.br\/propeg\/ppgss\/wp-json\/wp\/v2\/media?parent=743"}],"curies":[{"name":"wp","href":"https:\/\/api.w.org\/{rel}","templated":true}]}}