{"id":698,"date":"2025-03-01T19:18:16","date_gmt":"2025-03-01T22:18:16","guid":{"rendered":"https:\/\/portal.uern.br\/propeg\/ppgss\/?page_id=698"},"modified":"2025-03-01T19:37:22","modified_gmt":"2025-03-01T22:37:22","slug":"alunos-regulares-2024","status":"publish","type":"page","link":"https:\/\/portal.uern.br\/propeg\/ppgss\/alunos-regulares-2024\/","title":{"rendered":"Alunos Regulares 2024"},"content":{"rendered":"<table>\n<tbody>\n<tr>\n<td><strong>NOME<\/strong><\/td>\n<td><strong>MATR\u00cdCULA NO SIGAA<\/strong><\/td>\n<td><strong>ORIENTADOR (A)<\/strong><\/td>\n<\/tr>\n<tr>\n<td>Al\u00edcia Eliege da Silva<\/td>\n<td>20241002182<\/td>\n<td>Thales Allyrio Ara\u00fajo de Medeiros Fernandes<\/td>\n<\/tr>\n<tr>\n<td>Ana Beatriz da Silva<\/td>\n<td>20241002010<\/td>\n<td>Ellany Gurgel Cosme do Nascimento<\/td>\n<\/tr>\n<tr>\n<td>Di\u00f3genes Almeida Queiroz Di\u00f3genes<\/td>\n<td>20241002191<\/td>\n<td>Mic\u00e1ssio Fernandes de Andrade<\/td>\n<\/tr>\n<tr>\n<td>Ekarinny Myrela Brito de Medeiros<\/td>\n<td>20241002020<\/td>\n<td>Ellany Gurgel Cosme do Nascimento<\/td>\n<\/tr>\n<tr>\n<td>Eva da Silva Paiva<\/td>\n<td>20241002253<\/td>\n<td>Ellany Gurgel Cosme do Nascimento<\/td>\n<\/tr>\n<tr>\n<td>Fernando Jeferson Queiroz dos Santos<\/td>\n<td>20241002039<\/td>\n<td>Rodrigo J\u00e1cob Moreira de Freitas<\/td>\n<\/tr>\n<tr>\n<td>Giselle Pereira da Silva<\/td>\n<td>20241002057<\/td>\n<td>Rodrigo J\u00e1cob Moreira de Freitas<\/td>\n<\/tr>\n<tr>\n<td>Jacqueline Brito de Lucena<\/td>\n<td>20241002066<\/td>\n<td>Maria Isabel da Concei\u00e7\u00e3o Dias Fernandes<\/td>\n<\/tr>\n<tr>\n<td>Joel Freires de Alencar Arrais<\/td>\n<td>20241002093<\/td>\n<td>Gl\u00eabia Alexa Cardoso<\/td>\n<\/tr>\n<tr>\n<td>Juvencio Cesar Lima de Assis<\/td>\n<td>20241002100<\/td>\n<td>Kalyane Kelly Duarte de Oliveira<\/td>\n<\/tr>\n<tr>\n<td>Larissa Nayara de Souza<\/td>\n<td>20241002128<\/td>\n<td>Maria Irany Knackfuss<\/td>\n<\/tr>\n<tr>\n<td>L\u00eddia St\u00e9fanie Dantas Silva<\/td>\n<td>20241002137<\/td>\n<td>Rodrigo J\u00e1cob Moreira de Freitas<\/td>\n<\/tr>\n<tr>\n<td>Maria Vanessa Freitas Holanda<\/td>\n<td>20241002155<\/td>\n<td>Jos\u00e9 Rodolfo Lopes de Paiva Cavalcanti<\/td>\n<\/tr>\n<tr>\n<td>Milena Sonely Mendon\u00e7a Bezerra Lima<\/td>\n<td>20241002262<\/td>\n<td>Cl\u00e9ber de Mesquita Andrade<\/td>\n<\/tr>\n<tr>\n<td>Paula Gomes da Silva<\/td>\n<td>20241002271<\/td>\n<td>Gl\u00eabia Alexa Cardoso<\/td>\n<\/tr>\n<tr>\n<td>Thais Guerra Gomes<\/td>\n<td>20241002280<\/td>\n<td>Cl\u00e9ber de Mesquita Andrade<\/td>\n<\/tr>\n<\/tbody>\n<\/table>\n<p>&nbsp;<\/p>\n","protected":false},"excerpt":{"rendered":"<p>NOME MATR\u00cdCULA NO SIGAA ORIENTADOR (A) Al\u00edcia Eliege da Silva 20241002182 Thales Allyrio Ara\u00fajo de Medeiros Fernandes Ana Beatriz da Silva 20241002010 Ellany Gurgel Cosme do Nascimento Di\u00f3genes Almeida Queiroz Di\u00f3genes 20241002191 Mic\u00e1ssio Fernandes de Andrade Ekarinny Myrela Brito de Medeiros 20241002020 Ellany Gurgel Cosme do Nascimento Eva da Silva Paiva 20241002253 Ellany Gurgel Cosme [&hellip;]<\/p>\n","protected":false},"author":17,"featured_media":0,"parent":0,"menu_order":0,"comment_status":"closed","ping_status":"closed","template":"","meta":{"footnotes":""},"class_list":["post-698","page","type-page","status-publish","hentry"],"_links":{"self":[{"href":"https:\/\/portal.uern.br\/propeg\/ppgss\/wp-json\/wp\/v2\/pages\/698","targetHints":{"allow":["GET"]}}],"collection":[{"href":"https:\/\/portal.uern.br\/propeg\/ppgss\/wp-json\/wp\/v2\/pages"}],"about":[{"href":"https:\/\/portal.uern.br\/propeg\/ppgss\/wp-json\/wp\/v2\/types\/page"}],"author":[{"embeddable":true,"href":"https:\/\/portal.uern.br\/propeg\/ppgss\/wp-json\/wp\/v2\/users\/17"}],"replies":[{"embeddable":true,"href":"https:\/\/portal.uern.br\/propeg\/ppgss\/wp-json\/wp\/v2\/comments?post=698"}],"version-history":[{"count":2,"href":"https:\/\/portal.uern.br\/propeg\/ppgss\/wp-json\/wp\/v2\/pages\/698\/revisions"}],"predecessor-version":[{"id":718,"href":"https:\/\/portal.uern.br\/propeg\/ppgss\/wp-json\/wp\/v2\/pages\/698\/revisions\/718"}],"wp:attachment":[{"href":"https:\/\/portal.uern.br\/propeg\/ppgss\/wp-json\/wp\/v2\/media?parent=698"}],"curies":[{"name":"wp","href":"https:\/\/api.w.org\/{rel}","templated":true}]}}