{"id":684,"date":"2025-03-01T18:41:54","date_gmt":"2025-03-01T21:41:54","guid":{"rendered":"https:\/\/portal.uern.br\/propeg\/ppgss\/?page_id=684"},"modified":"2025-03-03T13:04:38","modified_gmt":"2025-03-03T16:04:38","slug":"alunos-regulares-2021","status":"publish","type":"page","link":"https:\/\/portal.uern.br\/propeg\/ppgss\/alunos-regulares-2021\/","title":{"rendered":"Alunos Regulares 2021"},"content":{"rendered":"<table width=\"643\" cellspacing=\"0\" cellpadding=\"0\">\n<tbody>\n<tr>\n<td width=\"246\"><strong>NOME<\/strong><\/td>\n<td width=\"139\"><strong>MATR\u00cdCULA UERN<\/strong><\/td>\n<td width=\"257\"><strong>ORIENTADOR (A)<\/strong><\/td>\n<\/tr>\n<tr>\n<td width=\"246\"><a href=\"http:\/\/lattes.cnpq.br\/2747620822830777\">Andr\u00e9 Gustavo de Medeiros Matos<\/a><\/td>\n<td width=\"139\">20211001907<\/td>\n<td width=\"257\">Maria Irany Knackfuss<\/td>\n<\/tr>\n<tr>\n<td width=\"246\"><a href=\"http:\/\/lattes.cnpq.br\/5738068739013297\">Andressa Paiva Porto<\/a><\/td>\n<td width=\"139\">20211001916<\/td>\n<td width=\"257\">Jos\u00e9 Rodolfo Lopes de Paiva Cavalcanti<\/td>\n<\/tr>\n<tr>\n<td width=\"246\"><a href=\"http:\/\/lattes.cnpq.br\/5574568888788007\">Anne Itamara Benigna Evangelista Aires<\/a><\/td>\n<td width=\"139\">20211002118<\/td>\n<td width=\"257\">Dayane Pessoa de Ara\u00fajo<\/td>\n<\/tr>\n<tr>\n<td width=\"246\"><a href=\"http:\/\/lattes.cnpq.br\/1322059018715488\">Ant\u00f4nia Suellen Fernandes Dantas<\/a><\/td>\n<td width=\"139\">20211002127<\/td>\n<td width=\"257\">Cl\u00e9ber de Mesquita Andrade<\/td>\n<\/tr>\n<tr>\n<td width=\"246\"><a href=\"http:\/\/lattes.cnpq.br\/7571176676017009\">Bruna Nogueira Alves<\/a><\/td>\n<td width=\"139\">20211002136<\/td>\n<td width=\"257\">Marco Aur\u00e9lio de Moura Freire<\/td>\n<\/tr>\n<tr>\n<td width=\"246\"><a href=\"http:\/\/lattes.cnpq.br\/6333033801619710\">D\u00e9bora Juliana de Ara\u00fajo Lopes<\/a><\/td>\n<td width=\"139\">20211002145<\/td>\n<td width=\"257\">Patr\u00edcia Bittencourt Dutra dos Santos<\/td>\n<\/tr>\n<tr>\n<td width=\"246\"><a href=\"http:\/\/lattes.cnpq.br\/7572470974505664\">Emmily Cruz Cirilo da Silva<\/a><\/td>\n<td width=\"139\">20211002154<\/td>\n<td width=\"257\">Ana Clara Soares Paiva Torres<\/td>\n<\/tr>\n<tr>\n<td width=\"246\"><a href=\"http:\/\/lattes.cnpq.br\/6494475944732503\">Gabriel Victor Teodoro de Medeiros Marcos<\/a><\/td>\n<td width=\"139\">20211002181<\/td>\n<td width=\"257\">Jos\u00e9 Rodolfo Lopes de Paiva Cavalcanti<\/td>\n<\/tr>\n<tr>\n<td width=\"246\"><a href=\"http:\/\/lattes.cnpq.br\/8024788455958379\">Gabriela de Oliveira Vieira<\/a><\/td>\n<td width=\"139\">20211002190<\/td>\n<td width=\"257\">Fernando Jos\u00e9 de Oliveira N\u00f3brega<\/td>\n<\/tr>\n<tr>\n<td width=\"246\"><a href=\"http:\/\/lattes.cnpq.br\/0089629694368196\">Ivana Concei\u00e7\u00e3o Porto Moraes<\/a><\/td>\n<td width=\"139\">20211002216<\/td>\n<td width=\"257\">Maria Irany Knackfuss<\/td>\n<\/tr>\n<tr>\n<td width=\"246\"><a href=\"http:\/\/lattes.cnpq.br\/7697092831314585\">Janaina Maciel de Queiroz<\/a><\/td>\n<td width=\"139\">20211002225<\/td>\n<td width=\"257\">Kalyane Kelly Duarte de Oliveira<\/td>\n<\/tr>\n<tr>\n<td width=\"246\"><a href=\"http:\/\/lattes.cnpq.br\/0968940147343996\">Jo\u00e3o Carlos Leal de Ara\u00fajo<\/a><\/td>\n<td width=\"139\">20211002243<\/td>\n<td width=\"257\">Maria Irany Knackfuss<\/td>\n<\/tr>\n<tr>\n<td width=\"246\"><a href=\"http:\/\/lattes.cnpq.br\/4500826881249566\">Jo\u00e3o Lindemberg Bandeira Lima<\/a><\/td>\n<td width=\"139\">20211002252<\/td>\n<td width=\"257\">Isabela Pinheiro Cavalcanti Lima<\/td>\n<\/tr>\n<tr>\n<td width=\"246\"><a href=\"http:\/\/lattes.cnpq.br\/2725332398510097\">Jos\u00e9 Ednardo Soares Pereira da Silva<\/a><\/td>\n<td width=\"139\">20211002261<\/td>\n<td width=\"257\">Janieiry Lima de Araujo<\/td>\n<\/tr>\n<tr>\n<td width=\"246\"><a href=\"http:\/\/lattes.cnpq.br\/9046617673731237\">Kalidyjamayra Oliveira Reis de Freitas<\/a><\/td>\n<td width=\"139\">20211002270<\/td>\n<td width=\"257\">Thales Allyrio Ara\u00fajo de Medeiros Fernandes<\/td>\n<\/tr>\n<tr>\n<td width=\"246\"><a href=\"http:\/\/lattes.cnpq.br\/6752790659035239\">Karla Regina Figueiroa Batista<\/a><\/td>\n<td width=\"139\">20211002280<\/td>\n<td width=\"257\">Thales Allyrio Ara\u00fajo de Medeiros Fernandes<\/td>\n<\/tr>\n<tr>\n<td width=\"246\"><a href=\"http:\/\/lattes.cnpq.br\/2323827978408940\">Lara Cristina Carlos de Morais<\/a><\/td>\n<td width=\"139\">20211002314<\/td>\n<td width=\"257\">Fausto Pierdon\u00e1 Guzen<\/td>\n<\/tr>\n<tr>\n<td width=\"246\"><a href=\"http:\/\/lattes.cnpq.br\/8412725270370789\">Larissa de Deus Rodrigues<\/a><\/td>\n<td width=\"139\">20211002323<\/td>\n<td width=\"257\">Ellany Gurgel Cosme do Nascimento<\/td>\n<\/tr>\n<tr>\n<td width=\"246\"><a href=\"http:\/\/lattes.cnpq.br\/9705651339595746\">Leonel Francisco de Oliveira Freire<\/a><\/td>\n<td width=\"139\">20211002341<\/td>\n<td width=\"257\">Isabela Pinheiro Cavalcanti Lima<\/td>\n<\/tr>\n<tr>\n<td width=\"246\"><a href=\"http:\/\/lattes.cnpq.br\/4584417979871275\">L\u00edgia Fernanda de Ara\u00fajo<\/a><\/td>\n<td width=\"139\">20211002332<\/td>\n<td width=\"257\">Rodrigo J\u00e1cob Moreira de Freitas<\/td>\n<\/tr>\n<tr>\n<td width=\"246\"><a href=\"http:\/\/lattes.cnpq.br\/5405229613311259\">Lissa de Fran\u00e7a Lopes<\/a><\/td>\n<td width=\"139\">20211002360<\/td>\n<td width=\"257\">Ana Clara Soares Paiva Torres<\/td>\n<\/tr>\n<tr>\n<td width=\"246\"><a href=\"http:\/\/lattes.cnpq.br\/4707912988466386\">Luan Martins de Souza<\/a><\/td>\n<td width=\"139\">20211002163<\/td>\n<td width=\"257\">Rodrigo J\u00e1cob Moreira de Freitas<\/td>\n<\/tr>\n<tr>\n<td width=\"246\"><a href=\"http:\/\/lattes.cnpq.br\/7590042787688047\">Luana Adrielle Leal Dantas<\/a><\/td>\n<td width=\"139\">20211002379<\/td>\n<td width=\"257\">Lucidio Clebeson de Oliveira<\/td>\n<\/tr>\n<tr>\n<td width=\"246\"><a href=\"http:\/\/lattes.cnpq.br\/6570343758439620\">Marc\u00edlia Ingrid Lima Barroso Nunes<\/a><\/td>\n<td width=\"139\">20211002388<\/td>\n<td width=\"257\">Ivana Alice Teixeira Fonseca<\/td>\n<\/tr>\n<tr>\n<td width=\"246\"><a href=\"http:\/\/lattes.cnpq.br\/0175345063675172\">Marcos Daniel Oliveira e Silva<\/a><\/td>\n<td width=\"139\">20211002397<\/td>\n<td width=\"257\">Isabela Pinheiro Cavalcanti Lima<\/td>\n<\/tr>\n<tr>\n<td width=\"246\"><a href=\"http:\/\/lattes.cnpq.br\/7833106970537955\">Maria Jussara Medeiros Nunes<\/a><\/td>\n<td width=\"139\">20211002403<\/td>\n<td width=\"257\">Dayane Pessoa de Ara\u00fajo<\/td>\n<\/tr>\n<tr>\n<td width=\"246\"><a href=\"http:\/\/lattes.cnpq.br\/6722654193129665\">Matheus da Silva Regis<\/a><\/td>\n<td width=\"139\">20211002412<\/td>\n<td width=\"257\">Isabela Pinheiro Cavalcanti Lima<\/td>\n<\/tr>\n<tr>\n<td width=\"246\">Natanias Macson da Silva<\/td>\n<td width=\"139\">20211002421<\/td>\n<td width=\"257\">Mic\u00e1ssio Fernandes de Andrade<\/td>\n<\/tr>\n<tr>\n<td width=\"246\">Patr\u00edcia Raquel Gurgel Leite Marinho<\/td>\n<td width=\"139\">20211002430<\/td>\n<td width=\"257\">Janieiry Lima de Araujo<\/td>\n<\/tr>\n<tr>\n<td width=\"246\">Roque Ribeiro da Silva J\u00fanior<\/td>\n<td width=\"139\">20211002440<\/td>\n<td width=\"257\">Gl\u00eabia Alexa Cardoso<\/td>\n<\/tr>\n<tr>\n<td width=\"246\">Rute Falc\u00e3o Soares<\/td>\n<td width=\"139\">20211002459<\/td>\n<td width=\"257\">Marco Aur\u00e9lio de Moura Freire<\/td>\n<\/tr>\n<tr>\n<td width=\"246\">Vin\u00edcius Iley Oliveira Rodrigues<\/td>\n<td width=\"139\">20211002486<\/td>\n<td width=\"257\">Gl\u00eabia Alexa Cardoso<\/td>\n<\/tr>\n<tr>\n<td width=\"246\">Wandeclebson Ferreira J\u00fanior<\/td>\n<td width=\"139\">20211002477<\/td>\n<td width=\"257\">Maria Isabel da Concei\u00e7\u00e3o Dias Fernandes<\/td>\n<\/tr>\n<\/tbody>\n<\/table>\n<p>&nbsp;<\/p>\n","protected":false},"excerpt":{"rendered":"<p>NOME MATR\u00cdCULA UERN ORIENTADOR (A) Andr\u00e9 Gustavo de Medeiros Matos 20211001907 Maria Irany Knackfuss Andressa Paiva Porto 20211001916 Jos\u00e9 Rodolfo Lopes de Paiva Cavalcanti Anne Itamara Benigna Evangelista Aires 20211002118 Dayane Pessoa de Ara\u00fajo Ant\u00f4nia Suellen Fernandes Dantas 20211002127 Cl\u00e9ber de Mesquita Andrade Bruna Nogueira Alves 20211002136 Marco Aur\u00e9lio de Moura Freire D\u00e9bora Juliana de [&hellip;]<\/p>\n","protected":false},"author":17,"featured_media":0,"parent":0,"menu_order":0,"comment_status":"closed","ping_status":"closed","template":"","meta":{"footnotes":""},"class_list":["post-684","page","type-page","status-publish","hentry"],"_links":{"self":[{"href":"https:\/\/portal.uern.br\/propeg\/ppgss\/wp-json\/wp\/v2\/pages\/684","targetHints":{"allow":["GET"]}}],"collection":[{"href":"https:\/\/portal.uern.br\/propeg\/ppgss\/wp-json\/wp\/v2\/pages"}],"about":[{"href":"https:\/\/portal.uern.br\/propeg\/ppgss\/wp-json\/wp\/v2\/types\/page"}],"author":[{"embeddable":true,"href":"https:\/\/portal.uern.br\/propeg\/ppgss\/wp-json\/wp\/v2\/users\/17"}],"replies":[{"embeddable":true,"href":"https:\/\/portal.uern.br\/propeg\/ppgss\/wp-json\/wp\/v2\/comments?post=684"}],"version-history":[{"count":6,"href":"https:\/\/portal.uern.br\/propeg\/ppgss\/wp-json\/wp\/v2\/pages\/684\/revisions"}],"predecessor-version":[{"id":789,"href":"https:\/\/portal.uern.br\/propeg\/ppgss\/wp-json\/wp\/v2\/pages\/684\/revisions\/789"}],"wp:attachment":[{"href":"https:\/\/portal.uern.br\/propeg\/ppgss\/wp-json\/wp\/v2\/media?parent=684"}],"curies":[{"name":"wp","href":"https:\/\/api.w.org\/{rel}","templated":true}]}}