{"id":682,"date":"2025-03-01T18:39:17","date_gmt":"2025-03-01T21:39:17","guid":{"rendered":"https:\/\/portal.uern.br\/propeg\/ppgss\/?page_id=682"},"modified":"2025-03-01T19:34:51","modified_gmt":"2025-03-01T22:34:51","slug":"alunos-regulares-2020","status":"publish","type":"page","link":"https:\/\/portal.uern.br\/propeg\/ppgss\/alunos-regulares-2020\/","title":{"rendered":"Alunos Regulares 2020"},"content":{"rendered":"<table cellspacing=\"0\" cellpadding=\"0\">\n<tbody>\n<tr>\n<td><strong>NOME<\/strong><\/td>\n<td><strong>MATR\u00cdCULA\u00a0UERN<\/strong><\/td>\n<td><strong>ORIENTADOR (A)<\/strong><\/td>\n<\/tr>\n<tr>\n<td><a title=\"Lattes\" href=\"http:\/\/lattes.cnpq.br\/7982297901337258\" target=\"_blank\" rel=\"noopener\">Elihab Pereira Gomes<\/a><\/td>\n<td>6.20.003<\/td>\n<td>Jos\u00e9 Rodolfo Lopes de Paiva Cavalcanti<\/td>\n<\/tr>\n<tr>\n<td><a title=\"Lattes\" href=\"http:\/\/lattes.cnpq.br\/8587618056636021\" target=\"_blank\" rel=\"noopener\">Elo\u00edsa Ces\u00e1rio Fernandes<\/a><\/td>\n<td>6.20.004<\/td>\n<td>Patr\u00edcia Bittencourt Dutra dos Santos<\/td>\n<\/tr>\n<tr>\n<td><a title=\"Lattes\" href=\"http:\/\/lattes.cnpq.br\/2860820678745892\" target=\"_blank\" rel=\"noopener\">Ezequiel Soares da Silva<\/a><\/td>\n<td>6.20.005<\/td>\n<td>Adalberto Veronese da Costa<\/td>\n<\/tr>\n<tr>\n<td><a title=\"Lattes\" href=\"http:\/\/lattes.cnpq.br\/7561944899077826\" target=\"_blank\" rel=\"noopener\">Francisco Medeiros de Azevedo Filho<\/a><\/td>\n<td>6.20.006<\/td>\n<td>Ivana Alice Teixeira Fonseca<\/td>\n<\/tr>\n<tr>\n<td><a title=\"Lattes\" href=\"http:\/\/lattes.cnpq.br\/2079986851483350\" target=\"_blank\" rel=\"noopener\">Heloisa Alencar Duarte Leal<\/a><\/td>\n<td>6.20.007<\/td>\n<td>Lucidio Clebeson de Oliveira<\/td>\n<\/tr>\n<tr>\n<td><a title=\"Lattes\" href=\"http:\/\/lattes.cnpq.br\/8394813900076707\" target=\"_blank\" rel=\"noopener\">Jean Michel Regis Mendes<\/a><\/td>\n<td>6.20.008<\/td>\n<td>Isabela Pinheiro Cavalcanti Lima<\/td>\n<\/tr>\n<tr>\n<td><a title=\"Lattes\" href=\"http:\/\/lattes.cnpq.br\/5651531933910751\" target=\"_blank\" rel=\"noopener\">Jos\u00e9 Rog\u00e9cio de Sousa Almeida<\/a><\/td>\n<td>6.20.009<\/td>\n<td>Lucidio Clebeson de Oliveira<\/td>\n<\/tr>\n<tr>\n<td><a title=\"Lattes\" href=\"http:\/\/lattes.cnpq.br\/7641979294837794\" target=\"_blank\" rel=\"noopener\">Kleber Luiz da Fonseca Azevedo<\/a><\/td>\n<td>6.20.010<\/td>\n<td>Eudes Euler de Souza Lucena<\/td>\n<\/tr>\n<tr>\n<td><a title=\"Lattes\" href=\"http:\/\/lattes.cnpq.br\/2120715158471547\" target=\"_blank\" rel=\"noopener\">Luzia Cibele de Souza Maximiano<\/a><\/td>\n<td>6.20.011<\/td>\n<td>Alcivan Nunes Vieira<\/td>\n<\/tr>\n<tr>\n<td><a title=\"Lattes\" href=\"http:\/\/lattes.cnpq.br\/2752838395548629\" target=\"_blank\" rel=\"noopener\">Marcela Lopes Bezerra Freire<\/a><\/td>\n<td>6.20.012<\/td>\n<td>Maria Irany Knackfuss<\/td>\n<\/tr>\n<tr>\n<td><a title=\"Lattes\" href=\"http:\/\/lattes.cnpq.br\/8798355224864650\" target=\"_blank\" rel=\"noopener\">Mariana Rosado Maia Jales<\/a><\/td>\n<td>6.20.013<\/td>\n<td>Thales Allyrio Ara\u00fajo de Medeiros Fernandes<\/td>\n<\/tr>\n<tr>\n<td><a title=\"Lattes\" href=\"http:\/\/lattes.cnpq.br\/8581895764551914\" target=\"_blank\" rel=\"noopener\">Mauro Bezerra do Nascimento J\u00fanior<\/a><\/td>\n<td>6.20.014<\/td>\n<td>Fernando Jos\u00e9 de Oliveira N\u00f3brega<\/td>\n<\/tr>\n<tr>\n<td><a title=\"Lattes\" href=\"http:\/\/lattes.cnpq.br\/3546351341700363\" target=\"_blank\" rel=\"noopener\">Priscilla Ferreira Lemos<\/a><\/td>\n<td>6.20.015<\/td>\n<td>Francisca Patr\u00edcia Barreto de Carvalho<\/td>\n<\/tr>\n<tr>\n<td><a title=\"Lattes\" href=\"http:\/\/lattes.cnpq.br\/1007690988628473\" target=\"_blank\" rel=\"noopener\">Ra\u00edra Kirlly Cavalcante Bezerra<\/a><\/td>\n<td>6.20.016<\/td>\n<td>Francisca Patr\u00edcia Barreto de Carvalho<\/td>\n<\/tr>\n<tr>\n<td><a href=\"http:\/\/lattes.cnpq.br\/6473839462510390\">Vanessa de Paiva Melo<\/a><\/td>\n<td>6.20.018<\/td>\n<td>Maria Irany Knackfuss<\/td>\n<\/tr>\n<tr>\n<td><a href=\"http:\/\/lattes.cnpq.br\/7210946775457844\">Vanessa Rayane Vieira da Silva Gon\u00e7alves<\/a><\/td>\n<td>6.20.019<\/td>\n<td>Marco Aur\u00e9lio de Moura Freire<\/td>\n<\/tr>\n<\/tbody>\n<\/table>\n<p>&nbsp;<\/p>\n","protected":false},"excerpt":{"rendered":"<p>NOME MATR\u00cdCULA\u00a0UERN ORIENTADOR (A) Elihab Pereira Gomes 6.20.003 Jos\u00e9 Rodolfo Lopes de Paiva Cavalcanti Elo\u00edsa Ces\u00e1rio Fernandes 6.20.004 Patr\u00edcia Bittencourt Dutra dos Santos Ezequiel Soares da Silva 6.20.005 Adalberto Veronese da Costa Francisco Medeiros de Azevedo Filho 6.20.006 Ivana Alice Teixeira Fonseca Heloisa Alencar Duarte Leal 6.20.007 Lucidio Clebeson de Oliveira Jean Michel Regis Mendes [&hellip;]<\/p>\n","protected":false},"author":17,"featured_media":0,"parent":0,"menu_order":0,"comment_status":"closed","ping_status":"closed","template":"","meta":{"footnotes":""},"class_list":["post-682","page","type-page","status-publish","hentry"],"_links":{"self":[{"href":"https:\/\/portal.uern.br\/propeg\/ppgss\/wp-json\/wp\/v2\/pages\/682","targetHints":{"allow":["GET"]}}],"collection":[{"href":"https:\/\/portal.uern.br\/propeg\/ppgss\/wp-json\/wp\/v2\/pages"}],"about":[{"href":"https:\/\/portal.uern.br\/propeg\/ppgss\/wp-json\/wp\/v2\/types\/page"}],"author":[{"embeddable":true,"href":"https:\/\/portal.uern.br\/propeg\/ppgss\/wp-json\/wp\/v2\/users\/17"}],"replies":[{"embeddable":true,"href":"https:\/\/portal.uern.br\/propeg\/ppgss\/wp-json\/wp\/v2\/comments?post=682"}],"version-history":[{"count":2,"href":"https:\/\/portal.uern.br\/propeg\/ppgss\/wp-json\/wp\/v2\/pages\/682\/revisions"}],"predecessor-version":[{"id":714,"href":"https:\/\/portal.uern.br\/propeg\/ppgss\/wp-json\/wp\/v2\/pages\/682\/revisions\/714"}],"wp:attachment":[{"href":"https:\/\/portal.uern.br\/propeg\/ppgss\/wp-json\/wp\/v2\/media?parent=682"}],"curies":[{"name":"wp","href":"https:\/\/api.w.org\/{rel}","templated":true}]}}