{"id":672,"date":"2025-03-01T19:28:16","date_gmt":"2025-03-01T22:28:16","guid":{"rendered":"https:\/\/portal.uern.br\/propeg\/ppgss\/?page_id=672"},"modified":"2025-03-01T19:40:37","modified_gmt":"2025-03-01T22:40:37","slug":"alunos-regulares-2017-2","status":"publish","type":"page","link":"https:\/\/portal.uern.br\/propeg\/ppgss\/alunos-regulares-2017-2\/","title":{"rendered":"Alunos Regulares 2017"},"content":{"rendered":"<table cellspacing=\"0\" cellpadding=\"0\">\n<tbody>\n<tr>\n<td><strong>NOME<\/strong><\/td>\n<td><strong>MATR\u00cdCULA\u00a0UERN<\/strong><\/td>\n<td><strong>ORIENTADOR (A)<\/strong><\/td>\n<\/tr>\n<tr>\n<td><a title=\"LATTES\" href=\"http:\/\/lattes.cnpq.br\/3581435317582726\" target=\"_blank\" rel=\"noopener\">Acyd\u00e1lia Madruga de Mendon\u00e7a Flor\u00eancio de Melo<\/a><\/td>\n<td>6.17.001<\/td>\n<td>Jos\u00e9 Rodolfo Lopes de Paiva Cavalcanti<\/td>\n<\/tr>\n<tr>\n<td><a title=\"LATTES\" href=\"http:\/\/lattes.cnpq.br\/3858737000492701\" target=\"_blank\" rel=\"noopener\">Adyelle Dantas Ribeiro<\/a><\/td>\n<td>6.17.002<\/td>\n<td>H\u00e9cio Henrique Ara\u00fajo de Morais<\/td>\n<\/tr>\n<tr>\n<td><a title=\"LATTES\" href=\"http:\/\/lattes.cnpq.br\/7378849845607435\" target=\"_blank\" rel=\"noopener\">Alini Dantas Cust\u00f3dio<\/a><\/td>\n<td>6.17.004<\/td>\n<td>Marco Aur\u00e9lio de Moura Freire<\/td>\n<\/tr>\n<tr>\n<td><a title=\"LATTES\" href=\"http:\/\/lattes.cnpq.br\/2220330974013451\" target=\"_blank\" rel=\"noopener\">Caio Victor Rodrigues de Lima<\/a><\/td>\n<td>6.17.005<\/td>\n<td>Humberto Jefferson de Medeiros<\/td>\n<\/tr>\n<tr>\n<td><a title=\"LATTES\" href=\"http:\/\/lattes.cnpq.br\/3572031980262365\" target=\"_blank\" rel=\"noopener\">Cinthia Mayara Rodrigues Xavier<\/a><\/td>\n<td>6.17.006<\/td>\n<td>H\u00e9cio Henrique Ara\u00fajo de Morais<\/td>\n<\/tr>\n<tr>\n<td><a title=\"LATTES\" href=\"http:\/\/lattes.cnpq.br\/4149052011651807\" target=\"_blank\" rel=\"noopener\">Danillo Alencar Roseno<\/a><\/td>\n<td>6.17.007<\/td>\n<td>Marco Aur\u00e9lio de Moura Freire<\/td>\n<\/tr>\n<tr>\n<td><a title=\"LATTES\" href=\"http:\/\/lattes.cnpq.br\/6948635734597842\" target=\"_blank\" rel=\"noopener\">Erasmo Freitas de Souza Junior<\/a><\/td>\n<td>6.17.008<\/td>\n<td>H\u00e9cio Henrique Ara\u00fajo de Morais<\/td>\n<\/tr>\n<tr>\n<td><a title=\"LATTES\" href=\"http:\/\/lattes.cnpq.br\/9047314863103452\" target=\"_blank\" rel=\"noopener\">Fernanda Let\u00edcia da Costa Ara\u00fajo<\/a><\/td>\n<td>6.17.009<\/td>\n<td>Eudes Euler de Souza Lucena<\/td>\n<\/tr>\n<tr>\n<td><a title=\"LATTES\" href=\"http:\/\/lattes.cnpq.br\/8547645378010217\" target=\"_blank\" rel=\"noopener\">Francisca Overl\u00e2nia Vieira Lima<\/a><\/td>\n<td>6.17.010<\/td>\n<td>Fausto Pierdon\u00e1 Guzen<\/td>\n<\/tr>\n<tr>\n<td><a title=\"LATTES\" href=\"http:\/\/lattes.cnpq.br\/7270976071492418\" target=\"_blank\" rel=\"noopener\">Hosana Mirelle Goes e Silva Costa<\/a><\/td>\n<td>6.17.011<\/td>\n<td>F\u00e1tima Raquel Rosado Morais<\/td>\n<\/tr>\n<tr>\n<td><a title=\"LATTES\" href=\"http:\/\/lattes.cnpq.br\/2061041461440023\" target=\"_blank\" rel=\"noopener\">Isleania Maria Marques Moreira Rosa<\/a><\/td>\n<td>6.17.012<\/td>\n<td>Fausto Pierdon\u00e1 Guzen<\/td>\n<\/tr>\n<tr>\n<td><a title=\"LATTES\" href=\"http:\/\/lattes.cnpq.br\/3974480445572923\" target=\"_blank\" rel=\"noopener\">Jussara Cristina Alves Medeiros<\/a><\/td>\n<td>6.17.015<\/td>\n<td>Maria Irany Knackfuss<\/td>\n<\/tr>\n<tr>\n<td><a title=\"LATTES\" href=\"http:\/\/lattes.cnpq.br\/0826977725459928\" target=\"_blank\" rel=\"noopener\">Kalina Fernandes Freire<\/a><\/td>\n<td>6.17.016<\/td>\n<td>Jos\u00e9 Rodolfo Lopes de Paiva Cavalcanti<\/td>\n<\/tr>\n<tr>\n<td><a title=\"LATTES\" href=\"http:\/\/lattes.cnpq.br\/0723064101999346\" target=\"_blank\" rel=\"noopener\">Kalinne Pereira de Fran\u00e7a<\/a><\/td>\n<td>6.17.017<\/td>\n<td>Fernando Jos\u00e9 de Oliveira N\u00f3brega<\/td>\n<\/tr>\n<tr>\n<td><a title=\"LATTES\" href=\"http:\/\/lattes.cnpq.br\/4904044690876113\" target=\"_blank\" rel=\"noopener\">Layrlla Kateriny Moura Oliveira Lopes<\/a><\/td>\n<td>6.17.018<\/td>\n<td>Isabela Pinheiro Cavalcanti Lima<\/td>\n<\/tr>\n<tr>\n<td><a title=\"LATTES\" href=\"http:\/\/lattes.cnpq.br\/8937835966893660\" target=\"_blank\" rel=\"noopener\">L\u00edvia Helena Morais de Freitas Melo<\/a><\/td>\n<td>6.17.019<\/td>\n<td>Jos\u00e9 Rodolfo Lopes de Paiva Cavalcanti<\/td>\n<\/tr>\n<tr>\n<td><a title=\"LATTES\" href=\"http:\/\/lattes.cnpq.br\/4751826486532843\" target=\"_blank\" rel=\"noopener\">Maysa Mayran Chaves Moreira<\/a><\/td>\n<td>6.17.021<\/td>\n<td>Thales Allyrio Ara\u00fajo de Medeiros Fernandes<\/td>\n<\/tr>\n<tr>\n<td><a title=\"LATTES\" href=\"http:\/\/lattes.cnpq.br\/4483956374089257\" target=\"_blank\" rel=\"noopener\">Micheline Morgane Figueiredo Costa Souza<\/a><\/td>\n<td>6.17.022<\/td>\n<td>Jos\u00e9 Rodolfo Lopes de Paiva Cavalcanti<\/td>\n<\/tr>\n<tr>\n<td><a title=\"LATTES\" href=\"http:\/\/lattes.cnpq.br\/7858877549315043\" target=\"_blank\" rel=\"noopener\">Paloma Katlheen Moura Melo<\/a><\/td>\n<td>6.17.023<\/td>\n<td>Maria Irany Knackfuss<\/td>\n<\/tr>\n<tr>\n<td><a title=\"LATTES\" href=\"http:\/\/lattes.cnpq.br\/8862631986202669\" target=\"_blank\" rel=\"noopener\">Ranieri Fernandes da Silva<\/a><\/td>\n<td>6.17.024<\/td>\n<td>Maria Irany Knackfuss<\/td>\n<\/tr>\n<tr>\n<td><a title=\"LATTES\" href=\"http:\/\/lattes.cnpq.br\/4479948791292188\" target=\"_blank\" rel=\"noopener\">Tatiana Petrucci Neg\u00f3cio<\/a><\/td>\n<td>6.17.025<\/td>\n<td>Maria Irany Knackfuss<\/td>\n<\/tr>\n<tr>\n<td><a title=\"LATTES\" href=\"http:\/\/lattes.cnpq.br\/8630306854809778\" target=\"_blank\" rel=\"noopener\">Tatiana Silva Damasco de Lima<\/a><\/td>\n<td>6.17.026<\/td>\n<td>Humberto Jefferson de Medeiros<\/td>\n<\/tr>\n<tr>\n<td><a title=\"LATTES\" href=\"http:\/\/lattes.cnpq.br\/7726025687195214\" target=\"_blank\" rel=\"noopener\">Xiankarla de Brito Fernandes Pereira<\/a><\/td>\n<td>6.17.027<\/td>\n<td>Eudes Euler de Souza Lucena<\/td>\n<\/tr>\n<\/tbody>\n<\/table>\n<p>&nbsp;<\/p>\n","protected":false},"excerpt":{"rendered":"<p>NOME MATR\u00cdCULA\u00a0UERN ORIENTADOR (A) Acyd\u00e1lia Madruga de Mendon\u00e7a Flor\u00eancio de Melo 6.17.001 Jos\u00e9 Rodolfo Lopes de Paiva Cavalcanti Adyelle Dantas Ribeiro 6.17.002 H\u00e9cio Henrique Ara\u00fajo de Morais Alini Dantas Cust\u00f3dio 6.17.004 Marco Aur\u00e9lio de Moura Freire Caio Victor Rodrigues de Lima 6.17.005 Humberto Jefferson de Medeiros Cinthia Mayara Rodrigues Xavier 6.17.006 H\u00e9cio Henrique Ara\u00fajo de [&hellip;]<\/p>\n","protected":false},"author":17,"featured_media":0,"parent":0,"menu_order":0,"comment_status":"closed","ping_status":"closed","template":"","meta":{"footnotes":""},"class_list":["post-672","page","type-page","status-publish","hentry"],"_links":{"self":[{"href":"https:\/\/portal.uern.br\/propeg\/ppgss\/wp-json\/wp\/v2\/pages\/672","targetHints":{"allow":["GET"]}}],"collection":[{"href":"https:\/\/portal.uern.br\/propeg\/ppgss\/wp-json\/wp\/v2\/pages"}],"about":[{"href":"https:\/\/portal.uern.br\/propeg\/ppgss\/wp-json\/wp\/v2\/types\/page"}],"author":[{"embeddable":true,"href":"https:\/\/portal.uern.br\/propeg\/ppgss\/wp-json\/wp\/v2\/users\/17"}],"replies":[{"embeddable":true,"href":"https:\/\/portal.uern.br\/propeg\/ppgss\/wp-json\/wp\/v2\/comments?post=672"}],"version-history":[{"count":2,"href":"https:\/\/portal.uern.br\/propeg\/ppgss\/wp-json\/wp\/v2\/pages\/672\/revisions"}],"predecessor-version":[{"id":724,"href":"https:\/\/portal.uern.br\/propeg\/ppgss\/wp-json\/wp\/v2\/pages\/672\/revisions\/724"}],"wp:attachment":[{"href":"https:\/\/portal.uern.br\/propeg\/ppgss\/wp-json\/wp\/v2\/media?parent=672"}],"curies":[{"name":"wp","href":"https:\/\/api.w.org\/{rel}","templated":true}]}}