{"id":670,"date":"2025-03-01T18:30:45","date_gmt":"2025-03-01T21:30:45","guid":{"rendered":"https:\/\/portal.uern.br\/propeg\/ppgss\/?page_id=670"},"modified":"2025-03-01T19:40:18","modified_gmt":"2025-03-01T22:40:18","slug":"alunos-regulares-2016","status":"publish","type":"page","link":"https:\/\/portal.uern.br\/propeg\/ppgss\/alunos-regulares-2016\/","title":{"rendered":"Alunos Regulares 2016"},"content":{"rendered":"<table cellspacing=\"0\" cellpadding=\"0\">\n<tbody>\n<tr>\n<td><strong>NOME<\/strong><\/td>\n<td><strong>MATR\u00cdCULA\u00a0UERN<\/strong><\/td>\n<td><strong>ORIENTADOR (A)<\/strong><\/td>\n<\/tr>\n<tr>\n<td><a title=\"LATTES\" href=\"http:\/\/lattes.cnpq.br\/0593412178858874\" target=\"_blank\" rel=\"noopener\">Ana Cristina Arrais<\/a><\/td>\n<td>6.16.001<\/td>\n<td>Jos\u00e9 Rodolfo Lopes de Paiva Cavalcanti<\/td>\n<\/tr>\n<tr>\n<td><a title=\"LATTES\" href=\"http:\/\/lattes.cnpq.br\/9831905760044903\" target=\"_blank\" rel=\"noopener\">Bianca Norrara Costa Gomes da Silva<\/a><\/td>\n<td>6.16.002<\/td>\n<td>Marco Aur\u00e9lio de Moura Freire<\/td>\n<\/tr>\n<tr>\n<td><a title=\"LATTES\" href=\"http:\/\/lattes.cnpq.br\/1490622004892977\" target=\"_blank\" rel=\"noopener\">Diego Henrique Jales Benevides<\/a><\/td>\n<td>6.16.003<\/td>\n<td>Cl\u00e9ber de Mesquita Andrade<\/td>\n<\/tr>\n<tr>\n<td><a title=\"LATTES\" href=\"http:\/\/lattes.cnpq.br\/2417863670026592\" target=\"_blank\" rel=\"noopener\">Francisca Idalina Neta<\/a><\/td>\n<td>6.16.004<\/td>\n<td>Fausto Pierdon\u00e1 Guzen<\/td>\n<\/tr>\n<tr>\n<td><a title=\"LATTES\" href=\"http:\/\/lattes.cnpq.br\/3962051942083707\" target=\"_blank\" rel=\"noopener\">Geovana Samara da Silva Carvalho<\/a><\/td>\n<td>6.16.005<\/td>\n<td>Isabela Pinheiro Cavalcanti Lima<\/td>\n<\/tr>\n<tr>\n<td><a title=\"LATTES\" href=\"http:\/\/lattes.cnpq.br\/4312925097986382\" target=\"_blank\" rel=\"noopener\">Gerian Lopes do Nascimento<\/a><\/td>\n<td>6.16.006<\/td>\n<td>Maria Irany Knackfuss<\/td>\n<\/tr>\n<tr>\n<td><a title=\"LATTES\" href=\"http:\/\/lattes.cnpq.br\/6838867030936429\" target=\"_blank\" rel=\"noopener\">Gl\u00e1ucya Raquel Souza da Fons\u00eaca Dutra<\/a><\/td>\n<td>6.16.007<\/td>\n<td>Eudes Euler de Souza Lucena<\/td>\n<\/tr>\n<tr>\n<td><a title=\"LATTES\" href=\"http:\/\/lattes.cnpq.br\/5692571657117644\" target=\"_blank\" rel=\"noopener\">Ianara Mendon\u00e7a da Costa<\/a><\/td>\n<td>6.16.008<\/td>\n<td>Fausto Pierdon\u00e1 Guzen<\/td>\n<\/tr>\n<tr>\n<td><a title=\"LATTES\" href=\"http:\/\/lattes.cnpq.br\/7811965049704166\" target=\"_blank\" rel=\"noopener\">Jos\u00e9 Leonilson Feitosa<\/a><\/td>\n<td>6.16.009<\/td>\n<td>Isabela Pinheiro Cavalcanti Lima<\/td>\n<\/tr>\n<tr>\n<td><a title=\"LATTES\" href=\"http:\/\/lattes.cnpq.br\/7544084624034533\" target=\"_blank\" rel=\"noopener\">Keylane de Oliveira Cavalcante<\/a><\/td>\n<td>6.16.010<\/td>\n<td>Isabela Pinheiro Cavalcanti Lima<\/td>\n<\/tr>\n<tr>\n<td><a title=\"LATTES\" href=\"http:\/\/lattes.cnpq.br\/6044589492547423\" target=\"_blank\" rel=\"noopener\">Lara Michelly Soares de Souza<\/a><\/td>\n<td>6.16.011<\/td>\n<td>Thales Allyrio Ara\u00fajo de Medeiros Fernandes<\/td>\n<\/tr>\n<tr>\n<td><a title=\"LATTES\" href=\"http:\/\/lattes.cnpq.br\/7013941792212116\" target=\"_blank\" rel=\"noopener\">Let\u00edcia Marques Fontes<\/a><\/td>\n<td>6.16.012<\/td>\n<td>Isabela Pinheiro Cavalcanti Lima<\/td>\n<\/tr>\n<tr>\n<td><a title=\"LATTES\" href=\"http:\/\/lattes.cnpq.br\/8471605337849164\" target=\"_blank\" rel=\"noopener\">Mar\u00edlia Abrantes Fernandes Cavalcanti<\/a><\/td>\n<td>6.16.013<\/td>\n<td>Cl\u00e9ber de Mesquita Andrade<\/td>\n<\/tr>\n<tr>\n<td><a title=\"LATTES\" href=\"http:\/\/lattes.cnpq.br\/2356937341177323\" target=\"_blank\" rel=\"noopener\">Mar\u00edlia Cristina Santos de Medeiros<\/a><\/td>\n<td>6.16.014<\/td>\n<td>Maria Irany Knackfuss<\/td>\n<\/tr>\n<tr>\n<td><a title=\"LATTES\" href=\"http:\/\/lattes.cnpq.br\/3434008404518446\" target=\"_blank\" rel=\"noopener\">Nickson Melo de Morais<\/a><\/td>\n<td>6.16.015<\/td>\n<td>Thales Allyrio Ara\u00fajo de Medeiros Fernandes<\/td>\n<\/tr>\n<tr>\n<td>Pedro Coelho Nogueira Di\u00f3genes<\/td>\n<td>6.16.016<\/td>\n<td>Jos\u00e9 Rodolfo Lopes de Paiva Cavalcanti<\/td>\n<\/tr>\n<tr>\n<td><a title=\"LATTES\" href=\"http:\/\/lattes.cnpq.br\/1020380520693076\" target=\"_blank\" rel=\"noopener\">Starlynn Freire dos Santos<\/a><\/td>\n<td>6.16.019<\/td>\n<td>Fausto Pierdon\u00e1 Guzen<\/td>\n<\/tr>\n<\/tbody>\n<\/table>\n<p>&nbsp;<\/p>\n","protected":false},"excerpt":{"rendered":"<p>NOME MATR\u00cdCULA\u00a0UERN ORIENTADOR (A) Ana Cristina Arrais 6.16.001 Jos\u00e9 Rodolfo Lopes de Paiva Cavalcanti Bianca Norrara Costa Gomes da Silva 6.16.002 Marco Aur\u00e9lio de Moura Freire Diego Henrique Jales Benevides 6.16.003 Cl\u00e9ber de Mesquita Andrade Francisca Idalina Neta 6.16.004 Fausto Pierdon\u00e1 Guzen Geovana Samara da Silva Carvalho 6.16.005 Isabela Pinheiro Cavalcanti Lima Gerian Lopes do [&hellip;]<\/p>\n","protected":false},"author":17,"featured_media":0,"parent":0,"menu_order":0,"comment_status":"closed","ping_status":"closed","template":"","meta":{"footnotes":""},"class_list":["post-670","page","type-page","status-publish","hentry"],"_links":{"self":[{"href":"https:\/\/portal.uern.br\/propeg\/ppgss\/wp-json\/wp\/v2\/pages\/670","targetHints":{"allow":["GET"]}}],"collection":[{"href":"https:\/\/portal.uern.br\/propeg\/ppgss\/wp-json\/wp\/v2\/pages"}],"about":[{"href":"https:\/\/portal.uern.br\/propeg\/ppgss\/wp-json\/wp\/v2\/types\/page"}],"author":[{"embeddable":true,"href":"https:\/\/portal.uern.br\/propeg\/ppgss\/wp-json\/wp\/v2\/users\/17"}],"replies":[{"embeddable":true,"href":"https:\/\/portal.uern.br\/propeg\/ppgss\/wp-json\/wp\/v2\/comments?post=670"}],"version-history":[{"count":3,"href":"https:\/\/portal.uern.br\/propeg\/ppgss\/wp-json\/wp\/v2\/pages\/670\/revisions"}],"predecessor-version":[{"id":723,"href":"https:\/\/portal.uern.br\/propeg\/ppgss\/wp-json\/wp\/v2\/pages\/670\/revisions\/723"}],"wp:attachment":[{"href":"https:\/\/portal.uern.br\/propeg\/ppgss\/wp-json\/wp\/v2\/media?parent=670"}],"curies":[{"name":"wp","href":"https:\/\/api.w.org\/{rel}","templated":true}]}}