{"id":668,"date":"2025-03-01T18:29:19","date_gmt":"2025-03-01T21:29:19","guid":{"rendered":"https:\/\/portal.uern.br\/propeg\/ppgss\/?page_id=668"},"modified":"2025-03-01T19:39:05","modified_gmt":"2025-03-01T22:39:05","slug":"alunos-regulares-2015","status":"publish","type":"page","link":"https:\/\/portal.uern.br\/propeg\/ppgss\/alunos-regulares-2015\/","title":{"rendered":"Alunos Regulares 2015"},"content":{"rendered":"<table cellspacing=\"0\" cellpadding=\"0\">\n<tbody>\n<tr>\n<td><strong>NOME<\/strong><\/td>\n<td><strong>MATR\u00cdCULA\u00a0UERN<\/strong><\/td>\n<td><strong>ORIENTADOR (A)<\/strong><\/td>\n<\/tr>\n<tr>\n<td><a title=\"LATTES\" href=\"http:\/\/lattes.cnpq.br\/2472885487581108\" target=\"_blank\" rel=\"noopener\">Ana Paula Knackfuss Freitas Silveira<\/a><\/td>\n<td>615001<\/td>\n<td>Arnaldo Ten\u00f3rio da Cunha J\u00fanior<\/td>\n<\/tr>\n<tr>\n<td><a title=\"LATTES\" href=\"http:\/\/lattes.cnpq.br\/6354527390348562\" target=\"_blank\" rel=\"noopener\">Aracele Goncalves Vieira<\/a><\/td>\n<td>615002<\/td>\n<td>H\u00e9cio Henrique Ara\u00fajo de Morais<\/td>\n<\/tr>\n<tr>\n<td><a title=\"LATTES\" href=\"http:\/\/lattes.cnpq.br\/6825240515895415\" target=\"_blank\" rel=\"noopener\">Braulio Patrick da Silva Lima<\/a><\/td>\n<td>615003<\/td>\n<td>Arnaldo Ten\u00f3rio da Cunha J\u00fanior<\/td>\n<\/tr>\n<tr>\n<td><a title=\"LATTES\" href=\"http:\/\/lattes.cnpq.br\/4692756850054719\" target=\"_blank\" rel=\"noopener\">Cristina Virginia Oliveira Carlos<\/a><\/td>\n<td>615004<\/td>\n<td>F\u00e1tima Raquel Rosado Morais<\/td>\n<\/tr>\n<tr>\n<td><a title=\"LATTES\" href=\"http:\/\/lattes.cnpq.br\/9248054542589876\" target=\"_blank\" rel=\"noopener\">Douglas Henrique Bezerra Santos<\/a><\/td>\n<td>615005<\/td>\n<td>Humberto Jefferson de Medeiros<\/td>\n<\/tr>\n<tr>\n<td><a title=\"LATTES\" href=\"http:\/\/lattes.cnpq.br\/3757181037975133\" target=\"_blank\" rel=\"noopener\">Eligleidson Jose Vidal de Oliveira<\/a><\/td>\n<td>615006<\/td>\n<td>Thales Allyrio Ara\u00fajo de Medeiros Fernandes<\/td>\n<\/tr>\n<tr>\n<td><a title=\"LATTES\" href=\"http:\/\/lattes.cnpq.br\/1968840852901764\" target=\"_blank\" rel=\"noopener\">Fernanda Alves da Silva<\/a><\/td>\n<td>615007<\/td>\n<td>Eduardo Jos\u00e9 Guerra Seabra<\/td>\n<\/tr>\n<tr>\n<td><a title=\"LATTES\" href=\"http:\/\/lattes.cnpq.br\/6367101538925460\" target=\"_blank\" rel=\"noopener\">Flavia Cavalcante Monteiro Melo<\/a><\/td>\n<td>615008<\/td>\n<td>Maria Irany Knackfuss<\/td>\n<\/tr>\n<tr>\n<td><a title=\"LATTES\" href=\"http:\/\/lattes.cnpq.br\/3965364883903803\" target=\"_blank\" rel=\"noopener\">Francisco Xavier Dantas Lins<\/a><\/td>\n<td>615009<\/td>\n<td>Mo\u00eamia Gomes de Oliveira Miranda<\/td>\n<\/tr>\n<tr>\n<td><a title=\"LATTES\" href=\"http:\/\/lattes.cnpq.br\/8400293411609425\" target=\"_blank\" rel=\"noopener\">Gilka Firmino Torres Barisic<\/a><\/td>\n<td>615010<\/td>\n<td>Eudes Euler de Souza Lucena<\/td>\n<\/tr>\n<tr>\n<td><a title=\"LATTES\" href=\"http:\/\/lattes.cnpq.br\/0952260189725604\" target=\"_blank\" rel=\"noopener\">Hervora Santuzza Pereira Araujo Policarpo<\/a><\/td>\n<td>615011<\/td>\n<td>Eudes Euler de Souza Lucena<\/td>\n<\/tr>\n<tr>\n<td><a title=\"LATTES\" href=\"http:\/\/lattes.cnpq.br\/4645272998840486\" target=\"_blank\" rel=\"noopener\">Jos\u00e9 Garcia de Brito Neto<\/a><\/td>\n<td>615012<\/td>\n<td>Thales Allyrio Ara\u00fajo de Medeiros Fernandes<\/td>\n<\/tr>\n<tr>\n<td><a title=\"LATTES\" href=\"http:\/\/lattes.cnpq.br\/4890686936790883\" target=\"_blank\" rel=\"noopener\">Julita Gomes Maia de Sena<\/a><\/td>\n<td>615013<\/td>\n<td>Thales Allyrio Ara\u00fajo de Medeiros Fernandes<\/td>\n<\/tr>\n<tr>\n<td><a title=\"LATTES\" href=\"http:\/\/lattes.cnpq.br\/6017397915116233\" target=\"_blank\" rel=\"noopener\">Katia Kamila Felix de Lima<\/a><\/td>\n<td>615014<\/td>\n<td>Humberto Jefferson de Medeiros<\/td>\n<\/tr>\n<tr>\n<td><a title=\"LATTES\" href=\"http:\/\/lattes.cnpq.br\/7402326799982970\" target=\"_blank\" rel=\"noopener\">Maria Antonia Rego de Freitas<\/a><\/td>\n<td>615015<\/td>\n<td>H\u00e9cio Henrique Ara\u00fajo de Morais<\/td>\n<\/tr>\n<tr>\n<td><a title=\"LATTES\" href=\"http:\/\/lattes.cnpq.br\/0623361491157914\" target=\"_blank\" rel=\"noopener\">Nathacia Almeida Lima<\/a><\/td>\n<td>615017<\/td>\n<td>Thales Allyrio Ara\u00fajo de Medeiros Fernandes<\/td>\n<\/tr>\n<tr>\n<td><a title=\"LATTES\" href=\"http:\/\/lattes.cnpq.br\/3923911585485102\" target=\"_blank\" rel=\"noopener\">Stephan Barisic Junior<\/a><\/td>\n<td>615018<\/td>\n<td>Fausto Pierdona Guzen<\/td>\n<\/tr>\n<\/tbody>\n<\/table>\n<p>&nbsp;<\/p>\n","protected":false},"excerpt":{"rendered":"<p>NOME MATR\u00cdCULA\u00a0UERN ORIENTADOR (A) Ana Paula Knackfuss Freitas Silveira 615001 Arnaldo Ten\u00f3rio da Cunha J\u00fanior Aracele Goncalves Vieira 615002 H\u00e9cio Henrique Ara\u00fajo de Morais Braulio Patrick da Silva Lima 615003 Arnaldo Ten\u00f3rio da Cunha J\u00fanior Cristina Virginia Oliveira Carlos 615004 F\u00e1tima Raquel Rosado Morais Douglas Henrique Bezerra Santos 615005 Humberto Jefferson de Medeiros Eligleidson Jose [&hellip;]<\/p>\n","protected":false},"author":17,"featured_media":0,"parent":0,"menu_order":0,"comment_status":"closed","ping_status":"closed","template":"","meta":{"footnotes":""},"class_list":["post-668","page","type-page","status-publish","hentry"],"_links":{"self":[{"href":"https:\/\/portal.uern.br\/propeg\/ppgss\/wp-json\/wp\/v2\/pages\/668","targetHints":{"allow":["GET"]}}],"collection":[{"href":"https:\/\/portal.uern.br\/propeg\/ppgss\/wp-json\/wp\/v2\/pages"}],"about":[{"href":"https:\/\/portal.uern.br\/propeg\/ppgss\/wp-json\/wp\/v2\/types\/page"}],"author":[{"embeddable":true,"href":"https:\/\/portal.uern.br\/propeg\/ppgss\/wp-json\/wp\/v2\/users\/17"}],"replies":[{"embeddable":true,"href":"https:\/\/portal.uern.br\/propeg\/ppgss\/wp-json\/wp\/v2\/comments?post=668"}],"version-history":[{"count":3,"href":"https:\/\/portal.uern.br\/propeg\/ppgss\/wp-json\/wp\/v2\/pages\/668\/revisions"}],"predecessor-version":[{"id":722,"href":"https:\/\/portal.uern.br\/propeg\/ppgss\/wp-json\/wp\/v2\/pages\/668\/revisions\/722"}],"wp:attachment":[{"href":"https:\/\/portal.uern.br\/propeg\/ppgss\/wp-json\/wp\/v2\/media?parent=668"}],"curies":[{"name":"wp","href":"https:\/\/api.w.org\/{rel}","templated":true}]}}