{"id":666,"date":"2025-03-01T18:28:44","date_gmt":"2025-03-01T21:28:44","guid":{"rendered":"https:\/\/portal.uern.br\/propeg\/ppgss\/?page_id=666"},"modified":"2025-03-01T19:38:45","modified_gmt":"2025-03-01T22:38:45","slug":"alunos-regulares-2014","status":"publish","type":"page","link":"https:\/\/portal.uern.br\/propeg\/ppgss\/alunos-regulares-2014\/","title":{"rendered":"Alunos Regulares 2014"},"content":{"rendered":"<table cellspacing=\"0\" cellpadding=\"0\">\n<tbody>\n<tr>\n<td><strong>NOME<\/strong><\/td>\n<td><strong>MATR\u00cdCULA\u00a0UERN<\/strong><\/td>\n<td><strong>ORIENTADOR (A)<\/strong><\/td>\n<\/tr>\n<tr>\n<td><a title=\"LATTES\" href=\"http:\/\/lattes.cnpq.br\/9662193270162664\" target=\"_blank\" rel=\"noopener\">Ana Maria de Lima Dantas<\/a><\/td>\n<td>614001<\/td>\n<td>Fausto Pierdon\u00e1 Guzen<\/td>\n<\/tr>\n<tr>\n<td><a title=\"LATTES\" href=\"http:\/\/lattes.cnpq.br\/4235183700610204\" target=\"_blank\" rel=\"noopener\">Branteli Martins Machado<\/a><\/td>\n<td>614002<\/td>\n<td>Fausto Pierdon\u00e1 Guzen<\/td>\n<\/tr>\n<tr>\n<td><a title=\"LATTES\" href=\"http:\/\/lattes.cnpq.br\/9086588993929360\" target=\"_blank\" rel=\"noopener\">Celso Louren\u00e7o de Arruda Neto<\/a><\/td>\n<td>614003<\/td>\n<td>Hougelle Simpl\u00edcio Gomes Pereira<\/td>\n<\/tr>\n<tr>\n<td><a title=\"LATTES\" href=\"http:\/\/lattes.cnpq.br\/7143255859685745\" target=\"_blank\" rel=\"noopener\">Cintia Mikaelle Cunha de Santiago Nogueira<\/a><\/td>\n<td>614004<\/td>\n<td>F\u00e1tima Raquel Rosado Morais<\/td>\n<\/tr>\n<tr>\n<td><a title=\"LATTES\" href=\"http:\/\/lattes.cnpq.br\/8446100689085863\" target=\"_blank\" rel=\"noopener\">Di\u00f3genes Lopes de Paiva<\/a><\/td>\n<td>614006<\/td>\n<td>Maria de Lourdes Silva de Arruda Morais<\/td>\n<\/tr>\n<tr>\n<td><a title=\"LATTES\" href=\"http:\/\/lattes.cnpq.br\/7177571686566505\" target=\"_blank\" rel=\"noopener\">Epaminondas Carlos de Andrade Neto<\/a><\/td>\n<td>614007<\/td>\n<td>Arnaldo Ten\u00f3rio da Cunha J\u00fanior<\/td>\n<\/tr>\n<tr>\n<td><a title=\"LATTES\" href=\"http:\/\/lattes.cnpq.br\/1985419172956289\" target=\"_blank\" rel=\"noopener\">Evelin Karla Felix da Silva Pedrosa<\/a><\/td>\n<td>614009<\/td>\n<td>Paula Viviane Souza de Q. Moreira<\/td>\n<\/tr>\n<tr>\n<td><a title=\"Lattes\" href=\"http:\/\/lattes.cnpq.br\/4997439472261544\" target=\"_blank\" rel=\"noopener\">Gislainy Luciana Gomes C\u00e2mara<\/a><\/td>\n<td>614010<\/td>\n<td>Arnaldo Ten\u00f3rio da Cunha J\u00fanior<\/td>\n<\/tr>\n<tr>\n<td><a title=\"LATTES\" href=\"http:\/\/lattes.cnpq.br\/3194269468143745\" target=\"_blank\" rel=\"noopener\">Isis Kelly dos Santos<\/a><\/td>\n<td>614011<\/td>\n<td>Maria Irany Knackfuss<\/td>\n<\/tr>\n<tr>\n<td><a title=\"LATTES\" href=\"http:\/\/lattes.cnpq.br\/5892872192999695\" target=\"_blank\" rel=\"noopener\">Jos\u00e9 Breno de Alencar Pinto<\/a><\/td>\n<td>614012<\/td>\n<td>Mo\u00eamia Gomes de Oliveira Miranda<\/td>\n<\/tr>\n<tr>\n<td><a title=\"LATTES\" href=\"http:\/\/lattes.cnpq.br\/5227092824419687\" target=\"_blank\" rel=\"noopener\">Josel\u00facia da N\u00f3brega Dias<\/a><\/td>\n<td>614013<\/td>\n<td>Isabela Pinheiro Cavalcante Lima<\/td>\n<\/tr>\n<tr>\n<td><a title=\"LATTES\" href=\"http:\/\/lattes.cnpq.br\/9095810878537505\" target=\"_blank\" rel=\"noopener\">Juney Alexandre de Sousa Canuto<\/a><\/td>\n<td>614014<\/td>\n<td>Isabela Pinheiro Cavalcante Lima<\/td>\n<\/tr>\n<tr>\n<td><a title=\"LATTES\" href=\"http:\/\/lattes.cnpq.br\/0476721383718212\" target=\"_blank\" rel=\"noopener\">Kesley Pablo Morais de Azevedo<\/a><\/td>\n<td>614015<\/td>\n<td>Humberto Jefferson de Medeiros<\/td>\n<\/tr>\n<tr>\n<td><a title=\"LATTES\" href=\"http:\/\/lattes.cnpq.br\/2737263262143156\" target=\"_blank\" rel=\"noopener\">Larissa Ang\u00e9lica de Medeiros Bezerra<\/a><\/td>\n<td>614016<\/td>\n<td>Eduardo Jos\u00e9 Guerra Seabra<\/td>\n<\/tr>\n<tr>\n<td><a title=\"LATTES\" href=\"http:\/\/lattes.cnpq.br\/0612618441037401\" target=\"_blank\" rel=\"noopener\">L\u00edvia Nornyan Medeiros Silva<\/a><\/td>\n<td>614017<\/td>\n<td>Arnaldo Ten\u00f3rio da Cunha J\u00fanior<\/td>\n<\/tr>\n<tr>\n<td><a title=\"LATTES\" href=\"http:\/\/lattes.cnpq.br\/0864526424463943\" target=\"_blank\" rel=\"noopener\">Maria Priscilla Cibelle Ferreira Silva<\/a><\/td>\n<td>614018<\/td>\n<td>Isabela Pinheiro Cavalcante Lima<\/td>\n<\/tr>\n<tr>\n<td><a title=\"LATTES\" href=\"http:\/\/lattes.cnpq.br\/9452228511149311\" target=\"_blank\" rel=\"noopener\">Mar\u00edlia Stefani Souza de Menezes<\/a><\/td>\n<td>614019<\/td>\n<td>Caroline Addison Carvalho Xavier<\/td>\n<\/tr>\n<tr>\n<td><a title=\"LATTES\" href=\"http:\/\/lattes.cnpq.br\/2327011018202087\" target=\"_blank\" rel=\"noopener\">Mikaely Martins Pedrosa<\/a><\/td>\n<td>614020<\/td>\n<td>Eduardo Jos\u00e9 Guerra Seabra<\/td>\n<\/tr>\n<tr>\n<td><a title=\"LATTES\" href=\"http:\/\/lattes.cnpq.br\/3357891067497317\" target=\"_blank\" rel=\"noopener\">Naligia Renata Bandeira de Lima<\/a><\/td>\n<td>614021<\/td>\n<td>Isabela Pinheiro Cavalcante Lima<\/td>\n<\/tr>\n<tr>\n<td><a title=\"LATTES\" href=\"http:\/\/lattes.cnpq.br\/3216820584814554\" target=\"_blank\" rel=\"noopener\">Paulo Roberto Nogueira dos Santos<\/a><\/td>\n<td>614022<\/td>\n<td>Maria de Lourdes Silva de Arruda Morais<\/td>\n<\/tr>\n<tr>\n<td><a title=\"LATTES\" href=\"http:\/\/lattes.cnpq.br\/1964492427443892\" target=\"_blank\" rel=\"noopener\">Rianne Soares Pinto<\/a><\/td>\n<td>614023<\/td>\n<td>Humberto Jefferson de Medeiros<\/td>\n<\/tr>\n<tr>\n<td><a title=\"LATTES\" href=\"http:\/\/lattes.cnpq.br\/1801198413973054\" target=\"_blank\" rel=\"noopener\">Samara Queiroz Fernandes Coelho<\/a><\/td>\n<td>614024<\/td>\n<td>Fausto Pierdon\u00e1 Guzen<\/td>\n<\/tr>\n<tr>\n<td><a title=\"LATTES\" href=\"http:\/\/lattes.cnpq.br\/8791700492614167\" target=\"_blank\" rel=\"noopener\">Victor Hugo de Oliveira Segundo<\/a><\/td>\n<td>614025<\/td>\n<td>Maria Irany Knackfuss<\/td>\n<\/tr>\n<\/tbody>\n<\/table>\n<p>&nbsp;<\/p>\n","protected":false},"excerpt":{"rendered":"<p>NOME MATR\u00cdCULA\u00a0UERN ORIENTADOR (A) Ana Maria de Lima Dantas 614001 Fausto Pierdon\u00e1 Guzen Branteli Martins Machado 614002 Fausto Pierdon\u00e1 Guzen Celso Louren\u00e7o de Arruda Neto 614003 Hougelle Simpl\u00edcio Gomes Pereira Cintia Mikaelle Cunha de Santiago Nogueira 614004 F\u00e1tima Raquel Rosado Morais Di\u00f3genes Lopes de Paiva 614006 Maria de Lourdes Silva de Arruda Morais Epaminondas Carlos [&hellip;]<\/p>\n","protected":false},"author":17,"featured_media":0,"parent":0,"menu_order":0,"comment_status":"closed","ping_status":"closed","template":"","meta":{"footnotes":""},"class_list":["post-666","page","type-page","status-publish","hentry"],"_links":{"self":[{"href":"https:\/\/portal.uern.br\/propeg\/ppgss\/wp-json\/wp\/v2\/pages\/666","targetHints":{"allow":["GET"]}}],"collection":[{"href":"https:\/\/portal.uern.br\/propeg\/ppgss\/wp-json\/wp\/v2\/pages"}],"about":[{"href":"https:\/\/portal.uern.br\/propeg\/ppgss\/wp-json\/wp\/v2\/types\/page"}],"author":[{"embeddable":true,"href":"https:\/\/portal.uern.br\/propeg\/ppgss\/wp-json\/wp\/v2\/users\/17"}],"replies":[{"embeddable":true,"href":"https:\/\/portal.uern.br\/propeg\/ppgss\/wp-json\/wp\/v2\/comments?post=666"}],"version-history":[{"count":3,"href":"https:\/\/portal.uern.br\/propeg\/ppgss\/wp-json\/wp\/v2\/pages\/666\/revisions"}],"predecessor-version":[{"id":721,"href":"https:\/\/portal.uern.br\/propeg\/ppgss\/wp-json\/wp\/v2\/pages\/666\/revisions\/721"}],"wp:attachment":[{"href":"https:\/\/portal.uern.br\/propeg\/ppgss\/wp-json\/wp\/v2\/media?parent=666"}],"curies":[{"name":"wp","href":"https:\/\/api.w.org\/{rel}","templated":true}]}}