{"id":661,"date":"2025-03-01T18:25:23","date_gmt":"2025-03-01T21:25:23","guid":{"rendered":"https:\/\/portal.uern.br\/propeg\/ppgss\/?page_id=661"},"modified":"2025-03-01T19:38:24","modified_gmt":"2025-03-01T22:38:24","slug":"alunos-regulares-2013","status":"publish","type":"page","link":"https:\/\/portal.uern.br\/propeg\/ppgss\/alunos-regulares-2013\/","title":{"rendered":"Alunos Regulares 2013"},"content":{"rendered":"<table cellspacing=\"0\" cellpadding=\"0\">\n<tbody>\n<tr>\n<td><strong>NOME<\/strong><\/td>\n<td><strong>MATR\u00cdCULA\u00a0UERN<\/strong><\/td>\n<td><strong>ORIENTADOR (A)<\/strong><\/td>\n<\/tr>\n<tr>\n<td><a title=\"LATTES\" href=\"http:\/\/lattes.cnpq.br\/6803377735719752\" target=\"_blank\" rel=\"noopener\">Alexandre Policarpo da Silva<\/a><\/td>\n<td>613002<\/td>\n<td>Eduardo Jos\u00e9 Guerra Seabra<\/td>\n<\/tr>\n<tr>\n<td><a title=\"LATTES\" href=\"http:\/\/lattes.cnpq.br\/4014807851685315\" target=\"_blank\" rel=\"noopener\">Am\u00e9lia Resende Leite<\/a><\/td>\n<td>613003<\/td>\n<td>Richardson Augusto Rosendo da Silva<\/td>\n<\/tr>\n<tr>\n<td><a title=\"LATTES\" href=\"http:\/\/lattes.cnpq.br\/3525899510098998\" target=\"_blank\" rel=\"noopener\">Anassely Bezerra Bessa<\/a><\/td>\n<td>613005<\/td>\n<td>Isabela Pinheiro Cavalcanti Lima<\/td>\n<\/tr>\n<tr>\n<td><a title=\"LATTES\" href=\"http:\/\/lattes.cnpq.br\/2426584694410539\" target=\"_blank\" rel=\"noopener\">Carla Nadja Santos de Sousa<\/a><\/td>\n<td>613001<\/td>\n<td>F\u00e1tima Raquel Rosado Morais<\/td>\n<\/tr>\n<tr>\n<td><a title=\"LATTES\" href=\"http:\/\/lattes.cnpq.br\/7728864135542938\" target=\"_blank\" rel=\"noopener\">Claudielly Ferreira da Silva<\/a><\/td>\n<td>613006<\/td>\n<td>Mo\u00eamia Gomes de Oliveira Miranda<\/td>\n<\/tr>\n<tr>\n<td><a title=\"LATTES\" href=\"http:\/\/lattes.cnpq.br\/2693679819147497\" target=\"_blank\" rel=\"noopener\">Cl\u00e9ber Mahlmann Viana Bezerra<\/a><\/td>\n<td>613007<\/td>\n<td>Fausto Pierdon\u00e1 Guzen<\/td>\n<\/tr>\n<tr>\n<td><a title=\"LATTES\" href=\"http:\/\/lattes.cnpq.br\/7468427862589716\" target=\"_blank\" rel=\"noopener\">Dimas Anaximandro da Rocha Morgan<\/a><\/td>\n<td>613008<\/td>\n<td>Humberto Jefferson de Medeiros<\/td>\n<\/tr>\n<tr>\n<td><a title=\"LATTES\" href=\"http:\/\/lattes.cnpq.br\/8210491834005322\" target=\"_blank\" rel=\"noopener\">F\u00e1bio Firmino de Albuquerque Gurgel<\/a><\/td>\n<td>613009<\/td>\n<td>Isabela Pinheiro Cavalcanti Lima<\/td>\n<\/tr>\n<tr>\n<td><a title=\"LATTES\" href=\"http:\/\/lattes.cnpq.br\/9368088091787356\" target=\"_blank\" rel=\"noopener\">F\u00e1bio Romano Freire<\/a><\/td>\n<td>613010<\/td>\n<td>Arnaldo Ten\u00f3rio da Cunha J\u00fanior<\/td>\n<\/tr>\n<tr>\n<td><a title=\"LATTES\" href=\"http:\/\/lattes.cnpq.br\/8246087277903117\" target=\"_blank\" rel=\"noopener\">Gabriele Maria Dantas Diniz<\/a><\/td>\n<td>613011<\/td>\n<td>Paula Vivianne Souza de Queiroz Moreira<\/td>\n<\/tr>\n<tr>\n<td><a title=\"LATTES\" href=\"http:\/\/lattes.cnpq.br\/0384757429738234%20ID%20Lattes:%200384757429738234\" target=\"_blank\" rel=\"noopener\">Gemma Galgani do Nascimento Santos<\/a><\/td>\n<td>613012<\/td>\n<td>Hougelle Simpl\u00edcio Gomes Pereira<\/td>\n<\/tr>\n<tr>\n<td><a title=\"LATTES\" href=\"http:\/\/lattes.cnpq.br\/8850816576456430\" target=\"_blank\" rel=\"noopener\">Irismar Karla Sarmento de Paiva<\/a><\/td>\n<td>613013<\/td>\n<td>Mo\u00eamia Gomes de Oliveira Miranda<\/td>\n<\/tr>\n<tr>\n<td><a title=\"LATTES\" href=\"http:\/\/lattes.cnpq.br\/7470015700217461\" target=\"_blank\" rel=\"noopener\">Joelma Gomes da Silva<\/a><\/td>\n<td>613014<\/td>\n<td>Maria Irany Knackfuss<\/td>\n<\/tr>\n<tr>\n<td><a title=\"LATTES\" href=\"http:\/\/lattes.cnpq.br\/3771001331054627\" target=\"_blank\" rel=\"noopener\">Laio da Costa Dutra<\/a><\/td>\n<td>613015<\/td>\n<td>Eduardo Jos\u00e9 Guerra Seabra<\/td>\n<\/tr>\n<tr>\n<td><a title=\"LATTES\" href=\"http:\/\/lattes.cnpq.br\/3881111093280243\" target=\"_blank\" rel=\"noopener\">Linda K\u00e1tia Oliveira Sales<\/a><\/td>\n<td>613016<\/td>\n<td>F\u00e1tima Raquel Rosado Morais<\/td>\n<\/tr>\n<tr>\n<td><a title=\"LATTES\" href=\"http:\/\/lattes.cnpq.br\/4370180856263096\" target=\"_blank\" rel=\"noopener\">Lorena Bezerra de Oliveira<\/a><\/td>\n<td>613017<\/td>\n<td>Hougelle Simpl\u00edcio Gomes Pereira<\/td>\n<\/tr>\n<tr>\n<td><a title=\"LATTES\" href=\"http:\/\/lattes.cnpq.br\/1967742422482141\" target=\"_blank\" rel=\"noopener\">Lorenna Karen Paiva e Freitas<\/a><\/td>\n<td>613018<\/td>\n<td>Arnaldo Ten\u00f3rio da Cunha J\u00fanior<\/td>\n<\/tr>\n<tr>\n<td><a title=\"LATTES\" href=\"http:\/\/lattes.cnpq.br\/1497388623712272\" target=\"_blank\" rel=\"noopener\">Luciane Barreto Ara\u00fajo<\/a><\/td>\n<td>613019<\/td>\n<td>Maria Irany Knackfuss<\/td>\n<\/tr>\n<tr>\n<td><a title=\"LATTES\" href=\"http:\/\/lattes.cnpq.br\/0406810554246553\" target=\"_blank\" rel=\"noopener\">Lu\u00eds Carlos Barbosa Silva<\/a><\/td>\n<td>613020<\/td>\n<td>Arnaldo Ten\u00f3rio da Cunha J\u00fanior<\/td>\n<\/tr>\n<tr>\n<td><a title=\"LATTES\" href=\"http:\/\/lattes.cnpq.br\/4555008505889802\" target=\"_blank\" rel=\"noopener\">M\u00e1rcio Adriano Fernandes Barreto<\/a><\/td>\n<td>613021<\/td>\n<td>Wogelsanger Oliveira Pereira<\/td>\n<\/tr>\n<tr>\n<td><a title=\"LATTES\" href=\"http:\/\/lattes.cnpq.br\/6020183426918718\" target=\"_blank\" rel=\"noopener\">Paulo C\u00e9sar Ricarte da Silva<\/a><\/td>\n<td>613022<\/td>\n<td>Maria Irany Knackfuss<\/td>\n<\/tr>\n<tr>\n<td><a title=\"LATTES\" href=\"http:\/\/lattes.cnpq.br\/0273676694230944\" target=\"_blank\" rel=\"noopener\">Rejane Maria de Oliveira Holanda<\/a><\/td>\n<td>613023<\/td>\n<td>Fausto Pierdon\u00e1 Guzen<\/td>\n<\/tr>\n<tr>\n<td><a title=\"LATTES\" href=\"http:\/\/lattes.cnpq.br\/3263032531488642\" target=\"_blank\" rel=\"noopener\">Renata Janice Morais Lima Ferreira Barros<\/a><\/td>\n<td>613024<\/td>\n<td>F\u00e1tima Raquel Rosado Morais<\/td>\n<\/tr>\n<tr>\n<td><a title=\"LATTES\" href=\"http:\/\/lattes.cnpq.br\/1281088904859917\" target=\"_blank\" rel=\"noopener\">R\u00e9via Ribeiro Castro<\/a><\/td>\n<td>613025<\/td>\n<td>Richardson Augusto Rosendo da Silva<\/td>\n<\/tr>\n<tr>\n<td><a title=\"LATTES\" href=\"http:\/\/lattes.cnpq.br\/8394177369391765\" target=\"_blank\" rel=\"noopener\">Rosa Ang\u00e9lica Silveira Rebou\u00e7as Barbosa<\/a><\/td>\n<td>613026<\/td>\n<td>Caroline Addison Carvalho Xavier de Medeiros<\/td>\n<\/tr>\n<tr>\n<td><a title=\"LATTES\" href=\"http:\/\/lattes.cnpq.br\/1082965753355016%20ID%20Lattes:%201082965753355016\" target=\"_blank\" rel=\"noopener\">Sabrina Lisboa Bezerra<\/a><\/td>\n<td>613027<\/td>\n<td>Maria Irany Knackfuss<\/td>\n<\/tr>\n<tr>\n<td><a title=\"LATTES\" href=\"http:\/\/lattes.cnpq.br\/1595009995064936\" target=\"_blank\" rel=\"noopener\">Salvador Viana Gomes J\u00fanior<\/a><\/td>\n<td>613028<\/td>\n<td>Fausto Pierdon\u00e1 Guzen<\/td>\n<\/tr>\n<tr>\n<td><a title=\"LATTES\" href=\"http:\/\/lattes.cnpq.br\/0662541458552368\" target=\"_blank\" rel=\"noopener\">Sarah Maria Veras Bezerra<\/a><\/td>\n<td>613029<\/td>\n<td>Isabela Pinheiro Cavalcanti Lima<\/td>\n<\/tr>\n<tr>\n<td><a title=\"LATTES\" href=\"http:\/\/lattes.cnpq.br\/7778497621085807\" target=\"_blank\" rel=\"noopener\">Ubaldo On\u00e9sio de Ara\u00fajo Silva<\/a><\/td>\n<td>613030<\/td>\n<td>Humberto Jefferson de Medeiros<\/td>\n<\/tr>\n<tr>\n<td><a title=\"LATTES\" href=\"http:\/\/lattes.cnpq.br\/9024639535590514\" target=\"_blank\" rel=\"noopener\">Yuri Victor de Medeiros Martins<\/a><\/td>\n<td>613031<\/td>\n<td>Isabela Pinheiro Cavalcanti Lima<\/td>\n<\/tr>\n<\/tbody>\n<\/table>\n<p>&nbsp;<\/p>\n","protected":false},"excerpt":{"rendered":"<p>NOME MATR\u00cdCULA\u00a0UERN ORIENTADOR (A) Alexandre Policarpo da Silva 613002 Eduardo Jos\u00e9 Guerra Seabra Am\u00e9lia Resende Leite 613003 Richardson Augusto Rosendo da Silva Anassely Bezerra Bessa 613005 Isabela Pinheiro Cavalcanti Lima Carla Nadja Santos de Sousa 613001 F\u00e1tima Raquel Rosado Morais Claudielly Ferreira da Silva 613006 Mo\u00eamia Gomes de Oliveira Miranda Cl\u00e9ber Mahlmann Viana Bezerra 613007 [&hellip;]<\/p>\n","protected":false},"author":17,"featured_media":0,"parent":0,"menu_order":0,"comment_status":"closed","ping_status":"closed","template":"","meta":{"footnotes":""},"class_list":["post-661","page","type-page","status-publish","hentry"],"_links":{"self":[{"href":"https:\/\/portal.uern.br\/propeg\/ppgss\/wp-json\/wp\/v2\/pages\/661","targetHints":{"allow":["GET"]}}],"collection":[{"href":"https:\/\/portal.uern.br\/propeg\/ppgss\/wp-json\/wp\/v2\/pages"}],"about":[{"href":"https:\/\/portal.uern.br\/propeg\/ppgss\/wp-json\/wp\/v2\/types\/page"}],"author":[{"embeddable":true,"href":"https:\/\/portal.uern.br\/propeg\/ppgss\/wp-json\/wp\/v2\/users\/17"}],"replies":[{"embeddable":true,"href":"https:\/\/portal.uern.br\/propeg\/ppgss\/wp-json\/wp\/v2\/comments?post=661"}],"version-history":[{"count":3,"href":"https:\/\/portal.uern.br\/propeg\/ppgss\/wp-json\/wp\/v2\/pages\/661\/revisions"}],"predecessor-version":[{"id":720,"href":"https:\/\/portal.uern.br\/propeg\/ppgss\/wp-json\/wp\/v2\/pages\/661\/revisions\/720"}],"wp:attachment":[{"href":"https:\/\/portal.uern.br\/propeg\/ppgss\/wp-json\/wp\/v2\/media?parent=661"}],"curies":[{"name":"wp","href":"https:\/\/api.w.org\/{rel}","templated":true}]}}