{"id":659,"date":"2025-03-01T18:24:38","date_gmt":"2025-03-01T21:24:38","guid":{"rendered":"https:\/\/portal.uern.br\/propeg\/ppgss\/?page_id=659"},"modified":"2025-03-03T12:46:02","modified_gmt":"2025-03-03T15:46:02","slug":"alunos-regulares-2012","status":"publish","type":"page","link":"https:\/\/portal.uern.br\/propeg\/ppgss\/alunos-regulares-2012\/","title":{"rendered":"Alunos Regulares 2012"},"content":{"rendered":"<table cellspacing=\"0\" cellpadding=\"0\">\n<tbody>\n<tr>\n<td><strong>NOME<\/strong><\/td>\n<td><strong>MATR\u00cdCULA<\/strong>\u00a0<strong>UERN<\/strong><\/td>\n<td><strong>ORIENTADOR (A)<\/strong><\/td>\n<\/tr>\n<tr>\n<td><a href=\"http:\/\/lattes.cnpq.br\/4865321912024203\">Am\u00e9lia Carolina Lopes Fernandes<\/a><\/td>\n<td>612012<\/td>\n<td>Mo\u00eamia Gomes de Oliveira Miranda<\/td>\n<\/tr>\n<tr>\n<td><a href=\"http:\/\/lattes.cnpq.br\/1623986594741258\">Antonio Carlos de Medeiros<\/a><\/td>\n<td>612006<\/td>\n<td>Wogelsanger Oliveira Pereira<\/td>\n<\/tr>\n<tr>\n<td><a href=\"http:\/\/lattes.cnpq.br\/7274393672000952\">Diego de Araujo Dantas<\/a><\/td>\n<td>612007<\/td>\n<td>Caroline Addison Carvalho Xavier de Medeiros<\/td>\n<\/tr>\n<tr>\n<td><a href=\"http:\/\/lattes.cnpq.br\/1872004635962487\">Edson Batista dos Santos J\u00fanior<\/a><\/td>\n<td>612001<\/td>\n<td>Richardson Augusto Rosendo da Silva<\/td>\n<\/tr>\n<tr>\n<td><a href=\"http:\/\/lattes.cnpq.br\/4615823591737544\">Fabianna da Concei\u00e7\u00e3o Dantas de Medeiros<\/a><\/td>\n<td>612008<\/td>\n<td>Isabela Pinheiro Cavalcanti Lima<\/td>\n<\/tr>\n<tr>\n<td><a href=\"http:\/\/lattes.cnpq.br\/0946274743230243\">Gleidson Mendes Rebou\u00e7as<\/a><\/td>\n<td>612014<\/td>\n<td>Humberto Jefferson de Medeiros<\/td>\n<\/tr>\n<tr>\n<td><a href=\"http:\/\/lattes.cnpq.br\/6314000394524535\">Gra\u00e7a Rocha Pessoa<\/a><\/td>\n<td>612013<\/td>\n<td>Mo\u00eamia Gomes de Oliveira Miranda<\/td>\n<\/tr>\n<tr>\n<td><a href=\"http:\/\/lattes.cnpq.br\/9829466106363331\">Jo\u00e3o Carlos Lopes Bezerra<\/a><\/td>\n<td>612002<\/td>\n<td>Arnaldo Ten\u00f3rio da Cunha J\u00fanior<\/td>\n<\/tr>\n<tr>\n<td><a href=\"http:\/\/lattes.cnpq.br\/1530726880541862\">Jocasta Maria Oliveira Morais<\/a><\/td>\n<td>612004<\/td>\n<td>F\u00e1tima Raquel Rosado Morais<\/td>\n<\/tr>\n<tr>\n<td><a href=\"http:\/\/lattes.cnpq.br\/6547525058778230\">Nailton Jos\u00e9 Brand\u00e3o de Albuquerque Filho<\/a><\/td>\n<td>612003<\/td>\n<td>Humberto Jefferson de Medeiros<\/td>\n<\/tr>\n<tr>\n<td><a href=\"http:\/\/lattes.cnpq.br\/9014546797518275\">Suzane Gomes de Medeiros<\/a><\/td>\n<td>612005<\/td>\n<td>F\u00e1tima Raquel Rosado Morais<\/td>\n<\/tr>\n<tr>\n<td><a href=\"http:\/\/lattes.cnpq.br\/6185606391849567\">Thiago Fernando de Ara\u00fajo Silva<\/a><\/td>\n<td>612009<\/td>\n<td>Eduardo Jos\u00e9 Guerra Seabra<\/td>\n<\/tr>\n<tr>\n<td><a href=\"http:\/\/lattes.cnpq.br\/7036978055275305\">Thiago Renee Felipe<\/a><\/td>\n<td>612015<\/td>\n<td>Maria Irany Knackfuss<\/td>\n<\/tr>\n<tr>\n<td><a href=\"http:\/\/lattes.cnpq.br\/0312215370188308\">Ubilina Maria da Concei\u00e7\u00e3o Maia<\/a><\/td>\n<td>612010<\/td>\n<td>Maria Irany Knackfuss<\/td>\n<\/tr>\n<\/tbody>\n<\/table>\n<p>&nbsp;<\/p>\n","protected":false},"excerpt":{"rendered":"<p>NOME MATR\u00cdCULA\u00a0UERN ORIENTADOR (A) Am\u00e9lia Carolina Lopes Fernandes 612012 Mo\u00eamia Gomes de Oliveira Miranda Antonio Carlos de Medeiros 612006 Wogelsanger Oliveira Pereira Diego de Araujo Dantas 612007 Caroline Addison Carvalho Xavier de Medeiros Edson Batista dos Santos J\u00fanior 612001 Richardson Augusto Rosendo da Silva Fabianna da Concei\u00e7\u00e3o Dantas de Medeiros 612008 Isabela Pinheiro Cavalcanti Lima [&hellip;]<\/p>\n","protected":false},"author":17,"featured_media":0,"parent":0,"menu_order":0,"comment_status":"closed","ping_status":"closed","template":"","meta":{"footnotes":""},"class_list":["post-659","page","type-page","status-publish","hentry"],"_links":{"self":[{"href":"https:\/\/portal.uern.br\/propeg\/ppgss\/wp-json\/wp\/v2\/pages\/659","targetHints":{"allow":["GET"]}}],"collection":[{"href":"https:\/\/portal.uern.br\/propeg\/ppgss\/wp-json\/wp\/v2\/pages"}],"about":[{"href":"https:\/\/portal.uern.br\/propeg\/ppgss\/wp-json\/wp\/v2\/types\/page"}],"author":[{"embeddable":true,"href":"https:\/\/portal.uern.br\/propeg\/ppgss\/wp-json\/wp\/v2\/users\/17"}],"replies":[{"embeddable":true,"href":"https:\/\/portal.uern.br\/propeg\/ppgss\/wp-json\/wp\/v2\/comments?post=659"}],"version-history":[{"count":5,"href":"https:\/\/portal.uern.br\/propeg\/ppgss\/wp-json\/wp\/v2\/pages\/659\/revisions"}],"predecessor-version":[{"id":785,"href":"https:\/\/portal.uern.br\/propeg\/ppgss\/wp-json\/wp\/v2\/pages\/659\/revisions\/785"}],"wp:attachment":[{"href":"https:\/\/portal.uern.br\/propeg\/ppgss\/wp-json\/wp\/v2\/media?parent=659"}],"curies":[{"name":"wp","href":"https:\/\/api.w.org\/{rel}","templated":true}]}}