{"id":608,"date":"2025-03-01T15:37:41","date_gmt":"2025-03-01T18:37:41","guid":{"rendered":"https:\/\/portal.uern.br\/propeg\/ppgss\/?page_id=608"},"modified":"2025-03-01T15:37:41","modified_gmt":"2025-03-01T18:37:41","slug":"regimento-do-programa","status":"publish","type":"page","link":"https:\/\/portal.uern.br\/propeg\/ppgss\/regimento-do-programa\/","title":{"rendered":"Regimento do Programa"},"content":{"rendered":"<p>O Regimento atual do Programa de P\u00f3s-Gradua\u00e7\u00e3o em Sa\u00fade e Sociedade foi aprovado pelo Colegiado do PPGSS em reuni\u00e3o realizada em 19\/12\/2019.<\/p>\n<p>A \u00faltima atualiza\u00e7\u00e3o foi realizada pelo Colegiado em reuni\u00e3o realizada em 17\/02\/2023.<\/p>\n<p>Para fazer download do Regimento\u00a0<a title=\"Regimento\" href=\"http:\/\/www.uern.br\/controledepaginas\/ppgss-regimento\/arquivos\/0853regimento_do_ppgss_versao_aprovada_em_17.02.2023.pdf\" target=\"_blank\" rel=\"noopener\">CLIQUE AQUI<\/a><\/p>\n<p><strong>.<\/strong><\/p>\n<p>&nbsp;<\/p>\n","protected":false},"excerpt":{"rendered":"<p>O Regimento atual do Programa de P\u00f3s-Gradua\u00e7\u00e3o em Sa\u00fade e Sociedade foi aprovado pelo Colegiado do PPGSS em reuni\u00e3o realizada em 19\/12\/2019. A \u00faltima atualiza\u00e7\u00e3o foi realizada pelo Colegiado em reuni\u00e3o realizada em 17\/02\/2023. Para fazer download do Regimento\u00a0CLIQUE AQUI . &nbsp;<\/p>\n","protected":false},"author":17,"featured_media":0,"parent":0,"menu_order":0,"comment_status":"closed","ping_status":"closed","template":"","meta":{"footnotes":""},"class_list":["post-608","page","type-page","status-publish","hentry"],"_links":{"self":[{"href":"https:\/\/portal.uern.br\/propeg\/ppgss\/wp-json\/wp\/v2\/pages\/608","targetHints":{"allow":["GET"]}}],"collection":[{"href":"https:\/\/portal.uern.br\/propeg\/ppgss\/wp-json\/wp\/v2\/pages"}],"about":[{"href":"https:\/\/portal.uern.br\/propeg\/ppgss\/wp-json\/wp\/v2\/types\/page"}],"author":[{"embeddable":true,"href":"https:\/\/portal.uern.br\/propeg\/ppgss\/wp-json\/wp\/v2\/users\/17"}],"replies":[{"embeddable":true,"href":"https:\/\/portal.uern.br\/propeg\/ppgss\/wp-json\/wp\/v2\/comments?post=608"}],"version-history":[{"count":1,"href":"https:\/\/portal.uern.br\/propeg\/ppgss\/wp-json\/wp\/v2\/pages\/608\/revisions"}],"predecessor-version":[{"id":609,"href":"https:\/\/portal.uern.br\/propeg\/ppgss\/wp-json\/wp\/v2\/pages\/608\/revisions\/609"}],"wp:attachment":[{"href":"https:\/\/portal.uern.br\/propeg\/ppgss\/wp-json\/wp\/v2\/media?parent=608"}],"curies":[{"name":"wp","href":"https:\/\/api.w.org\/{rel}","templated":true}]}}