{"id":606,"date":"2025-03-01T15:36:51","date_gmt":"2025-03-01T18:36:51","guid":{"rendered":"https:\/\/portal.uern.br\/propeg\/ppgss\/?page_id=606"},"modified":"2025-03-01T15:36:51","modified_gmt":"2025-03-01T18:36:51","slug":"disciplinas","status":"publish","type":"page","link":"https:\/\/portal.uern.br\/propeg\/ppgss\/disciplinas\/","title":{"rendered":"Disciplinas"},"content":{"rendered":"<p>Atualizado em Setembro de 2018<\/p>\n<p><strong>A &#8211; N\u00daCLEO DE DISCIPLINAS OBRIGAT\u00d3RIAS<\/strong><\/p>\n<table class=\"mceItemTable\" style=\"width: 600px\">\n<tbody>\n<tr>\n<td style=\"width: 350px;border: #a9a9a9 1px solid\">DISCIPLINA<\/td>\n<td style=\"width: 80px;border: #a9a9a9 1px solid\">C\u00d3DIGO<\/td>\n<td style=\"width: 50px;border: #a9a9a9 1px solid\">CARGA HOR\u00c1RIA<\/td>\n<td style=\"width: 50px;border: #a9a9a9 1px solid\">CR\u00c9DITOS<\/td>\n<\/tr>\n<tr>\n<td style=\"width: 350px;border: #a9a9a9 1px solid\">Pesquisa em Sa\u00fade<\/td>\n<td style=\"width: 80px;border: #a9a9a9 1px solid\">PS6103<\/td>\n<td style=\"width: 50px;border: #a9a9a9 1px solid\">45<\/td>\n<td style=\"width: 50px;border: #a9a9a9 1px solid\">03<\/td>\n<\/tr>\n<tr>\n<td style=\"width: 350px;border: #a9a9a9 1px solid\">Reda\u00e7\u00e3o do Trabalho Cient\u00edfico<\/td>\n<td style=\"width: 80px;border: #a9a9a9 1px solid\">RTC6123<\/td>\n<td style=\"width: 50px;border: #a9a9a9 1px solid\">45<\/td>\n<td style=\"width: 50px;border: #a9a9a9 1px solid\">03<\/td>\n<\/tr>\n<tr>\n<td style=\"width: 350px;border: #a9a9a9 1px solid\">Metodologia de Ensino para a \u00c1rea da Sa\u00fade<\/td>\n<td style=\"width: 80px;border: #a9a9a9 1px solid\">MEAS6127<\/td>\n<td style=\"width: 50px;border: #a9a9a9 1px solid\">45<\/td>\n<td style=\"width: 50px;border: #a9a9a9 1px solid\">03<\/td>\n<\/tr>\n<tr>\n<td style=\"width: 350px;border: #a9a9a9 1px solid\">Elabora\u00e7\u00e3o da Disserta\u00e7\u00e3o de Mestrado I<\/td>\n<td style=\"width: 80px;border: #a9a9a9 1px solid\">EDMI6131<\/td>\n<td style=\"width: 50px;border: #a9a9a9 1px solid\">30<\/td>\n<td style=\"width: 50px;border: #a9a9a9 1px solid\">02<\/td>\n<\/tr>\n<tr>\n<td style=\"width: 350px;border: #a9a9a9 1px solid\">Elabora\u00e7\u00e3o da Disserta\u00e7\u00e3o de Mestrado II<\/td>\n<td style=\"width: 80px;border: #a9a9a9 1px solid\">EDMII6132<\/td>\n<td style=\"width: 50px;border: #a9a9a9 1px solid\">30<\/td>\n<td style=\"width: 50px;border: #a9a9a9 1px solid\">02<\/td>\n<\/tr>\n<tr>\n<td style=\"width: 350px;border: #a9a9a9 1px solid\">Elabora\u00e7\u00e3o da Disserta\u00e7\u00e3o de Mestrado III<\/td>\n<td style=\"width: 80px;border: #a9a9a9 1px solid\">EDMII6133<\/td>\n<td style=\"width: 50px;border: #a9a9a9 1px solid\">30<\/td>\n<td style=\"width: 50px;border: #a9a9a9 1px solid\">02<\/td>\n<\/tr>\n<tr>\n<td style=\"width: 350px;border: #a9a9a9 1px solid\">Elabora\u00e7\u00e3o da Disserta\u00e7\u00e3o de Mestrado IV<\/td>\n<td style=\"width: 80px;border: #a9a9a9 1px solid\">EDMIV6134<\/td>\n<td style=\"width: 50px;border: #a9a9a9 1px solid\">30<\/td>\n<td style=\"width: 50px;border: #a9a9a9 1px solid\">02<\/td>\n<\/tr>\n<\/tbody>\n<\/table>\n<p><strong>B &#8211; N\u00daCLEO DE DISCIPLINAS OPTATIVAS<\/strong><\/p>\n<table class=\"mceItemTable\" style=\"width: 600px\">\n<tbody>\n<tr>\n<td style=\"width: 350px;border: #a9a9a9 1px solid\">DISCIPLINA<\/td>\n<td style=\"width: 80px;border: #a9a9a9 1px solid\">C\u00d3DIGO<\/td>\n<td style=\"width: 50px;border: #a9a9a9 1px solid\">CARGA HOR\u00c1RIA<\/td>\n<td style=\"width: 50px;border: #a9a9a9 1px solid\">CR\u00c9DITOS<\/td>\n<\/tr>\n<tr>\n<td style=\"width: 350px;border: #a9a9a9 1px solid\">Epidemiologia, Sa\u00fade e Sociedade<\/td>\n<td style=\"width: 80px;border: #a9a9a9 1px solid\">ESS6101<\/td>\n<td style=\"width: 50px;border: #a9a9a9 1px solid\">45<\/td>\n<td style=\"width: 50px;border: #a9a9a9 1px solid\">03<\/td>\n<\/tr>\n<tr>\n<td style=\"width: 350px;border: #a9a9a9 1px solid\">Pol\u00edticas P\u00fablicas e Pr\u00e1ticas de Sa\u00fade<\/td>\n<td style=\"width: 80px;border: #a9a9a9 1px solid\">PPPS6102<\/td>\n<td style=\"width: 50px;border: #a9a9a9 1px solid\">45<\/td>\n<td style=\"width: 50px;border: #a9a9a9 1px solid\">03<\/td>\n<\/tr>\n<tr>\n<td style=\"width: 350px;border: #a9a9a9 1px solid\">Ci\u00eancia e Sociedade<\/td>\n<td style=\"width: 80px;border: #a9a9a9 1px solid\">CS6104<\/td>\n<td style=\"width: 50px;border: #a9a9a9 1px solid\">30<\/td>\n<td style=\"width: 50px;border: #a9a9a9 1px solid\">02<\/td>\n<\/tr>\n<tr>\n<td style=\"width: 350px;border: #a9a9a9 1px solid\">Atividade F\u00edsica e Qualidade de Vida<\/td>\n<td style=\"width: 80px;border: #a9a9a9 1px solid\">AFQV6113<\/td>\n<td style=\"width: 50px;border: #a9a9a9 1px solid\">30<\/td>\n<td style=\"width: 50px;border: #a9a9a9 1px solid\">02<\/td>\n<\/tr>\n<tr>\n<td style=\"width: 350px;border: #a9a9a9 1px solid\">Avalia\u00e7\u00e3o de Pol\u00edticas P\u00fablicas de Sa\u00fade<\/td>\n<td style=\"width: 80px;border: #a9a9a9 1px solid\">APPS6121<\/td>\n<td style=\"width: 50px;border: #a9a9a9 1px solid\">30<\/td>\n<td style=\"width: 50px;border: #a9a9a9 1px solid\">02<\/td>\n<\/tr>\n<tr>\n<td style=\"width: 350px;border: #a9a9a9 1px solid\">Bioestat\u00edstica I<\/td>\n<td style=\"width: 80px;border: #a9a9a9 1px solid\">BIOI6137<\/td>\n<td style=\"width: 50px;border: #a9a9a9 1px solid\">45<\/td>\n<td style=\"width: 50px;border: #a9a9a9 1px solid\">03<\/td>\n<\/tr>\n<tr>\n<td style=\"width: 350px;border: #a9a9a9 1px solid\">Bioestat\u00edstica II<\/td>\n<td style=\"width: 80px;border: #a9a9a9 1px solid\">BIOII6122<\/td>\n<td style=\"width: 50px;border: #a9a9a9 1px solid\">30<\/td>\n<td style=\"width: 50px;border: #a9a9a9 1px solid\">02<\/td>\n<\/tr>\n<tr>\n<td style=\"width: 350px;border: #a9a9a9 1px solid\">Doc\u00eancia Supervisionada<\/td>\n<td style=\"width: 80px;border: #a9a9a9 1px solid\">DS6118<\/td>\n<td style=\"width: 50px;border: #a9a9a9 1px solid\">30<\/td>\n<td style=\"width: 50px;border: #a9a9a9 1px solid\">02<\/td>\n<\/tr>\n<tr>\n<td style=\"width: 350px;border: #a9a9a9 1px solid\">Educa\u00e7\u00e3o Brasileira e a forma\u00e7\u00e3o em Sa\u00fade<\/td>\n<td style=\"width: 80px;border: #a9a9a9 1px solid\">EBFS6111<\/td>\n<td style=\"width: 50px;border: #a9a9a9 1px solid\">30<\/td>\n<td style=\"width: 50px;border: #a9a9a9 1px solid\">02<\/td>\n<\/tr>\n<tr>\n<td style=\"width: 350px;border: #a9a9a9 1px solid\">Produ\u00e7\u00e3o dos Sentidos na Sa\u00fade<\/td>\n<td style=\"width: 80px;border: #a9a9a9 1px solid\">PSS6120<\/td>\n<td style=\"width: 50px;border: #a9a9a9 1px solid\">30<\/td>\n<td style=\"width: 50px;border: #a9a9a9 1px solid\">02<\/td>\n<\/tr>\n<tr>\n<td style=\"width: 350px;border: #a9a9a9 1px solid\">Promo\u00e7\u00e3o da Sa\u00fade da Crian\u00e7a e Adolescente<\/td>\n<td style=\"width: 80px;border: #a9a9a9 1px solid\">PSCA6112<\/td>\n<td style=\"width: 50px;border: #a9a9a9 1px solid\">30<\/td>\n<td style=\"width: 50px;border: #a9a9a9 1px solid\">02<\/td>\n<\/tr>\n<tr>\n<td style=\"width: 350px;border: #a9a9a9 1px solid\">Reda\u00e7\u00e3o do Trabalho Cient\u00edfico<\/td>\n<td style=\"width: 80px;border: #a9a9a9 1px solid\">RTC6109<\/td>\n<td style=\"width: 50px;border: #a9a9a9 1px solid\">30<\/td>\n<td style=\"width: 50px;border: #a9a9a9 1px solid\">02<\/td>\n<\/tr>\n<tr>\n<td style=\"width: 350px;border: #a9a9a9 1px solid\">Investiga\u00e7\u00e3o Qualitativa na Atividade F\u00edsica e Sa\u00fade<\/td>\n<td style=\"width: 80px;border: #a9a9a9 1px solid\">IQAFS6124<\/td>\n<td style=\"width: 50px;border: #a9a9a9 1px solid\">30<\/td>\n<td style=\"width: 50px;border: #a9a9a9 1px solid\">02<\/td>\n<\/tr>\n<tr>\n<td style=\"width: 350px;border: #a9a9a9 1px solid\">Princ\u00edpios de Biologia Molecular<\/td>\n<td style=\"width: 80px;border: #a9a9a9 1px solid\">PBM6125<\/td>\n<td style=\"width: 50px;border: #a9a9a9 1px solid\">60<\/td>\n<td style=\"width: 50px;border: #a9a9a9 1px solid\">04<\/td>\n<\/tr>\n<tr>\n<td style=\"width: 350px;border: #a9a9a9 1px solid\">Oncologia Oral<\/td>\n<td style=\"width: 80px;border: #a9a9a9 1px solid\">OO6126<\/td>\n<td style=\"width: 50px;border: #a9a9a9 1px solid\">30<\/td>\n<td style=\"width: 50px;border: #a9a9a9 1px solid\">02<\/td>\n<\/tr>\n<tr>\n<td style=\"width: 350px;border: #a9a9a9 1px solid\">T\u00f3picos Especiais em Pesquisa em Sa\u00fade I<\/td>\n<td style=\"width: 80px;border: #a9a9a9 1px solid\">TEPSI6128<\/td>\n<td style=\"width: 50px;border: #a9a9a9 1px solid\">30<\/td>\n<td style=\"width: 50px;border: #a9a9a9 1px solid\">02<\/td>\n<\/tr>\n<tr>\n<td style=\"width: 350px;border: #a9a9a9 1px solid\">T\u00f3picos Especiais em Pesquisa em Sa\u00fade II<\/td>\n<td style=\"width: 80px;border: #a9a9a9 1px solid\">TEPSII6129<\/td>\n<td style=\"width: 50px;border: #a9a9a9 1px solid\">45<\/td>\n<td style=\"width: 50px;border: #a9a9a9 1px solid\">03<\/td>\n<\/tr>\n<tr>\n<td style=\"width: 350px;border: #a9a9a9 1px solid\">T\u00f3picos Especiais em Pesquisa em Sa\u00fade III<\/td>\n<td style=\"width: 80px;border: #a9a9a9 1px solid\">TEPSIII6130<\/td>\n<td style=\"width: 50px;border: #a9a9a9 1px solid\">60<\/td>\n<td style=\"width: 50px;border: #a9a9a9 1px solid\">04<\/td>\n<\/tr>\n<tr>\n<td style=\"width: 350px;border: #a9a9a9 1px solid\">Pacientes com Necessidades Especiais<\/td>\n<td style=\"width: 80px;border: #a9a9a9 1px solid\">PNE6135<\/td>\n<td style=\"width: 50px;border: #a9a9a9 1px solid\">60<\/td>\n<td style=\"width: 50px;border: #a9a9a9 1px solid\">04<\/td>\n<\/tr>\n<tr>\n<td style=\"width: 350px;border: #a9a9a9 1px solid\">Fundamentos de Neuroci\u00eancias<\/td>\n<td style=\"width: 80px;border: #a9a9a9 1px solid\">FN6136<\/td>\n<td style=\"width: 50px;border: #a9a9a9 1px solid\">60<\/td>\n<td style=\"width: 50px;border: #a9a9a9 1px solid\">04<\/td>\n<\/tr>\n<tr>\n<td style=\"width: 350px;border: #a9a9a9 1px solid\">Bioestat\u00edstica II<\/td>\n<td style=\"width: 80px;border: #a9a9a9 1px solid\">BIOII6138<\/td>\n<td style=\"width: 50px;border: #a9a9a9 1px solid\">45<\/td>\n<td style=\"width: 50px;border: #a9a9a9 1px solid\">03<\/td>\n<\/tr>\n<tr>\n<td style=\"width: 350px;border: #a9a9a9 1px solid\">Comunica\u00e7\u00e3o Celular no Sistema Nervoso<\/td>\n<td style=\"width: 80px;border: #a9a9a9 1px solid\">CCSN6139<\/td>\n<td style=\"width: 50px;border: #a9a9a9 1px solid\">45<\/td>\n<td style=\"width: 50px;border: #a9a9a9 1px solid\">03<\/td>\n<\/tr>\n<tr>\n<td style=\"width: 350px;border: #a9a9a9 1px solid\">Metodologia de Estudos Qualitativos<\/td>\n<td style=\"width: 80px;border: #a9a9a9 1px solid\">MEQ6140<\/td>\n<td style=\"width: 50px;border: #a9a9a9 1px solid\">60<\/td>\n<td style=\"width: 50px;border: #a9a9a9 1px solid\">04<\/td>\n<\/tr>\n<tr>\n<td style=\"width: 350px;border: #a9a9a9 1px solid\">Fisiologia do Exerc\u00edcio<\/td>\n<td style=\"width: 80px;border: #a9a9a9 1px solid\">FE6141<\/td>\n<td style=\"width: 50px;border: #a9a9a9 1px solid\">60<\/td>\n<td style=\"width: 50px;border: #a9a9a9 1px solid\">04<\/td>\n<\/tr>\n<\/tbody>\n<\/table>\n<p>&nbsp;<\/p>\n","protected":false},"excerpt":{"rendered":"<p>Atualizado em Setembro de 2018 A &#8211; N\u00daCLEO DE DISCIPLINAS OBRIGAT\u00d3RIAS DISCIPLINA C\u00d3DIGO CARGA HOR\u00c1RIA CR\u00c9DITOS Pesquisa em Sa\u00fade PS6103 45 03 Reda\u00e7\u00e3o do Trabalho Cient\u00edfico RTC6123 45 03 Metodologia de Ensino para a \u00c1rea da Sa\u00fade MEAS6127 45 03 Elabora\u00e7\u00e3o da Disserta\u00e7\u00e3o de Mestrado I EDMI6131 30 02 Elabora\u00e7\u00e3o da Disserta\u00e7\u00e3o de Mestrado II [&hellip;]<\/p>\n","protected":false},"author":17,"featured_media":0,"parent":0,"menu_order":0,"comment_status":"closed","ping_status":"closed","template":"","meta":{"footnotes":""},"class_list":["post-606","page","type-page","status-publish","hentry"],"_links":{"self":[{"href":"https:\/\/portal.uern.br\/propeg\/ppgss\/wp-json\/wp\/v2\/pages\/606","targetHints":{"allow":["GET"]}}],"collection":[{"href":"https:\/\/portal.uern.br\/propeg\/ppgss\/wp-json\/wp\/v2\/pages"}],"about":[{"href":"https:\/\/portal.uern.br\/propeg\/ppgss\/wp-json\/wp\/v2\/types\/page"}],"author":[{"embeddable":true,"href":"https:\/\/portal.uern.br\/propeg\/ppgss\/wp-json\/wp\/v2\/users\/17"}],"replies":[{"embeddable":true,"href":"https:\/\/portal.uern.br\/propeg\/ppgss\/wp-json\/wp\/v2\/comments?post=606"}],"version-history":[{"count":1,"href":"https:\/\/portal.uern.br\/propeg\/ppgss\/wp-json\/wp\/v2\/pages\/606\/revisions"}],"predecessor-version":[{"id":607,"href":"https:\/\/portal.uern.br\/propeg\/ppgss\/wp-json\/wp\/v2\/pages\/606\/revisions\/607"}],"wp:attachment":[{"href":"https:\/\/portal.uern.br\/propeg\/ppgss\/wp-json\/wp\/v2\/media?parent=606"}],"curies":[{"name":"wp","href":"https:\/\/api.w.org\/{rel}","templated":true}]}}