{"id":604,"date":"2025-03-01T15:36:02","date_gmt":"2025-03-01T18:36:02","guid":{"rendered":"https:\/\/portal.uern.br\/propeg\/ppgss\/?page_id=604"},"modified":"2025-03-01T15:36:02","modified_gmt":"2025-03-01T18:36:02","slug":"area-de-concentracao","status":"publish","type":"page","link":"https:\/\/portal.uern.br\/propeg\/ppgss\/area-de-concentracao\/","title":{"rendered":"\u00c1rea de Concentra\u00e7\u00e3o"},"content":{"rendered":"<h5>\u00c1rea vinculada na CAPES: Medicina II<\/h5>\n<h5>\u00c1rea de Concentra\u00e7\u00e3o:\u00a0Ci\u00eancias da sa\u00fade<\/h5>\n<h5>Linhas de Pesquisa:<\/h5>\n<p>I &#8211;<strong>\u00a0Aspectos epidemiol\u00f3gicos, cl\u00ednicos, diagn\u00f3sticos e terap\u00eauticos das doen\u00e7as, agravos e aten\u00e7\u00e3o \u00e0 Sa\u00fade<\/strong>:<\/p>\n<p>Esta linha de pesquisa relaciona-se a investiga\u00e7\u00e3o epidemiol\u00f3gica e cl\u00ednica, onde s\u00e3o pesquisados m\u00e9todos diagn\u00f3sticos, terap\u00eauticos, progn\u00f3sticos das doen\u00e7as, fatores de risco e estrat\u00e9gias de preven\u00e7\u00e3o \u00e0s doen\u00e7as, agravos e aten\u00e7\u00e3o \u00e0 sa\u00fade com \u00eanfase nas suas utilidades nas pr\u00e1ticas profissionais de sa\u00fade.<\/p>\n<p>II &#8211;<strong>\u00a0Fisiopatologia das Doen\u00e7as e Agravos \u00e0 Sa\u00fade<\/strong>:<\/p>\n<p>Esta linha de pesquisa investiga aspectos gen\u00e9ticos, moleculares, morfol\u00f3gicos, fisiol\u00f3gicos, fisiopatol\u00f3gicos, mecanismos celulares comportamentais e psicossociais envolvidos na promo\u00e7\u00e3o da sa\u00fade e\/ou patog\u00eanese das doen\u00e7as, bem como as altera\u00e7\u00f5es morfofuncionais e evolu\u00e7\u00e3o dos processos patol\u00f3gicos humanos e dos agravos \u00e0 sa\u00fade e das respostas adaptativas que o organismo humano desenvolve nestas condi\u00e7\u00f5es.<\/p>\n","protected":false},"excerpt":{"rendered":"<p>\u00c1rea vinculada na CAPES: Medicina II \u00c1rea de Concentra\u00e7\u00e3o:\u00a0Ci\u00eancias da sa\u00fade Linhas de Pesquisa: I &#8211;\u00a0Aspectos epidemiol\u00f3gicos, cl\u00ednicos, diagn\u00f3sticos e terap\u00eauticos das doen\u00e7as, agravos e aten\u00e7\u00e3o \u00e0 Sa\u00fade: Esta linha de pesquisa relaciona-se a investiga\u00e7\u00e3o epidemiol\u00f3gica e cl\u00ednica, onde s\u00e3o pesquisados m\u00e9todos diagn\u00f3sticos, terap\u00eauticos, progn\u00f3sticos das doen\u00e7as, fatores de risco e estrat\u00e9gias de preven\u00e7\u00e3o \u00e0s [&hellip;]<\/p>\n","protected":false},"author":17,"featured_media":0,"parent":0,"menu_order":0,"comment_status":"closed","ping_status":"closed","template":"","meta":{"footnotes":""},"class_list":["post-604","page","type-page","status-publish","hentry"],"_links":{"self":[{"href":"https:\/\/portal.uern.br\/propeg\/ppgss\/wp-json\/wp\/v2\/pages\/604","targetHints":{"allow":["GET"]}}],"collection":[{"href":"https:\/\/portal.uern.br\/propeg\/ppgss\/wp-json\/wp\/v2\/pages"}],"about":[{"href":"https:\/\/portal.uern.br\/propeg\/ppgss\/wp-json\/wp\/v2\/types\/page"}],"author":[{"embeddable":true,"href":"https:\/\/portal.uern.br\/propeg\/ppgss\/wp-json\/wp\/v2\/users\/17"}],"replies":[{"embeddable":true,"href":"https:\/\/portal.uern.br\/propeg\/ppgss\/wp-json\/wp\/v2\/comments?post=604"}],"version-history":[{"count":1,"href":"https:\/\/portal.uern.br\/propeg\/ppgss\/wp-json\/wp\/v2\/pages\/604\/revisions"}],"predecessor-version":[{"id":605,"href":"https:\/\/portal.uern.br\/propeg\/ppgss\/wp-json\/wp\/v2\/pages\/604\/revisions\/605"}],"wp:attachment":[{"href":"https:\/\/portal.uern.br\/propeg\/ppgss\/wp-json\/wp\/v2\/media?parent=604"}],"curies":[{"name":"wp","href":"https:\/\/api.w.org\/{rel}","templated":true}]}}