{"id":586,"date":"2025-03-01T15:22:31","date_gmt":"2025-03-01T18:22:31","guid":{"rendered":"https:\/\/portal.uern.br\/propeg\/ppgss\/?page_id=586"},"modified":"2025-03-01T15:22:31","modified_gmt":"2025-03-01T18:22:31","slug":"eleicoes-de-representante-discente","status":"publish","type":"page","link":"https:\/\/portal.uern.br\/propeg\/ppgss\/eleicoes-de-representante-discente\/","title":{"rendered":"Elei\u00e7\u00f5es de Representante Discente"},"content":{"rendered":"<p><strong>ELEI\u00c7\u00c3O PARA REPRESENTANTE DISCENTE DO PROGRAMA DE P\u00d3S-GRADUA\u00c7\u00c3O EM SA\u00daDE E SOCIEDADE \u2013 PPGSS\u00a0<\/strong>&#8211; MANDATO\u00a0<span lang=\"pt-BR\">DE AGOSTO<\/span>\u00a0DE 202<span lang=\"pt-BR\">4<\/span>\u00a0A\u00a0<span lang=\"pt-BR\">FEVEREIRO<\/span>\u00a0DE 202<span lang=\"pt-BR\">5<\/span><\/p>\n<p><span lang=\"pt-BR\">&#8211;\u00a0<a title=\"Edital\" href=\"https:\/\/drive.google.com\/file\/d\/17VtHPrQKEU2DGGPUAmdYPJohzLZJsa3S\/view?usp=sharing\" target=\"_blank\" rel=\"noopener\">Edital 004\/2024 &#8211; Elei\u00e7\u00e3o de Representante Discente do PPGSS 2024<\/a>\u00a0(Publicado em 14\/08\/2024)<\/span><\/p>\n<p><span lang=\"pt-BR\">&#8211;\u00a0<a title=\"Eleitores\" href=\"https:\/\/drive.google.com\/file\/d\/1-RcgPT9KIJgJwM71qcD9veYQruwAmj0P\/view?usp=sharing\" target=\"_blank\" rel=\"noopener\">Discentes aptos a votar &#8211; Elei\u00e7\u00e3o de Representante Discente 2024<\/a>\u00a0(Publicado em 14\/08\/2024)<\/span><\/p>\n<p><span lang=\"pt-BR\">&#8211;\u00a0<a title=\"Formul\u00e1rio de inscri\u00e7\u00e3o\" href=\"https:\/\/drive.google.com\/file\/d\/1J49h3kNSVo17Y8GQFiY7At6sWGyM95nT\/view?usp=sharing\" target=\"_blank\" rel=\"noopener\">Formul\u00e1rio de Inscri\u00e7\u00e3o para Candidatos \u00e0 Representante Discente 2024<\/a>\u00a0(Publicado em 14\/08\/2024)<\/span><\/p>\n<p><strong>.<\/strong><\/p>\n<hr \/>\n<p><strong>ELEI\u00c7\u00c3O PARA REPRESENTANTE DISCENTE DO PROGRAMA DE P\u00d3S-GRADUA\u00c7\u00c3O EM SA\u00daDE E SOCIEDADE \u2013 PPGSS\u00a0<\/strong>&#8211; MANDATO MAR\u00c7O DE 2023 A FEVEREIRO DE 2024<\/p>\n<p>&#8211;\u00a0<a title=\"Edital\" href=\"http:\/\/www.uern.br\/controledepaginas\/ppgss-eleicoes-representante-discente\/arquivos\/6326edital_004_2023_eleicao_de_representante_discente_do_ppgss_2023.pdf\" target=\"_blank\" rel=\"noopener\">Edital 004\/2023 &#8211; Elei\u00e7\u00e3o de Representante Discente do PPGSS 2023<\/a>\u00a0(Publicado em 15\/03\/2023)<\/p>\n<p>&#8211;\u00a0<a title=\"Inscri\u00e7\u00e3o\" href=\"http:\/\/www.uern.br\/controledepaginas\/ppgss-eleicoes-representante-discente\/arquivos\/6326formulario_de_inscricao_para_candidatos_a_representante_discente_2023.zip\" target=\"_blank\" rel=\"noopener\">Formul\u00e1rio de Inscri\u00e7\u00e3o para Candidatos \u00e0 Representante Discente 2023<\/a>\u00a0(Publicado em 15\/03\/2023)<\/p>\n<p>&#8211;\u00a0<a title=\"Candidatos inscritos\" href=\"http:\/\/www.uern.br\/controledepaginas\/ppgss-eleicoes-representante-discente\/arquivos\/6326candidatos_inscritos_no_edital_004_2023_representante_discente_2023.pdf\" target=\"_blank\" rel=\"noopener\">Candidatos Inscritos no Edital 004\/2023 &#8211; Representante Discente 2023<\/a>\u00a0(Publicado em 21\/03\/2023)<\/p>\n<p>&#8211;\u00a0<a title=\"Resultado da elei\u00e7\u00e3o\" href=\"http:\/\/www.uern.br\/controledepaginas\/ppgss-eleicoes-representante-discente\/arquivos\/6326resultado_da_eleicao_representante_discente_2023.pdf\" target=\"_blank\" rel=\"noopener\">Resultado da Elei\u00e7\u00e3o &#8211; Representante Discente 2023<\/a>\u00a0(Publicado em 24\/03\/2023)<\/p>\n<hr \/>\n<p><strong>ELEI\u00c7\u00c3O PARA REPRESENTANTE DISCENTE DO PROGRAMA DE P\u00d3S-GRADUA\u00c7\u00c3O EM SA\u00daDE E SOCIEDADE \u2013 PPGSS\u00a0<\/strong>&#8211; MANDATO JUNHO DE 2021 A MAIO DE 2022 &#8211;<\/p>\n<p>&#8211;\u00a0<a title=\"Edital\" href=\"https:\/\/www.uern.br\/controledepaginas\/ppgss-eleicoes-representante-discente\/arquivos\/6326edital_003_2021_eleicao_de_representante_discente_do_ppgss_2021.pdf\" target=\"_blank\" rel=\"noopener\">Edital 003\/2021 &#8211; Elei\u00e7\u00e3o de Representante Discente do PPGSS 2021<\/a>\u00a0(Publicado em 17\/05\/2021)<\/p>\n<p>&#8211;\u00a0<a title=\"Formul\u00e1rio de Inscri\u00e7\u00e3o\" href=\"https:\/\/www.uern.br\/controledepaginas\/ppgss-eleicoes-representante-discente\/arquivos\/6326formulario_de_inscricao_para_candidatos_a_representante_discente_2021.zip\" target=\"_blank\" rel=\"noopener\">Formul\u00e1rio de Inscri\u00e7\u00e3o para Candidatos \u00e0 Representante Discente 2021<\/a>\u00a0(Publicado em 17\/05\/2021)<\/p>\n<p>&#8211;\u00a0<a title=\"Candidatos inscritos\" href=\"https:\/\/www.uern.br\/controledepaginas\/ppgss-eleicoes-representante-discente\/arquivos\/6326candidatos_inscritos_no_edital_003_2021_representante_discente_2021.pdf\" target=\"_blank\" rel=\"noopener\">Candidatos Inscritos no Edital 003\/2021 &#8211; Representante Discente 2021<\/a>\u00a0(Publicado em 24\/05\/2021)<\/p>\n<p>&#8211;\u00a0<a title=\"Resultado Final\" href=\"https:\/\/www.uern.br\/controledepaginas\/ppgss-eleicoes-representante-discente\/arquivos\/6326resultado_da_eleicao_representante_discente_2021.pdf\" target=\"_blank\" rel=\"noopener\">Resultado da Elei\u00e7\u00e3o &#8211; Representante Discente 2021<\/a>\u00a0(Publicado em 28\/05\/2021)<\/p>\n","protected":false},"excerpt":{"rendered":"<p>ELEI\u00c7\u00c3O PARA REPRESENTANTE DISCENTE DO PROGRAMA DE P\u00d3S-GRADUA\u00c7\u00c3O EM SA\u00daDE E SOCIEDADE \u2013 PPGSS\u00a0&#8211; MANDATO\u00a0DE AGOSTO\u00a0DE 2024\u00a0A\u00a0FEVEREIRO\u00a0DE 2025 &#8211;\u00a0Edital 004\/2024 &#8211; Elei\u00e7\u00e3o de Representante Discente do PPGSS 2024\u00a0(Publicado em 14\/08\/2024) &#8211;\u00a0Discentes aptos a votar &#8211; Elei\u00e7\u00e3o de Representante Discente 2024\u00a0(Publicado em 14\/08\/2024) &#8211;\u00a0Formul\u00e1rio de Inscri\u00e7\u00e3o para Candidatos \u00e0 Representante Discente 2024\u00a0(Publicado em 14\/08\/2024) . ELEI\u00c7\u00c3O [&hellip;]<\/p>\n","protected":false},"author":17,"featured_media":0,"parent":0,"menu_order":0,"comment_status":"closed","ping_status":"closed","template":"","meta":{"footnotes":""},"class_list":["post-586","page","type-page","status-publish","hentry"],"_links":{"self":[{"href":"https:\/\/portal.uern.br\/propeg\/ppgss\/wp-json\/wp\/v2\/pages\/586","targetHints":{"allow":["GET"]}}],"collection":[{"href":"https:\/\/portal.uern.br\/propeg\/ppgss\/wp-json\/wp\/v2\/pages"}],"about":[{"href":"https:\/\/portal.uern.br\/propeg\/ppgss\/wp-json\/wp\/v2\/types\/page"}],"author":[{"embeddable":true,"href":"https:\/\/portal.uern.br\/propeg\/ppgss\/wp-json\/wp\/v2\/users\/17"}],"replies":[{"embeddable":true,"href":"https:\/\/portal.uern.br\/propeg\/ppgss\/wp-json\/wp\/v2\/comments?post=586"}],"version-history":[{"count":1,"href":"https:\/\/portal.uern.br\/propeg\/ppgss\/wp-json\/wp\/v2\/pages\/586\/revisions"}],"predecessor-version":[{"id":587,"href":"https:\/\/portal.uern.br\/propeg\/ppgss\/wp-json\/wp\/v2\/pages\/586\/revisions\/587"}],"wp:attachment":[{"href":"https:\/\/portal.uern.br\/propeg\/ppgss\/wp-json\/wp\/v2\/media?parent=586"}],"curies":[{"name":"wp","href":"https:\/\/api.w.org\/{rel}","templated":true}]}}