{"id":584,"date":"2025-03-01T15:21:54","date_gmt":"2025-03-01T18:21:54","guid":{"rendered":"https:\/\/portal.uern.br\/propeg\/ppgss\/?page_id=584"},"modified":"2025-05-07T15:16:34","modified_gmt":"2025-05-07T18:16:34","slug":"eleicoes-de-coordenacao","status":"publish","type":"page","link":"https:\/\/portal.uern.br\/propeg\/ppgss\/eleicoes-de-coordenacao\/","title":{"rendered":"Elei\u00e7\u00f5es de Coordena\u00e7\u00e3o"},"content":{"rendered":"<h5 style=\"text-align: left\" align=\"center\">ELEI\u00c7\u00c3O PARA COORDENA\u00c7\u00c3O E VICE-COORDENA\u00c7\u00c3O DO PROGRAMA DE P\u00d3S-GRADUA\u00c7\u00c3O EM SA\u00daDE E SOCIEDADE \u2013 PPGSS \/ UERN &#8211; MANDATO DE JUNHO DE 202<span lang=\"pt-BR\">5<\/span> A MAIO DE 202<span lang=\"pt-BR\">7<\/span> (FINALIZADO)<\/h5>\n<p>&#8211; <a href=\"https:\/\/drive.google.com\/file\/d\/18_eWf7qf23FGd2bQCTXnmnyCZSS23q8O\/view?usp=sharing\">Edital 002\/2025 &#8211; Elei\u00e7\u00e3o da Coordena\u00e7\u00e3o do PPGSS 2025-2027<\/a><\/p>\n<p>&#8211; <a href=\"https:\/\/drive.google.com\/file\/d\/1a1GYxXWRJWB5IBGmGOWjuLAV15bm8z-D\/view?usp=sharing\">Lista preliminar de Candidatos Inscritos &#8211; Elei\u00e7\u00e3o da Coordena\u00e7\u00e3o do PPGSS 2025-2027<\/a><\/p>\n<p>&#8211; <a href=\"https:\/\/drive.google.com\/file\/d\/1xXT_rVmRegzxthO_mgar_s2-usGstikb\/view?usp=sharing\">Aditivo 01 ao Edital 002\/2025 &#8211; PPGSS &#8211; Elei\u00e7\u00e3o da Coordena\u00e7\u00e3o do PPGSS 2025-2027<\/a><\/p>\n<p>&#8211; <a href=\"https:\/\/drive.google.com\/file\/d\/1v9TcCrH1oItBJ1eaGf4NNwn6dyb4rNpn\/view?usp=sharing\">Homologa\u00e7\u00e3o de Candidatos Inscritos &#8211; Elei\u00e7\u00e3o da Coordena\u00e7\u00e3o do PPGSS 2025-2027<\/a><\/p>\n<p>&#8211; <a href=\"https:\/\/drive.google.com\/file\/d\/1I25y97m8tE-f1QcMhyq23Bzs0xsAdpOd\/view?usp=sharing\">Aptos a votar &#8211; Elei\u00e7\u00e3o da Coordena\u00e7\u00e3o do PPGSS 2025-2027<\/a><\/p>\n<p>&#8211; <a href=\"https:\/\/drive.google.com\/file\/d\/15jE_U8FyEzfW8lLfm8xO9048wr6dncBZ\/view?usp=sharing\">Resultado preliminar &#8211; Elei\u00e7\u00e3o da Coordena\u00e7\u00e3o do PPGSS 2025-2027<\/a><\/p>\n<p>&#8211; <a href=\"https:\/\/drive.google.com\/file\/d\/1uLNLZR1n9aYXg5WaJVrYEycXLJlewzZm\/view?usp=sharing\">Resultado final &#8211; Elei\u00e7\u00e3o da Coordena\u00e7\u00e3o do PPGSS 2025-2027<\/a><\/p>\n<p>&nbsp;<\/p>\n<hr \/>\n<h5><strong>ELEI\u00c7\u00c3O PARA COORDENA\u00c7\u00c3O E VICE-COORDENA\u00c7\u00c3O DO PROGRAMA DE P\u00d3S-GRADUA\u00c7\u00c3O EM SA\u00daDE E SOCIEDADE \u2013 PPGSS \/ UERN\u00a0<\/strong>&#8211; MANDATO DE JUNHO DE 202<span lang=\"pt-BR\">3<\/span>\u00a0A MAIO DE 202<span lang=\"pt-BR\">5<\/span>\u00a0(CONCLU\u00cdDO)<\/h5>\n<p>&#8211;\u00a0<a title=\"Edital\" href=\"http:\/\/www.uern.br\/controledepaginas\/ppgss-eleicoes-coordenacao\/arquivos\/6282edital_005_2023_eleicao_da_coordenacao_do_ppgss_2023_2025.pdf\" target=\"_blank\" rel=\"noopener\">Edital 005\/2023 &#8211; Elei\u00e7\u00e3o da Coordena\u00e7\u00e3o do PPGSS 2023-2025<\/a>\u00a0(Publicado em 08\/05\/2023)<\/p>\n<p>&#8211;\u00a0<a title=\"Candidatos\" href=\"http:\/\/www.uern.br\/controledepaginas\/ppgss-eleicoes-coordenacao\/arquivos\/6282lista_preliminar_de_candidatos_inscritos_eleicao_da_coordenacao_do_ppgss_2023_2025.pdf\" target=\"_blank\" rel=\"noopener\">Lista preliminar de Candidatos Inscritos &#8211; Elei\u00e7\u00e3o da Coordena\u00e7\u00e3o do PPGSS 2023-2025<\/a>\u00a0(Publicado em 12\/05\/2023)<\/p>\n<p>&#8211;\u00a0<a title=\"Canditatos\" href=\"http:\/\/www.uern.br\/controledepaginas\/ppgss-eleicoes-coordenacao\/arquivos\/6282homologacao_final_de_candidatos_aptos_eleicao_da_coordenacao_do_ppgss_2023_2025.pdf\" target=\"_blank\" rel=\"noopener\">Homologa\u00e7\u00e3o Final de Candidatos aptos &#8211; Elei\u00e7\u00e3o da Coordena\u00e7\u00e3o do PPGSS 2023-2025<\/a>\u00a0(Publicado em 16\/05\/2023)<\/p>\n<p>&#8211;\u00a0<a title=\"Votantes\" href=\"http:\/\/www.uern.br\/controledepaginas\/ppgss-eleicoes-coordenacao\/arquivos\/6282lista_de_votantes_eleicao_da_coordenacao_do_ppgss_2023_2025_.pdf\" target=\"_blank\" rel=\"noopener\">Lista de votantes &#8211; Elei\u00e7\u00e3o da Coordena\u00e7\u00e3o do PPGSS 2023-2025<\/a>\u00a0(Publicado em 16\/05\/2023)<\/p>\n<p>&#8211;\u00a0<a title=\"Aditivo 01\" href=\"http:\/\/www.uern.br\/controledepaginas\/ppgss-eleicoes-coordenacao\/arquivos\/6282aditivo_01_ao_edital_005_2023_ppgss_eleicao_da_coordenacao_do_ppgss_2023_2025.pdf\" target=\"_blank\" rel=\"noopener\">Aditivo 01 ao Edital 005-2023 &#8211; PPGSS &#8211; Elei\u00e7\u00e3o da Coordena\u00e7\u00e3o do PPGSS 2023-2025<\/a>\u00a0(Publicado em 19\/05\/2023)<\/p>\n<p>&#8211;\u00a0<a title=\"Resultado preliminar\" href=\"http:\/\/www.uern.br\/controledepaginas\/ppgss-eleicoes-coordenacao\/arquivos\/6282resultado_preliminar_eleicao_da_coordenacao_do_ppgss_2023_2025_.pdf\" target=\"_blank\" rel=\"noopener\">Resultado preliminar &#8211; Elei\u00e7\u00e3o da Coordena\u00e7\u00e3o do PPGSS 2023-2025<\/a>\u00a0(Publicado em 19\/05\/2023)<\/p>\n<p>&#8211;\u00a0<a title=\"Resultado\" href=\"http:\/\/www.uern.br\/controledepaginas\/ppgss-eleicoes-coordenacao\/arquivos\/6282resultado_final_eleicao_da_coordenacao_do_ppgss_2023_2025.pdf\" target=\"_blank\" rel=\"noopener\">Resultado final &#8211; Elei\u00e7\u00e3o da Coordena\u00e7\u00e3o do PPGSS 2023-2025<\/a>\u00a0(Publicado em 26\/05\/2023)<\/p>\n<p><strong>AVISO: Caso n\u00e3o consiga baixar o arquivo automaticamente, clique com o bot\u00e3o contr\u00e1rio do mouse em cima do link, copie e cole em uma nova aba no seu navegador de internet.<\/strong><\/p>\n<p><strong>\u00a0<\/strong><\/p>\n<hr \/>\n<h5><strong>PROCESSO DE ELEI\u00c7\u00c3O PARA COORDENA\u00c7\u00c3O E VICE-COORDENA\u00c7\u00c3O DO PROGRAMA DE P\u00d3S-GRADUA\u00c7\u00c3O EM SA\u00daDE E SOCIEDADE \u2013 PPGSS \/ UERN &#8211;\u00a0MANDATO DE OUTUBRO DE 2021 A MAIO DE 2023<\/strong><\/h5>\n<p>A comiss\u00e3o eleitoral do programa de P\u00f3s-Gradua\u00e7\u00e3o em Sa\u00fade e Sociedade \u2013 PPGSS\/UERN, no uso de suas atribui\u00e7\u00f5es legais e regimentais, torna p\u00fablico e estabelece as normas do processo de elei\u00e7\u00e3o para a coordena\u00e7\u00e3o e vice-coordena\u00e7\u00e3o do referido programa, para o bi\u00eanio 10\/2021 a 05\/2023.<\/p>\n<p>&#8211;\u00a0<a title=\"Edital\" href=\"http:\/\/www.uern.br\/controledepaginas\/ppgss-eleicoes-coordenacao\/arquivos\/6282edital_007_2021_eleicao_da_coordenacao_do_ppgss_2021_2023_vacancia.pdf\" target=\"_blank\" rel=\"noopener\">Edital 007\/2021 &#8211; Elei\u00e7\u00e3o da Coordena\u00e7\u00e3o do PPGSS 2021-2023_vac\u00e2ncia<\/a>\u00a0(Publicado em 20\/09\/2021)<\/p>\n<p>&#8211;\u00a0<a title=\"Candidatos inscritos\" href=\"http:\/\/www.uern.br\/controledepaginas\/ppgss-eleicoes-coordenacao\/arquivos\/6282divulgacao_de_candidatos_inscritos_eleicao_da_coordenaa\u00a7a\u00a3o_do_ppgss_2021_2023_vacancia.pdf\" target=\"_blank\" rel=\"noopener\">Divulga\u00e7\u00e3o de Candidatos Inscritos &#8211; Elei\u00e7\u00e3o da Coordena\u00e7\u00e3o do PPGSS 2021-2023_vac\u00e2ncia<\/a>\u00a0(Publicado em 21\/09\/2021)<\/p>\n<p>&#8211;\u00a0<a title=\"Votantes\" href=\"http:\/\/www.uern.br\/controledepaginas\/ppgss-eleicoes-coordenacao\/arquivos\/6282lista_de_votantes_eleicao_da_coordenacao_do_ppgss_2021_2023_vacancia.pdf\" target=\"_blank\" rel=\"noopener\">Lista de votantes &#8211; Elei\u00e7\u00e3o da Coordena\u00e7\u00e3o do PPGSS 2021-2023_vac\u00e2ncia<\/a>\u00a0(Publicado em 21\/09\/2021)<\/p>\n<p>&#8211;\u00a0<a title=\"Resultado\" href=\"http:\/\/www.uern.br\/controledepaginas\/ppgss-eleicoes-coordenacao\/arquivos\/6282resultado_eleicao_da_coordenacao_do_ppgss_2021_2023_vacancia.pdf\" target=\"_blank\" rel=\"noopener\">Resultado da Elei\u00e7\u00e3o da Coordena\u00e7\u00e3o do PPGSS 2021-2023_vac\u00e2ncia<\/a>\u00a0(Publicado em 24\/09\/2021)<\/p>\n<hr \/>\n<h5><strong>PROCESSO DE ELEI\u00c7\u00c3O PARA COORDENA\u00c7\u00c3O E VICE COORDENA\u00c7\u00c3O DO PROGRAMA DE P\u00d3S-GRADUA\u00c7\u00c3O EM SA\u00daDE E SOCIEDADE \u2013 PPGSS \/ UERN\u00a0<\/strong><strong>&#8211; MANDATO DE JUNHO DE 2021 A MAIO DE 2023 &#8211;<\/strong><\/h5>\n<p>A comiss\u00e3o eleitoral do programa de P\u00f3s-Gradua\u00e7\u00e3o em Sa\u00fade e Sociedade \u2013 PPGSS\/UERN formada pelos docentes\u00a0<strong>Thales Allyrio Ara\u00fajo de Medeiros Fernandes\u00a0<\/strong>e<strong>\u00a0Ivana Alice Teixeira Fonseca<\/strong>\u00a0e pela secret\u00e1ria do programa\u00a0<strong>Luzia Apoll\u00f4nia Mendes de Carvalho<\/strong>, no uso de suas atribui\u00e7\u00f5es legais e regimentais, torna p\u00fablico e estabelece as normas do processo de elei\u00e7\u00e3o para a coordena\u00e7\u00e3o e vice-coordena\u00e7\u00e3o do referido programa, para o bi\u00eanio\u00a0<strong>06\/2021 \u00e0 05\/2023<\/strong>.<\/p>\n<p>&#8211;\u00a0<a title=\"Edital\" href=\"https:\/\/www.uern.br\/controledepaginas\/ppgss-eleicoes\/arquivos\/6282edital_002_2021_eleicao_da_coordenacao_do_ppgss_2021_2023.pdf\" target=\"_blank\" rel=\"noopener\">Edital 002\/2021 &#8211; Elei\u00e7\u00e3o da Coordena\u00e7\u00e3o do PPGSS 2021-2023<\/a>\u00a0(Publicado em 20\/04\/2021)<\/p>\n<p>&#8211;\u00a0<a title=\"Formul\u00e1rio de Inscri\u00e7\u00e3o\" href=\"https:\/\/www.uern.br\/controledepaginas\/ppgss-eleicoes\/arquivos\/6282formulario_de_inscricao_para_candidatos_a_coordenacao_do_ppgss_2021_2023.pdf\" target=\"_blank\" rel=\"noopener\">Formul\u00e1rio de Inscri\u00e7\u00e3o para Candidatos \u00e0 Coordena\u00e7\u00e3o do PPGSS 2021-2023<\/a>\u00a0(Publicado em 20\/04\/2021)<\/p>\n<p>&#8211;\u00a0<a title=\"Candidatos inscritos\" href=\"https:\/\/www.uern.br\/controledepaginas\/ppgss-eleicoes\/arquivos\/6282divulgacao_de_candidatos_inscritos_eleicao_da_coordenacao_do_ppgss_2021_2023.pdf\" target=\"_blank\" rel=\"noopener\">Divulga\u00e7\u00e3o de Candidatos Inscritos &#8211; Elei\u00e7\u00e3o da Coordena\u00e7\u00e3o do PPGSS 2021-2023<\/a>\u00a0(Publicado em 24\/04\/2021)<\/p>\n<p>&#8211;\u00a0<a title=\"Homologa\u00e7\u00e3o de Candidatos\" href=\"https:\/\/www.uern.br\/controledepaginas\/ppgss-eleicoes\/arquivos\/6282homologacao_final_de_candidatos_aptos_eleicao_da_coordenacao_do_ppgss_2021_2023.pdf\" target=\"_blank\" rel=\"noopener\">Homologa\u00e7\u00e3o Final de Candidatos aptos &#8211; Elei\u00e7\u00e3o da Coordena\u00e7\u00e3o do PPGSS 2021-2023<\/a>\u00a0(Publicado em 27\/04\/2021)<\/p>\n<p>&#8211;\u00a0<a title=\"Resultado Final\" href=\"https:\/\/www.uern.br\/controledepaginas\/ppgss-eleicoes\/arquivos\/6282resultado_final_eleicao_ppgss_2021_2023.pdf\" target=\"_blank\" rel=\"noopener\">Resultado da Elei\u00e7\u00e3o para Coordena\u00e7\u00e3o do PPGSS &#8211; Mandato 2021-2023<\/a>\u00a0(Publicado em 04\/05\/2021)<\/p>\n","protected":false},"excerpt":{"rendered":"<p>ELEI\u00c7\u00c3O PARA COORDENA\u00c7\u00c3O E VICE-COORDENA\u00c7\u00c3O DO PROGRAMA DE P\u00d3S-GRADUA\u00c7\u00c3O EM SA\u00daDE E SOCIEDADE \u2013 PPGSS \/ UERN &#8211; MANDATO DE JUNHO DE 2025 A MAIO DE 2027 (FINALIZADO) &#8211; Edital 002\/2025 &#8211; Elei\u00e7\u00e3o da Coordena\u00e7\u00e3o do PPGSS 2025-2027 &#8211; Lista preliminar de Candidatos Inscritos &#8211; Elei\u00e7\u00e3o da Coordena\u00e7\u00e3o do PPGSS 2025-2027 &#8211; Aditivo 01 ao [&hellip;]<\/p>\n","protected":false},"author":17,"featured_media":0,"parent":0,"menu_order":0,"comment_status":"closed","ping_status":"closed","template":"","meta":{"footnotes":""},"class_list":["post-584","page","type-page","status-publish","hentry"],"_links":{"self":[{"href":"https:\/\/portal.uern.br\/propeg\/ppgss\/wp-json\/wp\/v2\/pages\/584","targetHints":{"allow":["GET"]}}],"collection":[{"href":"https:\/\/portal.uern.br\/propeg\/ppgss\/wp-json\/wp\/v2\/pages"}],"about":[{"href":"https:\/\/portal.uern.br\/propeg\/ppgss\/wp-json\/wp\/v2\/types\/page"}],"author":[{"embeddable":true,"href":"https:\/\/portal.uern.br\/propeg\/ppgss\/wp-json\/wp\/v2\/users\/17"}],"replies":[{"embeddable":true,"href":"https:\/\/portal.uern.br\/propeg\/ppgss\/wp-json\/wp\/v2\/comments?post=584"}],"version-history":[{"count":11,"href":"https:\/\/portal.uern.br\/propeg\/ppgss\/wp-json\/wp\/v2\/pages\/584\/revisions"}],"predecessor-version":[{"id":838,"href":"https:\/\/portal.uern.br\/propeg\/ppgss\/wp-json\/wp\/v2\/pages\/584\/revisions\/838"}],"wp:attachment":[{"href":"https:\/\/portal.uern.br\/propeg\/ppgss\/wp-json\/wp\/v2\/media?parent=584"}],"curies":[{"name":"wp","href":"https:\/\/api.w.org\/{rel}","templated":true}]}}