{"id":580,"date":"2025-03-01T15:21:01","date_gmt":"2025-03-01T18:21:01","guid":{"rendered":"https:\/\/portal.uern.br\/propeg\/ppgss\/?page_id=580"},"modified":"2025-04-09T19:03:20","modified_gmt":"2025-04-09T22:03:20","slug":"dissertacoes-concluidas-em-2025","status":"publish","type":"page","link":"https:\/\/portal.uern.br\/propeg\/ppgss\/dissertacoes-concluidas-em-2025\/","title":{"rendered":"Disserta\u00e7\u00f5es conclu\u00eddas em 2025"},"content":{"rendered":"<p>DISSERTA\u00c7\u00d5ES CONCLU\u00cdDAS EM 2025<\/p>\n<p><strong><br \/>\nMESTRANDO (A): <\/strong>Mateus de Sena Costa Santos<br \/>\n<strong>ORIENTADOR (A): <\/strong>Ana Clara Soares Paiva Torres<br \/>\n<strong>DISSERTA\u00c7\u00c3O CONCLU\u00cdDA: <\/strong>DIST\u00daRBIOS DE ANSIEDADE COMO FATOR ASSOCIADO AO DESGASTE DENT\u00c1RIO EM PACIENTES JOVENS: UM ESTUDO DE PREVAL\u00caNCIA<br \/>\n<strong>DATA DA DEFESA: <\/strong>07\/03\/2025<strong><br \/>\n<\/strong><\/p>\n<ul>\n<li><a href=\"https:\/\/drive.google.com\/file\/d\/1EeQDd68IPTHZJ13yw4UCEHDggymPjnC9\/view?usp=sharing\" target=\"_blank\" rel=\"noopener\">Trabalho Completo<\/a>\u00a0(Dispon\u00edvel para download)<\/li>\n<\/ul>\n<hr \/>\n<p><strong>MESTRANDO (A): <\/strong>Rafaella Dantas Rocha<br \/>\n<strong>ORIENTADOR (A): <\/strong>Ana Clara Soares Paiva Torres<br \/>\n<strong>DISSERTA\u00c7\u00c3O CONCLU\u00cdDA: <\/strong>ELABORA\u00c7\u00c3O E VALIDA\u00c7\u00c3O DE QUESTION\u00c1RIO PARA AVALIA\u00c7\u00c3O DE SUSCETIBILIDADE A DESGASTES DENT\u00c1RIOS POR EROS\u00c3O EM JOVENS NO BRASIL<br \/>\n<strong>DATA DA DEFESA: <\/strong>17\/03\/2025<strong><br \/>\n<\/strong><\/p>\n<ul>\n<li><a href=\"https:\/\/drive.google.com\/file\/d\/1KAZx4TiooxRme9Red79A_qCuapAiWy2c\/view?usp=sharing\" target=\"_blank\" rel=\"noopener\">Trabalho Completo<\/a>\u00a0(Dispon\u00edvel para download)<\/li>\n<\/ul>\n<hr \/>\n<p><strong>MESTRANDO (A): <\/strong>Samara Danielly de Medeiros Alves<br \/>\n<strong>ORIENTADOR (A): <\/strong>Rodrigo J\u00e1cob Moreira de Freitas<br \/>\n<strong>DISSERTA\u00c7\u00c3O CONCLU\u00cdDA: <\/strong>UTILIZA\u00c7\u00c3O DO M-CHAT-R\/F COMO FERRAMENTA DE TRIAGEM PARA O AUTISMO PELO ENFERMEIRO: UMA PESQUISA-A\u00c7\u00c3O<br \/>\n<strong>DATA DA DEFESA: <\/strong>18\/03\/2025<strong><br \/>\n<\/strong><\/p>\n<ul>\n<li><a href=\"https:\/\/drive.google.com\/file\/d\/1KGNxIMI_8RZrBHgqmyencZpRSEKcY7Id\/view?usp=sharing\" target=\"_blank\" rel=\"noopener\">Trabalho Completo<\/a>\u00a0(Dispon\u00edvel para download)<\/li>\n<\/ul>\n","protected":false},"excerpt":{"rendered":"<p>DISSERTA\u00c7\u00d5ES CONCLU\u00cdDAS EM 2025 MESTRANDO (A): Mateus de Sena Costa Santos ORIENTADOR (A): Ana Clara Soares Paiva Torres DISSERTA\u00c7\u00c3O CONCLU\u00cdDA: DIST\u00daRBIOS DE ANSIEDADE COMO FATOR ASSOCIADO AO DESGASTE DENT\u00c1RIO EM PACIENTES JOVENS: UM ESTUDO DE PREVAL\u00caNCIA DATA DA DEFESA: 07\/03\/2025 Trabalho Completo\u00a0(Dispon\u00edvel para download) MESTRANDO (A): Rafaella Dantas Rocha ORIENTADOR (A): Ana Clara Soares Paiva [&hellip;]<\/p>\n","protected":false},"author":17,"featured_media":0,"parent":0,"menu_order":0,"comment_status":"closed","ping_status":"closed","template":"","meta":{"footnotes":""},"class_list":["post-580","page","type-page","status-publish","hentry"],"_links":{"self":[{"href":"https:\/\/portal.uern.br\/propeg\/ppgss\/wp-json\/wp\/v2\/pages\/580","targetHints":{"allow":["GET"]}}],"collection":[{"href":"https:\/\/portal.uern.br\/propeg\/ppgss\/wp-json\/wp\/v2\/pages"}],"about":[{"href":"https:\/\/portal.uern.br\/propeg\/ppgss\/wp-json\/wp\/v2\/types\/page"}],"author":[{"embeddable":true,"href":"https:\/\/portal.uern.br\/propeg\/ppgss\/wp-json\/wp\/v2\/users\/17"}],"replies":[{"embeddable":true,"href":"https:\/\/portal.uern.br\/propeg\/ppgss\/wp-json\/wp\/v2\/comments?post=580"}],"version-history":[{"count":4,"href":"https:\/\/portal.uern.br\/propeg\/ppgss\/wp-json\/wp\/v2\/pages\/580\/revisions"}],"predecessor-version":[{"id":823,"href":"https:\/\/portal.uern.br\/propeg\/ppgss\/wp-json\/wp\/v2\/pages\/580\/revisions\/823"}],"wp:attachment":[{"href":"https:\/\/portal.uern.br\/propeg\/ppgss\/wp-json\/wp\/v2\/media?parent=580"}],"curies":[{"name":"wp","href":"https:\/\/api.w.org\/{rel}","templated":true}]}}